{"id":1256,"date":"2018-09-16T13:59:10","date_gmt":"2018-09-16T16:59:10","guid":{"rendered":"https:\/\/eaic-bue.infd.edu.ar\/sitio\/?page_id=1256"},"modified":"2025-10-28T16:33:18","modified_gmt":"2025-10-28T19:33:18","slug":"profesorado-de-ceramica-2","status":"publish","type":"page","link":"https:\/\/eaic-bue.infd.edu.ar\/sitio\/profesorado-de-ceramica-2\/","title":{"rendered":"Profesorado de Cer\u00e1mica"},"content":{"rendered":"<p><span style=\"font-family: 'comic sans ms', sans-serif; font-size: 12pt;\"><span style=\"font-family: comic sans ms, sans-serif;\"><span style=\"font-size: 12pt;\">El <\/span><\/span><span style=\"color: #0000ff;\"><b style=\"color: #0000ff; font-family: 'comic sans ms', sans-serif; font-size: 12pt;\">PROFESORADO DE\u00a0<\/b><span style=\"color: #0000ff; font-family: comic sans ms, sans-serif;\"><b>CER\u00c1MICA<\/b><\/span><b style=\"color: #0000ff; font-family: 'comic sans ms', sans-serif; font-size: 12pt;\">\u00a0<\/b><\/span><span style=\"font-family: comic sans ms, sans-serif;\"><span style=\"font-size: 12pt;\">\u00a0forma docentes especializados en la ense\u00f1anza del arte en los distintos niveles de la ense\u00f1anza obligatoria,\u00a0con s\u00f3lidos conocimientos pedag\u00f3gicos,\u00a0atentos a los cambios y transformaciones propios de nuestra\u00a0tarea cotidiana y comprometidos con la realidad sociocultural de nuestro pa\u00eds, con un perfil abierto a las necesidades de los otros en el mundo que nos toca transitar.<\/span><\/span><\/span><\/p>\n<p><span style=\"font-family: 'comic sans ms', sans-serif; font-size: 12pt;\"><strong>Este profesorado se cursa solo en la sede de Isidro Casanova (Juan Manuel de Rosas 5975, Ruta 3, km 21)\u00a0\u00a0<\/strong><\/span><\/p>\n<h4>Las PRE-INSCRIPCIONES comenzar\u00e1n en NOVIEMBRE a trav\u00e9s del sistema SIU GUARANI implementado por las Direcciones de Educaci\u00f3n Superior de la Provincia<\/h4>\n<p>FECHA DE INSCRIPCI\u00d3N:\u00a0<strong>7 DE NOVIEMBRE A PARTIR DE LAS 9 HS<\/strong><\/p>\n<p>DESCARGAR INSTRUCTIVO AQU\u00cd\u00a0<a href=\"https:\/\/drive.google.com\/file\/d\/1pxksoqNQ9fa-8V0IMDsbDw-EA9BYO0xK\/view?usp=sharing\"><strong>(CLICK AQU\u00cd)<\/strong><\/a><\/p>\n<h4 style=\"text-align: center;\"><strong>REQUISITOS PARA EL INGRESO:<\/strong><\/h4>\n<p>\u2013 Tener 18 a\u00f1os.<\/p>\n<p>\u2013 Tener el t\u00edtulo secundario, constancia de t\u00edtulo en tr\u00e1mite. En el caso de adeudar materias del secundario, las mismas deber\u00e1n estar aprobadas antes del 31 de mayo para poder continuar la carrera.<\/p>\n<h5><strong>DOCUMENTACI\u00d3N A PRESENTAR EL D\u00cdA DE LA\u00a0<span style=\"color: #ff0000;\">INSCRIPCI\u00d3N DEFINITIVA (fecha a confirmar)<\/span><\/strong><\/h5>\n<ul>\n<li>T\u00edtulo secundario, constancia de t\u00edtulo en tr\u00e1mite.<\/li>\n<li>DNI<\/li>\n<li>Certificado de vacuna antitet\u00e1nica actualizado<\/li>\n<li><strong><a href=\"https:\/\/drive.google.com\/file\/d\/1yojhmg1WOlnbCKBZs3xr8ej3eJAyYfYs\/view?usp=sharing\">Certificado de salud (firmado por cualquier m\u00e9dico que indique que est\u00e1s en condiciones de cursar en el establecimiento)<\/a> <a href=\"https:\/\/drive.google.com\/file\/d\/1yojhmg1WOlnbCKBZs3xr8ej3eJAyYfYs\/view?usp=sharing\">CLICK AQU\u00cd<\/a><\/strong><\/li>\n<li>Bono contribuci\u00f3n cooperadora (voluntario) $30.000 POR \u00daNICA VEZ<\/li>\n<li>En el caso de menores de 18 a\u00f1os deber\u00e1n estar acompa\u00f1ados por madre\/padre, o tutor\/a responsable y firmar autorizaci\u00f3n. <a href=\"https:\/\/drive.google.com\/file\/d\/1p-ZlzNZcP-A8nDKqh74OGBOFDrrMoIua\/view?usp=sharing\"><strong>(CLICK AQU\u00cd PARA DESCARGAR AUTORIZACI\u00d3N MENORES DE 18 A\u00d1OS)<\/strong><\/a><\/li>\n<\/ul>\n<h5 style=\"text-align: center;\"><\/h5>\n<p><span style=\"font-family: 'comic sans ms', sans-serif; font-size: 12pt;\">Para conocer el Plan de estudios del Profesorado de Cer\u00e1mica, presion\u00e1 el siguiente link:<\/span><\/p>\n<h5 style=\"text-align: center;\"><a href=\"https:\/\/drive.google.com\/file\/d\/1qNXEaYPH7J7ts8KdtPobysfHG5mYVOTe\/view?usp=sharing\"><strong>Plan de estudios Profesorado de Cer\u00e1mica \u2013 Resoluci\u00f3n 886\/11<\/strong><\/a><\/h5>\n<h5 style=\"text-align: center;\"><a href=\"https:\/\/drive.google.com\/file\/d\/1SpaokdtSJFidGtbQVbz_pZk4rh-en4Do\/view?usp=sharing\"><strong>ESTRUCTURA CURRICULAR Y FORMAS DE ACREDITACI\u00d3N\u00a0<\/strong><\/a><\/h5>\n<p style=\"text-align: center;\"><a href=\"https:\/\/drive.google.com\/file\/d\/1g1nhGYuPKJPaGuTq4FEy_sszoyQK67YA\/view?usp=sharing\"><strong>CORRELATIVIDADES<\/strong><\/a><\/p>\n<p style=\"text-align: center;\">\n<p><span style=\"font-family: 'comic sans ms', sans-serif; font-size: 12pt;\">\u00a0<\/span><\/p>\n","protected":false},"excerpt":{"rendered":"<p>El PROFESORADO DE\u00a0CER\u00c1MICA\u00a0\u00a0forma docentes especializados en la ense\u00f1anza del arte en los distintos niveles de la ense\u00f1anza obligatoria,\u00a0con s\u00f3lidos conocimientos pedag\u00f3gicos,\u00a0atentos a los cambios y transformaciones propios de nuestra\u00a0tarea cotidiana y comprometidos con la realidad sociocultural de nuestro pa\u00eds, con un perfil abierto a las necesidades de los otros en el mundo que nos toca &#8230; <a title=\"Profesorado de Cer\u00e1mica\" class=\"read-more\" href=\"https:\/\/eaic-bue.infd.edu.ar\/sitio\/profesorado-de-ceramica-2\/\" aria-label=\"More on Profesorado de Cer\u00e1mica\">[+]<\/a><\/p>\n","protected":false},"author":2201,"featured_media":0,"parent":0,"menu_order":0,"comment_status":"closed","ping_status":"closed","template":"","meta":[],"acf":[],"_links":{"self":[{"href":"https:\/\/eaic-bue.infd.edu.ar\/sitio\/wp-json\/wp\/v2\/pages\/1256"}],"collection":[{"href":"https:\/\/eaic-bue.infd.edu.ar\/sitio\/wp-json\/wp\/v2\/pages"}],"about":[{"href":"https:\/\/eaic-bue.infd.edu.ar\/sitio\/wp-json\/wp\/v2\/types\/page"}],"author":[{"embeddable":true,"href":"https:\/\/eaic-bue.infd.edu.ar\/sitio\/wp-json\/wp\/v2\/users\/2201"}],"replies":[{"embeddable":true,"href":"https:\/\/eaic-bue.infd.edu.ar\/sitio\/wp-json\/wp\/v2\/comments?post=1256"}],"version-history":[{"count":15,"href":"https:\/\/eaic-bue.infd.edu.ar\/sitio\/wp-json\/wp\/v2\/pages\/1256\/revisions"}],"predecessor-version":[{"id":4759,"href":"https:\/\/eaic-bue.infd.edu.ar\/sitio\/wp-json\/wp\/v2\/pages\/1256\/revisions\/4759"}],"wp:attachment":[{"href":"https:\/\/eaic-bue.infd.edu.ar\/sitio\/wp-json\/wp\/v2\/media?parent=1256"}],"curies":[{"name":"wp","href":"https:\/\/api.w.org\/{rel}","templated":true}]}}