{"id":1385,"date":"2018-12-26T16:48:28","date_gmt":"2018-12-26T19:48:28","guid":{"rendered":"https:\/\/eaic-bue.infd.edu.ar\/sitio\/?page_id=1385"},"modified":"2018-12-26T16:48:28","modified_gmt":"2018-12-26T19:48:28","slug":"foba-tecnicatura-de-ceramica","status":"publish","type":"page","link":"https:\/\/eaic-bue.infd.edu.ar\/sitio\/foba-tecnicatura-de-ceramica\/","title":{"rendered":"FOBA Tecnicatura de Cer\u00e1mica"},"content":{"rendered":"<p style=\"text-align: justify;\"><span style=\"font-family: 'comic sans ms', sans-serif; font-size: 12pt;\">Para ingresar a esta Tecnicatura es necesario completar y aprobar un <span style=\"text-decoration: underline;\"><strong>curso de ingreso<\/strong><\/span> que llamamos Formaci\u00f3n B\u00e1sica (FOBA) de un a\u00f1o de duraci\u00f3n. La\u00a0finalidad \u00a0de este curso de ingreso es la de proporcionar herramientas disciplinares elementales para facilitar el acceso y el posterior trayecto de los estudiantes en la carrera<\/span><\/p>\n<p><span style=\"font-family: 'comic sans ms', sans-serif; font-size: 12pt;\">Las inscripciones al curso de ingreso se realizan entre los meses\u00a0 de octubre y noviembre de cada a\u00f1o y las fechas de inscripci\u00f3n y documentaci\u00f3n a presentar se publican en \u00e9sta p\u00e1gina en el mes de septiembre.<\/span><\/p>\n<p>&nbsp;<\/p>\n<p style=\"text-align: center;\"><span style=\"font-family: 'comic sans ms', sans-serif; font-size: 12pt;\"><strong><span style=\"text-decoration: underline;\">Requisitos para el inscribirse en el curso de ingreso:<\/span><\/strong><\/span><\/p>\n<p><span style=\"font-family: 'comic sans ms', sans-serif; font-size: 12pt;\">&#8211; Tener al menos 17 a\u00f1os cumplidos.<\/span><\/p>\n<p style=\"text-align: center;\">\n","protected":false},"excerpt":{"rendered":"<p>Para ingresar a esta Tecnicatura es necesario completar y aprobar un curso de ingreso que llamamos Formaci\u00f3n B\u00e1sica (FOBA) de un a\u00f1o de duraci\u00f3n. La\u00a0finalidad \u00a0de este curso de ingreso es la de proporcionar herramientas disciplinares elementales para facilitar el acceso y el posterior trayecto de los estudiantes en la carrera Las inscripciones al curso &#8230; <a title=\"FOBA Tecnicatura de Cer\u00e1mica\" class=\"read-more\" href=\"https:\/\/eaic-bue.infd.edu.ar\/sitio\/foba-tecnicatura-de-ceramica\/\" aria-label=\"More on FOBA Tecnicatura de Cer\u00e1mica\">[+]<\/a><\/p>\n","protected":false},"author":2201,"featured_media":0,"parent":0,"menu_order":0,"comment_status":"closed","ping_status":"closed","template":"","meta":[],"acf":[],"_links":{"self":[{"href":"https:\/\/eaic-bue.infd.edu.ar\/sitio\/wp-json\/wp\/v2\/pages\/1385"}],"collection":[{"href":"https:\/\/eaic-bue.infd.edu.ar\/sitio\/wp-json\/wp\/v2\/pages"}],"about":[{"href":"https:\/\/eaic-bue.infd.edu.ar\/sitio\/wp-json\/wp\/v2\/types\/page"}],"author":[{"embeddable":true,"href":"https:\/\/eaic-bue.infd.edu.ar\/sitio\/wp-json\/wp\/v2\/users\/2201"}],"replies":[{"embeddable":true,"href":"https:\/\/eaic-bue.infd.edu.ar\/sitio\/wp-json\/wp\/v2\/comments?post=1385"}],"version-history":[{"count":1,"href":"https:\/\/eaic-bue.infd.edu.ar\/sitio\/wp-json\/wp\/v2\/pages\/1385\/revisions"}],"predecessor-version":[{"id":1386,"href":"https:\/\/eaic-bue.infd.edu.ar\/sitio\/wp-json\/wp\/v2\/pages\/1385\/revisions\/1386"}],"wp:attachment":[{"href":"https:\/\/eaic-bue.infd.edu.ar\/sitio\/wp-json\/wp\/v2\/media?parent=1385"}],"curies":[{"name":"wp","href":"https:\/\/api.w.org\/{rel}","templated":true}]}}