{"id":1419,"date":"2018-12-26T18:11:01","date_gmt":"2018-12-26T21:11:01","guid":{"rendered":"https:\/\/eaic-bue.infd.edu.ar\/sitio\/?page_id=1419"},"modified":"2018-12-27T20:04:36","modified_gmt":"2018-12-27T23:04:36","slug":"actividades-artisticas","status":"publish","type":"page","link":"https:\/\/eaic-bue.infd.edu.ar\/sitio\/actividades-artisticas\/","title":{"rendered":"ACTIVIDADES ART\u00cdSTICAS"},"content":{"rendered":"<h3 style=\"text-align: center;\"><em>Accediendo a los sub-men\u00fa de esta secc\u00edon podr\u00e1 visualizar las actividades art\u00edsticas de la Escuela de Arte<\/em><\/h3>\n","protected":false},"excerpt":{"rendered":"<p>Accediendo a los sub-men\u00fa de esta secc\u00edon podr\u00e1 visualizar las actividades art\u00edsticas de la Escuela de Arte<\/p>\n","protected":false},"author":2201,"featured_media":0,"parent":0,"menu_order":0,"comment_status":"closed","ping_status":"closed","template":"","meta":[],"acf":[],"_links":{"self":[{"href":"https:\/\/eaic-bue.infd.edu.ar\/sitio\/wp-json\/wp\/v2\/pages\/1419"}],"collection":[{"href":"https:\/\/eaic-bue.infd.edu.ar\/sitio\/wp-json\/wp\/v2\/pages"}],"about":[{"href":"https:\/\/eaic-bue.infd.edu.ar\/sitio\/wp-json\/wp\/v2\/types\/page"}],"author":[{"embeddable":true,"href":"https:\/\/eaic-bue.infd.edu.ar\/sitio\/wp-json\/wp\/v2\/users\/2201"}],"replies":[{"embeddable":true,"href":"https:\/\/eaic-bue.infd.edu.ar\/sitio\/wp-json\/wp\/v2\/comments?post=1419"}],"version-history":[{"count":3,"href":"https:\/\/eaic-bue.infd.edu.ar\/sitio\/wp-json\/wp\/v2\/pages\/1419\/revisions"}],"predecessor-version":[{"id":3485,"href":"https:\/\/eaic-bue.infd.edu.ar\/sitio\/wp-json\/wp\/v2\/pages\/1419\/revisions\/3485"}],"wp:attachment":[{"href":"https:\/\/eaic-bue.infd.edu.ar\/sitio\/wp-json\/wp\/v2\/media?parent=1419"}],"curies":[{"name":"wp","href":"https:\/\/api.w.org\/{rel}","templated":true}]}}