{"id":1638,"date":"2019-03-09T18:49:26","date_gmt":"2019-03-09T21:49:26","guid":{"rendered":"https:\/\/eaic-bue.infd.edu.ar\/sitio\/?page_id=1638"},"modified":"2026-04-02T19:28:02","modified_gmt":"2026-04-02T22:28:02","slug":"horarios-de-cursada-2024","status":"publish","type":"page","link":"https:\/\/eaic-bue.infd.edu.ar\/sitio\/horarios-de-cursada-2024\/","title":{"rendered":"HORARIOS DE CURSADA 2026"},"content":{"rendered":"\n<p><\/p>\n\n\n<p><strong>HORARIOS 2026 &#8211; TODAS LAS CARRERAS<\/strong><\/p>\n<p>Podr\u00e1s visualizar y descargar horarios desde los siguientes link:<\/p>\n<p><a href=\"https:\/\/docs.google.com\/spreadsheets\/d\/145o8KpeZvjq68r8GmKBdr6qDqTltuNx5F6UYbBwkp2E\/edit?usp=sharing\">PROFESORADO DE ARTES VISUALES<\/a><\/p>\n<p><a href=\"https:\/\/docs.google.com\/spreadsheets\/d\/1VGiGti7N4q_Kq3jeWqXXT-x2fh2QSV-RW8FvfgfxddA\/edit?usp=sharing\">PROFESORADO DE CER\u00c1MICA<\/a><\/p>\n<p><a href=\"https:\/\/docs.google.com\/spreadsheets\/d\/1UdqnbwaQ6mTaiZaJOAB6UKhYHKvQdExnRsn9rtqqkJ8\/edit?usp=sharing\">FOBA TECNICATURA DE CER\u00c1MICA (ingresantes a la tecnicatura de cer\u00e1mica)<\/a><\/p>\n<p><a href=\"https:\/\/docs.google.com\/spreadsheets\/d\/1eUpdgpHbmANwXjc-81jSpJQBz4T1jwTDGq2Jd-p3hfg\/edit?usp=sharing\">TECNICATURA DE CER\u00c1MICA (formaciones de grado)<\/a><\/p>\n<p><a href=\"https:\/\/docs.google.com\/spreadsheets\/d\/1zkJCJJryU-G5YS-dTNE71sXN-O4bODN4\/edit?usp=sharing&amp;ouid=105354398934155958444&amp;rtpof=true&amp;sd=true\">FOBA INTENSIVA M\u00daSICA (ingresantes al profesorado de EDUCACI\u00d3N MUSICAL)<\/a><\/p>\n<p><a href=\"https:\/\/docs.google.com\/spreadsheets\/d\/1Rlu1_idW8NUc5lGDmcwtYkwEtWx0xt6H\/edit?usp=sharing&amp;ouid=105354398934155958444&amp;rtpof=true&amp;sd=true\">PROFESORADO DE EDUCACI\u00d3N MUSICAL (formaciones de grado)<\/a><\/p>\n<p><a href=\"https:\/\/docs.google.com\/spreadsheets\/d\/1U7_fI9UyoupjS5XU8DIAublSZDBYJ76I\/edit?usp=sharing&amp;ouid=105354398934155958444&amp;rtpof=true&amp;sd=true\">FOBA TRADICIONAL INSTRUMENTO POPULAR (ingresantes a FOBA I y estudiantes de FOBA II)<\/a><\/p>\n<p><a href=\"https:\/\/docs.google.com\/spreadsheets\/d\/1SKkZQLW2GG2CH1uCkaQ8DVNkR1K410ZI\/edit?usp=sharing&amp;ouid=105354398934155958444&amp;rtpof=true&amp;sd=true\">PROFESORADO Y TECNICATURA DE INSTRUMENTO POPULAR (formaciones de grado)<\/a><\/p>\n<p><a href=\"https:\/\/docs.google.com\/spreadsheets\/d\/1vn_yzIvlSzUxCBlbrhGQWLdxHIDK0guVMaByfp7-0Ww\/edit?usp=sharing\">PROFESORADO DE TEATRO\u00a0<\/a><\/p>\n<p><a href=\"https:\/\/docs.google.com\/spreadsheets\/d\/1Xu9g-TDjd2Cbyj1uSzVvVfcerPeM6w6h\/edit?usp=sharing&amp;ouid=105354398934155958444&amp;rtpof=true&amp;sd=true\">PROFESORADO DE DANZAS FOLKL\u00d3RICAS<\/a><\/p>","protected":false},"excerpt":{"rendered":"<p>HORARIOS 2026 &#8211; TODAS LAS CARRERAS Podr\u00e1s visualizar y descargar horarios desde los siguientes link: PROFESORADO DE ARTES VISUALES PROFESORADO DE CER\u00c1MICA FOBA TECNICATURA DE CER\u00c1MICA (ingresantes a la tecnicatura de cer\u00e1mica) TECNICATURA DE CER\u00c1MICA (formaciones de grado) FOBA INTENSIVA M\u00daSICA (ingresantes al profesorado de EDUCACI\u00d3N MUSICAL) PROFESORADO DE EDUCACI\u00d3N MUSICAL (formaciones de grado) FOBA &#8230; <a title=\"HORARIOS DE CURSADA 2026\" class=\"read-more\" href=\"https:\/\/eaic-bue.infd.edu.ar\/sitio\/horarios-de-cursada-2024\/\" aria-label=\"More on HORARIOS DE CURSADA 2026\">[+]<\/a><\/p>\n","protected":false},"author":2201,"featured_media":0,"parent":0,"menu_order":0,"comment_status":"closed","ping_status":"closed","template":"","meta":[],"acf":[],"_links":{"self":[{"href":"https:\/\/eaic-bue.infd.edu.ar\/sitio\/wp-json\/wp\/v2\/pages\/1638"}],"collection":[{"href":"https:\/\/eaic-bue.infd.edu.ar\/sitio\/wp-json\/wp\/v2\/pages"}],"about":[{"href":"https:\/\/eaic-bue.infd.edu.ar\/sitio\/wp-json\/wp\/v2\/types\/page"}],"author":[{"embeddable":true,"href":"https:\/\/eaic-bue.infd.edu.ar\/sitio\/wp-json\/wp\/v2\/users\/2201"}],"replies":[{"embeddable":true,"href":"https:\/\/eaic-bue.infd.edu.ar\/sitio\/wp-json\/wp\/v2\/comments?post=1638"}],"version-history":[{"count":46,"href":"https:\/\/eaic-bue.infd.edu.ar\/sitio\/wp-json\/wp\/v2\/pages\/1638\/revisions"}],"predecessor-version":[{"id":4820,"href":"https:\/\/eaic-bue.infd.edu.ar\/sitio\/wp-json\/wp\/v2\/pages\/1638\/revisions\/4820"}],"wp:attachment":[{"href":"https:\/\/eaic-bue.infd.edu.ar\/sitio\/wp-json\/wp\/v2\/media?parent=1638"}],"curies":[{"name":"wp","href":"https:\/\/api.w.org\/{rel}","templated":true}]}}