{"id":2093,"date":"2019-10-10T17:38:17","date_gmt":"2019-10-10T20:38:17","guid":{"rendered":"https:\/\/eaic-bue.infd.edu.ar\/sitio\/?page_id=2093"},"modified":"2025-06-23T17:45:47","modified_gmt":"2025-06-23T20:45:47","slug":"2-autoridades","status":"publish","type":"page","link":"https:\/\/eaic-bue.infd.edu.ar\/sitio\/2-autoridades\/","title":{"rendered":"Autoridades"},"content":{"rendered":"<h4>AUTORIDADES<\/h4>\n<h6><span style=\"font-family: 'courier new', courier; font-size: 14pt;\"><span style=\"text-decoration: underline;\">Director<\/span><strong><span style=\"text-decoration: underline;\">:<\/span> Prof. Pedro De Gaudio<\/strong><\/span><\/h6>\n<h6><span style=\"font-family: 'courier new', courier; font-size: 14pt;\"><span style=\"text-decoration: underline;\">Vicedirectora<\/span><strong>: Prof. Demetria Bacchiddu<\/strong><\/span><\/h6>\n<h6><span style=\"font-family: 'courier new', courier; font-size: 14pt;\"><span style=\"text-decoration: underline;\">Regente<\/span><strong><span style=\"text-decoration: underline;\">:<\/span> Prof. Ariel De Gaudio \/ Prof. Albino de la Puente<\/strong><\/span><\/h6>\n<h6><span style=\"font-family: 'courier new', courier; font-size: 14pt;\"><span style=\"text-decoration: underline;\">Secretaria<\/span>:<strong> Prof. J\u00e9sica Peralta<\/strong><\/span><\/h6>\n<h6><span style=\"font-family: 'courier new', courier; font-size: 14pt;\"><span style=\"text-decoration: underline;\">Prosecretaria:<\/span><strong> Prof. Liliana Vargas &#8211; Prof. Daniel Calabrese<\/strong><\/span><\/h6>\n<h6><span style=\"font-family: 'courier new', courier; font-size: 14pt;\">Jefes de \u00e1rea Educaci\u00f3n Musical: Prof. Favio Shifres &#8211; Prof. Luis Segovia &#8211; Prof. Sebasti\u00e1n Germano<\/span><\/h6>\n<h6>\u00a0<strong style=\"font-family: 'courier new', courier; font-size: 14pt;\">Prof Jefes\/as de \u00e1rea Instrumento Popular: Prof. Daniela Passerini &#8211; Prof. Sandro Benedetto &#8211; Prof. Gustavo D\u00edaz<\/strong><\/h6>\n<h6><span style=\"font-family: 'courier new', courier; font-size: 14pt;\"><span style=\"text-decoration: underline;\">Jefa de \u00e1rea Artes Visuales:<\/span><strong>\u00a0 Prof. M\u00f3nica Hidalgo<\/strong><\/span><\/h6>\n<h6><span style=\"font-family: 'courier new', courier; font-size: 14pt;\"><strong>Jefa de \u00e1rea Cer\u00e1mica: Prof. Gladys Vera<\/strong><\/span><\/h6>\n<h6><span style=\"text-decoration: underline;\"><span style=\"font-family: 'courier new', courier; font-size: 14pt;\">Jefa de \u00e1rea Teatro: Prof. Manuela Mendez<\/span><\/span><\/h6>\n<h6><span style=\"text-decoration: underline;\"><span style=\"font-family: 'courier new', courier; font-size: 14pt;\">Jefa de \u00e1rea Danzas<strong>: <\/strong><\/span><\/span><span style=\"font-family: 'courier new', courier; font-size: 14pt;\"><strong>Prof. Marilina Scardamaglia\u00a0<\/strong><\/span><\/h6>\n<h6><\/h6>\n","protected":false},"excerpt":{"rendered":"<p>AUTORIDADES Director: Prof. Pedro De Gaudio Vicedirectora: Prof. Demetria Bacchiddu Regente: Prof. Ariel De Gaudio \/ Prof. Albino de la Puente Secretaria: Prof. J\u00e9sica Peralta Prosecretaria: Prof. Liliana Vargas &#8211; Prof. Daniel Calabrese Jefes de \u00e1rea Educaci\u00f3n Musical: Prof. Favio Shifres &#8211; Prof. Luis Segovia &#8211; Prof. Sebasti\u00e1n Germano \u00a0Prof Jefes\/as de \u00e1rea Instrumento Popular: &#8230; <a title=\"Autoridades\" class=\"read-more\" href=\"https:\/\/eaic-bue.infd.edu.ar\/sitio\/2-autoridades\/\" aria-label=\"More on Autoridades\">[+]<\/a><\/p>\n","protected":false},"author":2201,"featured_media":0,"parent":0,"menu_order":0,"comment_status":"closed","ping_status":"closed","template":"","meta":[],"acf":[],"_links":{"self":[{"href":"https:\/\/eaic-bue.infd.edu.ar\/sitio\/wp-json\/wp\/v2\/pages\/2093"}],"collection":[{"href":"https:\/\/eaic-bue.infd.edu.ar\/sitio\/wp-json\/wp\/v2\/pages"}],"about":[{"href":"https:\/\/eaic-bue.infd.edu.ar\/sitio\/wp-json\/wp\/v2\/types\/page"}],"author":[{"embeddable":true,"href":"https:\/\/eaic-bue.infd.edu.ar\/sitio\/wp-json\/wp\/v2\/users\/2201"}],"replies":[{"embeddable":true,"href":"https:\/\/eaic-bue.infd.edu.ar\/sitio\/wp-json\/wp\/v2\/comments?post=2093"}],"version-history":[{"count":11,"href":"https:\/\/eaic-bue.infd.edu.ar\/sitio\/wp-json\/wp\/v2\/pages\/2093\/revisions"}],"predecessor-version":[{"id":4635,"href":"https:\/\/eaic-bue.infd.edu.ar\/sitio\/wp-json\/wp\/v2\/pages\/2093\/revisions\/4635"}],"wp:attachment":[{"href":"https:\/\/eaic-bue.infd.edu.ar\/sitio\/wp-json\/wp\/v2\/media?parent=2093"}],"curies":[{"name":"wp","href":"https:\/\/api.w.org\/{rel}","templated":true}]}}