{"id":2102,"date":"2019-10-10T17:41:05","date_gmt":"2019-10-10T20:41:05","guid":{"rendered":"https:\/\/eaic-bue.infd.edu.ar\/sitio\/?page_id=2102"},"modified":"2020-06-17T18:00:12","modified_gmt":"2020-06-17T21:00:12","slug":"5-organizacion-estructural","status":"publish","type":"page","link":"https:\/\/eaic-bue.infd.edu.ar\/sitio\/5-organizacion-estructural\/","title":{"rendered":"Organizaci\u00f3n estructural"},"content":{"rendered":"<p><b>ORGANIZACI\u00d3N ESTRUCTURAL \u2013 UTILIZACI\u00d3N\u00a0DE LOS RECURSOS \u2013 TIEMPOS Y ESPACIOS<\/b><\/p>\n<p><strong>COMUNICACI\u00d3N<\/strong><\/p>\n<ul>\n<li>El Equipo de Conducci\u00f3n distribuye sus actividades en la sede y anexos y en los tres turnos. Sus horarios est\u00e1n expuestos en las carteleras correspondientes.<\/li>\n<li>En preceptor\u00eda hay una mesa de entradas donde se puede entregar por escrito una solicitud para alg\u00fan miembro de la instituci\u00f3n. La misma deber\u00e1 entregarse en mano y obtener un recibo a cambio, as\u00ed como la posible fecha de respuesta. Para conversar personalmente con las autoridades deber\u00e1n consultar sus horarios en la cartelera dispuesta para tal fin.<\/li>\n<li>Se implementan carteleras espec\u00edficas y carpetas de comunicados seg\u00fan sus destinatarios. Es deber de los\/as estudiantes y profesores\/as consultarlas cada vez que concurran al establecimiento. En ellas se publicar\u00e1n todas las informaciones que se consideran pertinentes para el buen desenvolvimiento institucional.<\/li>\n<li>Los pizarrones (cartelera acad\u00e9mica) tambi\u00e9n se utilizan para indicar comunicados tanto para estudiantes como para docentes.<\/li>\n<li>Es obligaci\u00f3n y responsabilidad de los\/as estudiantes conocer el Plan de estudio en su totalidad, as\u00ed como el r\u00e9gimen de correlatividades y evaluaci\u00f3n de su carrera. Los mismos ser\u00e1n transmitidos por los\/as jefes\/as de \u00e1rea y se encontrar\u00e1n para consulta permanente en la p\u00e1gina web y en la fotocopiadora de la escuela.<\/li>\n<li>En el Centro de copiado se podr\u00e1n adquirir los programas, material impreso sugerido por los\/as profesores\/as en cada c\u00e1tedra (supervisados por los\/as jefes\/as de \u00e1rea) y dem\u00e1s reglamentos y comunicados.<\/li>\n<li>A partir del a\u00f1o 2009 la escuela cuenta con un soporte virtual de informaci\u00f3n que hoy es el principal instrumento de comunicaci\u00f3n. Es el siguiente <a href=\"http:\/\/eaic.bue.infd.edu.ar\/sitio\/\">http:\/\/eaic.bue.infd.edu.ar\/sitio\/<\/a>. En esta web est\u00e1n publicadas las noticias en la secci\u00f3n correspondiente y la informaci\u00f3n acad\u00e9mica (proyectos de c\u00e1tedra, horarios de cursadas, planes de estudio, normativas, PI, formas de realizar tr\u00e1mites administrativos, actividades art\u00edsticas, etc.)<\/li>\n<\/ul>\n<p>&nbsp;<\/p>\n<p>&nbsp;<\/p>\n","protected":false},"excerpt":{"rendered":"<p>ORGANIZACI\u00d3N ESTRUCTURAL \u2013 UTILIZACI\u00d3N\u00a0DE LOS RECURSOS \u2013 TIEMPOS Y ESPACIOS COMUNICACI\u00d3N El Equipo de Conducci\u00f3n distribuye sus actividades en la sede y anexos y en los tres turnos. Sus horarios est\u00e1n expuestos en las carteleras correspondientes. En preceptor\u00eda hay una mesa de entradas donde se puede entregar por escrito una solicitud para alg\u00fan miembro de &#8230; <a title=\"Organizaci\u00f3n estructural\" class=\"read-more\" href=\"https:\/\/eaic-bue.infd.edu.ar\/sitio\/5-organizacion-estructural\/\" aria-label=\"More on Organizaci\u00f3n estructural\">[+]<\/a><\/p>\n","protected":false},"author":2201,"featured_media":0,"parent":0,"menu_order":0,"comment_status":"closed","ping_status":"closed","template":"","meta":[],"acf":[],"_links":{"self":[{"href":"https:\/\/eaic-bue.infd.edu.ar\/sitio\/wp-json\/wp\/v2\/pages\/2102"}],"collection":[{"href":"https:\/\/eaic-bue.infd.edu.ar\/sitio\/wp-json\/wp\/v2\/pages"}],"about":[{"href":"https:\/\/eaic-bue.infd.edu.ar\/sitio\/wp-json\/wp\/v2\/types\/page"}],"author":[{"embeddable":true,"href":"https:\/\/eaic-bue.infd.edu.ar\/sitio\/wp-json\/wp\/v2\/users\/2201"}],"replies":[{"embeddable":true,"href":"https:\/\/eaic-bue.infd.edu.ar\/sitio\/wp-json\/wp\/v2\/comments?post=2102"}],"version-history":[{"count":5,"href":"https:\/\/eaic-bue.infd.edu.ar\/sitio\/wp-json\/wp\/v2\/pages\/2102\/revisions"}],"predecessor-version":[{"id":2104,"href":"https:\/\/eaic-bue.infd.edu.ar\/sitio\/wp-json\/wp\/v2\/pages\/2102\/revisions\/2104"}],"wp:attachment":[{"href":"https:\/\/eaic-bue.infd.edu.ar\/sitio\/wp-json\/wp\/v2\/media?parent=2102"}],"curies":[{"name":"wp","href":"https:\/\/api.w.org\/{rel}","templated":true}]}}