{"id":2106,"date":"2019-10-10T17:42:20","date_gmt":"2019-10-10T20:42:20","guid":{"rendered":"https:\/\/eaic-bue.infd.edu.ar\/sitio\/?page_id=2106"},"modified":"2019-10-15T17:39:49","modified_gmt":"2019-10-15T20:39:49","slug":"6-carreras-de-grado","status":"publish","type":"page","link":"https:\/\/eaic-bue.infd.edu.ar\/sitio\/6-carreras-de-grado\/","title":{"rendered":"Carreras de grado"},"content":{"rendered":"<ol>\n<li><strong>PROFESORADO DE ARTES VISUALES\u00a0<\/strong>(Resoluci\u00f3n 887\/11)<\/li>\n<li><strong>PROFESORADO DE CER\u00c1MICA\u00a0<\/strong>(Resoluci\u00f3n 886\/11)<\/li>\n<li><strong>TECNICATURA DE CER\u00c1MICA<\/strong>\u00a0(Resoluci\u00f3n 253.\/99)<\/li>\n<li><strong>PROFESORADO DE M\u00daSICA ORIENTACI\u00d3N EDUCACI\u00d3N MUSICAL\u00a0<\/strong>(Resoluci\u00f3n 855\/11)<\/li>\n<li><strong>PROFESORADO DE INSTRUMENTO POPULAR<\/strong>\u00a0(Resoluci\u00f3n 234\/99)<\/li>\n<li><strong>TECNICATURA DE INSTRUMENTO POPULAR\u00a0<\/strong>(Resoluci\u00f3n 13.235\/99)<\/li>\n<li><strong>PROFESORADO DE TEATRO<\/strong>\u00a0(Resoluci\u00f3n 175\/11)<\/li>\n<\/ol>\n","protected":false},"excerpt":{"rendered":"<p>PROFESORADO DE ARTES VISUALES\u00a0(Resoluci\u00f3n 887\/11) PROFESORADO DE CER\u00c1MICA\u00a0(Resoluci\u00f3n 886\/11) TECNICATURA DE CER\u00c1MICA\u00a0(Resoluci\u00f3n 253.\/99) PROFESORADO DE M\u00daSICA ORIENTACI\u00d3N EDUCACI\u00d3N MUSICAL\u00a0(Resoluci\u00f3n 855\/11) PROFESORADO DE INSTRUMENTO POPULAR\u00a0(Resoluci\u00f3n 234\/99) TECNICATURA DE INSTRUMENTO POPULAR\u00a0(Resoluci\u00f3n 13.235\/99) PROFESORADO DE TEATRO\u00a0(Resoluci\u00f3n 175\/11)<\/p>\n","protected":false},"author":2201,"featured_media":0,"parent":0,"menu_order":0,"comment_status":"closed","ping_status":"closed","template":"","meta":[],"acf":[],"_links":{"self":[{"href":"https:\/\/eaic-bue.infd.edu.ar\/sitio\/wp-json\/wp\/v2\/pages\/2106"}],"collection":[{"href":"https:\/\/eaic-bue.infd.edu.ar\/sitio\/wp-json\/wp\/v2\/pages"}],"about":[{"href":"https:\/\/eaic-bue.infd.edu.ar\/sitio\/wp-json\/wp\/v2\/types\/page"}],"author":[{"embeddable":true,"href":"https:\/\/eaic-bue.infd.edu.ar\/sitio\/wp-json\/wp\/v2\/users\/2201"}],"replies":[{"embeddable":true,"href":"https:\/\/eaic-bue.infd.edu.ar\/sitio\/wp-json\/wp\/v2\/comments?post=2106"}],"version-history":[{"count":2,"href":"https:\/\/eaic-bue.infd.edu.ar\/sitio\/wp-json\/wp\/v2\/pages\/2106\/revisions"}],"predecessor-version":[{"id":2215,"href":"https:\/\/eaic-bue.infd.edu.ar\/sitio\/wp-json\/wp\/v2\/pages\/2106\/revisions\/2215"}],"wp:attachment":[{"href":"https:\/\/eaic-bue.infd.edu.ar\/sitio\/wp-json\/wp\/v2\/media?parent=2106"}],"curies":[{"name":"wp","href":"https:\/\/api.w.org\/{rel}","templated":true}]}}