{"id":2108,"date":"2019-10-10T17:43:22","date_gmt":"2019-10-10T20:43:22","guid":{"rendered":"https:\/\/eaic-bue.infd.edu.ar\/sitio\/?page_id=2108"},"modified":"2024-04-19T17:58:40","modified_gmt":"2024-04-19T20:58:40","slug":"7-profesorado-de-artes-visuales","status":"publish","type":"page","link":"https:\/\/eaic-bue.infd.edu.ar\/sitio\/7-profesorado-de-artes-visuales\/","title":{"rendered":"Profesorado de Artes Visuales"},"content":{"rendered":"<p><strong>PROFESORADO EN ARTES VISUALES<\/strong><\/p>\n<p>El\u00a0Profesorado en Artes Visuales forma docentes especializados en la ense\u00f1anza del arte en los distintos niveles de la ense\u00f1anza obligatoria,\u00a0con s\u00f3lidos conocimientos pedag\u00f3gicos,\u00a0atentos a los cambios y transformaciones propios de nuestra\u00a0tarea cotidiana y comprometidos con la realidad sociocultural de nuestro pa\u00eds, con un perfil abierto a las necesidades de los otros en el mundo que nos toca transitar.<\/p>\n<p>Las orientaciones de este profesorado son: <strong>Escultura\u2013 Pintura\u2013 Grabado<\/strong><\/p>\n<p><strong>Este profesorado se cursa solo en la sede de Isidro Casanova (Juan Manuel de Rosas 5975, Ruta 3, km 21) en los turnos ma\u00f1ana, tarde o noche.\u00a0<\/strong><\/p>\n<p><strong>REQUISITOS PARA EL INGRESO<\/strong><\/p>\n<p>Haber completado los estudios del nivel secundario.<\/p>\n<p>Los\/as egresados\/as de secundarias orientadas en Artes Visuales tendr\u00e1n una fecha establecida para su inscripci\u00f3n que estar\u00e1 publicada en el sitio web de la instituci\u00f3n<\/p>\n<p>Para conocer la modalidad de inscripci\u00f3n, consultar el Reglamento Acad\u00e9mico que figura m\u00e1s abajo.<\/p>\n<p><strong>ESTRUCTURA CURRICULAR DEL PROFESORADO DE ARTES VISUALES (FORMACI\u00d3N DE GRADO)<\/strong><\/p>\n<table style=\"height: 3585px;\" width=\"1211\">\n<tbody>\n<tr>\n<td colspan=\"7\" width=\"672\"><strong>Profesorado de Artes Visuales con orientaci\u00f3n en Pintura\/Grabado\/Escultura<\/strong><\/td>\n<td width=\"77\"><strong>\u00a0<\/strong><\/td>\n<\/tr>\n<tr>\n<td width=\"51\"><strong>A\u00d1O<\/strong><\/td>\n<td width=\"148\"><strong>CAMPOS DE LA FORMACI\u00d3N<\/strong><\/td>\n<td width=\"48\"><strong>N\u00ba A<\/strong><\/td>\n<td width=\"52\"><strong>N\u00ba T<\/strong><\/td>\n<td width=\"220\"><strong>ASIGNATURAS (1)<\/strong><\/td>\n<td width=\"45\"><strong>HORAS<\/strong><\/td>\n<td width=\"109\"><strong>FORMA DE ACREDITACI\u00d3N<\/strong><\/td>\n<td width=\"77\"><strong>LIBRE<\/strong><\/td>\n<\/tr>\n<tr>\n<td rowspan=\"10\" width=\"51\">1\u00ba<\/td>\n<td rowspan=\"6\" width=\"148\">\n<p>Formaci\u00f3n Espec\u00edfica<\/td>\n<td width=\"48\">1<\/td>\n<td width=\"52\">1<\/td>\n<td width=\"220\">Lenguaje Visual I<\/td>\n<td width=\"45\">96<\/td>\n<td width=\"109\">Promoci\u00f3n directa<\/td>\n<td width=\"77\">NO<\/td>\n<\/tr>\n<tr>\n<td width=\"48\">2<\/td>\n<td width=\"52\">2<\/td>\n<td width=\"220\">Dibujo I<\/td>\n<td width=\"45\">64<\/td>\n<td width=\"109\">Promoci\u00f3n directa<\/td>\n<td width=\"77\">NO<\/td>\n<\/tr>\n<tr>\n<td width=\"48\">3<\/td>\n<td width=\"52\">3<\/td>\n<td width=\"220\">Pintura I<\/td>\n<td width=\"45\">64<\/td>\n<td width=\"109\">Examen final<\/td>\n<td width=\"77\">NO<\/td>\n<\/tr>\n<tr>\n<td width=\"48\">4<\/td>\n<td width=\"52\">4<\/td>\n<td width=\"220\">Escultura I<\/td>\n<td width=\"45\">64<\/td>\n<td width=\"109\">Examen final<\/td>\n<td width=\"77\">NO<\/td>\n<\/tr>\n<tr>\n<td width=\"48\">5<\/td>\n<td width=\"52\">5<\/td>\n<td width=\"220\">Grabado y Arte impreso I<\/td>\n<td width=\"45\">64<\/td>\n<td width=\"109\">Examen final<\/td>\n<td width=\"77\">NO<\/td>\n<\/tr>\n<tr>\n<td width=\"48\">6<\/td>\n<td width=\"52\">6<\/td>\n<td width=\"220\">Historia de las Artes Visuales I<\/td>\n<td width=\"45\">64<\/td>\n<td width=\"109\">Promoci\u00f3n directa<\/td>\n<td width=\"77\">SI<\/td>\n<\/tr>\n<tr>\n<td width=\"148\">Pr\u00e1ctica Profesional<\/td>\n<td width=\"48\">7<\/td>\n<td width=\"52\">7<\/td>\n<td width=\"220\">Pr\u00e1ctica Docente I<\/td>\n<td width=\"45\">96<\/td>\n<td width=\"109\">Promoci\u00f3n directa<\/td>\n<td width=\"77\">NO<\/td>\n<\/tr>\n<tr>\n<td rowspan=\"3\" width=\"148\">Formaci\u00f3n General<\/td>\n<td width=\"48\">8<\/td>\n<td width=\"52\">8<\/td>\n<td width=\"220\">Historia Social General<\/td>\n<td width=\"45\">64<\/td>\n<td width=\"109\">Promoci\u00f3n directa<\/td>\n<td width=\"77\">SI<\/td>\n<\/tr>\n<tr>\n<td width=\"48\">9<\/td>\n<td width=\"52\">9<\/td>\n<td width=\"220\">Psicolog\u00eda de la Educaci\u00f3n I<\/td>\n<td width=\"45\">64<\/td>\n<td width=\"109\">Promoci\u00f3n directa<\/td>\n<td width=\"77\">SI<\/td>\n<\/tr>\n<tr>\n<td width=\"48\">10<\/td>\n<td width=\"52\">10<\/td>\n<td width=\"220\">Fundamentos de la Educaci\u00f3n<\/td>\n<td width=\"45\">64<\/td>\n<td width=\"109\">Promoci\u00f3n directa<\/td>\n<td width=\"77\">SI<\/td>\n<\/tr>\n<tr>\n<td rowspan=\"10\" width=\"51\">2\u00ba<\/td>\n<td rowspan=\"6\" width=\"148\">\n<p>Formaci\u00f3n Espec\u00edfica<\/td>\n<td width=\"48\">1<\/td>\n<td width=\"52\">11<\/td>\n<td width=\"220\">Lenguaje Visual II<\/td>\n<td width=\"45\">96<\/td>\n<td width=\"109\">Promoci\u00f3n directa<\/td>\n<td width=\"77\">NO<\/td>\n<\/tr>\n<tr>\n<td width=\"48\">2<\/td>\n<td width=\"52\">12<\/td>\n<td width=\"220\">Dibujo II<\/td>\n<td width=\"45\">64<\/td>\n<td width=\"109\">Promoci\u00f3n directa<\/td>\n<td width=\"77\">NO<\/td>\n<\/tr>\n<tr>\n<td width=\"48\">3<\/td>\n<td width=\"52\">13<\/td>\n<td width=\"220\">Pintura II<\/td>\n<td width=\"45\">64<\/td>\n<td width=\"109\">Examen final<\/td>\n<td width=\"77\">NO<\/td>\n<\/tr>\n<tr>\n<td width=\"48\">4<\/td>\n<td width=\"52\">14<\/td>\n<td width=\"220\">Escultura II<\/td>\n<td width=\"45\">64<\/td>\n<td width=\"109\">Examen final<\/td>\n<td width=\"77\">NO<\/td>\n<\/tr>\n<tr>\n<td width=\"48\">5<\/td>\n<td width=\"52\">15<\/td>\n<td width=\"220\">Grabado y Arte impreso II<\/td>\n<td width=\"45\">64<\/td>\n<td width=\"109\">Examen final<\/td>\n<td width=\"77\">NO<\/td>\n<\/tr>\n<tr>\n<td width=\"48\">6<\/td>\n<td width=\"52\">16<\/td>\n<td width=\"220\">Historia de las Artes Visuales II<\/td>\n<td width=\"45\">64<\/td>\n<td width=\"109\">Promoci\u00f3n directa<\/td>\n<td width=\"77\">SI<\/td>\n<\/tr>\n<tr>\n<td width=\"148\">Pr\u00e1ctica Profesional<\/td>\n<td width=\"48\">7<\/td>\n<td width=\"52\">17<\/td>\n<td width=\"220\">Pr\u00e1ctica Docente II<\/td>\n<td width=\"45\">96<\/td>\n<td width=\"109\">Examen final<\/td>\n<td width=\"77\">NO<\/td>\n<\/tr>\n<tr>\n<td rowspan=\"3\" width=\"148\">\n<p>Formaci\u00f3n General<\/td>\n<td width=\"48\">8<\/td>\n<td width=\"52\">18<\/td>\n<td width=\"220\">Historia sociopol\u00edtica de Latinoam\u00e9rica y Argentina<\/td>\n<td width=\"45\">64<\/td>\n<td width=\"109\">Promoci\u00f3n directa<\/td>\n<td width=\"77\">SI<\/td>\n<\/tr>\n<tr>\n<td width=\"48\">9<\/td>\n<td width=\"52\">19<\/td>\n<td width=\"220\">Did\u00e1ctica General<\/td>\n<td width=\"45\">64<\/td>\n<td width=\"109\">Promoci\u00f3n directa<\/td>\n<td width=\"77\">SI<\/td>\n<\/tr>\n<tr>\n<td width=\"48\">10<\/td>\n<td width=\"52\">20<\/td>\n<td width=\"220\">Psicolog\u00eda de la Educaci\u00f3n II<\/td>\n<td width=\"45\">64<\/td>\n<td width=\"109\">Promoci\u00f3n directa<\/td>\n<td width=\"77\">SI<\/td>\n<\/tr>\n<tr>\n<td rowspan=\"10\" width=\"51\">3\u00ba<\/td>\n<td rowspan=\"7\" width=\"148\">\n<p>Formaci\u00f3n Espec\u00edfica<\/td>\n<td width=\"48\">1<\/td>\n<td width=\"52\">21<\/td>\n<td width=\"220\">Lenguaje Visual III<\/td>\n<td width=\"45\">96<\/td>\n<td width=\"109\">Promoci\u00f3n directa<\/td>\n<td width=\"77\">NO<\/td>\n<\/tr>\n<tr>\n<td width=\"48\">2<\/td>\n<td width=\"52\">22<\/td>\n<td width=\"220\">Dibujo III<\/td>\n<td width=\"45\">64<\/td>\n<td width=\"109\">Promoci\u00f3n directa<\/td>\n<td width=\"77\">NO<\/td>\n<\/tr>\n<tr>\n<td width=\"48\">3<\/td>\n<td width=\"52\">23<\/td>\n<td width=\"220\">Taller B\u00e1sico I<\/td>\n<td width=\"45\">160<\/td>\n<td width=\"109\">Examen final<\/td>\n<td width=\"77\">NO<\/td>\n<\/tr>\n<tr>\n<td width=\"48\">4<\/td>\n<td width=\"52\">24<\/td>\n<td width=\"220\">Taller Complementario I<\/td>\n<td width=\"45\">96<\/td>\n<td width=\"109\">Examen final<\/td>\n<td width=\"77\">NO<\/td>\n<\/tr>\n<tr>\n<td width=\"48\">5<\/td>\n<td width=\"52\">25<\/td>\n<td width=\"220\">Medios Audiovisuales e imagen digital<\/td>\n<td width=\"45\">64<\/td>\n<td width=\"109\">Promoci\u00f3n directa<\/td>\n<td width=\"77\">NO<\/td>\n<\/tr>\n<tr>\n<td width=\"48\">6<\/td>\n<td width=\"52\">26<\/td>\n<td width=\"220\">Historia de las Artes Visuales III<\/td>\n<td width=\"45\">64<\/td>\n<td width=\"109\">Promoci\u00f3n directa<\/td>\n<td width=\"77\">SI<\/td>\n<\/tr>\n<tr>\n<td width=\"48\">7<\/td>\n<td width=\"52\">27<\/td>\n<td width=\"220\">Did\u00e1ctica de las Artes Visuales I<\/td>\n<td width=\"45\">64<\/td>\n<td width=\"109\">Examen final<\/td>\n<td width=\"77\">SI<\/td>\n<\/tr>\n<tr>\n<td width=\"148\">Pr\u00e1ctica Profesional<\/td>\n<td width=\"48\">8<\/td>\n<td width=\"52\">28<\/td>\n<td width=\"220\">Pr\u00e1ctica Docente III<\/td>\n<td width=\"45\">128<\/td>\n<td width=\"109\">Examen final<\/td>\n<td width=\"77\">NO<\/td>\n<\/tr>\n<tr>\n<td rowspan=\"2\" width=\"148\"><\/td>\n<td width=\"48\">9<\/td>\n<td width=\"52\">29<\/td>\n<td width=\"220\">Pol\u00edtica educativa<\/td>\n<td width=\"45\">64<\/td>\n<td width=\"109\">Promoci\u00f3n directa<\/td>\n<td width=\"77\">SI<\/td>\n<\/tr>\n<tr>\n<td width=\"48\">10<\/td>\n<td width=\"52\">30<\/td>\n<td width=\"220\">Teor\u00edas del arte I<\/td>\n<td width=\"45\">64<\/td>\n<td width=\"109\">Promoci\u00f3n directa<\/td>\n<td width=\"77\">SI<\/td>\n<\/tr>\n<tr>\n<td rowspan=\"8\" width=\"51\">4\u00ba<\/td>\n<td rowspan=\"5\" width=\"148\">\n<p>Formaci\u00f3n Espec\u00edfica<\/td>\n<td width=\"48\">1<\/td>\n<td width=\"52\">31<\/td>\n<td width=\"220\">Taller B\u00e1sico III<\/td>\n<td width=\"45\">160<\/td>\n<td width=\"109\">Examen final<\/td>\n<td width=\"77\">NO<\/td>\n<\/tr>\n<tr>\n<td width=\"48\">2<\/td>\n<td width=\"52\">32<\/td>\n<td width=\"220\">Dibujo IV<\/td>\n<td width=\"45\">64<\/td>\n<td width=\"109\">Promoci\u00f3n directa<\/td>\n<td width=\"77\">NO<\/td>\n<\/tr>\n<tr>\n<td width=\"48\">3<\/td>\n<td width=\"52\">33<\/td>\n<td width=\"220\">Taller Complementario II<\/td>\n<td width=\"45\">96<\/td>\n<td width=\"109\">Examen final<\/td>\n<td width=\"77\">NO<\/td>\n<\/tr>\n<tr>\n<td width=\"48\">4<\/td>\n<td width=\"52\">34<\/td>\n<td width=\"220\">Artes Combinadas<\/td>\n<td width=\"45\">64<\/td>\n<td width=\"109\">Promoci\u00f3n directa<\/td>\n<td width=\"77\">NO<\/td>\n<\/tr>\n<tr>\n<td width=\"48\">5<\/td>\n<td width=\"52\">35<\/td>\n<td width=\"220\">Did\u00e1ctica de las Artes Visuales II<\/td>\n<td width=\"45\">64<\/td>\n<td width=\"109\">Examen final<\/td>\n<td width=\"77\">SI<\/td>\n<\/tr>\n<tr>\n<td width=\"148\">Pr\u00e1ctica Profesional<\/td>\n<td width=\"48\">7<\/td>\n<td width=\"52\">36<\/td>\n<td width=\"220\">Pr\u00e1ctica Docente IV<\/td>\n<td width=\"45\">128<\/td>\n<td width=\"109\">Examen final<\/td>\n<td width=\"77\">NO<\/td>\n<\/tr>\n<tr>\n<td rowspan=\"2\" width=\"148\">Formaci\u00f3n General<\/td>\n<td width=\"48\">8<\/td>\n<td width=\"52\">37<\/td>\n<td width=\"220\">Teor\u00edas del arte II<\/td>\n<td width=\"45\">64<\/td>\n<td width=\"109\">Promoci\u00f3n directa<\/td>\n<td width=\"77\">SI<\/td>\n<\/tr>\n<tr>\n<td width=\"48\">9<\/td>\n<td width=\"52\">38<\/td>\n<td width=\"220\">Metodolog\u00eda de la investigaci\u00f3n en artes<\/td>\n<td width=\"45\">96<\/td>\n<td width=\"109\">Examen final<\/td>\n<td width=\"77\">SI<\/td>\n<\/tr>\n<tr>\n<td colspan=\"3\" width=\"247\">Definici\u00f3n Institucional<\/td>\n<td width=\"52\"><\/td>\n<td width=\"220\">EDI<\/td>\n<td width=\"45\">128<\/td>\n<td width=\"109\">Promoci\u00f3n directa<\/td>\n<td width=\"77\">NO<\/td>\n<\/tr>\n<tr>\n<td colspan=\"4\" width=\"299\">ASIGNATURAS TOTALES:\u00a038 + EDI<\/td>\n<td width=\"220\">HORAS TOTALES:<\/td>\n<td width=\"45\">3.136<\/td>\n<td width=\"109\"><\/td>\n<td width=\"77\"><\/td>\n<\/tr>\n<tr>\n<td colspan=\"6\" width=\"564\">\u00b7 La carga horaria establecida para los EDI podr\u00e1 dividirse como lo defina la Instituci\u00f3n (tipo de unidad curricular, carga horaria, r\u00e9gimen de promoci\u00f3n y ubicaci\u00f3n en el plan de estudios).<\/td>\n<td width=\"109\">\u00b7<\/td>\n<td width=\"77\">\u00b7<\/td>\n<\/tr>\n<\/tbody>\n<\/table>\n<p><strong>CORRELATIVIDADES &#8211; ARTES VISUALES<\/strong><\/p>\n<p><strong>\u00a0\u00a0\u00a0\u00a0\u00a0\u00a0\u00a0\u00a0\u00a0\u00a0\u00a0\u00a0\u00a0\u00a0\u00a0\u00a0\u00a0\u00a0\u00a0\u00a0\u00a0\u00a0\u00a0\u00a0\u00a0\u00a0\u00a0\u00a0\u00a0\u00a0\u00a0\u00a0\u00a0\u00a0\u00a0\u00a0\u00a0\u00a0\u00a0\u00a0\u00a0\u00a0\u00a0\u00a0\u00a0\u00a0\u00a0\u00a0\u00a0\u00a0\u00a0\u00a0\u00a0\u00a0\u00a0\u00a0\u00a0\u00a0\u00a0\u00a0\u00a0\u00a0\u00a0\u00a0\u00a0\u00a0\u00a0\u00a0\u00a0\u00a0\u00a0\u00a0\u00a0\u00a0\u00a0 PRIMER A\u00d1O<\/strong><\/p>\n<table width=\"660\">\n<tbody>\n<tr>\n<td width=\"252\"><strong>UNIDAD CURRICULAR<\/strong><\/td>\n<td width=\"408\"><strong>CORRELATIVAS<\/strong><\/td>\n<\/tr>\n<tr>\n<td width=\"252\">Lenguaje Visual I<\/td>\n<td width=\"408\">FOBA COMPLETO<\/td>\n<\/tr>\n<tr>\n<td width=\"252\">Dibujo I<\/td>\n<td width=\"408\">FOBA COMPLETO<\/td>\n<\/tr>\n<tr>\n<td width=\"252\">Pintura I<\/td>\n<td width=\"408\">FOBA COMPLETO<\/td>\n<\/tr>\n<tr>\n<td width=\"252\">Escultura I<\/td>\n<td width=\"408\">FOBA COMPLETO<\/td>\n<\/tr>\n<tr>\n<td width=\"252\">Grabado y Arte impreso I<\/td>\n<td width=\"408\">FOBA COMPLETO<\/td>\n<\/tr>\n<tr>\n<td width=\"252\">Historia de las Artes Visuales I<\/td>\n<td width=\"408\">FOBA COMPLETO<\/td>\n<\/tr>\n<tr>\n<td width=\"252\">Pr\u00e1ctica Docente I<\/td>\n<td width=\"408\">FOBA COMPLETO<\/td>\n<\/tr>\n<tr>\n<td width=\"252\">Psicolog\u00eda de la Educaci\u00f3n I<\/td>\n<td width=\"408\">FOBA COMPLETO<\/td>\n<\/tr>\n<tr>\n<td width=\"252\">Fundamentos de la Educaci\u00f3n<\/td>\n<td width=\"408\">FOBA COMPLETO<\/td>\n<\/tr>\n<tr>\n<td width=\"252\">Historia Social General<\/td>\n<td width=\"408\">FOBA COMPLETO<\/td>\n<\/tr>\n<\/tbody>\n<\/table>\n<p><strong>\u00a0\u00a0\u00a0\u00a0\u00a0\u00a0\u00a0\u00a0\u00a0\u00a0\u00a0\u00a0\u00a0\u00a0\u00a0\u00a0\u00a0\u00a0\u00a0\u00a0\u00a0\u00a0\u00a0\u00a0\u00a0\u00a0\u00a0\u00a0\u00a0\u00a0\u00a0\u00a0\u00a0\u00a0\u00a0\u00a0\u00a0\u00a0\u00a0\u00a0\u00a0\u00a0\u00a0\u00a0\u00a0\u00a0\u00a0\u00a0\u00a0\u00a0\u00a0\u00a0\u00a0\u00a0\u00a0\u00a0\u00a0\u00a0\u00a0\u00a0\u00a0\u00a0\u00a0\u00a0\u00a0\u00a0\u00a0\u00a0\u00a0\u00a0\u00a0 SEGUNDO A\u00d1O<\/strong><\/p>\n<table width=\"660\">\n<tbody>\n<tr>\n<td width=\"252\">Lenguaje Visual II<\/td>\n<td width=\"408\">Lenguaje Visual I<\/td>\n<\/tr>\n<tr>\n<td width=\"252\">Dibujo II<\/td>\n<td width=\"408\">Dibujo I; Lenguaje Visual I<\/td>\n<\/tr>\n<tr>\n<td width=\"252\">Pintura II<\/td>\n<td width=\"408\">Pintura I;\u00a0 Dibujo I; Lenguaje Visual I<\/td>\n<\/tr>\n<tr>\n<td width=\"252\">Escultura II<\/td>\n<td width=\"408\">Escultura I; Dibujo I; Lenguaje Visual I<\/td>\n<\/tr>\n<tr>\n<td width=\"252\">Grabado y Arte impreso II<\/td>\n<td width=\"408\">Grabado y Arte impreso I; Dibujo I; Lenguaje Visual I<\/td>\n<\/tr>\n<tr>\n<td width=\"252\">Historia de las Artes Visuales II<\/td>\n<td width=\"408\">Historia de las Artes Visuales I<\/td>\n<\/tr>\n<tr>\n<td width=\"252\">Pr\u00e1ctica Docente II<\/td>\n<td width=\"408\">Pr\u00e1ctica Docente I; Fundamentos de la educaci\u00f3n; Psicolog\u00eda de la Educaci\u00f3n I<\/td>\n<\/tr>\n<tr>\n<td width=\"252\">Historia sociopol\u00edtica de Latinoam\u00e9rica y Argentina<\/td>\n<td width=\"408\">Historia Social General<\/td>\n<\/tr>\n<tr>\n<td width=\"252\">Did\u00e1ctica General<\/td>\n<td width=\"408\">Fundamentos de la Educaci\u00f3n Psicolog\u00eda de la Educaci\u00f3n I<\/td>\n<\/tr>\n<tr>\n<td width=\"252\">Psicolog\u00eda de la Educaci\u00f3n II<\/td>\n<td width=\"408\">Psicolog\u00eda de la Educaci\u00f3n I; Fundamentos de la Educaci\u00f3n<\/td>\n<\/tr>\n<\/tbody>\n<\/table>\n<p><strong>\u00a0\u00a0\u00a0\u00a0\u00a0\u00a0\u00a0\u00a0\u00a0\u00a0\u00a0\u00a0\u00a0\u00a0\u00a0\u00a0\u00a0\u00a0\u00a0\u00a0\u00a0\u00a0\u00a0\u00a0\u00a0\u00a0\u00a0\u00a0\u00a0\u00a0\u00a0\u00a0\u00a0\u00a0\u00a0\u00a0\u00a0\u00a0\u00a0\u00a0\u00a0\u00a0\u00a0\u00a0\u00a0\u00a0\u00a0\u00a0\u00a0\u00a0\u00a0\u00a0\u00a0\u00a0\u00a0\u00a0\u00a0\u00a0\u00a0\u00a0\u00a0\u00a0\u00a0\u00a0\u00a0\u00a0\u00a0\u00a0\u00a0\u00a0\u00a0\u00a0\u00a0 TERCER A\u00d1O<\/strong><\/p>\n<table width=\"661\">\n<tbody>\n<tr>\n<td width=\"252\">Lenguaje Visual III<\/td>\n<td width=\"408\">Lenguaje Visual II<\/td>\n<td width=\"1\"><\/td>\n<\/tr>\n<tr>\n<td width=\"252\">Dibujo III<\/td>\n<td width=\"408\">Dibujo II; Lenguaje Visual II<\/td>\n<td width=\"1\"><\/td>\n<\/tr>\n<tr>\n<td width=\"252\">Taller B\u00e1sico I<\/td>\n<td width=\"408\">Pintura II o Escultura II o Grabado y Arte impreso II (de acuerdo a la especialidad elegida); Dibujo II; Lenguaje Visual II<\/td>\n<td width=\"1\"><\/td>\n<\/tr>\n<tr>\n<td width=\"252\">Taller Complementario I<\/td>\n<td width=\"408\">Pintura II o Escultura II o Grabado II; Dibujo II; Lenguaje Visual II<\/td>\n<td width=\"1\"><\/td>\n<\/tr>\n<tr>\n<td width=\"252\">Medios Audiovisuales e imagen digital<\/td>\n<td colspan=\"2\" width=\"409\">Lenguaje Visual II; Dibujo II<\/td>\n<\/tr>\n<tr>\n<td width=\"252\">Historia de las Artes Visuales III<\/td>\n<td width=\"408\">Historia de las Artes Visuales II<\/td>\n<td width=\"1\"><\/td>\n<\/tr>\n<tr>\n<td width=\"252\">Did\u00e1ctica de las Artes Visuales I<\/td>\n<td width=\"408\">Did\u00e1ctica General; Psicolog\u00eda\u00a0 de la Educaci\u00f3n II<\/td>\n<td width=\"1\"><\/td>\n<\/tr>\n<tr>\n<td width=\"252\">Pr\u00e1ctica Docente III *<\/td>\n<td width=\"408\">2do a\u00f1o completo<\/td>\n<td width=\"1\"><\/td>\n<\/tr>\n<tr>\n<td width=\"252\">Pol\u00edtica Educativa<\/td>\n<td width=\"408\">Did\u00e1ctica General; Historia sociopol\u00edtica de Latinoam\u00e9rica y Argentina<\/td>\n<td width=\"1\"><\/td>\n<\/tr>\n<tr>\n<td width=\"252\">Teor\u00edas del arte I<\/td>\n<td width=\"408\">Historia sociopol\u00edtica de Latinoam\u00e9rica y Argentina\u00a0 Historia de las Artes Visuales II<\/td>\n<td width=\"1\"><\/td>\n<\/tr>\n<\/tbody>\n<\/table>\n<p><strong>\u00a0\u00a0\u00a0\u00a0\u00a0\u00a0\u00a0\u00a0\u00a0\u00a0\u00a0\u00a0\u00a0\u00a0\u00a0\u00a0\u00a0\u00a0\u00a0\u00a0\u00a0\u00a0\u00a0\u00a0\u00a0\u00a0\u00a0\u00a0\u00a0\u00a0\u00a0\u00a0\u00a0\u00a0\u00a0\u00a0\u00a0\u00a0\u00a0\u00a0\u00a0\u00a0\u00a0\u00a0\u00a0\u00a0\u00a0\u00a0\u00a0\u00a0\u00a0\u00a0\u00a0\u00a0\u00a0\u00a0\u00a0\u00a0\u00a0\u00a0\u00a0\u00a0\u00a0\u00a0\u00a0\u00a0\u00a0\u00a0\u00a0\u00a0\u00a0 CUARTO A\u00d1O<\/strong><\/p>\n<table width=\"661\">\n<tbody>\n<tr>\n<td width=\"252\">Taller B\u00e1sico II<\/td>\n<td width=\"409\">Taller B\u00e1sico I; Dibujo III; Lenguaje Visual III<\/td>\n<\/tr>\n<tr>\n<td width=\"252\">Dibujo IV<\/td>\n<td width=\"409\">Dibujo III; Lenguaje Visual III<\/td>\n<\/tr>\n<tr>\n<td width=\"252\">Taller Complementario II<\/td>\n<td width=\"409\">Pintura I o Escultura I o Grabado I; Lenguaje Visual II<\/td>\n<\/tr>\n<tr>\n<td width=\"252\">Artes Combinadas<\/td>\n<td width=\"409\">Lenguaje Visual III; Dibujo II; Taller B\u00e1sico I<\/td>\n<\/tr>\n<tr>\n<td width=\"252\">Did\u00e1ctica de las Artes Visuales II<\/td>\n<td width=\"409\">Did\u00e1ctica de las Artes Visuales I; Pol\u00edtica Educativa. Pr\u00e1ctica Docente III<\/td>\n<\/tr>\n<tr>\n<td width=\"252\">Pr\u00e1ctica Docente IV *<\/td>\n<td width=\"409\">3er a\u00f1o completo<\/td>\n<\/tr>\n<tr>\n<td width=\"252\">Teor\u00edas del arte II<\/td>\n<td width=\"409\">Teor\u00edas del arte I; Historia de\u00a0 las Artes Visuales III<\/td>\n<\/tr>\n<tr>\n<td width=\"252\">Metodolog\u00eda de la investigaci\u00f3n<\/td>\n<td width=\"409\">Teor\u00edas del arte I; Historia de\u00a0 las Artes Visuales III<\/td>\n<\/tr>\n<\/tbody>\n<\/table>\n<p>* Para cursar pr\u00e1ctica docente III y VI deber\u00e1 cursar en paralelo la did\u00e1ctica espec\u00edfica del nivel o tener la cursada aprobada.<\/p>\n","protected":false},"excerpt":{"rendered":"<p>PROFESORADO EN ARTES VISUALES El\u00a0Profesorado en Artes Visuales forma docentes especializados en la ense\u00f1anza del arte en los distintos niveles de la ense\u00f1anza obligatoria,\u00a0con s\u00f3lidos conocimientos pedag\u00f3gicos,\u00a0atentos a los cambios y transformaciones propios de nuestra\u00a0tarea cotidiana y comprometidos con la realidad sociocultural de nuestro pa\u00eds, con un perfil abierto a las necesidades de los otros &#8230; <a title=\"Profesorado de Artes Visuales\" class=\"read-more\" href=\"https:\/\/eaic-bue.infd.edu.ar\/sitio\/7-profesorado-de-artes-visuales\/\" aria-label=\"More on Profesorado de Artes Visuales\">[+]<\/a><\/p>\n","protected":false},"author":2201,"featured_media":0,"parent":0,"menu_order":0,"comment_status":"closed","ping_status":"closed","template":"","meta":[],"acf":[],"_links":{"self":[{"href":"https:\/\/eaic-bue.infd.edu.ar\/sitio\/wp-json\/wp\/v2\/pages\/2108"}],"collection":[{"href":"https:\/\/eaic-bue.infd.edu.ar\/sitio\/wp-json\/wp\/v2\/pages"}],"about":[{"href":"https:\/\/eaic-bue.infd.edu.ar\/sitio\/wp-json\/wp\/v2\/types\/page"}],"author":[{"embeddable":true,"href":"https:\/\/eaic-bue.infd.edu.ar\/sitio\/wp-json\/wp\/v2\/users\/2201"}],"replies":[{"embeddable":true,"href":"https:\/\/eaic-bue.infd.edu.ar\/sitio\/wp-json\/wp\/v2\/comments?post=2108"}],"version-history":[{"count":4,"href":"https:\/\/eaic-bue.infd.edu.ar\/sitio\/wp-json\/wp\/v2\/pages\/2108\/revisions"}],"predecessor-version":[{"id":4450,"href":"https:\/\/eaic-bue.infd.edu.ar\/sitio\/wp-json\/wp\/v2\/pages\/2108\/revisions\/4450"}],"wp:attachment":[{"href":"https:\/\/eaic-bue.infd.edu.ar\/sitio\/wp-json\/wp\/v2\/media?parent=2108"}],"curies":[{"name":"wp","href":"https:\/\/api.w.org\/{rel}","templated":true}]}}