{"id":2113,"date":"2019-10-10T17:46:28","date_gmt":"2019-10-10T20:46:28","guid":{"rendered":"https:\/\/eaic-bue.infd.edu.ar\/sitio\/?page_id=2113"},"modified":"2024-04-19T18:15:00","modified_gmt":"2024-04-19T21:15:00","slug":"9-tecnicatura-de-ceramica","status":"publish","type":"page","link":"https:\/\/eaic-bue.infd.edu.ar\/sitio\/9-tecnicatura-de-ceramica\/","title":{"rendered":"Tecnicatura de Cer\u00e1mica"},"content":{"rendered":"<p><strong><u>TECNICATURA DE CERAMICA<\/u><\/strong><\/p>\n<p>La\u00a0<strong>TECNICATURA DE CER\u00c1MICA<\/strong>\u00a0forma ceramistas. Como todas las tecnicaturas, los t\u00edtulos que otorga no son habilitantes para ejercer la docencia en los niveles de la ense\u00f1anza obligatoria<\/p>\n<p>Existen dos t\u00edtulos posibles:<\/p>\n<p>\u2013\u00a0<strong><u>Cursando tres a\u00f1os<\/u><\/strong><strong>\u00a0<\/strong>(incluye curso de ingreso y 2 a\u00f1os de carrera) \u00a0<strong>T\u00c9CNICO\/A CERAMISTA<\/strong><\/p>\n<p><strong>\u00a0<\/strong><\/p>\n<p>\u2013\u00a0<strong><u>Cursando cuatro a\u00f1os<\/u><\/strong>\u00a0(incluye curso de ingreso y 3 a\u00f1os de carrera)\u00a0<strong>T\u00c9CNICO\/A SUPERIOR EN CER\u00c1MICA<\/strong><\/p>\n<p><strong>Esta tecnicatura se cursa solo en la sede de Isidro Casanova (Juan Manuel de Rosas 5975, Ruta 3, km 21) y solo en el turno de la noche.<\/strong><\/p>\n<p>Para ingresar a esta Tecnicatura es necesario completar y aprobar un\u00a0<strong><u>curso de ingreso<\/u><\/strong>\u00a0que llamamos Formaci\u00f3n B\u00e1sica (FOBA) de un a\u00f1o de duraci\u00f3n. La\u00a0finalidad \u00a0de este curso de ingreso es la de proporcionar herramientas disciplinares elementales para facilitar el acceso y el posterior trayecto de los estudiantes en la carrera.<\/p>\n<p>La FOBA de la Tecnicatura de cer\u00e1mica tiene las siguientes materias:<\/p>\n<ul>\n<li><strong>ALFARER\u00cdA<\/strong><\/li>\n<li><strong>DECORACI\u00d3N<\/strong><\/li>\n<li><strong>CER\u00c1MICA<\/strong><\/li>\n<\/ul>\n<p><strong>\u00a0<\/strong><\/p>\n<p>Las fechas de inscripci\u00f3n y documentaci\u00f3n a presentar se publican en la p\u00e1gina https:\/\/eaic-bue.infd.edu.ar\/sitio\/\u00a0 en el mes de septiembre.<\/p>\n<p>Para conocer la modalidad de inscripci\u00f3n, consultar el Reglamento Acad\u00e9mico.<\/p>\n<p><strong>ESTRUCTURA CURRICULAR &#8211; TECNICATURA SUPERIOR EN CER\u00c1MICA<\/strong><\/p>\n<table>\n<tbody>\n<tr>\n<td width=\"41\">A\u00f1o<\/td>\n<td width=\"144\">\u00c1rea<\/td>\n<td width=\"48\">N\u00ba A<\/td>\n<td width=\"48\">N\u00ba T<\/td>\n<td width=\"216\">Asignatura<\/td>\n<td width=\"48\">Hs S<\/td>\n<td colspan=\"2\" width=\"54\">Hs T<\/td>\n<\/tr>\n<tr>\n<td rowspan=\"8\" width=\"41\">\n<p>1\u00ba<\/td>\n<td rowspan=\"4\" width=\"144\">Producci\u00f3n<\/td>\n<td width=\"48\">1<\/td>\n<td width=\"48\">1<\/td>\n<td width=\"216\">Dibujo<\/td>\n<td width=\"48\">2<\/td>\n<td colspan=\"2\" width=\"54\">64<\/td>\n<\/tr>\n<tr>\n<td width=\"48\">2<\/td>\n<td width=\"48\">2<\/td>\n<td width=\"216\">Qu\u00edmica Aplicada<\/td>\n<td width=\"48\">2<\/td>\n<td colspan=\"2\" width=\"54\">64<\/td>\n<\/tr>\n<tr>\n<td width=\"48\">3<\/td>\n<td width=\"48\">3<\/td>\n<td width=\"216\">Alfarer\u00eda<\/td>\n<td width=\"48\">3<\/td>\n<td colspan=\"2\" width=\"54\">96<\/td>\n<\/tr>\n<tr>\n<td width=\"48\">4<\/td>\n<td width=\"48\">4<\/td>\n<td width=\"216\">Molder\u00eda I<\/td>\n<td width=\"48\">2<\/td>\n<td colspan=\"2\" width=\"54\">64<\/td>\n<\/tr>\n<tr>\n<td width=\"144\">Prod-Leng-Cont<\/td>\n<td width=\"48\">5<\/td>\n<td width=\"48\">5<\/td>\n<td width=\"216\">Cer\u00e1mica<\/td>\n<td width=\"48\">4<\/td>\n<td colspan=\"2\" width=\"54\">128<\/td>\n<\/tr>\n<tr>\n<td width=\"144\">Lenguaje-Recepci\u00f3n<\/td>\n<td width=\"48\">6<\/td>\n<td width=\"48\">6<\/td>\n<td width=\"216\">Lenguaje Visual I<\/td>\n<td width=\"48\">2<\/td>\n<td colspan=\"2\" width=\"54\">64<\/td>\n<\/tr>\n<tr>\n<td width=\"144\">Vinc. Contextuales<\/td>\n<td width=\"48\">7<\/td>\n<td width=\"48\">7<\/td>\n<td width=\"216\">Historia del Arte I<\/td>\n<td width=\"48\">2<\/td>\n<td colspan=\"2\" width=\"54\">64<\/td>\n<\/tr>\n<tr>\n<td width=\"144\"><\/td>\n<td width=\"48\"><\/td>\n<td width=\"48\"><\/td>\n<td width=\"216\"><\/td>\n<td width=\"48\"><\/td>\n<td colspan=\"2\" width=\"54\">544<\/td>\n<\/tr>\n<tr>\n<td rowspan=\"8\" width=\"41\">\n<p>2\u00ba<\/td>\n<td rowspan=\"3\" width=\"144\">Producci\u00f3n<\/td>\n<td width=\"48\">1<\/td>\n<td width=\"48\">8<\/td>\n<td width=\"216\">Proyecto y Dise\u00f1o Cer\u00e1mico I (Decoraci\u00f3n)<\/td>\n<td width=\"48\">2<\/td>\n<td colspan=\"2\" width=\"54\">64<\/td>\n<\/tr>\n<tr>\n<td width=\"48\">2<\/td>\n<td width=\"48\">9<\/td>\n<td width=\"216\">Tecnolog\u00eda aplicada a la cer\u00e1mica I<\/td>\n<td width=\"48\">2<\/td>\n<td colspan=\"2\" width=\"54\">64<\/td>\n<\/tr>\n<tr>\n<td width=\"48\">3<\/td>\n<td width=\"48\">10<\/td>\n<td width=\"216\">Molder\u00eda II<\/td>\n<td width=\"48\">2<\/td>\n<td colspan=\"2\" width=\"54\">64<\/td>\n<\/tr>\n<tr>\n<td width=\"144\">Prod-Leng-Cont<\/td>\n<td width=\"48\">4<\/td>\n<td width=\"48\">11<\/td>\n<td width=\"216\">Cer\u00e1mica y<\/p>\n<p>Alfarer\u00eda<\/td>\n<td width=\"48\">4<\/p>\n<p>3<\/td>\n<td colspan=\"2\" width=\"54\">224<\/td>\n<\/tr>\n<tr>\n<td rowspan=\"2\" width=\"144\">Lenguaje-Recepci\u00f3n<\/td>\n<td width=\"48\">5<\/td>\n<td width=\"48\">12<\/td>\n<td width=\"216\">Lenguaje Visual II<\/td>\n<td width=\"48\">2<\/td>\n<td colspan=\"2\" width=\"54\">64<\/td>\n<\/tr>\n<tr>\n<td width=\"48\">6<\/td>\n<td width=\"48\">13<\/td>\n<td width=\"216\">Teor\u00eda de la percepci\u00f3n y la comunicaci\u00f3n<\/td>\n<td width=\"48\">2<\/td>\n<td colspan=\"2\" width=\"54\">64<\/td>\n<\/tr>\n<tr>\n<td width=\"144\">Vinc. Contextuales<\/td>\n<td width=\"48\">7<\/td>\n<td width=\"48\">14<\/td>\n<td width=\"216\">Historia del Arte II<\/td>\n<td width=\"48\">2<\/td>\n<td colspan=\"2\" width=\"54\">64<\/td>\n<\/tr>\n<tr>\n<td width=\"144\"><\/td>\n<td width=\"48\"><\/td>\n<td width=\"48\"><\/td>\n<td width=\"216\"><\/td>\n<td width=\"48\"><\/td>\n<td colspan=\"2\" width=\"54\">608<\/td>\n<\/tr>\n<tr>\n<td colspan=\"8\" width=\"599\"><strong>Auxiliar T\u00e9cnico Ceramista<\/strong><\/td>\n<\/tr>\n<tr>\n<td rowspan=\"7\" width=\"41\">\n<p>3\u00ba<\/td>\n<td rowspan=\"2\" width=\"144\">Producci\u00f3n- Lenguaje-Recepci\u00f3n<\/td>\n<td width=\"48\">1<\/td>\n<td width=\"48\">15<\/td>\n<td width=\"216\">Proyecto y Dise\u00f1o Cer\u00e1mico II<\/td>\n<td width=\"48\">2<\/td>\n<td colspan=\"2\" width=\"54\">64<\/td>\n<\/tr>\n<tr>\n<td width=\"48\">2<\/td>\n<td width=\"48\">16<\/td>\n<td width=\"216\">Tecnolog\u00eda aplicada a la cer\u00e1mica II<\/td>\n<td width=\"48\">2<\/td>\n<td colspan=\"2\" width=\"54\">64<\/td>\n<\/tr>\n<tr>\n<td width=\"144\">Prod-Leng-Cont<\/td>\n<td width=\"48\">3<\/td>\n<td width=\"48\">17<\/td>\n<td width=\"216\">Cer\u00e1mica,<\/p>\n<p>Alfarer\u00eda y Molder\u00eda<\/td>\n<td width=\"48\">4<\/p>\n<p>3<\/td>\n<td colspan=\"2\" width=\"54\">224<\/td>\n<\/tr>\n<tr>\n<td rowspan=\"2\" width=\"144\">Vinc. Contextuales<\/td>\n<td width=\"48\">4<\/td>\n<td width=\"48\">18<\/td>\n<td width=\"216\">Artes, Culturas y Est\u00e9ticas del mundo Contempor\u00e1neo<\/p>\n<p>(Historia del Arte III )<\/td>\n<td width=\"48\">2<\/td>\n<td colspan=\"2\" width=\"54\">64<\/td>\n<\/tr>\n<tr>\n<td width=\"48\">5<\/td>\n<td width=\"48\">19<\/td>\n<td width=\"216\">Historia de la cer\u00e1mica y proyecto de an\u00e1lisis<\/td>\n<td width=\"48\">2<\/td>\n<td colspan=\"2\" width=\"54\">64<\/td>\n<\/tr>\n<tr>\n<td width=\"144\">Espacio Institucional<\/td>\n<td width=\"48\">6<\/td>\n<td width=\"48\">20<\/td>\n<td width=\"216\">Proyecto de obra cer\u00e1mica<\/td>\n<td width=\"48\">2<\/td>\n<td colspan=\"2\" width=\"54\">64<\/td>\n<\/tr>\n<tr>\n<td width=\"144\"><\/td>\n<td width=\"48\"><\/td>\n<td width=\"48\"><\/td>\n<td width=\"216\"><\/td>\n<td width=\"48\"><\/td>\n<td colspan=\"2\" width=\"54\">544<\/td>\n<\/tr>\n<tr>\n<td colspan=\"7\" width=\"546\">Horas Totales<\/td>\n<td width=\"53\">1696<\/td>\n<\/tr>\n<tr>\n<td colspan=\"8\" width=\"599\">\n<h1>Ceramista T\u00e9cnico Superior<\/h1>\n<\/td>\n<\/tr>\n<tr>\n<td width=\"41\"><\/td>\n<td width=\"144\"><\/td>\n<td width=\"48\"><\/td>\n<td width=\"48\"><\/td>\n<td width=\"216\"><\/td>\n<td width=\"48\"><\/td>\n<td width=\"1\"><\/td>\n<td width=\"53\"><\/td>\n<\/tr>\n<\/tbody>\n<\/table>\n<p><strong>CORRELATIVIDADES:<\/strong><\/p>\n<p><strong>TECNICATURA SUPERIOR EN CERAMICA<\/strong><\/p>\n<p><strong>\u00a0\u00a0\u00a0\u00a0\u00a0\u00a0\u00a0\u00a0\u00a0\u00a0\u00a0\u00a0\u00a0\u00a0\u00a0\u00a0\u00a0\u00a0\u00a0\u00a0\u00a0\u00a0\u00a0\u00a0\u00a0\u00a0\u00a0\u00a0\u00a0\u00a0\u00a0\u00a0\u00a0\u00a0\u00a0\u00a0\u00a0\u00a0\u00a0\u00a0\u00a0\u00a0\u00a0\u00a0\u00a0\u00a0\u00a0\u00a0\u00a0\u00a0\u00a0\u00a0\u00a0\u00a0\u00a0\u00a0\u00a0\u00a0\u00a0\u00a0\u00a0\u00a0\u00a0\u00a0\u00a0\u00a0\u00a0\u00a0\u00a0\u00a0\u00a0 2do. A\u00d1O<\/strong><\/p>\n<table width=\"587\">\n<tbody>\n<tr>\n<td colspan=\"2\" width=\"283\">ESPACIO CURRICULAR<\/td>\n<td colspan=\"2\" width=\"303\"><strong>Requisitos para cursar:<\/strong><\/p>\n<p>(Acreditados al comienzo del Ciclo Lectivo o en condiciones de compensar hasta julio-agosto, por ser correlativos)<\/td>\n<td width=\"1\"><\/td>\n<\/tr>\n<tr>\n<td width=\"1\"><\/td>\n<td colspan=\"2\" width=\"283\">Cer\u00e1mica y Alfarer\u00eda<\/td>\n<td colspan=\"2\" width=\"303\">Dibujo<\/p>\n<p>Quimica aplicada<\/p>\n<p>Alfarer\u00eda<\/td>\n<\/tr>\n<tr>\n<td width=\"1\"><\/td>\n<td colspan=\"2\" width=\"283\">Proyecto y Dise\u00f1o Cer\u00e1mico I<\/td>\n<td colspan=\"2\" width=\"303\">Dibujo<\/td>\n<\/tr>\n<tr>\n<td width=\"1\"><\/td>\n<td colspan=\"2\" width=\"283\">Tecnolog\u00eda aplicada a la Cer\u00e1mica I<\/td>\n<td colspan=\"2\" width=\"303\">Qu\u00edmica Aplicada I<\/td>\n<\/tr>\n<tr>\n<td width=\"1\"><\/td>\n<td colspan=\"2\" width=\"283\">Molder\u00eda II<\/td>\n<td colspan=\"2\" width=\"303\">Molder\u00eda I<\/td>\n<\/tr>\n<tr>\n<td width=\"1\"><\/td>\n<td colspan=\"2\" width=\"283\">Lenguaje Visual II<\/td>\n<td colspan=\"2\" width=\"303\">Lenguaje Visual I<\/td>\n<\/tr>\n<tr>\n<td width=\"1\"><\/td>\n<td colspan=\"2\" width=\"283\">Teor\u00edas de la Percepci\u00f3n y la Comunicaci\u00f3n<\/td>\n<td colspan=\"2\" width=\"303\">Lenguaje Visual I<\/p>\n<p>Historia del Arte I<\/td>\n<\/tr>\n<tr>\n<td width=\"1\"><\/td>\n<td colspan=\"2\" width=\"283\">Historia del Arte II<\/td>\n<td colspan=\"2\" width=\"303\">Historia del Arte I<\/td>\n<\/tr>\n<tr>\n<td width=\"1\"><\/td>\n<td width=\"282\"><\/td>\n<td width=\"1\"><\/td>\n<td width=\"302\"><\/td>\n<td width=\"1\"><\/td>\n<\/tr>\n<\/tbody>\n<\/table>\n<p><strong>\u00a0<\/strong><\/p>\n<p><strong>3er. A\u00d1O<\/strong><\/p>\n<table width=\"586\">\n<tbody>\n<tr>\n<td width=\"265\">ESPACIO CURRICULAR<\/td>\n<td width=\"321\"><strong>Requisitos para cursar:<\/strong><\/p>\n<p>(Acreditados al comienzo del Ciclo Lectivo o en condiciones de compensar hasta julio-agosto, por ser correlativos)<\/td>\n<\/tr>\n<tr>\n<td width=\"265\">Cer\u00e1mica \u2013 Molder\u00eda \u2013 Alfarer\u00eda<\/td>\n<td width=\"321\">Proyecto y Dise\u00f1o Cer\u00e1mica<\/p>\n<p>Tecnolog\u00eda aplicada a la Cer\u00e1mica I<\/p>\n<p>Molder\u00eda II<\/td>\n<\/tr>\n<tr>\n<td width=\"265\">Tecnolog\u00eda aplicada a la Cer\u00e1mica II<\/td>\n<td width=\"321\">Tecnolog\u00eda aplicada a la Cer\u00e1mica I<\/td>\n<\/tr>\n<tr>\n<td width=\"265\">Proyecto y Dise\u00f1o Cer\u00e1mico II<\/td>\n<td width=\"321\">Proyecto y Dise\u00f1o Cer\u00e1mico I<\/td>\n<\/tr>\n<tr>\n<td width=\"265\">Arte, cultura y est\u00e9tica del mundo contempor\u00e1neo<\/td>\n<td width=\"321\">Historia del Arte II<\/p>\n<p>Teor\u00edas de la Percepci\u00f3n y la Comunicaci\u00f3n<\/td>\n<\/tr>\n<tr>\n<td width=\"265\">Historia de la Cer\u00e1mica y Proyecto de An\u00e1lisis<\/td>\n<td width=\"321\">Lenguaje Visual II<\/p>\n<p>Historia del Arte II<\/p>\n<p>Cer\u00e1mica y Alfarer\u00eda<\/p>\n<p>Teor\u00edas de la Percepci\u00f3n y la Comunicaci\u00f3n<\/td>\n<\/tr>\n<\/tbody>\n<\/table>\n","protected":false},"excerpt":{"rendered":"<p>TECNICATURA DE CERAMICA La\u00a0TECNICATURA DE CER\u00c1MICA\u00a0forma ceramistas. Como todas las tecnicaturas, los t\u00edtulos que otorga no son habilitantes para ejercer la docencia en los niveles de la ense\u00f1anza obligatoria Existen dos t\u00edtulos posibles: \u2013\u00a0Cursando tres a\u00f1os\u00a0(incluye curso de ingreso y 2 a\u00f1os de carrera) \u00a0T\u00c9CNICO\/A CERAMISTA \u00a0 \u2013\u00a0Cursando cuatro a\u00f1os\u00a0(incluye curso de ingreso y 3 &#8230; <a title=\"Tecnicatura de Cer\u00e1mica\" class=\"read-more\" href=\"https:\/\/eaic-bue.infd.edu.ar\/sitio\/9-tecnicatura-de-ceramica\/\" aria-label=\"More on Tecnicatura de Cer\u00e1mica\">[+]<\/a><\/p>\n","protected":false},"author":2201,"featured_media":0,"parent":0,"menu_order":0,"comment_status":"closed","ping_status":"closed","template":"","meta":[],"acf":[],"_links":{"self":[{"href":"https:\/\/eaic-bue.infd.edu.ar\/sitio\/wp-json\/wp\/v2\/pages\/2113"}],"collection":[{"href":"https:\/\/eaic-bue.infd.edu.ar\/sitio\/wp-json\/wp\/v2\/pages"}],"about":[{"href":"https:\/\/eaic-bue.infd.edu.ar\/sitio\/wp-json\/wp\/v2\/types\/page"}],"author":[{"embeddable":true,"href":"https:\/\/eaic-bue.infd.edu.ar\/sitio\/wp-json\/wp\/v2\/users\/2201"}],"replies":[{"embeddable":true,"href":"https:\/\/eaic-bue.infd.edu.ar\/sitio\/wp-json\/wp\/v2\/comments?post=2113"}],"version-history":[{"count":3,"href":"https:\/\/eaic-bue.infd.edu.ar\/sitio\/wp-json\/wp\/v2\/pages\/2113\/revisions"}],"predecessor-version":[{"id":4453,"href":"https:\/\/eaic-bue.infd.edu.ar\/sitio\/wp-json\/wp\/v2\/pages\/2113\/revisions\/4453"}],"wp:attachment":[{"href":"https:\/\/eaic-bue.infd.edu.ar\/sitio\/wp-json\/wp\/v2\/media?parent=2113"}],"curies":[{"name":"wp","href":"https:\/\/api.w.org\/{rel}","templated":true}]}}