{"id":2117,"date":"2019-10-10T17:48:34","date_gmt":"2019-10-10T20:48:34","guid":{"rendered":"https:\/\/eaic-bue.infd.edu.ar\/sitio\/?page_id=2117"},"modified":"2024-04-19T18:19:02","modified_gmt":"2024-04-19T21:19:02","slug":"11-profesorado-de-instrumento-canto-popular","status":"publish","type":"page","link":"https:\/\/eaic-bue.infd.edu.ar\/sitio\/11-profesorado-de-instrumento-canto-popular\/","title":{"rendered":"Profesorado de Instrumento\/Canto Popular"},"content":{"rendered":"<p><strong><u>PROFESORADO DE INSTRUMENTO POPULAR<\/u><\/strong><\/p>\n<p>Este profesorado forma\u00a0<strong>m\u00fasicos docentes<\/strong>\u00a0especializados en la ense\u00f1anza de un instrumento en un g\u00e9nero espec\u00edfico (jazz, tango o folklore)<\/p>\n<p>Otorga el t\u00edtulo de\u00a0Profesor en Instrumento Popular especialidad (jazz, tango o folklore)<\/p>\n<p>Los instrumentos que ofrece nuestra escuela son:<\/p>\n<p><strong>Piano<\/strong><\/p>\n<p><strong>Guitarra<\/strong><\/p>\n<p><strong>Saxo<\/strong><\/p>\n<p><strong>Trompeta<\/strong><\/p>\n<p><strong>Flauta<\/strong><\/p>\n<p><strong>Viol\u00edn<\/strong><\/p>\n<p><strong>Violoncelo<\/strong><\/p>\n<p><strong>Contrabajo<\/strong><\/p>\n<p><strong>Bandone\u00f3n<\/strong><\/p>\n<p><strong>Canto<\/strong><\/p>\n<p><strong>Bajo<\/strong><\/p>\n<p><strong>Bater\u00eda<\/strong><\/p>\n<p>Para ingresar a este profesorado es necesario completar una\u00a0<strong>Formaci\u00f3n B\u00e1sica (FOBA TRADICIONAL)\u00a0<\/strong>de 3 niveles. La FOBA TRADICIONAL se cursa en la sede de Casanova (Juan Manuel de Rosas 5975 \u2013 Ruta 3, km 21)\u00a0 en el anexo de Ramos Mej\u00eda (Alte. Brown 1013)<\/p>\n<p><strong>Las fechas de inscripci\u00f3n se<\/strong>\u00a0publican en la siguiente p\u00e1gina en el mes de septiembre. https:\/\/eaic-bue.infd.edu.ar\/sitio\/<\/p>\n<p>La FOBA TRADICIONAL de INSTRUMENTO puede aprobarse total o parcialmente en condici\u00f3n de libre,\u00a0<strong>previa inscripci\u00f3n y matriculaci\u00f3n en la Escuela de Arte.<\/strong><\/p>\n<p>Las materias que componen esta FOBA se detallan a continuaci\u00f3n<\/p>\n<p><strong>1\u00ba nivel (FOBA I)<\/strong><\/p>\n<p>\u2013 Lenguaje Musical I<\/p>\n<p>\u2013 Instrumento I<\/p>\n<p>\u2013 Foniatr\u00eda (solo alumnos que cursan la FOBA de Canto)<\/p>\n<p><strong>2\u00ba nivel (FOBA II)<\/strong><\/p>\n<p>\u2013 Lenguaje Musical II<\/p>\n<p>\u2013 Instrumento II<\/p>\n<p>\u2013 Pr\u00e1ctica coral<\/p>\n<p>\u2013 Pr\u00e1ctica de conjunto vocal e instrumental I\u00a0(alumnos de canto no cursar\u00e1n esta asignatura)<\/p>\n<p>\u2013 Apreciaci\u00f3n Musical I<\/p>\n<p>\u2013 Repertorio I (solo alumnos que cursan la FOBA canto)<\/p>\n<p>\u2013 Dicci\u00f3n portuguesa (solo alumnos que cursan la FOBA Canto)<\/p>\n<p><strong>3\u00ba nivel (FOBA III)<\/strong><\/p>\n<p>\u2013 Lenguaje Musical III<\/p>\n<p>\u2013 Instrumento III<\/p>\n<p>\u2013 Pr\u00e1ctica de conjunto vocal e instrumental II\u00a0(alumnos de canto no cursar\u00e1n esta asignatura)<\/p>\n<p>\u2013 Apreciaci\u00f3n II (para alumnos que cursar\u00e1n las carreras de Educaci\u00f3n Musical)<\/p>\n<p>\u2013 Apreciaci\u00f3n del jazz, tango y folklore (para alumnos que cursar\u00e1n Educaci\u00f3n Musical o Instrumento Popular)<\/p>\n<p>\u2013 Instrumento\u00a0<a href=\"https:\/\/drive.google.com\/file\/d\/0B0BkDwIB65k6Y1ctZnFKdUE3YVU\/view?usp=sharing\">arm\u00f3nico guitarra<\/a>\u00a0o\u00a0<a href=\"https:\/\/drive.google.com\/file\/d\/0B0BkDwIB65k6amJCdy1MbnBhT28\/view?usp=sharing\">arm\u00f3nico piano\u00a0<\/a><\/p>\n<p>\u2013 Repertorio II (solo para alumnos que cursan la FOBA de Canto)<\/p>\n<p>\u2013 Dicci\u00f3n inglesa (solo para alumnos que cursan la FOBA de Canto)<\/p>\n<p>El requisito para el ingreso a la\u00a0<strong>FOBA TRADICIONAL<\/strong>\u00a0es tener,\u00a0al menos 14 a\u00f1os.<\/p>\n<p>Luego de aprobar esta FOBA se podr\u00e1 ingresar a la carrera que tiene una duraci\u00f3n de 4 a\u00f1os,\u00a0<strong>siempre y cuando hayan obtenido el t\u00edtulo secundario.<\/strong><\/p>\n<p>Esta FOBA tambi\u00e9n permite el ingreso al Profesorado de M\u00fasica orientaci\u00f3n Educaci\u00f3n Musical<\/p>\n<p><strong>ESTRUCTURA CURRICULAR <\/strong><strong>PROFESORADO DE INSTRUMENTO\/CANTO POPULAR<\/strong><\/p>\n<p><strong>\u00a0\u00a0\u00a0\u00a0\u00a0\u00a0\u00a0\u00a0\u00a0\u00a0\u00a0\u00a0\u00a0\u00a0\u00a0\u00a0\u00a0\u00a0\u00a0\u00a0\u00a0\u00a0\u00a0\u00a0\u00a0\u00a0\u00a0\u00a0\u00a0\u00a0\u00a0\u00a0\u00a0\u00a0\u00a0\u00a0\u00a0\u00a0\u00a0\u00a0\u00a0 \u00a0\u00a0\u00a0\u00a0\u00a0\u00a0\u00a0\u00a0\u00a0\u00a0\u00a0\u00a0\u00a0\u00a0\u00a0\u00a0\u00a0\u00a0\u00a0\u00a0\u00a0\u00a0\u00a0\u00a0\u00a0\u00a0\u00a0\u00a0\u00a0\u00a0\u00a0<\/strong><\/p>\n<p><strong>\u00a0 <\/strong><strong>PRIMER A\u00d1O<\/strong><\/p>\n<table width=\"661\">\n<tbody>\n<tr>\n<td width=\"129\"><strong>\u00a0<\/strong><\/td>\n<td width=\"254\"><strong>ASIGNATURAS<\/strong><\/td>\n<td width=\"102\"><strong>Cantidad de horas<\/strong><\/td>\n<td width=\"111\"><strong>REGULAR<\/strong><\/td>\n<td width=\"65\"><strong>LIBRE<\/strong><\/td>\n<\/tr>\n<tr>\n<td rowspan=\"3\" width=\"129\"><strong>ESPACIO DE LA FUNDAMENTACI\u00d3N PEDAG\u00d3GICA<\/strong><\/td>\n<td width=\"254\">Perspectiva filos\u00f3fico pedag\u00f3gica I<\/td>\n<td width=\"102\">64 hs<\/td>\n<td width=\"111\">Promoci\u00f3n directa<\/td>\n<td width=\"65\">SI<\/td>\n<\/tr>\n<tr>\n<td width=\"254\">Perspectiva pedag\u00f3gico did\u00e1ctica I<\/td>\n<td width=\"102\">64 hs<\/td>\n<td width=\"111\">Promoci\u00f3n directa<\/td>\n<td width=\"65\">SI<\/td>\n<\/tr>\n<tr>\n<td width=\"254\">Perspectiva sociopol\u00edtica<\/td>\n<td width=\"102\">64 hs<\/td>\n<td width=\"111\">Promoci\u00f3n directa<\/td>\n<td width=\"65\">SI<\/td>\n<\/tr>\n<tr>\n<td width=\"129\"><strong>ESPACIO DE LA ESPECIAIZACI\u00d3N POR NIVELES<\/strong><\/td>\n<td width=\"254\">Psicolog\u00eda y cultura de la educaci\u00f3n<\/td>\n<td width=\"102\">64 hs<\/td>\n<td width=\"111\">Promoci\u00f3n directa<\/td>\n<td width=\"65\">SI<\/td>\n<\/tr>\n<tr>\n<td rowspan=\"9\" width=\"129\"><strong>\u00a0<\/strong><\/p>\n<p><strong>\u00a0<\/strong><\/p>\n<p><strong>\u00a0<\/strong><\/p>\n<p><strong>ESPACIO DE LA ORIENTACI\u00d3N<\/strong><\/td>\n<td width=\"254\">Instrumento de g\u00e9nero I<\/td>\n<td width=\"102\">32 hs<\/td>\n<td width=\"111\">Examen final<\/td>\n<td width=\"65\">SI<\/td>\n<\/tr>\n<tr>\n<td width=\"254\">Instrumento de g\u00e9nero complementario I<\/td>\n<td width=\"102\">32 hs<\/td>\n<td width=\"111\">Examen final<\/td>\n<td width=\"65\">SI<\/td>\n<\/tr>\n<tr>\n<td width=\"254\">Instrumento de g\u00e9nero complementario II<\/td>\n<td width=\"102\">32 hs<\/td>\n<td width=\"111\">Examen final<\/td>\n<td width=\"65\">SI<\/td>\n<\/tr>\n<tr>\n<td width=\"254\">Instrumento arm\u00f3nico I (*)<\/td>\n<td width=\"102\">32 hs<\/td>\n<td width=\"111\">Examen final<\/td>\n<td width=\"65\">SI<\/td>\n<\/tr>\n<tr>\n<td width=\"254\">Pr\u00e1ctica de conjunto vocal e instrumental<\/td>\n<td width=\"102\">64 hs<\/td>\n<td width=\"111\">Promoci\u00f3n directa<\/td>\n<td width=\"65\">NO<\/td>\n<\/tr>\n<tr>\n<td width=\"254\">Historia de la m\u00fasica I<\/td>\n<td width=\"102\">64 hs<\/td>\n<td width=\"111\">Promoci\u00f3n directa<\/td>\n<td width=\"65\">SI<\/td>\n<\/tr>\n<tr>\n<td width=\"254\">Taller de trabajo corporal<\/td>\n<td width=\"102\">64 hs<\/td>\n<td width=\"111\">Promoci\u00f3n directa<\/td>\n<td width=\"65\">NO<\/td>\n<\/tr>\n<tr>\n<td width=\"254\">Elementos t\u00e9cnicos de la m\u00fasica I<\/td>\n<td width=\"102\">128 hs<\/td>\n<td width=\"111\">Promoci\u00f3n directa<\/td>\n<td width=\"65\">SI<\/td>\n<\/tr>\n<tr>\n<td width=\"254\">Espacio de la pr\u00e1ctica docente I<\/td>\n<td width=\"102\">64 hs<\/td>\n<td width=\"111\">Promoci\u00f3n directa<\/td>\n<td width=\"65\">NO<\/td>\n<\/tr>\n<\/tbody>\n<\/table>\n<p><strong>\u00a0SEGUNDO A\u00d1O<\/strong><\/p>\n<table width=\"662\">\n<tbody>\n<tr>\n<td width=\"132\"><strong>\u00a0<\/strong><\/td>\n<td width=\"267\"><strong>ASIGNATURAS<\/strong><\/td>\n<td width=\"73\"><strong>Cantidad de horas<\/strong><\/td>\n<td width=\"123\"><strong>REGULAR<\/strong><\/td>\n<td width=\"66\"><strong>LIBRE<\/strong><\/td>\n<\/tr>\n<tr>\n<td rowspan=\"3\" width=\"132\"><strong>ESPACIO DE LA FUNDAMENTACI\u00d3N PEDAG\u00d3GICA<\/strong><\/td>\n<td width=\"267\">Perspectiva filos\u00f3fico pedag\u00f3gica II<\/td>\n<td width=\"73\">64 hs<\/td>\n<td width=\"123\">Promoci\u00f3n directa<\/td>\n<td width=\"66\">SI<\/td>\n<\/tr>\n<tr>\n<td width=\"267\">Perspectiva pedag\u00f3gico did\u00e1ctica II<\/td>\n<td width=\"73\">64 hs<\/td>\n<td width=\"123\">Promoci\u00f3n directa<\/td>\n<td width=\"66\">SI<\/td>\n<\/tr>\n<tr>\n<td width=\"267\">Perspectiva sociopol\u00edtica<\/td>\n<td width=\"73\">64 hs<\/td>\n<td width=\"123\">Promoci\u00f3n directa<\/td>\n<td width=\"66\">SI<\/td>\n<\/tr>\n<tr>\n<td width=\"132\"><strong>ESPACIO DE LA ESPECIAIZACI\u00d3N POR NIVELES<\/strong><\/td>\n<td width=\"267\">Psicolog\u00eda y cultura de la ni\u00f1ez<\/td>\n<td width=\"73\">64 hs<\/td>\n<td width=\"123\">Promoci\u00f3n directa<\/td>\n<td width=\"66\">SI<\/td>\n<\/tr>\n<tr>\n<td rowspan=\"7\" width=\"132\"><strong>\u00a0<\/strong><\/p>\n<p><strong>\u00a0<\/strong><\/p>\n<p><strong>\u00a0<\/strong><\/p>\n<p><strong>ESPACIO DE LA ORIENTACI\u00d3N<\/strong><\/td>\n<td width=\"267\">Instrumento de g\u00e9nero II<\/td>\n<td width=\"73\">32 hs<\/td>\n<td width=\"123\">Examen final<\/td>\n<td width=\"66\">SI<\/td>\n<\/tr>\n<tr>\n<td width=\"267\">Instrumento arm\u00f3nico II (*)<\/td>\n<td width=\"73\">32 hs<\/td>\n<td width=\"123\">Examen final<\/td>\n<td width=\"66\">SI<\/td>\n<\/tr>\n<tr>\n<td width=\"267\">Pr\u00e1ctica de conjunto de g\u00e9nero I<\/td>\n<td width=\"73\">64 hs<\/td>\n<td width=\"123\">Promoci\u00f3n directa<\/td>\n<td width=\"66\">NO<\/td>\n<\/tr>\n<tr>\n<td width=\"267\">Historia de la m\u00fasica II<\/td>\n<td width=\"73\">64 hs<\/td>\n<td width=\"123\">Promoci\u00f3n directa<\/td>\n<td width=\"66\">SI<\/td>\n<\/tr>\n<tr>\n<td width=\"267\">Espacio institucional I (**)<\/td>\n<td width=\"73\">64 hs<\/td>\n<td width=\"123\">Promoci\u00f3n directa<\/td>\n<td width=\"66\">NO<\/td>\n<\/tr>\n<tr>\n<td width=\"267\">Elementos t\u00e9cnicos de g\u00e9nero I<\/td>\n<td width=\"73\">128 hs<\/td>\n<td width=\"123\">Promoci\u00f3n directa<\/td>\n<td width=\"66\">SI<\/td>\n<\/tr>\n<tr>\n<td width=\"267\">Espacio de la pr\u00e1ctica docente II<\/td>\n<td width=\"73\">64 hs<\/td>\n<td width=\"123\">Promoci\u00f3n directa<\/td>\n<td width=\"66\">NO<\/td>\n<\/tr>\n<\/tbody>\n<\/table>\n<p><strong>\u00a0<\/strong><\/p>\n<p>(*) Los\/as estudiantes de instrumento guitarra, bandoneon o piano no cursan el instrumento arm\u00f3nico<\/p>\n<p>(**) El espacio institucional de este a\u00f1o es Danza o Big Band (este \u00faltimo para estudiantes del g\u00e9nero jazz)<\/p>\n<p>Los ex\u00e1menes finales pueden realizarse a trav\u00e9s de nuestras, audiciones, ponencias, etc<\/p>\n<p><strong>TERCER A\u00d1O<\/strong><\/p>\n<table width=\"662\">\n<tbody>\n<tr>\n<td width=\"142\"><strong>\u00a0<\/strong><\/td>\n<td width=\"238\"><strong>ASIGNATURAS<\/strong><\/td>\n<td width=\"83\"><strong>Cantidad de horas<\/strong><\/td>\n<td width=\"132\"><strong>REGULAR<\/strong><\/td>\n<td width=\"66\"><strong>LIBRE<\/strong><\/td>\n<\/tr>\n<tr>\n<td rowspan=\"2\" width=\"142\"><strong>ESPACIO DE LA FUNDAMENTACI\u00d3N PEDAG\u00d3GICA<\/strong><\/td>\n<td width=\"238\">Perspectiva filos\u00f3fico pedag\u00f3gico did\u00e1ctica<\/td>\n<td width=\"83\">64 hs<\/td>\n<td width=\"132\">Promoci\u00f3n directa<\/td>\n<td width=\"66\">SI<\/td>\n<\/tr>\n<tr>\n<td width=\"238\">Perspectiva pol\u00edtico institucional<\/td>\n<td width=\"83\">64 hs<\/td>\n<td width=\"132\">Promoci\u00f3n directa<\/td>\n<td width=\"66\">SI<\/td>\n<\/tr>\n<tr>\n<td width=\"142\"><strong>ESPACIO DE LA ESPECIAIZACI\u00d3N POR NIVELES<\/strong><\/td>\n<td width=\"238\">Psicolog\u00eda y cultura de la juventud y la adultez<\/td>\n<td width=\"83\">64 hs<\/td>\n<td width=\"132\">Promoci\u00f3n directa<\/td>\n<td width=\"66\">SI<\/td>\n<\/tr>\n<tr>\n<td rowspan=\"8\" width=\"142\"><strong>\u00a0<\/strong><\/p>\n<p><strong>\u00a0<\/strong><\/p>\n<p><strong>\u00a0<\/strong><\/p>\n<p><strong>ESPACIO DE LA ORIENTACI\u00d3N<\/strong><\/td>\n<td width=\"238\">Instrumento de g\u00e9nero III<\/td>\n<td width=\"83\">32 hs<\/td>\n<td width=\"132\">Examen final<\/td>\n<td width=\"66\">SI<\/td>\n<\/tr>\n<tr>\n<td width=\"238\">Ac\u00fastica<\/td>\n<td width=\"83\">64 hs<\/td>\n<td width=\"132\">Promoci\u00f3n directa<\/td>\n<td width=\"66\">SI<\/td>\n<\/tr>\n<tr>\n<td width=\"238\">Pr\u00e1ctica de conjunto de g\u00e9nero II<\/td>\n<td width=\"83\">64 hs<\/td>\n<td width=\"132\">Promoci\u00f3n directa<\/td>\n<td width=\"66\">NO<\/td>\n<\/tr>\n<tr>\n<td width=\"238\">Historia de g\u00e9nero<\/td>\n<td width=\"83\">64 hs<\/td>\n<td width=\"132\">Promoci\u00f3n directa<\/td>\n<td width=\"66\">SI<\/td>\n<\/tr>\n<tr>\n<td width=\"238\">Espacio institucional II (***)<\/td>\n<td width=\"83\">64 hs<\/td>\n<td width=\"132\">Promoci\u00f3n directa<\/td>\n<td width=\"66\">NO<\/td>\n<\/tr>\n<tr>\n<td width=\"238\">Elementos t\u00e9cnicos de g\u00e9nero II<\/td>\n<td width=\"83\">128 hs<\/td>\n<td width=\"132\">Promoci\u00f3n directa<\/td>\n<td width=\"66\">SI<\/td>\n<\/tr>\n<tr>\n<td width=\"238\">M\u00fasica latinoamericana I<\/td>\n<td width=\"83\">64 hs<\/td>\n<td width=\"132\">Promoci\u00f3n directa<\/td>\n<td width=\"66\">NO<\/td>\n<\/tr>\n<tr>\n<td width=\"238\">Espacio de la pr\u00e1ctica docente III<\/td>\n<td width=\"83\">64 hs<\/td>\n<td width=\"132\">Examen final<\/td>\n<td width=\"66\">NO<\/td>\n<\/tr>\n<\/tbody>\n<\/table>\n<p>(***) El espacio institucional de este a\u00f1o es M\u00fasica Incidental<\/p>\n<p><strong>CUARTO A\u00d1O<\/strong><\/p>\n<table width=\"621\">\n<tbody>\n<tr>\n<td width=\"112\"><strong>\u00a0<\/strong><\/td>\n<td width=\"201\"><strong>ASIGNATURAS<\/strong><\/td>\n<td width=\"74\"><strong>Cantidad de horas<\/strong><\/td>\n<td width=\"135\"><strong>REGULAR<\/strong><\/td>\n<td width=\"99\"><strong>LIBRE<\/strong><\/td>\n<\/tr>\n<tr>\n<td rowspan=\"9\" width=\"112\"><strong>\u00a0<\/strong><\/p>\n<p><strong>\u00a0<\/strong><\/p>\n<p><strong>\u00a0<\/strong><\/p>\n<p><strong>ESPACIO DE LA ORIENTACI\u00d3N<\/strong><\/td>\n<td width=\"201\">Instrumento de g\u00e9nero IV<\/td>\n<td width=\"74\">32 hs<\/td>\n<td width=\"135\">Examen final<\/td>\n<td width=\"99\">SI<\/td>\n<\/tr>\n<tr>\n<td width=\"201\">Medios electroac\u00fasticos<\/td>\n<td width=\"74\">64 hs<\/td>\n<td width=\"135\">Promoci\u00f3n directa<\/td>\n<td width=\"99\">NO<\/td>\n<\/tr>\n<tr>\n<td width=\"201\">Medios audiovisuales<\/td>\n<td width=\"74\"><\/td>\n<td width=\"135\">Promoci\u00f3n directa<\/td>\n<td width=\"99\">NO<\/td>\n<\/tr>\n<tr>\n<td width=\"201\">Pr\u00e1ctica de conjunto de g\u00e9nero III<\/td>\n<td width=\"74\">64 hs<\/td>\n<td width=\"135\">Promoci\u00f3n directa<\/td>\n<td width=\"99\">NO<\/td>\n<\/tr>\n<tr>\n<td width=\"201\">Arreglos vocales e instrumentales<\/td>\n<td width=\"74\">64 hs<\/td>\n<td width=\"135\">Promoci\u00f3n directa<\/td>\n<td width=\"99\">SI<\/td>\n<\/tr>\n<tr>\n<td width=\"201\">Espacio institucional II (****)<\/td>\n<td width=\"74\">64 hs<\/td>\n<td width=\"135\">Promoci\u00f3n directa<\/td>\n<td width=\"99\">NO<\/td>\n<\/tr>\n<tr>\n<td width=\"201\">Elementos t\u00e9cnicos de g\u00e9nero III<\/td>\n<td width=\"74\">96 hs<\/td>\n<td width=\"135\">Promoci\u00f3n directa<\/td>\n<td width=\"99\">SI<\/td>\n<\/tr>\n<tr>\n<td width=\"201\">M\u00fasica latinoamericana II<\/td>\n<td width=\"74\">64 hs<\/td>\n<td width=\"135\">Promoci\u00f3n directa<\/td>\n<td width=\"99\">NO<\/td>\n<\/tr>\n<tr>\n<td width=\"201\">Espacio de la pr\u00e1ctica docente IV<\/td>\n<td width=\"74\">64 hs<\/td>\n<td width=\"135\">Examen final<\/td>\n<td width=\"99\">NO<\/td>\n<\/tr>\n<\/tbody>\n<\/table>\n<p>(****) El espacio institucional de este a\u00f1o es Sonido y Grabaci\u00f3n<\/p>\n<p><strong>\u00a0<\/strong><\/p>\n<p><strong>CORRELATIVIDADES:<\/strong><\/p>\n<p><strong>PROFESORADO EN M\u00daSICA (Orientaci\u00f3n INSTRUMENTO \u2013 CANTO en M\u00daSICA POPULAR)<\/strong><\/p>\n<p><strong>1er. A\u00d1O<\/strong><\/p>\n<table>\n<tbody>\n<tr>\n<td width=\"265\"><strong>ESPACIO CURRICULAR<\/strong><\/td>\n<td width=\"321\"><strong>Requisitos para cursar:<\/strong><\/p>\n<p>(Acreditados al comienzo del Ciclo Lectivo o en condiciones de compensar hasta julio-agosto, por ser correlativos)<\/td>\n<\/tr>\n<tr>\n<td width=\"265\">Perspectiva Filos\u00f3fico-Pedag\u00f3gica I<\/td>\n<td width=\"321\">Formaci\u00f3n B\u00e1sica completa<\/td>\n<\/tr>\n<tr>\n<td width=\"265\">Perspectiva Pedag\u00f3gico-Did\u00e1ctica I<\/td>\n<td width=\"321\">Formaci\u00f3n B\u00e1sica completa<\/td>\n<\/tr>\n<tr>\n<td width=\"265\">Perspectiva Socio-Pol\u00edtica<\/td>\n<td width=\"321\">Formaci\u00f3n B\u00e1sica completa<\/td>\n<\/tr>\n<tr>\n<td width=\"265\">Psicolog\u00eda y Cultura en la Educaci\u00f3n<\/td>\n<td width=\"321\">Formaci\u00f3n B\u00e1sica completa<\/td>\n<\/tr>\n<tr>\n<td width=\"265\">Instrumento \u2013 Canto I del g\u00e9nero<\/td>\n<td width=\"321\">Instrumento \u2013 Canto III (Formaci\u00f3n B\u00e1sica)<\/p>\n<p>Lenguaje Musical III (Formaci\u00f3n B\u00e1sica)<\/td>\n<\/tr>\n<tr>\n<td width=\"265\">Instrumento \u2013 Canto del g\u00e9nero complementario 1<\/td>\n<td width=\"321\">Instrumento \u2013 Canto III (Formaci\u00f3n B\u00e1sica)<\/p>\n<p>Lenguaje Musical III (Formaci\u00f3n B\u00e1sica)<\/td>\n<\/tr>\n<tr>\n<td width=\"265\">Instrumento \u2013 Canto del g\u00e9nero complementario 2<\/td>\n<td width=\"321\">Instrumento \u2013 Canto III (Formaci\u00f3n B\u00e1sica M\u00fasica Popular)<\/p>\n<p>Lenguaje Musical III (Formaci\u00f3n B\u00e1sica)<\/td>\n<\/tr>\n<tr>\n<td width=\"265\">Instrumento arm\u00f3nico I<\/td>\n<td width=\"321\">Instrumento arm\u00f3nico (Formaci\u00f3n B\u00e1sica)<\/td>\n<\/tr>\n<tr>\n<td width=\"265\">Pr\u00e1ctica de Conjunto Vocal e Instrumental<\/td>\n<td width=\"321\">Instrumento III (Formaci\u00f3n B\u00e1sica)<\/p>\n<p>Lenguaje Musical III (Formaci\u00f3n B\u00e1sica)<\/p>\n<p>Apreciaci\u00f3n Musical del Lenguaje del Jazz<\/p>\n<p>Apreciaci\u00f3n Musical del Lenguaje del Folklore Apreciaci\u00f3n Musical del Lenguaje del Tango Pr\u00e1ctica de Conjunto Vocal e Instrumental II<\/td>\n<\/tr>\n<tr>\n<td width=\"265\">Taller de Trabajo Corporal<\/td>\n<td width=\"321\"><\/td>\n<\/tr>\n<tr>\n<td width=\"265\">Elementos T\u00e9cnicos de la M\u00fasica I<\/td>\n<td width=\"321\">Instrumento arm\u00f3nico (Formaci\u00f3n B\u00e1sica)<\/p>\n<p>Lenguaje Musical III (Formaci\u00f3n B\u00e1sica)<\/td>\n<\/tr>\n<tr>\n<td width=\"265\">Historia de la M\u00fasica I<\/td>\n<td width=\"321\">Lenguaje Musical III (Formaci\u00f3n B\u00e1sica)<\/td>\n<\/tr>\n<tr>\n<td width=\"265\">Espacio de la Practica Docente I<\/td>\n<td width=\"321\">Formaci\u00f3n B\u00e1sica completa<\/td>\n<\/tr>\n<\/tbody>\n<\/table>\n<p><strong>\u00a0<\/strong><\/p>\n<p><strong>\u00a0<\/strong><\/p>\n<p><strong>\u00a0<\/strong><\/p>\n<p><strong>\u00a0<\/strong><\/p>\n<p><strong>\u00a0<\/strong><\/p>\n<p><strong>\u00a0<\/strong><\/p>\n<p><strong>\u00a0<\/strong><\/p>\n<p><strong>\u00a0<\/strong><\/p>\n<p><strong>\u00a0<\/strong><\/p>\n<p><strong>\u00a0<\/strong><\/p>\n<p><strong>\u00a0<\/strong><\/p>\n<p><strong>\u00a0<\/strong><\/p>\n<p><strong>\u00a0<\/strong><\/p>\n<p><strong>\u00a0<\/strong><\/p>\n<p><strong>\u00a0<\/strong><\/p>\n<p><strong>\u00a0<\/strong><\/p>\n<p><strong>\u00a0<\/strong><\/p>\n<p><strong>\u00a0<\/strong><\/p>\n<p><strong>\u00a0<\/strong><\/p>\n<p><strong>\u00a0<\/strong><\/p>\n<p><strong>\u00a0<\/strong><\/p>\n<p><strong>\u00a0<\/strong><\/p>\n<p><strong>\u00a0<\/strong><\/p>\n<p><strong>\u00a0<\/strong><\/p>\n","protected":false},"excerpt":{"rendered":"<p>PROFESORADO DE INSTRUMENTO POPULAR Este profesorado forma\u00a0m\u00fasicos docentes\u00a0especializados en la ense\u00f1anza de un instrumento en un g\u00e9nero espec\u00edfico (jazz, tango o folklore) Otorga el t\u00edtulo de\u00a0Profesor en Instrumento Popular especialidad (jazz, tango o folklore) Los instrumentos que ofrece nuestra escuela son: Piano Guitarra Saxo Trompeta Flauta Viol\u00edn Violoncelo Contrabajo Bandone\u00f3n Canto Bajo Bater\u00eda Para ingresar &#8230; <a title=\"Profesorado de Instrumento\/Canto Popular\" class=\"read-more\" href=\"https:\/\/eaic-bue.infd.edu.ar\/sitio\/11-profesorado-de-instrumento-canto-popular\/\" aria-label=\"More on Profesorado de Instrumento\/Canto Popular\">[+]<\/a><\/p>\n","protected":false},"author":2201,"featured_media":0,"parent":0,"menu_order":0,"comment_status":"closed","ping_status":"closed","template":"","meta":[],"acf":[],"_links":{"self":[{"href":"https:\/\/eaic-bue.infd.edu.ar\/sitio\/wp-json\/wp\/v2\/pages\/2117"}],"collection":[{"href":"https:\/\/eaic-bue.infd.edu.ar\/sitio\/wp-json\/wp\/v2\/pages"}],"about":[{"href":"https:\/\/eaic-bue.infd.edu.ar\/sitio\/wp-json\/wp\/v2\/types\/page"}],"author":[{"embeddable":true,"href":"https:\/\/eaic-bue.infd.edu.ar\/sitio\/wp-json\/wp\/v2\/users\/2201"}],"replies":[{"embeddable":true,"href":"https:\/\/eaic-bue.infd.edu.ar\/sitio\/wp-json\/wp\/v2\/comments?post=2117"}],"version-history":[{"count":3,"href":"https:\/\/eaic-bue.infd.edu.ar\/sitio\/wp-json\/wp\/v2\/pages\/2117\/revisions"}],"predecessor-version":[{"id":4457,"href":"https:\/\/eaic-bue.infd.edu.ar\/sitio\/wp-json\/wp\/v2\/pages\/2117\/revisions\/4457"}],"wp:attachment":[{"href":"https:\/\/eaic-bue.infd.edu.ar\/sitio\/wp-json\/wp\/v2\/media?parent=2117"}],"curies":[{"name":"wp","href":"https:\/\/api.w.org\/{rel}","templated":true}]}}