{"id":2119,"date":"2019-10-10T17:49:26","date_gmt":"2019-10-10T20:49:26","guid":{"rendered":"https:\/\/eaic-bue.infd.edu.ar\/sitio\/?page_id=2119"},"modified":"2024-04-19T18:20:07","modified_gmt":"2024-04-19T21:20:07","slug":"12-tecnicatura-de-instrumento-canto-popular","status":"publish","type":"page","link":"https:\/\/eaic-bue.infd.edu.ar\/sitio\/12-tecnicatura-de-instrumento-canto-popular\/","title":{"rendered":"Tecnicatura de Instrumento\/Canto Popular"},"content":{"rendered":"<p><strong><u>TECNICATURA DE INSTRUMENTO POPULAR<\/u><\/strong><\/p>\n<p><strong><u>\u00a0<\/u><\/strong><\/p>\n<p>La\u00a0<strong>Tecnicatura en m\u00fasica popular<\/strong>\u00a0tiene por objetivo formar m\u00fasicos especializados en un instrumento y en un g\u00e9nero en particular<\/p>\n<p>Otorga el t\u00edtulo de\u00a0<strong><em>Instrumentista en m\u00fasica popular especializado en jazz, tango o folklore<\/em><\/strong><\/p>\n<p>Este t\u00edtulo, por ser tecnicatura, no es habilitante para la ense\u00f1anza en ninguno de los niveles<\/p>\n<p>Los instrumentos que ofrece nuestra escuela son:<\/p>\n<p><strong>Piano<\/strong><\/p>\n<p><strong>Guitarra<\/strong><\/p>\n<p><strong>Saxo<\/strong><\/p>\n<p><strong>Trompeta<\/strong><\/p>\n<p><strong>Flauta<\/strong><\/p>\n<p><strong>Viol\u00edn<\/strong><\/p>\n<p><strong>Violoncello<\/strong><\/p>\n<p><strong>Contrabajo<\/strong><\/p>\n<p><strong>Bandone\u00f3n<\/strong><\/p>\n<p><strong>Canto<\/strong><\/p>\n<p><strong>Bajo<\/strong><\/p>\n<p><strong>Bater\u00eda<\/strong><\/p>\n<p>Para ingresar a esta Tecnicatura es necesario completar una\u00a0<strong>Formaci\u00f3n B\u00e1sica (FOBA TRADICIONAL)<\/strong>\u00a0de 3 niveles siendo \u00e9sta la misma tanto para la Tecnicatura como para el Profesorado de Instrumento Popular<\/p>\n<p>Las materias que componen esta FOBA se detallan a continuaci\u00f3n<\/p>\n<p><strong>\u00a0<\/strong><\/p>\n<p><strong>1\u00ba nivel (FOBA I)<\/strong><\/p>\n<p>\u2013 Lenguaje Musical I<\/p>\n<p>\u2013 Instrumento I<\/p>\n<p>\u2013 Foniatr\u00eda (solo alumnos que cursan la FOBA de Canto)<\/p>\n<p><strong>2\u00ba nivel (FOBA II)<\/strong><\/p>\n<p>\u2013 Lenguaje Musical II<\/p>\n<p>\u2013 Instrumento II<\/p>\n<p>\u2013 Pr\u00e1ctica coral<\/p>\n<p>\u2013 Pr\u00e1ctica de conjunto vocal e instrumental I\u00a0(alumnos de canto no cursar\u00e1n esta asignatura)<\/p>\n<p>\u2013 Apreciaci\u00f3n Musical I<\/p>\n<p>\u2013 Repertorio I (solo alumnos que cursan la FOBA canto)<\/p>\n<p>\u2013 Dicci\u00f3n portuguesa (solo alumnos que cursan la FOBA Canto)<\/p>\n<p><strong>3\u00ba nivel (FOBA III)<\/strong><\/p>\n<p>\u2013 Lenguaje Musical III<\/p>\n<p>\u2013 Instrumento III<\/p>\n<p>\u2013 Pr\u00e1ctica de conjunto vocal e instrumental II\u00a0(alumnos de canto no cursar\u00e1n esta asignatura)<\/p>\n<p>\u2013 Apreciaci\u00f3n II (para alumnos que cursar\u00e1n las carreras de Educaci\u00f3n Musical)<\/p>\n<p>\u2013 Apreciaci\u00f3n del jazz, tango y folklore (para alumnos que cursar\u00e1n Educaci\u00f3n Musical o Instrumento Popular)<\/p>\n<p>\u2013 Instrumento\u00a0<a href=\"https:\/\/drive.google.com\/file\/d\/0B0BkDwIB65k6Y1ctZnFKdUE3YVU\/view?usp=sharing\">arm\u00f3nico guitarra<\/a>\u00a0o\u00a0<a href=\"https:\/\/drive.google.com\/file\/d\/0B0BkDwIB65k6amJCdy1MbnBhT28\/view?usp=sharing\">arm\u00f3nico piano\u00a0<\/a><\/p>\n<p>\u2013 Repertorio II (solo para alumnos que cursan la FOBA de Canto)<\/p>\n<p>\u2013 Dicci\u00f3n inglesa (solo para alumnos que cursan la FOBA de Canto)<\/p>\n<p><strong>\u00a0<\/strong><\/p>\n<p><strong>El requisito de ingreso a esta FOBA es tener, al menos, 14 a\u00f1os.<\/strong><\/p>\n<p>Luego de aprobar esta FOBA ingresar\u00e1n a la carrera que tiene una duraci\u00f3n de 4 a\u00f1os.<\/p>\n<p><strong>\u00a0<\/strong><\/p>\n<p><strong>ESTRUCTURA CURRICULAR &#8211; TECNICATURA DE INSTRUMENTO\/CANTO POPULAR<\/strong><\/p>\n<p><strong>\u00a0<\/strong><\/p>\n<p><strong>PRIMER A\u00d1O<\/strong><\/p>\n<table width=\"581\">\n<tbody>\n<tr>\n<td width=\"101\"><strong>\u00a0<\/strong><\/td>\n<td width=\"241\"><strong>ASIGNATURAS<\/strong><\/td>\n<td width=\"66\"><strong>Cantidad de horas<\/strong><\/td>\n<td width=\"119\"><strong>REGULAR<\/strong><\/td>\n<td width=\"54\"><strong>LIBRE<\/strong><\/td>\n<\/tr>\n<tr>\n<td rowspan=\"8\" width=\"101\"><strong>\u00a0<\/strong><\/p>\n<p><strong>\u00a0<\/strong><\/p>\n<p><strong>\u00a0<\/strong><\/p>\n<p><strong>ESPACIO DE LA ORIENTACI\u00d3N<\/strong><\/td>\n<td width=\"241\">Instrumento de g\u00e9nero I<\/td>\n<td width=\"66\">32 hs<\/td>\n<td width=\"119\">Examen final<\/td>\n<td width=\"54\">SI<\/td>\n<\/tr>\n<tr>\n<td width=\"241\">Instrumento de g\u00e9nero complementario I<\/td>\n<td width=\"66\">32 hs<\/td>\n<td width=\"119\">Examen final<\/td>\n<td width=\"54\">SI<\/td>\n<\/tr>\n<tr>\n<td width=\"241\">Instrumento de g\u00e9nero complementario II<\/td>\n<td width=\"66\">32 hs<\/td>\n<td width=\"119\">Examen final<\/td>\n<td width=\"54\">SI<\/td>\n<\/tr>\n<tr>\n<td width=\"241\">Instrumento arm\u00f3nico I (*)<\/td>\n<td width=\"66\">32 hs<\/td>\n<td width=\"119\">Examen final<\/td>\n<td width=\"54\">SI<\/td>\n<\/tr>\n<tr>\n<td width=\"241\">Pr\u00e1ctica de conjunto vocal e instrumental<\/td>\n<td width=\"66\">64 hs<\/td>\n<td width=\"119\">Promoci\u00f3n directa<\/td>\n<td width=\"54\">NO<\/td>\n<\/tr>\n<tr>\n<td width=\"241\">Historia de la m\u00fasica I<\/td>\n<td width=\"66\">64 hs<\/td>\n<td width=\"119\">Promoci\u00f3n directa<\/td>\n<td width=\"54\">SI<\/td>\n<\/tr>\n<tr>\n<td width=\"241\">Taller de trabajo corporal<\/td>\n<td width=\"66\">64 hs<\/td>\n<td width=\"119\">Promoci\u00f3n directa<\/td>\n<td width=\"54\">NO<\/td>\n<\/tr>\n<tr>\n<td width=\"241\">Elementos t\u00e9cnicos de la m\u00fasica I<\/td>\n<td width=\"66\">128 hs<\/td>\n<td width=\"119\">Promoci\u00f3n directa<\/td>\n<td width=\"54\">SI<\/td>\n<\/tr>\n<\/tbody>\n<\/table>\n<p><strong>\u00a0<\/strong><\/p>\n<p><strong>SEGUNDO A\u00d1O<\/strong><\/p>\n<table width=\"581\">\n<tbody>\n<tr>\n<td width=\"136\"><strong>\u00a0<\/strong><\/td>\n<td width=\"185\"><strong>ASIGNATURAS<\/strong><\/td>\n<td width=\"74\"><strong>Cantidad de horas<\/strong><\/td>\n<td width=\"132\"><strong>REGULAR<\/strong><\/td>\n<td width=\"54\"><strong>LIBRE<\/strong><\/td>\n<\/tr>\n<tr>\n<td rowspan=\"6\" width=\"136\"><strong>\u00a0<\/strong><\/p>\n<p><strong>\u00a0<\/strong><\/p>\n<p><strong>\u00a0<\/strong><\/p>\n<p><strong>ESPACIO DE LA ORIENTACI\u00d3N<\/strong><\/td>\n<td width=\"185\">Instrumento de g\u00e9nero II<\/td>\n<td width=\"74\">32 hs<\/td>\n<td width=\"132\">Examen final<\/td>\n<td width=\"54\">SI<\/td>\n<\/tr>\n<tr>\n<td width=\"185\">Instrumento arm\u00f3nico II (*)<\/td>\n<td width=\"74\">32 hs<\/td>\n<td width=\"132\">Examen final<\/td>\n<td width=\"54\">SI<\/td>\n<\/tr>\n<tr>\n<td width=\"185\">Pr\u00e1ctica de conjunto de g\u00e9nero I<\/td>\n<td width=\"74\">64 hs<\/td>\n<td width=\"132\">Promoci\u00f3n directa<\/td>\n<td width=\"54\">NO<\/td>\n<\/tr>\n<tr>\n<td width=\"185\">Historia de la m\u00fasica II<\/td>\n<td width=\"74\">64 hs<\/td>\n<td width=\"132\">Promoci\u00f3n directa<\/td>\n<td width=\"54\">SI<\/td>\n<\/tr>\n<tr>\n<td width=\"185\">Espacio institucional I (**)<\/td>\n<td width=\"74\">64 hs<\/td>\n<td width=\"132\">Promoci\u00f3n directa<\/td>\n<td width=\"54\">NO<\/td>\n<\/tr>\n<tr>\n<td width=\"185\">Elementos t\u00e9cnicos de g\u00e9nero I<\/td>\n<td width=\"74\">128 hs<\/td>\n<td width=\"132\">Promoci\u00f3n directa<\/td>\n<td width=\"54\">SI<\/td>\n<\/tr>\n<\/tbody>\n<\/table>\n<p><strong>\u00a0<\/strong><\/p>\n<p>(*) Los\/as estudiantes de instrumento guitarra, bandone\u00f3n o piano no cursan el instrumento arm\u00f3nico<\/p>\n<p>(**) El espacio institucional de este a\u00f1o es Danza o Big Band (este \u00faltimo para estudiantes del g\u00e9nero jazz)<\/p>\n<p><strong>TERCER A\u00d1O<\/strong><\/p>\n<table width=\"0\">\n<tbody>\n<tr>\n<td width=\"142\"><strong>\u00a0<\/strong><\/td>\n<td width=\"196\"><strong>ASIGNATURAS<\/strong><\/td>\n<td width=\"76\"><strong>Cantidad de horas<\/strong><\/td>\n<td width=\"113\"><strong>REGULAR<\/strong><\/td>\n<td width=\"66\"><strong>LIBRE<\/strong><\/td>\n<\/tr>\n<tr>\n<td rowspan=\"7\" width=\"142\"><strong>\u00a0<\/strong><\/p>\n<p><strong>\u00a0<\/strong><\/p>\n<p><strong>\u00a0<\/strong><\/p>\n<p><strong>ESPACIO DE LA ORIENTACI\u00d3N<\/strong><\/td>\n<td width=\"196\">Instrumento de g\u00e9nero III<\/td>\n<td width=\"76\">32 hs<\/td>\n<td width=\"113\">Examen final<\/td>\n<td width=\"66\">SI<\/td>\n<\/tr>\n<tr>\n<td width=\"196\">Ac\u00fastica<\/td>\n<td width=\"76\">64 hs<\/td>\n<td width=\"113\">Promoci\u00f3n directa<\/td>\n<td width=\"66\">SI<\/td>\n<\/tr>\n<tr>\n<td width=\"196\">Pr\u00e1ctica de conjunto de g\u00e9nero II<\/td>\n<td width=\"76\">64 hs<\/td>\n<td width=\"113\">Promoci\u00f3n directa<\/td>\n<td width=\"66\">NO<\/td>\n<\/tr>\n<tr>\n<td width=\"196\">Historia de g\u00e9nero<\/td>\n<td width=\"76\">64 hs<\/td>\n<td width=\"113\">Promoci\u00f3n directa<\/td>\n<td width=\"66\">SI<\/td>\n<\/tr>\n<tr>\n<td width=\"196\">Espacio institucional II (***)<\/td>\n<td width=\"76\">64 hs<\/td>\n<td width=\"113\">Promoci\u00f3n directa<\/td>\n<td width=\"66\">NO<\/td>\n<\/tr>\n<tr>\n<td width=\"196\">Elementos t\u00e9cnicos de g\u00e9nero II<\/td>\n<td width=\"76\">128 hs<\/td>\n<td width=\"113\">Promoci\u00f3n directa<\/td>\n<td width=\"66\">SI<\/td>\n<\/tr>\n<tr>\n<td width=\"196\">M\u00fasica latinoamericana I<\/td>\n<td width=\"76\">64 hs<\/td>\n<td width=\"113\">Promoci\u00f3n directa<\/td>\n<td width=\"66\">NO<\/td>\n<\/tr>\n<\/tbody>\n<\/table>\n<p>(***) El espacio institucional de este a\u00f1o es M\u00fasica Incidental<\/p>\n<p><strong>\u00a0<\/strong><\/p>\n<p><strong>\u00a0<\/strong><\/p>\n<p><strong>\u00a0<\/strong><\/p>\n<p><strong>CUARTO A\u00d1O<\/strong><\/p>\n<table width=\"0\">\n<tbody>\n<tr>\n<td width=\"130\"><strong>\u00a0<\/strong><\/td>\n<td width=\"217\"><strong>ASIGNATURAS<\/strong><\/td>\n<td width=\"71\"><strong>Cantidad de horas<\/strong><\/td>\n<td width=\"118\"><strong>REGULAR<\/strong><\/td>\n<td width=\"57\"><strong>LIBRE<\/strong><\/td>\n<\/tr>\n<tr>\n<td rowspan=\"8\" width=\"130\"><strong>\u00a0<\/strong><\/p>\n<p><strong>\u00a0<\/strong><\/p>\n<p><strong>\u00a0<\/strong><\/p>\n<p><strong>ESPACIO DE LA ORIENTACI\u00d3N<\/strong><\/td>\n<td width=\"217\">Instrumento de g\u00e9nero IV<\/td>\n<td width=\"71\">32 hs<\/td>\n<td width=\"118\">Examen final<\/td>\n<td width=\"57\">SI<\/td>\n<\/tr>\n<tr>\n<td width=\"217\">Medios electroac\u00fasticos<\/td>\n<td width=\"71\">64 hs<\/td>\n<td width=\"118\">Promoci\u00f3n directa<\/td>\n<td width=\"57\">NO<\/td>\n<\/tr>\n<tr>\n<td width=\"217\">Medios audiovisuales<\/td>\n<td width=\"71\"><\/td>\n<td width=\"118\">Promoci\u00f3n directa<\/td>\n<td width=\"57\">NO<\/td>\n<\/tr>\n<tr>\n<td width=\"217\">Pr\u00e1ctica de conjunto de g\u00e9nero III<\/td>\n<td width=\"71\">64 hs<\/td>\n<td width=\"118\">Promoci\u00f3n directa<\/td>\n<td width=\"57\">NO<\/td>\n<\/tr>\n<tr>\n<td width=\"217\">Arreglos vocales e instrumentales<\/td>\n<td width=\"71\">64 hs<\/td>\n<td width=\"118\">Promoci\u00f3n directa<\/td>\n<td width=\"57\">SI<\/td>\n<\/tr>\n<tr>\n<td width=\"217\">Espacio institucional II (****)<\/td>\n<td width=\"71\">64 hs<\/td>\n<td width=\"118\">Promoci\u00f3n directa<\/td>\n<td width=\"57\">NO<\/td>\n<\/tr>\n<tr>\n<td width=\"217\">Elementos t\u00e9cnicos de g\u00e9nero III<\/td>\n<td width=\"71\">96 hs<\/td>\n<td width=\"118\">Promoci\u00f3n directa<\/td>\n<td width=\"57\">SI<\/td>\n<\/tr>\n<tr>\n<td width=\"217\">M\u00fasica latinoamericana II<\/td>\n<td width=\"71\">64 hs<\/td>\n<td width=\"118\">Promoci\u00f3n directa<\/td>\n<td width=\"57\">NO<\/td>\n<\/tr>\n<\/tbody>\n<\/table>\n<p>(****) El espacio institucional de este a\u00f1o es Sonido y Grabaci\u00f3n<\/p>\n<p><strong>\u00a0<\/strong><\/p>\n<p><strong>\u00a0<\/strong><\/p>\n<p><strong>\u00a0<\/strong><\/p>\n<p><strong>CORRELATIVIDADES<\/strong><\/p>\n<p><strong>\u00a0<\/strong><\/p>\n<p><strong>1er. A\u00d1O<\/strong><\/p>\n<p>2do. Nivel Formaci\u00f3n B\u00e1sica (Instrumento \u2013 Canto M\u00fasica Popular)<\/p>\n<table width=\"0\">\n<tbody>\n<tr>\n<td width=\"265\"><strong>ESPACIO CURRICULAR<\/strong><\/td>\n<td width=\"321\"><strong>Requisitos para cursar:<\/strong><\/p>\n<p>(Acreditados al comienzo del Ciclo Lectivo o en condiciones de compensar hasta julio-agosto, por ser correlativos)<\/td>\n<\/tr>\n<tr>\n<td width=\"265\">Instrumento \u2013 Canto I del g\u00e9nero<\/td>\n<td width=\"321\">Instrumento \u2013 Canto III (Formaci\u00f3n B\u00e1sica M\u00fasica Popular)<\/p>\n<p>Lenguaje Musical (M\u00f3dulo 6) (Formaci\u00f3n B\u00e1sica)<\/td>\n<\/tr>\n<tr>\n<td width=\"265\">Instrumento \u2013 Canto del g\u00e9nero complementario 1<\/td>\n<td width=\"321\">Instrumento \u2013 Canto III (Formaci\u00f3n B\u00e1sica M\u00fasica Popular)<\/p>\n<p>Lenguaje Musical (M\u00f3dulo 6) (Formaci\u00f3n B\u00e1sica)<\/td>\n<\/tr>\n<tr>\n<td width=\"265\">Instrumento \u2013 Canto del g\u00e9nero complementario 2<\/td>\n<td width=\"321\">Instrumento \u2013 Canto III (Formaci\u00f3n B\u00e1sica M\u00fasica Popular)<\/p>\n<p>Lenguaje Musical (M\u00f3dulo 6) (Formaci\u00f3n B\u00e1sica)<\/td>\n<\/tr>\n<tr>\n<td width=\"265\">Instrumento arm\u00f3nico I<\/td>\n<td width=\"321\">Instrumento arm\u00f3nico (Formaci\u00f3n B\u00e1sica)<\/td>\n<\/tr>\n<tr>\n<td width=\"265\">Pr\u00e1ctica de Conjunto Vocal e Instrumental<\/td>\n<td width=\"321\">Instrumento III (Formaci\u00f3n B\u00e1sica M\u00fasica Popular)<\/p>\n<p>Lenguaje Musical (M\u00f3dulo 6) (Formaci\u00f3n B\u00e1sica M\u00fasica Popular)<\/p>\n<p>Apreciaci\u00f3n Musical del Lenguaje del Jazz (Formaci\u00f3n B\u00e1sica M\u00fasica Popular)<\/p>\n<p>Apreciaci\u00f3n Musical del Lenguaje del Folklore (Formaci\u00f3n B\u00e1sica M\u00fasica Popular)<\/p>\n<p>Apreciaci\u00f3n Musical del Lenguaje del Tango (Formaci\u00f3n B\u00e1sica M\u00fasica Popular)<\/p>\n<p>Pr\u00e1ctica de Conjunto Vocal e Instrumental II (Formaci\u00f3n B\u00e1sica M\u00fasica Popular)<\/td>\n<\/tr>\n<\/tbody>\n<\/table>\n","protected":false},"excerpt":{"rendered":"<p>TECNICATURA DE INSTRUMENTO POPULAR \u00a0 La\u00a0Tecnicatura en m\u00fasica popular\u00a0tiene por objetivo formar m\u00fasicos especializados en un instrumento y en un g\u00e9nero en particular Otorga el t\u00edtulo de\u00a0Instrumentista en m\u00fasica popular especializado en jazz, tango o folklore Este t\u00edtulo, por ser tecnicatura, no es habilitante para la ense\u00f1anza en ninguno de los niveles Los instrumentos que &#8230; <a title=\"Tecnicatura de Instrumento\/Canto Popular\" class=\"read-more\" href=\"https:\/\/eaic-bue.infd.edu.ar\/sitio\/12-tecnicatura-de-instrumento-canto-popular\/\" aria-label=\"More on Tecnicatura de Instrumento\/Canto Popular\">[+]<\/a><\/p>\n","protected":false},"author":2201,"featured_media":0,"parent":0,"menu_order":0,"comment_status":"closed","ping_status":"closed","template":"","meta":[],"acf":[],"_links":{"self":[{"href":"https:\/\/eaic-bue.infd.edu.ar\/sitio\/wp-json\/wp\/v2\/pages\/2119"}],"collection":[{"href":"https:\/\/eaic-bue.infd.edu.ar\/sitio\/wp-json\/wp\/v2\/pages"}],"about":[{"href":"https:\/\/eaic-bue.infd.edu.ar\/sitio\/wp-json\/wp\/v2\/types\/page"}],"author":[{"embeddable":true,"href":"https:\/\/eaic-bue.infd.edu.ar\/sitio\/wp-json\/wp\/v2\/users\/2201"}],"replies":[{"embeddable":true,"href":"https:\/\/eaic-bue.infd.edu.ar\/sitio\/wp-json\/wp\/v2\/comments?post=2119"}],"version-history":[{"count":3,"href":"https:\/\/eaic-bue.infd.edu.ar\/sitio\/wp-json\/wp\/v2\/pages\/2119\/revisions"}],"predecessor-version":[{"id":4458,"href":"https:\/\/eaic-bue.infd.edu.ar\/sitio\/wp-json\/wp\/v2\/pages\/2119\/revisions\/4458"}],"wp:attachment":[{"href":"https:\/\/eaic-bue.infd.edu.ar\/sitio\/wp-json\/wp\/v2\/media?parent=2119"}],"curies":[{"name":"wp","href":"https:\/\/api.w.org\/{rel}","templated":true}]}}