{"id":2121,"date":"2019-10-10T17:50:20","date_gmt":"2019-10-10T20:50:20","guid":{"rendered":"https:\/\/eaic-bue.infd.edu.ar\/sitio\/?page_id=2121"},"modified":"2024-04-19T18:21:12","modified_gmt":"2024-04-19T21:21:12","slug":"13-profesorado-de-teatro","status":"publish","type":"page","link":"https:\/\/eaic-bue.infd.edu.ar\/sitio\/13-profesorado-de-teatro\/","title":{"rendered":"Profesorado de Teatro"},"content":{"rendered":"<p><strong><u>PROFESORADO DE TEATRO<\/u><\/strong><strong>:<\/strong><\/p>\n<p><strong>\u00a0<\/strong><\/p>\n<p>El\u00a0<strong>Profesorado de Teatro<\/strong>\u00a0forma docentes especializados en la ense\u00f1anza de la disciplina habilitados para el ejercicio de la docencia en los niveles de la ense\u00f1anza obligatoria\u00a0con s\u00f3lidos conocimientos pedag\u00f3gicos,\u00a0atentos a los cambios y transformaciones propios de nuestra\u00a0tarea cotidiana y comprometidos con la realidad sociocultural de nuestro pa\u00eds, con un perfil abierto a las necesidades de los otros en el mundo que nos toca transitar.<\/p>\n<p>Tiene una duraci\u00f3n de 4 a\u00f1os y se cursa\u00a0<strong>\u00a0en el anexo de Gonzalez Cat\u00e1n (Baez 5115) en el turno de la noche y en la sede de Casanova en el turno de la tarde.<\/strong><\/p>\n<p>Los requisitos para la inscripci\u00f3n son:<\/p>\n<p>\u2013 Tener 18 a\u00f1os cumplidos<\/p>\n<p>\u2013 Tener t\u00edtulo secundario<\/p>\n<p>Lasfecjas de inscripci\u00f3n se publican en el sitio web en el mes de septiembre. Para conocer la modalidad de inscripci\u00f3n ver Reglamento Institucional<\/p>\n<p><strong>ESTRUCTURA CURRICULAR &#8211; PROFESORADO DE TEATRO<\/strong><\/p>\n<table width=\"647\">\n<tbody>\n<tr>\n<td width=\"41\"><strong>A\u00f1o<\/strong><\/td>\n<td width=\"120\"><strong>Campos de la Formaci\u00f3n<\/strong><\/td>\n<td width=\"48\"><strong>N\u00ba A<\/strong><\/td>\n<td colspan=\"2\" width=\"202\"><strong>Asignatura<\/strong><\/td>\n<td width=\"66\"><strong>Hs T<\/strong><\/td>\n<td width=\"123\"><strong>REGULAR<\/strong><\/td>\n<td width=\"47\"><strong>LIBRE<\/strong><\/td>\n<\/tr>\n<tr>\n<td rowspan=\"9\" width=\"41\">\n<p>1\u00ba<\/td>\n<td rowspan=\"5\" width=\"120\">\n<p>Formaci\u00f3n Espec\u00edfica<\/td>\n<td width=\"48\">1<\/td>\n<td colspan=\"2\" width=\"202\">Actuaci\u00f3n I<\/td>\n<td width=\"66\">128<\/td>\n<td width=\"123\">Examen final<\/td>\n<td width=\"47\">NO<\/td>\n<\/tr>\n<tr>\n<td width=\"48\">2<\/td>\n<td colspan=\"2\" width=\"202\">Trabajo corporal I<\/td>\n<td width=\"66\">64<\/td>\n<td width=\"123\">Promoci\u00f3n directa<\/td>\n<td width=\"47\">NO<\/td>\n<\/tr>\n<tr>\n<td width=\"48\">3<\/td>\n<td colspan=\"2\" width=\"202\">Trabajo vocal I<\/td>\n<td width=\"66\">64<\/td>\n<td width=\"123\">Promoci\u00f3n directa<\/td>\n<td width=\"47\">NO<\/td>\n<\/tr>\n<tr>\n<td width=\"48\">4<\/td>\n<td colspan=\"2\" width=\"202\">Maquillaje<\/td>\n<td width=\"66\">64<\/td>\n<td width=\"123\">Promoci\u00f3n directa<\/td>\n<td width=\"47\">NO<\/td>\n<\/tr>\n<tr>\n<td width=\"48\">5<\/td>\n<td colspan=\"2\" width=\"202\">An\u00e1lisis de la dramaturgia esc\u00e9nica y literaria I<\/td>\n<td width=\"66\">64<\/td>\n<td width=\"123\">Examen final<\/td>\n<td width=\"47\">SI<\/td>\n<\/tr>\n<tr>\n<td width=\"120\">Pr\u00e1ct Profesional<\/td>\n<td width=\"48\">6<\/td>\n<td colspan=\"2\" width=\"202\">Pr\u00e1ctica Docente I<\/td>\n<td width=\"66\">96<\/td>\n<td width=\"123\">Promoci\u00f3n directa<\/td>\n<td width=\"47\">NO<\/td>\n<\/tr>\n<tr>\n<td rowspan=\"3\" width=\"120\">Formaci\u00f3n General<\/td>\n<td width=\"48\">7<\/td>\n<td colspan=\"2\" width=\"202\">Psicolog\u00eda de la Educaci\u00f3n I<\/td>\n<td width=\"66\">64<\/td>\n<td width=\"123\">Promoci\u00f3n directa<\/td>\n<td width=\"47\">SI<\/td>\n<\/tr>\n<tr>\n<td width=\"48\">8<\/td>\n<td colspan=\"2\" width=\"202\">Fundamentos de la Educaci\u00f3n<\/td>\n<td width=\"66\">64<\/td>\n<td width=\"123\">Promoci\u00f3n directa<\/td>\n<td width=\"47\">SI<\/td>\n<\/tr>\n<tr>\n<td width=\"48\">9<\/td>\n<td colspan=\"2\" width=\"202\">Historia Social General<\/td>\n<td width=\"66\">64<\/td>\n<td width=\"123\">Promoci\u00f3n directa<\/td>\n<td width=\"47\">SI<\/td>\n<\/tr>\n<tr>\n<td rowspan=\"9\" width=\"41\">\n<p>2\u00ba<\/td>\n<td rowspan=\"5\" width=\"120\">\n<p>Formaci\u00f3n Espec\u00edfica<\/td>\n<td width=\"48\">1<\/td>\n<td colspan=\"2\" width=\"202\">Actuaci\u00f3n II<\/td>\n<td width=\"66\">128<\/td>\n<td width=\"123\">Examen final<\/td>\n<td width=\"47\">NO<\/td>\n<\/tr>\n<tr>\n<td width=\"48\">2<\/td>\n<td colspan=\"2\" width=\"202\">Trabajo corporal II<\/td>\n<td width=\"66\">64<\/td>\n<td width=\"123\">Promoci\u00f3n directa<\/td>\n<td width=\"47\">NO<\/td>\n<\/tr>\n<tr>\n<td width=\"48\">3<\/td>\n<td colspan=\"2\" width=\"202\">Trabajo vocal II<\/td>\n<td width=\"66\">64<\/td>\n<td width=\"123\">Promoci\u00f3n directa<\/td>\n<td width=\"47\">NO<\/td>\n<\/tr>\n<tr>\n<td width=\"48\">4<\/td>\n<td colspan=\"2\" width=\"202\">An\u00e1lisis de la dramaturgia esc\u00e9nica y literaria II<\/td>\n<td width=\"66\">64<\/td>\n<td width=\"123\">Examen final<\/td>\n<td width=\"47\">SI<\/td>\n<\/tr>\n<tr>\n<td width=\"48\">5<\/td>\n<td colspan=\"2\" width=\"202\">Teatro de objetos<\/td>\n<td width=\"66\">64<\/td>\n<td width=\"123\">Promoci\u00f3n directa<\/td>\n<td width=\"47\">NO<\/td>\n<\/tr>\n<tr>\n<td width=\"120\">Pr\u00e1ct Profesional<\/td>\n<td width=\"48\">6<\/td>\n<td colspan=\"2\" width=\"202\">Pr\u00e1ctica Docente II<\/td>\n<td width=\"66\">96<\/td>\n<td width=\"123\"><\/td>\n<td width=\"47\">NO<\/td>\n<\/tr>\n<tr>\n<td rowspan=\"3\" width=\"120\">Formaci\u00f3n General<\/td>\n<td width=\"48\">7<\/td>\n<td colspan=\"2\" width=\"202\">Psicolog\u00eda de la Educaci\u00f3n II<\/td>\n<td width=\"66\">64<\/td>\n<td width=\"123\">Promoci\u00f3n directa<\/td>\n<td width=\"47\">SI<\/td>\n<\/tr>\n<tr>\n<td width=\"48\">8<\/td>\n<td colspan=\"2\" width=\"202\">Did\u00e1ctica general<\/td>\n<td width=\"66\">64<\/td>\n<td width=\"123\">Promoci\u00f3n directa<\/td>\n<td width=\"47\">SI<\/td>\n<\/tr>\n<tr>\n<td width=\"48\">9<\/td>\n<td colspan=\"2\" width=\"202\">Historia SociopLatin y Argentina<\/td>\n<td width=\"66\">64<\/td>\n<td width=\"123\">Promoci\u00f3n directa<\/td>\n<td width=\"47\">SI<\/td>\n<\/tr>\n<tr>\n<td rowspan=\"8\" width=\"41\">\n<p>3\u00ba<\/td>\n<td rowspan=\"5\" width=\"120\">\n<p>Formaci\u00f3n Espec\u00edfica<\/td>\n<td width=\"48\">1<\/td>\n<td colspan=\"2\" width=\"202\">Actuaci\u00f3n III<\/td>\n<td width=\"66\">192<\/td>\n<td width=\"123\">Examen final<\/td>\n<td width=\"47\">NO<\/td>\n<\/tr>\n<tr>\n<td width=\"48\">2<\/td>\n<td colspan=\"2\" width=\"202\">Trabajo corporal III<\/td>\n<td width=\"66\">64<\/td>\n<td width=\"123\">Promoci\u00f3n directa<\/td>\n<td width=\"47\">NO<\/td>\n<\/tr>\n<tr>\n<td width=\"48\">3<\/td>\n<td colspan=\"2\" width=\"202\">Trabajo vocal III<\/td>\n<td width=\"66\">64<\/td>\n<td width=\"123\">Promoci\u00f3n directa<\/td>\n<td width=\"47\">NO<\/td>\n<\/tr>\n<tr>\n<td width=\"48\">4<\/td>\n<td colspan=\"2\" width=\"202\">Historia del teatro I<\/td>\n<td width=\"66\">64<\/td>\n<td width=\"123\">Promoci\u00f3n directa<\/td>\n<td width=\"47\">SI<\/td>\n<\/tr>\n<tr>\n<td width=\"48\">5<\/td>\n<td colspan=\"2\" width=\"202\">Did\u00e1ctica del teatro I<\/td>\n<td width=\"66\">64<\/td>\n<td width=\"123\">Examen final<\/td>\n<td width=\"47\">SI<\/td>\n<\/tr>\n<tr>\n<td width=\"120\">Pr\u00e1ct Profesional<\/td>\n<td width=\"48\">6<\/td>\n<td colspan=\"2\" width=\"202\">Pr\u00e1ctica Docente III<\/td>\n<td width=\"66\">128<\/td>\n<td width=\"123\">Examen final<\/td>\n<td width=\"47\">NO<\/td>\n<\/tr>\n<tr>\n<td rowspan=\"2\" width=\"120\">Formaci\u00f3n General<\/td>\n<td width=\"48\">7<\/td>\n<td colspan=\"2\" width=\"202\">Pol\u00edtica Educativa<\/td>\n<td width=\"66\">64<\/td>\n<td width=\"123\">Promoci\u00f3n directa<\/td>\n<td width=\"47\">SI<\/td>\n<\/tr>\n<tr>\n<td width=\"48\">8<\/td>\n<td colspan=\"2\" width=\"202\">Teor\u00edas del Arte I<\/td>\n<td width=\"66\">64<\/td>\n<td width=\"123\">Promoci\u00f3n directa<\/td>\n<td width=\"47\">SI<\/td>\n<\/tr>\n<tr>\n<td rowspan=\"10\" width=\"41\">\n<p>4\u00ba<\/td>\n<td rowspan=\"7\" width=\"120\">\n<p>Formaci\u00f3n Espec\u00edfica<\/td>\n<td width=\"48\">1<\/td>\n<td colspan=\"2\" width=\"202\">Pr\u00e1ctica esc\u00e9nica<\/td>\n<td width=\"66\">224<\/td>\n<td width=\"123\">Examen final<\/td>\n<td width=\"47\">NO<\/td>\n<\/tr>\n<tr>\n<td width=\"48\">2<\/td>\n<td colspan=\"2\" width=\"202\">Trabajo corporal IV<\/td>\n<td width=\"66\">64<\/td>\n<td width=\"123\">Promoci\u00f3n directa<\/td>\n<td width=\"47\">NO<\/td>\n<\/tr>\n<tr>\n<td width=\"48\">3<\/td>\n<td colspan=\"2\" width=\"202\">Trabajo vocal IV<\/td>\n<td width=\"66\">64<\/td>\n<td width=\"123\">Promoci\u00f3n directa<\/td>\n<td width=\"47\">NO<\/td>\n<\/tr>\n<tr>\n<td width=\"48\">4<\/td>\n<td colspan=\"2\" width=\"202\">Taller de integraci\u00f3n teatro y otros lenguajes<\/td>\n<td width=\"66\">64<\/td>\n<td width=\"123\">Promoci\u00f3n directa<\/td>\n<td width=\"47\">NO<\/td>\n<\/tr>\n<tr>\n<td width=\"48\">5<\/td>\n<td colspan=\"2\" width=\"202\">Historia del teatro II<\/td>\n<td width=\"66\">64<\/td>\n<td width=\"123\">Promoci\u00f3n directa<\/td>\n<td width=\"47\">SI<\/td>\n<\/tr>\n<tr>\n<td width=\"48\">6<\/td>\n<td colspan=\"2\" width=\"202\">Sistemas esc\u00e9nicos<\/td>\n<td width=\"66\">64<\/td>\n<td width=\"123\">Promoci\u00f3n directa<\/td>\n<td width=\"47\">NO<\/td>\n<\/tr>\n<tr>\n<td width=\"48\">7<\/td>\n<td colspan=\"2\" width=\"202\">Did\u00e1ctica del teatro II<\/td>\n<td width=\"66\">64<\/td>\n<td width=\"123\">Examen final<\/td>\n<td width=\"47\">SI<\/td>\n<\/tr>\n<tr>\n<td width=\"120\">Pr\u00e1ct Profesional<\/td>\n<td width=\"48\">8<\/td>\n<td colspan=\"2\" width=\"202\">Pr\u00e1ctica Docente IV<\/td>\n<td width=\"66\">128<\/td>\n<td width=\"123\">Examen final<\/td>\n<td width=\"47\">NO<\/td>\n<\/tr>\n<tr>\n<td rowspan=\"2\" width=\"120\">Formaci\u00f3n General<\/td>\n<td width=\"48\">9<\/td>\n<td colspan=\"2\" width=\"202\">Teor\u00edas del Arte II<\/td>\n<td width=\"66\">64<\/td>\n<td width=\"123\">Promoci\u00f3n directa<\/td>\n<td width=\"47\">SI<\/td>\n<\/tr>\n<tr>\n<td width=\"48\">10<\/td>\n<td colspan=\"2\" width=\"202\">Metod de la investigaci\u00f3n en Artes<\/td>\n<td width=\"66\">96<\/td>\n<td width=\"123\">Examen final<\/td>\n<td width=\"47\">NO<\/td>\n<\/tr>\n<tr>\n<td colspan=\"4\" width=\"213\">EDI: Espacio de Definici\u00f3n Instit<\/td>\n<td width=\"198\"><\/td>\n<td width=\"66\"><\/td>\n<td width=\"123\"><\/td>\n<td width=\"47\">NO<\/td>\n<\/tr>\n<tr>\n<td width=\"41\"><\/td>\n<td width=\"120\"><\/td>\n<td width=\"48\"><\/td>\n<td width=\"4\"><\/td>\n<td width=\"198\"><\/td>\n<td width=\"66\"><\/td>\n<td width=\"123\"><\/td>\n<td width=\"47\"><\/td>\n<\/tr>\n<\/tbody>\n<\/table>\n<p><strong>CORRELATIVIDADES PROFESORADO DE TEATRO<\/strong><\/p>\n<p><strong>SEGUNDO A\u00d1O<\/strong><\/p>\n<table width=\"567\">\n<tbody>\n<tr>\n<td width=\"264\"><strong>UNIDAD CURRICULAR<\/strong><\/td>\n<td width=\"303\"><strong>CORRELATIVAS<\/strong><\/td>\n<\/tr>\n<tr>\n<td width=\"264\">Actuaci\u00f3n II<\/td>\n<td width=\"303\">Actuaci\u00f3n I<\/td>\n<\/tr>\n<tr>\n<td width=\"264\">Trabajo corporal II<\/td>\n<td width=\"303\">Trabajo corporal I<\/td>\n<\/tr>\n<tr>\n<td width=\"264\">Trabajo vocal II<\/td>\n<td width=\"303\">Trabajo vocal I<\/td>\n<\/tr>\n<tr>\n<td width=\"264\">An\u00e1lisis de la dramaturgia esc\u00e9nica y literaria II<\/td>\n<td width=\"303\">An\u00e1lisis de la dramaturgia esc\u00e9nica y literaria I<\/td>\n<\/tr>\n<tr>\n<td width=\"264\">Teatro de objetos<\/td>\n<td width=\"303\">Actuaci\u00f3n I<\/td>\n<\/tr>\n<tr>\n<td width=\"264\">Pr\u00e1ctica Docente II<\/td>\n<td width=\"303\">Pr\u00e1ctica Docente I; Fundamentos de la Educaci\u00f3n; Psicolog\u00eda de la Educaci\u00f3n I<\/td>\n<\/tr>\n<tr>\n<td width=\"264\">Historia sociopol\u00edtica de Latinoam\u00e9rica y Argentina<\/td>\n<td width=\"303\">Historia Social General<\/td>\n<\/tr>\n<tr>\n<td width=\"264\">Did\u00e1ctica General<\/td>\n<td width=\"303\">Fundamentos de la Educaci\u00f3n; Psicolog\u00eda\u00a0 de la Educaci\u00f3n I<\/td>\n<\/tr>\n<tr>\n<td width=\"264\">Psicolog\u00eda\u00a0 de la Educaci\u00f3n II<\/td>\n<td width=\"303\">Psicolog\u00eda de la Educaci\u00f3n I; Fundamentos de la Educaci\u00f3n<\/td>\n<\/tr>\n<\/tbody>\n<\/table>\n<p><strong>TERCER A\u00d1O<\/strong><\/p>\n<table width=\"605\">\n<tbody>\n<tr>\n<td width=\"264\">Actuaci\u00f3n III<\/td>\n<td width=\"341\">Actuaci\u00f3n II<\/td>\n<\/tr>\n<tr>\n<td width=\"264\">Trabajo corporal III<\/td>\n<td width=\"341\">Trabajo corporal II<\/td>\n<\/tr>\n<tr>\n<td width=\"264\">Trabajo vocal III<\/td>\n<td width=\"341\">Trabajo vocal II<\/td>\n<\/tr>\n<tr>\n<td width=\"264\">Historia del teatro I<\/td>\n<td width=\"341\">An\u00e1lisis de la dramaturgia esc\u00e9nica y literaria II<\/td>\n<\/tr>\n<tr>\n<td width=\"264\">Did\u00e1ctica del teatro I<\/td>\n<td width=\"341\">Did\u00e1ctica General; Psicolog\u00eda de la Educaci\u00f3n II; Pr\u00e1ctica Docente II<\/td>\n<\/tr>\n<tr>\n<td width=\"264\">Pr\u00e1ctica Docente III *<\/td>\n<td width=\"341\">2do a\u00f1o completo<\/td>\n<\/tr>\n<tr>\n<td width=\"264\">Pol\u00edtica Educativa<\/td>\n<td width=\"341\">Did\u00e1ctica General; Historia sociopol\u00edtica de Latinoam\u00e9rica y Argentina<\/td>\n<\/tr>\n<tr>\n<td width=\"264\">Teor\u00edas del arte I<\/td>\n<td width=\"341\">Historia sociopol\u00edtica de Latinoam\u00e9rica y Argentina; Historia de las Artes Visuales II<\/td>\n<\/tr>\n<tr>\n<td width=\"264\">Did\u00e1ctica de las Artes Visuales I<\/td>\n<td width=\"341\">Did\u00e1ctica General; Psicolog\u00eda de la Educaci\u00f3n II; Pr\u00e1ctica Docente II<\/td>\n<\/tr>\n<\/tbody>\n<\/table>\n<p><strong>CUARTO A\u00d1O<\/strong><\/p>\n<table width=\"605\">\n<tbody>\n<tr>\n<td width=\"264\">Pr\u00e1ctica esc\u00e9nica<\/td>\n<td width=\"341\">Actuaci\u00f3n III<\/td>\n<\/tr>\n<tr>\n<td width=\"264\">Trabajo corporal IV<\/td>\n<td width=\"341\">Trabajo corporal III<\/td>\n<\/tr>\n<tr>\n<td width=\"264\">Trabajo vocal IV<\/td>\n<td width=\"341\">Trabajo vocal III<\/td>\n<\/tr>\n<tr>\n<td width=\"264\">Taller de integraci\u00f3n teatro y otros lenguajes<\/td>\n<td width=\"341\">Trabajo corporal III y Actuaci\u00f3n III<\/td>\n<\/tr>\n<tr>\n<td width=\"264\">Historia del teatro II<\/td>\n<td width=\"341\">Historia del teatro I<\/td>\n<\/tr>\n<tr>\n<td width=\"264\">Sistemas esc\u00e9nicos<\/td>\n<td width=\"341\">An\u00e1lisis de la dramaturgia esc\u00e9nica y literaria II<\/td>\n<\/tr>\n<tr>\n<td width=\"264\">Did\u00e1ctica del teatro II<\/td>\n<td width=\"341\">Did\u00e1ctica del teatro I, Pr\u00e1ctica docente III y Pol\u00edtica Educativa<\/td>\n<\/tr>\n<tr>\n<td width=\"264\">Pr\u00e1ctica Docente IV*<\/td>\n<td width=\"341\">3er a\u00f1o completo<\/td>\n<\/tr>\n<tr>\n<td width=\"264\">Teor\u00edas del arte II<\/td>\n<td width=\"341\">Teor\u00edas del arte I; Historia del teatro I<\/td>\n<\/tr>\n<tr>\n<td width=\"264\">Metodolog\u00eda de la investigaci\u00f3n<\/td>\n<td width=\"341\">Teor\u00edas del arte I; Historia del teatro I<\/td>\n<\/tr>\n<\/tbody>\n<\/table>\n","protected":false},"excerpt":{"rendered":"<p>PROFESORADO DE TEATRO: \u00a0 El\u00a0Profesorado de Teatro\u00a0forma docentes especializados en la ense\u00f1anza de la disciplina habilitados para el ejercicio de la docencia en los niveles de la ense\u00f1anza obligatoria\u00a0con s\u00f3lidos conocimientos pedag\u00f3gicos,\u00a0atentos a los cambios y transformaciones propios de nuestra\u00a0tarea cotidiana y comprometidos con la realidad sociocultural de nuestro pa\u00eds, con un perfil abierto a &#8230; <a title=\"Profesorado de Teatro\" class=\"read-more\" href=\"https:\/\/eaic-bue.infd.edu.ar\/sitio\/13-profesorado-de-teatro\/\" aria-label=\"More on Profesorado de Teatro\">[+]<\/a><\/p>\n","protected":false},"author":2201,"featured_media":0,"parent":0,"menu_order":0,"comment_status":"closed","ping_status":"closed","template":"","meta":[],"acf":[],"_links":{"self":[{"href":"https:\/\/eaic-bue.infd.edu.ar\/sitio\/wp-json\/wp\/v2\/pages\/2121"}],"collection":[{"href":"https:\/\/eaic-bue.infd.edu.ar\/sitio\/wp-json\/wp\/v2\/pages"}],"about":[{"href":"https:\/\/eaic-bue.infd.edu.ar\/sitio\/wp-json\/wp\/v2\/types\/page"}],"author":[{"embeddable":true,"href":"https:\/\/eaic-bue.infd.edu.ar\/sitio\/wp-json\/wp\/v2\/users\/2201"}],"replies":[{"embeddable":true,"href":"https:\/\/eaic-bue.infd.edu.ar\/sitio\/wp-json\/wp\/v2\/comments?post=2121"}],"version-history":[{"count":3,"href":"https:\/\/eaic-bue.infd.edu.ar\/sitio\/wp-json\/wp\/v2\/pages\/2121\/revisions"}],"predecessor-version":[{"id":4459,"href":"https:\/\/eaic-bue.infd.edu.ar\/sitio\/wp-json\/wp\/v2\/pages\/2121\/revisions\/4459"}],"wp:attachment":[{"href":"https:\/\/eaic-bue.infd.edu.ar\/sitio\/wp-json\/wp\/v2\/media?parent=2121"}],"curies":[{"name":"wp","href":"https:\/\/api.w.org\/{rel}","templated":true}]}}