{"id":2134,"date":"2019-10-10T17:58:00","date_gmt":"2019-10-10T20:58:00","guid":{"rendered":"https:\/\/eaic-bue.infd.edu.ar\/sitio\/?page_id=2134"},"modified":"2019-11-28T14:00:54","modified_gmt":"2019-11-28T17:00:54","slug":"19-convenios","status":"publish","type":"page","link":"https:\/\/eaic-bue.infd.edu.ar\/sitio\/19-convenios\/","title":{"rendered":"Convenios &#8211; Escuelas Secundarias con orientaci\u00f3n Art\u00edstica"},"content":{"rendered":"<p>&nbsp;<\/p>\n<h4 style=\"text-align: center;\"><strong>CONVENIOS REALIZADOS CON LAS ESCUELAS SECUNDARIAS CON ORIENTACI\u00d3N ART\u00cdSTICA<\/strong><\/h4>\n<p>Prof. Daniela Passerini<\/p>\n<p>A partir de la creaci\u00f3n de las Escuelas Secundarias orientadas en los distintos lenguajes art\u00edsticos, en el a\u00f1o 2013 la Escuela de Arte Leopoldo Marechal, que se caracteriza por revisar permanentemente las pr\u00e1cticas de ense\u00f1anza y favorecer el acceso, permanencia y egreso de los\/as estudiantes, realiz\u00f3 modificaciones en los trayectos de acceso a la Formaci\u00f3n de Grado de las carreras, con el acompa\u00f1amiento del Inspector de la instituci\u00f3n, de manera de que estos trayectos puedan mantener relaci\u00f3n tanto con los nuevos dise\u00f1os curriculares de las carreras art\u00edsticas, vigentes desde el a\u00f1o 2011, como con la actual orientaci\u00f3n de los dise\u00f1os curriculares\u00a0 de las Escuelas Secundarias orientadas en arte.<\/p>\n<p>&nbsp;<\/p>\n<p>A partir de esta revisi\u00f3n y replanteamiento de los trayectos de acceso a las carreras, y tomando en cuenta que los dise\u00f1os curriculares de la ES atienden a los saberes m\u00ednimos indispensables para el ingreso al nivel terciario, la Escuela de Arte realiz\u00f3 articulaciones con directivos y docentes de las escuelas secundarias orientadas desde el a\u00f1o 2014 hasta la actualidad.<\/p>\n<p>De esta manera, los\/as egresados de Escuelas Secundarias en Artes Visuales y M\u00fasica\u00a0 ingresan directamente a las carreras de grado destinadas a formar docentes especializados\/as en la ense\u00f1anza art\u00edstica en los niveles Inicial, Primaria y Secundaria del mismo lenguaje art\u00edstico sin necesidad de cursar las FOBA<\/p>\n<p>A tal fin se realizaron las siguientes acciones:<\/p>\n<ol>\n<li>Se mantuvieron reuniones con directivos y docentes de escuelas secundarias orientadas para realizar la presentaci\u00f3n de las carreras que ofrece la Escuela de Arte y las caracter\u00edsticas de los trayectos de acceso (FOBA)<\/li>\n<li>Se realizaron articulaciones con los CIIEs de la regi\u00f3n, quienes realizaban asistencias t\u00e9cnico-pedag\u00f3gicas (ATP) para docentes y directivos de secundarias. Se detallan a continuaci\u00f3n las fechas de las reuniones y los ejes abordados:<\/li>\n<\/ol>\n<table width=\"583\">\n<tbody>\n<tr>\n<td colspan=\"3\" width=\"583\"><strong>A\u00d1O 2014<\/strong><\/td>\n<\/tr>\n<tr>\n<td width=\"168\"><strong>DESTINATARIOS<\/strong><\/td>\n<td width=\"321\"><strong>EJES ABORDADOS<\/strong><\/td>\n<td width=\"95\"><strong>FECHAS<\/strong><\/td>\n<\/tr>\n<tr>\n<td width=\"168\">Directivos y Docentes de Secundarias orientadas<\/td>\n<td width=\"321\">Articulaci\u00f3n entre las secundarias orientadas en M\u00fasica y la Escuela de Arte<\/td>\n<td width=\"95\">13\/05\/2014<\/td>\n<\/tr>\n<tr>\n<td width=\"168\">Docentes de secundarias orientadas en m\u00fasica<\/td>\n<td width=\"321\">Aspectos relevantes sobre la ense\u00f1anza del lenguaje musical<\/td>\n<td width=\"95\">02\/07\/2014<\/td>\n<\/tr>\n<tr>\n<td width=\"168\">Docentes de secundarias orientadas en m\u00fasica<\/td>\n<td width=\"321\">Abordaje del dise\u00f1o curricular de la asignatura lenguaje musical (4\u00b0 a\u00f1o) y An\u00e1lisis y producci\u00f3n musical (5\u00b0 a\u00f1o)<\/td>\n<td width=\"95\">19\/08\/2014<\/td>\n<\/tr>\n<tr>\n<td width=\"168\">Docentes de secundarias orientadas en m\u00fasica<\/td>\n<td width=\"321\">La planificaci\u00f3n.<\/td>\n<td width=\"95\">10\/09\/2014<\/td>\n<\/tr>\n<tr>\n<td width=\"168\">Docentes de secundarias orientadas en m\u00fasica<\/td>\n<td width=\"321\">Recursos y actividades para la ense\u00f1anza del lenguaje musical<\/td>\n<td width=\"95\">29\/10\/2014<\/td>\n<\/tr>\n<\/tbody>\n<\/table>\n<p>&nbsp;<\/p>\n<p>&nbsp;<\/p>\n<p>&nbsp;<\/p>\n<p>&nbsp;<\/p>\n<table width=\"592\">\n<tbody>\n<tr>\n<td colspan=\"2\" width=\"592\"><strong>A\u00d1O 2015<\/strong><\/td>\n<\/tr>\n<tr>\n<td width=\"168\"><strong>DESTINATARIOS<\/strong><\/td>\n<td width=\"425\"><strong>EJES ABORDADOS<\/strong><\/td>\n<\/tr>\n<tr>\n<td width=\"168\">Directivos y de escuelas Secundarias<\/td>\n<td width=\"425\">Convenios para el ingreso a las carreras:<\/p>\n<p>ES 63 (m\u00fasica), ES 67 (artes visuales), 153 (Orquesta El Tambo), 57 (no es orientada pero tienen proyecto de m\u00fasica)<\/p>\n<p>Los egresados de estas escuelas tienen prioridad en las vacantes, tomando en cuenta los saberes obtenidos en la escuela secundaria y facilitando la continuidad de los estudios en el lenguaje elegido. La inscripci\u00f3n de estos nuevos ingresantes se realiza en fechas previas al ingreso de aspirantes de otras orientaci\u00f3n<\/td>\n<\/tr>\n<tr>\n<td width=\"168\">Docentes y directivos de secundarias orientadas en m\u00fasica y artes visuales<\/td>\n<td width=\"425\">Se establecen acuerdos sobre los nuevos paradigmas en la ense\u00f1anza del arte<\/p>\n<p>Los problemas de la sobrevaloraci\u00f3n cultural de la partitura de notaci\u00f3n tradicional. Los <em>artefactos did\u00e1cticos y las<\/em> consecuencias en el aprendizaje del lenguaje musical.<\/p>\n<p>La reducci\u00f3n del arte a la t\u00e9cnica<\/td>\n<\/tr>\n<\/tbody>\n<\/table>\n<p>&nbsp;<\/p>\n<p>&nbsp;<\/p>\n<p>&nbsp;<\/p>\n<p>&nbsp;<\/p>\n<p>&nbsp;<\/p>\n<p>&nbsp;<\/p>\n<table width=\"583\">\n<tbody>\n<tr>\n<td colspan=\"3\" width=\"583\"><strong>A\u00d1O 2016<\/strong><\/td>\n<\/tr>\n<tr>\n<td width=\"168\"><strong>DESTINATARIOS<\/strong><\/td>\n<td width=\"321\"><strong>EJES ABORDADOS<\/strong><\/td>\n<td width=\"95\"><strong>FECHAS<\/strong><\/td>\n<\/tr>\n<tr>\n<td width=\"168\">Inspectores de secundaria y art\u00edstica<\/td>\n<td width=\"321\">Se planific\u00f3 el primer encuentro para fines de agosto con profesores y directivos de secundarias<\/td>\n<td width=\"95\">04\/07\/2016<\/td>\n<\/tr>\n<tr>\n<td width=\"168\">Docentes de secundarias orientadas en m\u00fasica y artes visuales<\/td>\n<td width=\"321\">Los DC. Marco general y contenidos espec\u00edficos. Construcci\u00f3n de un mapa de contenidos de cada asignatura de las dos orientaciones organiz\u00e1ndolos en 3 trimestres<\/td>\n<td width=\"95\">31\/08\/2016<\/td>\n<\/tr>\n<tr>\n<td width=\"168\">Docentes de secundarias orientadas en m\u00fasica y artes visuales<\/td>\n<td width=\"321\">Actividades posibles para abordar los contenidos trabajados en el encuentro anterior. Elaboraci\u00f3n de actividades propias en forma grupal<\/td>\n<td width=\"95\">28\/09\/2016<\/td>\n<\/tr>\n<\/tbody>\n<\/table>\n<p>&nbsp;<\/p>\n<ol start=\"3\">\n<li>Aquellos\/as estudiantes que egresan de las secundarias orientadas y optan por ingresar a la Escuela de Arte, mantienen una reuni\u00f3n previa a la inscripci\u00f3n con los\/as Jefes\/as de \u00e1rea con el objetivo realizar un primer acercamiento y presentar las caracter\u00edsticas de la Instituci\u00f3n, horarios, sedes, sitio web, documentaci\u00f3n requerida, \u00a0planes de estudios, titulaci\u00f3n que obtendr\u00edan\u00a0 y formas de inscripci\u00f3n, cursada y acreditaci\u00f3n.<\/li>\n<\/ol>\n<p>&nbsp;<\/p>\n<table width=\"583\">\n<tbody>\n<tr>\n<td colspan=\"3\" width=\"583\"><strong>A\u00d1O 2017<\/strong><\/td>\n<\/tr>\n<tr>\n<td width=\"168\"><strong>DESTINATARIOS<\/strong><\/td>\n<td width=\"321\"><strong>EJES ABORDADOS<\/strong><\/td>\n<td width=\"95\"><strong>FECHAS<\/strong><\/td>\n<\/tr>\n<tr>\n<td width=\"168\">Equipo directivo de la secundaria 111 (orientada en Teatro)<\/td>\n<td width=\"321\">Se realiza convenio para el ingreso a la carrera de Teatro en las mismas condiciones descriptas para los otros lenguajes.<\/td>\n<td width=\"95\">Febrero 2017<\/td>\n<\/tr>\n<\/tbody>\n<\/table>\n<p>&nbsp;<\/p>\n<p>&nbsp;<\/p>\n<p>&nbsp;<\/p>\n<p>&nbsp;<\/p>\n<p>&nbsp;<\/p>\n","protected":false},"excerpt":{"rendered":"<p>&nbsp; CONVENIOS REALIZADOS CON LAS ESCUELAS SECUNDARIAS CON ORIENTACI\u00d3N ART\u00cdSTICA Prof. Daniela Passerini A partir de la creaci\u00f3n de las Escuelas Secundarias orientadas en los distintos lenguajes art\u00edsticos, en el a\u00f1o 2013 la Escuela de Arte Leopoldo Marechal, que se caracteriza por revisar permanentemente las pr\u00e1cticas de ense\u00f1anza y favorecer el acceso, permanencia y egreso &#8230; <a title=\"Convenios &#8211; Escuelas Secundarias con orientaci\u00f3n Art\u00edstica\" class=\"read-more\" href=\"https:\/\/eaic-bue.infd.edu.ar\/sitio\/19-convenios\/\" aria-label=\"More on Convenios &#8211; Escuelas Secundarias con orientaci\u00f3n Art\u00edstica\">[+]<\/a><\/p>\n","protected":false},"author":2201,"featured_media":0,"parent":0,"menu_order":0,"comment_status":"closed","ping_status":"closed","template":"","meta":[],"acf":[],"_links":{"self":[{"href":"https:\/\/eaic-bue.infd.edu.ar\/sitio\/wp-json\/wp\/v2\/pages\/2134"}],"collection":[{"href":"https:\/\/eaic-bue.infd.edu.ar\/sitio\/wp-json\/wp\/v2\/pages"}],"about":[{"href":"https:\/\/eaic-bue.infd.edu.ar\/sitio\/wp-json\/wp\/v2\/types\/page"}],"author":[{"embeddable":true,"href":"https:\/\/eaic-bue.infd.edu.ar\/sitio\/wp-json\/wp\/v2\/users\/2201"}],"replies":[{"embeddable":true,"href":"https:\/\/eaic-bue.infd.edu.ar\/sitio\/wp-json\/wp\/v2\/comments?post=2134"}],"version-history":[{"count":5,"href":"https:\/\/eaic-bue.infd.edu.ar\/sitio\/wp-json\/wp\/v2\/pages\/2134\/revisions"}],"predecessor-version":[{"id":2281,"href":"https:\/\/eaic-bue.infd.edu.ar\/sitio\/wp-json\/wp\/v2\/pages\/2134\/revisions\/2281"}],"wp:attachment":[{"href":"https:\/\/eaic-bue.infd.edu.ar\/sitio\/wp-json\/wp\/v2\/media?parent=2134"}],"curies":[{"name":"wp","href":"https:\/\/api.w.org\/{rel}","templated":true}]}}