{"id":2136,"date":"2019-10-10T17:58:58","date_gmt":"2019-10-10T20:58:58","guid":{"rendered":"https:\/\/eaic-bue.infd.edu.ar\/sitio\/?page_id=2136"},"modified":"2019-10-15T17:38:50","modified_gmt":"2019-10-15T20:38:50","slug":"20-acuerdos-de-convivencia","status":"publish","type":"page","link":"https:\/\/eaic-bue.infd.edu.ar\/sitio\/20-acuerdos-de-convivencia\/","title":{"rendered":"Acuerdos de convivencia"},"content":{"rendered":"<p><strong>PROTOCOLO DE INTERVENCI\u00d3N ANTE SITUACIONES DE CONFLICTO<\/strong><\/p>\n<p><strong>R\u00e9gimen Acad\u00e9mico Institucional<\/strong><\/p>\n<p>El presente documento es un \u00f3rgano puntualmente dise\u00f1ado con el fin de establecer aspectos institucionales claramente definidos, que a su vez incorpora particularidades y especificaciones para la sustentabilidad y acompa\u00f1amiento acad\u00e9mico de los estudiantes, tanto como para la comunidad educativa toda. Disponible en: https:\/\/eaic-bue.infd.edu.ar\/sitio\/index.cgi?wid_seccion=39<\/p>\n<p><strong>Reglamento de convivencia<\/strong><\/p>\n<p>&nbsp;<\/p>\n<p><strong>Introducci\u00f3n, finalidad y consideraciones<\/strong><\/p>\n<p>Siendo preocupaciones primarias la de velar y garantizar el derecho a una sana y reciproca convivencia libre de toda agresi\u00f3n, ofensa y\/o violencia tanto sea f\u00edsica como s\u00edquica, y que por ende orienta sus pr\u00e1cticas educativas al fomento y ejercicio del cultivo de relaciones humanas armoniosas y pac\u00edfica, desde la escuela de Arte Leopoldo Marechal nos comprometemos a crear, mantener y proteger con todos los medios a nuestro alcance, un entorno laboral y educativo donde se respete la dignidad, libertad y diversidad del conjunto de personas<a href=\"#_edn1\" name=\"_ednref1\"><sup>[i]<\/sup><\/a>que participan en esta instituci\u00f3n.( Ver anexo 2, este anexo a\u00fan no se arm\u00f3 ya que integrantes del grupo iba a averiguar si era pertinente aclarar o no las diferentes identidades de g\u00e9nero)<\/p>\n<p>En virtud de este principio consideramos necesario tener a disposici\u00f3n de todos los actores institucionales un protocolo que regule y visibilice las problem\u00e1ticas de lo diferentes tipos de violencia.<\/p>\n<p>El presente reglamento tiene por objeto establecer normas que regulen ciertos y determinados comportamientos para la mejora de la convivencia, y para la generaci\u00f3n de condiciones favorables hacia el logro de un desarrollo \u00f3ptimo permanente en las pr\u00e1cticas educativas. As\u00ed mismo, pretende crear estrategias de prevenci\u00f3n y estrategias de intervenci\u00f3n ante posibles situaciones de conflictos.<\/p>\n<p>Se contara con la normativa vigente para todos los casos. Aquellos que no se ajusten a dicha normativa ser\u00e1n remitidos al CAI para evaluar la problem\u00e1tica en contexto.<\/p>\n<p>En relaci\u00f3n a la vulneraci\u00f3n de derechos se debe acompa\u00f1ar al denunciante, contener en todo el\u00a0 proceso, asesorar lugares de contenci\u00f3n y tratamiento, resguardar la privacidad, \u201cno es rol de la escuela determinar si hubo o no delito\u201d1 El rol es el de asesoramiento y acompa\u00f1amiento. En caso de estar frente a la presunci\u00f3n de la comisi\u00f3n de un delito ser\u00e1 la justicia la encargada de determinarlo. Las intervenciones institucionales deben tener un prop\u00f3sito pedag\u00f3gico y acad\u00e9mico, no deben tener car\u00e1cter PUNITIVAS, NI JURIDICAS, NI PATOLOGIZANTES.<\/p>\n<p>El objetivo prioritario del presente documento es prevenir y brindar un encuadre para la resoluci\u00f3n de posibles\u00a0 problem\u00e1ticas,\u00a0\u00a0 impulsando la mediaci\u00f3n ante situaciones de conflicto,\u00a0 apuntando a la formaci\u00f3n permanente en el respeto por el otro.<\/p>\n<p>&nbsp;<\/p>\n<p><strong>Protocolo de intervenci\u00f3n institucional ante situaciones de\u00a0 violencia y violencia de g\u00e9nero<\/p>\n<p><\/strong><\/p>\n<p>Este procedimiento regir\u00e1 y deber\u00e1 ser aplicado, en las siguientes situaciones dentro del \u00e1mbito de la Escuela de Arte Leopoldo Marechal.<\/p>\n<p>En el \u00e1mbito de las relaciones educativas que se desarrollen en el marco de cualquier dependencia perteneciente a la nombrada instituci\u00f3n o en cualquier lugar, o a trav\u00e9s de cualquier medio, siempre y cuando se den en circunstancias u ocasiones que re\u00fanan a los actores educativos dentro del marco del proyecto institucional.<\/p>\n<p>Este procedimiento involucra a toda la comunidad educativa.<br \/>\nEste procedimiento se aplicar\u00e1 en consonancia con la\u00a0 con la normativas vigentes para todos los casos.<strong>\u00a0 (Ver tipos de violencia en el anexo 1) <\/strong><\/p>\n<p><strong>\u00a0<\/strong><\/p>\n<p><strong>Link de consulta:<\/strong><\/p>\n<p>Ley 26743 \u2013 identidad de g\u00e9nero. Disponible en: <a href=\"https:\/\/drive.google.com\/file\/d\/1IqAbKmoFlgl7ZxbgmWLki_1xU2n2qMOP\/view\">https:\/\/drive.google.com\/file\/d\/1IqAbKmoFlgl7ZxbgmWLki_1xU2n2qMOP\/view<\/a><\/p>\n<p>&nbsp;<\/p>\n<p>Ley 26150 \u2013 programa nacional de educaci\u00f3n sexua integral. Disponible en <a href=\"https:\/\/drive.google.com\/file\/d\/1CEChPaJffhjN9WjkyWDLkpeFxRWQz2jJ\/view\">https:\/\/drive.google.com\/file\/d\/1CEChPaJffhjN9WjkyWDLkpeFxRWQz2jJ\/view<\/a><\/p>\n<p>&nbsp;<\/p>\n<p>Ley 27243 \u2013 violencia de g\u00e9nero \u2013 disponible en <a href=\"https:\/\/drive.google.com\/file\/d\/16DmjIehLY7W8YZyuzhGRo07AKGIs6xLs\/view\">https:\/\/drive.google.com\/file\/d\/16DmjIehLY7W8YZyuzhGRo07AKGIs6xLs\/view<\/a><\/p>\n<p>&nbsp;<\/p>\n<p>Estos y otros materiales de consulta, disponibles en: <a href=\"https:\/\/eaic-bue.infd.edu.ar\/sitio\/situaciones-de-conflicto-material-de-consulta\/\">https:\/\/eaic-bue.infd.edu.ar\/sitio\/situaciones-de-conflicto-material-de-consulta\/<\/a><\/p>\n<p>&nbsp;<\/p>\n<p><strong>\u00a0<\/strong><\/p>\n<p><strong>PROCEDIMIENTO<\/strong><\/p>\n<p>1- Se debe informar de cualquier situaci\u00f3n de violencia a las autoridades de la instituci\u00f3n.<\/p>\n<p>Debi\u00e9ndose dar garant\u00edas\u00a0 de respeto y confidencialidad: Es necesario proceder con la discreci\u00f3n necesaria para proteger la intimidad y la dignidad de las personas afectadas, aun cuando lo haga en tercera persona por haber tenido conocimiento de ello.<\/p>\n<p>El equipo directivo analizara confidencialmente el caso,\u00a0 ser\u00e1 quien reciba y oriente a la persona consultante d\u00e1ndole inmediatamente lugar a lo expuesto y desarrollando las estrategias de acci\u00f3n m\u00e1s adecuadas para su abordaje, derivaci\u00f3n y seguimiento.<\/p>\n<p>Dara respuestas en los primero siete d\u00edas h\u00e1biles luego de haber recibido la informaci\u00f3n.\u00a0 Se trabajara con la celeridad que todos los casos ameritan.\u00a0 Tom\u00e1ndose el tiempo para investigar los hechos en contexto y entender el cuadro de situaci\u00f3n.<\/p>\n<p>2-No se divulgar\u00e1 ninguna informaci\u00f3n a personas no implicadas en el caso salvo que sea estrictamente necesario para la construcci\u00f3n del contexto y ayude a la posibilidad de la mediaci\u00f3n institucional.<\/p>\n<p>El procedimiento debe garantizar una actuaci\u00f3n imparcial y un tratamiento justo para todas las personas afectadas. Se dar\u00e1 a conocer lo estrictamente necesario para garantizar el derecho de defensa de la\/s persona\/s se\u00f1aladas como responsable\/s de los hechos denunciados, debiendo la comunidad educativa evitar publicidad y la utilizaci\u00f3n pol\u00edtica del caso.<\/p>\n<p>Como as\u00ed tambi\u00e9n, se evitar\u00e1 la reiteraci\u00f3n innecesaria del relato de los hechos, la exposici\u00f3n p\u00fablica de la persona que denuncia o, datos espec\u00edficos que faciliten su identificaci\u00f3n con la finalidad de no <strong>re victimizaci\u00f3n <\/strong>de la\/el consultante.<\/p>\n<p>Cuando hablamos de violencia de g\u00e9nero nunca se pondr\u00e1 en duda la buena fe del denunciante esto es un derecho que se debe garantizar.<\/p>\n<p>La persona que efect\u00fae una consulta o denuncia ser\u00e1 tratada con el mayor respeto y confidencialidad debiendo ser escuchada en su exposici\u00f3n sin menoscabo de su dignidad y sin intromisi\u00f3n en aspectos que resulten irrelevantes para el conocimiento de los hechos. En todo momento se deber\u00e1 resguardar la voluntad de la persona, en cuanto a las acciones que decida realizar.<\/p>\n<p>La denuncia o consulta podr\u00e1 ser por escrito, pero no se tomaran en cuenta aquellas que se realicen desde el anonimato.<\/p>\n<p>Al momento de la denuncia o consulta, la persona que la realice podr\u00e1 acudir acompa\u00f1ada si as\u00ed lo desea. El equipo directivo podr\u00e1 acudir a la figura de un tercero para tomar conocimiento de la consulta\/ denuncia. Este tercero ser\u00e1 parte del equipo de conducci\u00f3n.<\/p>\n<p>&nbsp;<\/p>\n<p>3-En el caso de ser recibida una consulta o denuncia (informal) por profesores \u2013u otrxs integrantes de la Comunidad Educativa-, se deber\u00e1 derivar a la\/el\/lxs estudiante al equipo directivo para su inmediato tratamiento. Es importante que el que reciba la denuncia derive <strong>sin indagar sobre los hechos <\/strong>para evitar la re-victimizaci\u00f3n. En este caso, el\/la que reciba la denuncia deber\u00e1 alarmar de esta situaci\u00f3n al equipo directivo, sin exponer datos personales de la persona en cuesti\u00f3n. En caso contrario se tomar\u00e1 como un acto omisivo.<\/p>\n<p>4- Si el caso pudiera resolverse de manera institucional se elaborara un acta con las personas implicadas, la rectificaci\u00f3n correspondiente y la soluci\u00f3n acordada con las partes.<\/p>\n<p>5- La instituci\u00f3n deber\u00e1 hacer un seguimiento pedag\u00f3gico institucional del caso y verificar el acuerdo en el tiempo.<\/p>\n<p>6- Si el caso excede a los \u00f3rdenes institucionales se denunciara a los estamentos pertinentes, en caso de personas adultas la instituci\u00f3n\u00a0 debe asesorar de manera adecuada,\u00a0 donde y como se debe realizar la denuncia. Si la persona denunciante es un menor de edad la instituci\u00f3n tiene la obligaci\u00f3n \u00e9tica moral y social de denunciar e intervenir por el ni\u00f1o ni\u00f1a\u00a0 y adolescentes.\u00a0 (En nuestra instituci\u00f3n\u00a0 concurren menores en el \u00e1rea de FOBA.)<\/p>\n<p>&nbsp;<\/p>\n<p>7-En el caso de que la violencia sea ejercida hacia un <strong>menor de edad, <\/strong>la instituci\u00f3n tiene la obligaci\u00f3n de poner en marcha con rapidez los procedimientos detallados en los incisos precedentes, propiciando los recursos asistenciales que resguarden al ni\u00f1o\/a. Debiendo informar de la situaci\u00f3n a la familia o adultos\/as de referencia de las alumnas\/os, hacerle saber la estrategia que se est\u00e1 llevando adelante para intervenir en la situaci\u00f3n y asesorarlos respecto del procedimiento de la denuncia. El inter\u00e9s superior del ni\u00f1o debe prevalecer por sobre toda otra consideraci\u00f3n y en su resguardo se debe actuar con premura dando parte a las autoridades educativas y a los equipos interdisciplinarios.<\/p>\n<ul>\n<li>Informar a Inspecci\u00f3n del Nivel y Modalidad quienes har\u00e1n lo propio con la Jefatura Distrital. Ser\u00e1 desde Inspecci\u00f3n que se apliquen las cl\u00e1usulas del estatuto vigente.<br \/>\n\u2022 En el caso que la familia se negase a hacer la denuncia, es responsabilidad de la escuela realizarla.<\/li>\n<\/ul>\n<p>En el caso de tratarse de personal auxiliar, se informar\u00e1 de la situaci\u00f3n a las autoridades el Consejo Escolar, quienes actuar\u00e1n de acuerdo a la normativa vigente.<\/p>\n<p>&nbsp;<\/p>\n<p>8- Se considera una falta grave la\u00a0 acusaci\u00f3n o denuncia falsa en relaci\u00f3n con estos comportamientos, como as\u00ed tambi\u00e9n las represalias contra personas que efect\u00faen denuncias de buena fe, o que participen como testigos en una investigaci\u00f3n.\u00a0 Adopt\u00e1ndose las medidas y sanciones institucionales que acuerde el consejo acad\u00e9mico.<\/p>\n<p><strong>Continuidad de contacto entre personas involucradas<\/strong><\/p>\n<p>&nbsp;<\/p>\n<p>En el caso de que la persona consultante o denunciante y la\/s persona\/s implicada\/s en dichas acciones o comportamientos estuvieran o debieran estar en contacto directo por razones de trabajo o acad\u00e9micas, o si ese contacto expusiese a la persona denunciante a una situaci\u00f3n de vulnerabilidad por la permanencia o continuidad de la relaci\u00f3n laboral o acad\u00e9mica, las autoridades de la Instituci\u00f3n resolver\u00e1n conjuntamente con la\/las persona\/s consultantes la mejor v\u00eda de acci\u00f3n para proteger a la\/las denunciante\/s, de forma tal que no resulte obstruido su normal desarrollo laboral o acad\u00e9mico.<\/p>\n<p>&nbsp;<\/p>\n<p>Sobre \u00a0todo lo actuado se llevar\u00e1 registro escrito. Luego de la primera intervenci\u00f3n, la o los\/as integrante del equipo directivo de acuerdo al contexto, la evaluaci\u00f3n realizada y la manifestaci\u00f3n de voluntad de la\/el consultante, podr\u00e1n optar por:<\/p>\n<p>&nbsp;<\/p>\n<ol>\n<li><strong>a)<\/strong> Archivar el tr\u00e1mite en caso de no pertinencia de la situaci\u00f3n.<\/li>\n<li><strong>b)<\/strong> Realizar un asesoramiento y seguimiento sobre lo que fuera el motivo de consulta. En caso de no realizarse denuncia, este acompa\u00f1amiento deber\u00e1 ser <strong>consensuado <\/strong>con la persona consultante a la que se le har\u00e1n conocer las razones del mismo.<\/li>\n<li><strong>c)<\/strong> Realizar la derivaci\u00f3n por escrito con todos sus detalles, puntualizando: organismo a la que se la deriva para su atenci\u00f3n psicol\u00f3gica, social y patrocinio jur\u00eddico gratuito, teniendo en cuenta, adem\u00e1s, todas las cuestiones que hacen a la intervenci\u00f3n, como ser indicaciones y\/o estrategias a seguir. Se realizar\u00e1 con copia firmada por la consultante y el equipo directivo. Una copia se le entrega a la persona interesada y la otra, se archivar\u00e1 en carpetas implementadas con ese objetivo, documentaci\u00f3n que estar\u00e1 bajo la guarda del equipo interviniente para su registro y con la finalidad de realizar los relevamientos de datos y las estad\u00edsticas concomitantes dando cumplimiento as\u00ed a las indicaciones previstas en este protocolo.<\/li>\n<\/ol>\n<p>&nbsp;<\/p>\n<p><strong>Registro<\/strong><\/p>\n<p><strong>\u00a0<\/strong><\/p>\n<p>Los\/as integrantes del equipo elaborar\u00e1n un registro de todas las actuaciones donde consten los siguientes elementos:<\/p>\n<p>&nbsp;<\/p>\n<ol>\n<li>Adem\u00e1s de los datos formales, como ser, nombre, apellido, DNI, etc., se registrar\u00e1n datos personales relevantes de la consulta que permitan observar detalles y caracter\u00edsticas de la situaci\u00f3n.<\/li>\n<li>Descripci\u00f3n de la situaci\u00f3n por la cual se consulta.<\/li>\n<li>Evaluaci\u00f3n de la consulta a fin de estimar si la consultante se encuentra en una situaci\u00f3n de riesgo a nivel personal y\/o familiar.<\/li>\n<li>Observaciones, sugerencias y referencias sobre las estrategias de intervenci\u00f3n.<\/li>\n<li>Tramitaci\u00f3n que se le dar\u00e1 a la situaci\u00f3n en funci\u00f3n de las sugerencias realizadas. Tal registro permitir\u00e1 promover diagn\u00f3sticos permanentes sobre la magnitud y caracter\u00edsticas de las situaciones a fin de elaborar estrategias de concientizaci\u00f3n y visibilidad de las problem\u00e1ticas de violencia de g\u00e9nero en el marco institucional en la que surgi\u00f3.<\/li>\n<\/ol>\n<p><strong>\u00a0<\/strong><\/p>\n<p><strong>Difusi\u00f3n<\/strong><\/p>\n<p>&nbsp;<\/p>\n<p>La instituci\u00f3n cuenta con diferentes mecanismos de difusi\u00f3n y comunicaci\u00f3n que deber\u00e1n garantizar la accesibilidad al r\u00e9gimen de convivencia, a los procedimientos acordados para intervenir en situaciones conflictivas y a la informaci\u00f3n sobre el proyecto institucional donde se incluya la formaci\u00f3n para la prevenci\u00f3n de los diferentes tipos de violencia.<\/p>\n<p>Toda la comunidad educativa debe participar en la construcci\u00f3n de estos valores y replicar como docentes el perfil de egresados al cual aspiramos.<\/p>\n<p>Respetando un encuadre de la tarea docente alumno que apunte a consolidar la convivencia \u00e9tica en todas sus formas, con las responsabilidades y obligaciones que ello conlleva.<\/p>\n<p><strong>Modificaciones y ajustes<\/strong><\/p>\n<p>&nbsp;<\/p>\n<p>El presente Protocolo, ser\u00e1 plausible de modificaciones y ajustes en todo su cuerpo y apartados a ser votadas por el Consejo Acad\u00e9mico Institucional (C.A.I.), con la presencia obligatoria del Equipo directivo.<\/p>\n<p>&nbsp;<\/p>\n<ol>\n<li><strong>a<\/strong>. Con motivo de la evaluaci\u00f3n anual, se consideren modificaciones con la intenci\u00f3n de mejorar su funcionamiento y aplicaci\u00f3n, en tanto y en cuanto se respete la identidad del mismo en relaci\u00f3n a la tem\u00e1tica de referencia, siempre en consonancia con las leyes vigentes.<\/li>\n<li>Una vez efectivizado el proceso de revisi\u00f3n y confirmaci\u00f3n, el Protocolo entrar\u00e1 en funcionamiento con las nuevas modificaciones y agregados.<\/li>\n<\/ol>\n<p><strong>Aprobaci\u00f3n y aplicaci\u00f3n<\/strong><\/p>\n<p><strong>\u00a0<\/strong><\/p>\n<p>Apru\u00e9bese y apl\u00edquese el presente Protocolo en los \u00e1mbitos de acci\u00f3n ya descriptos, pertenecientes a la Escuela de Arte Leopoldo Marechal aprobado<\/p>\n<p>por el Consejo\u00a0 Acad\u00e9mico Institucional (CAI) en 2018<\/p>\n<p>&nbsp;<\/p>\n<p><strong>Fuentes bibliogr\u00e1ficas<\/strong><\/p>\n<p>&nbsp;<\/p>\n<p>Ministerio de Educaci\u00f3n y Deportes. Presidencia de la Naci\u00f3n; <em>Jornada Nacional \u201cEducar en<\/em><br \/>\n<em>Igualdad: Prevenci\u00f3n y Erradicaci\u00f3n de la Violencia de G\u00e9nero\u201d. Ley 27.234. Orientaciones para las Instituciones Educativas<\/em>, 2016. -Ley N\u00ba 26.061 de Protecci\u00f3n Integral de Derechos de Ni\u00f1as, Ni\u00f1os y Adolescentes que establece el derecho de ellos y ellas a vivir con dignidad, a no ser sometidos a trato violento, discriminatorio, vejatorio, humillante, intimidatorio y a ninguna forma de explotaci\u00f3n;-La Ley N\u00ba 26.206 de Educaci\u00f3n Nacional que establece como fin educativo asegurar condiciones de igualdad, respetando las diferencias entre las personas sin admitir discriminaci\u00f3n de g\u00e9nero ni de ning\u00fan otro tipo; -Convenci\u00f3n sobre la Eliminaci\u00f3n de todas las formas de Discriminaci\u00f3n contra la Mujer\u2013CEDAW de 1979 (con rango constitucional desde su incorporaci\u00f3n a la Constituci\u00f3n Nacional en 1994); Convenci\u00f3n Interamericana para Prevenir, Sancionar y Erradicar la Violencia contra la Mujer \u201cConvenci\u00f3n de Bel\u00e9m do Par\u00e1\u201d (aprobada en la Ley 24.632 en 1996); entre otras.- La Ley N\u00ba 26.485 de Protecci\u00f3n Integral para Prevenir, Sancionar y Erradicar la Violencia contra las Mujeres en los \u00c1mbitos en que Desarrollen sus Relaciones Interpersonales.-La Ley de Educaci\u00f3n Sexual Integral establece entre los objetivos del Programa Nacional de ESI el de procurar igualdad de trato y oportunidades para mujeres y varones.<\/p>\n<p>Constituci\u00f3n Nacional Principio de inocencia que rige en un estado de derecho. (Art, 18,33, 75 inc.22 de tratados internacionales)<\/p>\n<p><strong>Anexo 1<\/strong><\/p>\n<p><strong>TIPOS DE VIOLENCIA<\/strong><\/p>\n<p><strong>\u00a0<\/strong><\/p>\n<p><strong>Violencia f\u00edsica<\/strong><\/p>\n<p>Es la que se ejerce intencionalmente contra el cuerpo de la identidad disidente; es el maltrato, da\u00f1o directo y concreto que en cualquiera de sus formas atenta y perjudica su integridad f\u00edsica.<\/p>\n<p><strong>Violencia psicol\u00f3gica<\/strong><\/p>\n<p>Es aquella que causa da\u00f1o emocional y disminuci\u00f3n de la autoestima; perturba, perjudica, y busca degradar o controlar acciones, comportamientos, creencias y decisiones mediante amenaza, acoso, hostigamiento, restricci\u00f3n, humillaci\u00f3n, deshonra, descr\u00e9dito, manipulaci\u00f3n o aislamiento.\u00a0 Incluye tambi\u00e9n culpabilizar, vigilar permanente y opresivamente, exigir obediencia o sumisi\u00f3n, coerci\u00f3n verbal, persecuci\u00f3n, insulto, indiferencia, abandono, celos excesivos, chantaje, difamaci\u00f3n, ridiculizaci\u00f3n, explotaci\u00f3n, y limitaci\u00f3n del derecho de circulaci\u00f3n o cualquier otro medio que cause perjuicio a la autodeterminaci\u00f3n y salud ps\u00edquica.<\/p>\n<p><strong>\u00a0<\/strong><\/p>\n<p><strong>Dentro de esta definici\u00f3n se ubicar\u00eda el acoso sexual:<\/strong><\/p>\n<p>Se entiende por acoso sexual, todo comentario reiterado o conducta con connotaci\u00f3n sexual que implique hostigamiento, asedio, que tenga por fin inducir a otra persona a acceder a requerimientos sexuales no deseados o no consentidos que menoscaben la autoestima, la dignidad, integridad psicol\u00f3gica o la seguridad personal.<\/p>\n<p>Acoso sexual: se entiende por tal cualquier comportamiento, verbal o f\u00edsico de naturaleza sexual que tenga el prop\u00f3sito o produzca el efecto de atentar contra la dignidad de una persona, en particular, cuando se crea un entorno intimidatorio, degradante u ofensivo.<\/p>\n<p>Se caracteriza por el reiterado hostigamiento y persecuci\u00f3n y que tiene la misi\u00f3n, el objetivo, de lograr que la otra persona acceda a hacer aquello que se le exige insistentemente. En cualquiera de sus formas el acoso genera incomodidad en la persona vulnerada.<\/p>\n<p>Cuando se comete acoso sexual se pone de manifiesto la negaci\u00f3n de la voluntad de quien es v\u00edctima de esa acci\u00f3n, se niega el respeto, afectando la integridad ps\u00edquica y en algunos casos f\u00edsica de la persona vulnerada. Esta pr\u00e1ctica puede darse sobre\u00a0 cualquier persona.\u00a0 En una\u00a0 situaci\u00f3n de acoso sexual se da un abuso de poder sobre otro pasivo que se ve vulnerado. Se ve alterada la concepci\u00f3n de igualdad de derechos dificultado\u00a0 su proceso formativo o laboral.<\/p>\n<p>Tipos de acoso sexual:<\/p>\n<p>Acoso sexual de intercambio o chantaje sexual: Es el producido por un superior jer\u00e1rquico o personas cuyas decisiones pueden tener efectos sobre el empleo y las condiciones de trabajo de la persona acosada. En este sentido, s\u00f3lo pueden ser sujetos activos de este tipo de acoso aquellas personas que tengan poder de decidir sobre la relaci\u00f3n laboral y las condiciones de trabajo, es decir las personas jer\u00e1rquicamente superiores<\/p>\n<p>Acoso sexual ambiental: Es el mantenimiento de un comportamiento o actitud de naturaleza sexual de cualquier clase, no deseada por la persona acosada, que produce un entorno de trabajo negativo,\u00a0 ofensivo, humillante, intimidatorio u hostil, que acaba por interferir en su rendimiento habitual. En este caso, tambi\u00e9n pueden ser sujetos activos del acoso todos los actores de la comunidad educativa. Los comentarios y chistes de naturaleza y contenido sexual, comentarios sobre la vida \u00edntima o sexual de la persona, la exhibici\u00f3n de im\u00e1genes pornogr\u00e1ficas, la divulgaci\u00f3n en el entorno de trabajo de fotograf\u00edas o im\u00e1genes \u00edntimas de la persona (cualquiera sea su rol institucional), etc.<\/p>\n<p>&nbsp;<\/p>\n<p><strong>Violencia Simb\u00f3lica<\/strong><\/p>\n<p>Es aquella en la que a trav\u00e9s de patrones estereotipados, mensajes, valores, \u00edconos o signos transmite y reproduce dominaci\u00f3n, desigualdad y discriminaci\u00f3n en las relaciones sociales, naturalizando la subordinaci\u00f3n de la mujer e identidades disidentes en la sociedad.<\/p>\n<p><strong>Violencia Institucional<\/strong><\/p>\n<p>(Tal como lo describe la Ley N\u00b0 26.485)<\/p>\n<p><strong>Violencia sexual<\/strong><\/p>\n<p>Entendida como cualquier acto de invasi\u00f3n sobre el derecho de la persona de decidir sobre su vida sexual o reproductiva en cualquiera de sus formas, sean estas mediante amenazas, coerci\u00f3n, uso de la fuerza o intimidaci\u00f3n, incluyendo la violaci\u00f3n -con o sin acceso carnal- dentro del matrimonio o de otras relaciones vinculares o de parentesco, exista o no convivencia, as\u00ed como la prostituci\u00f3n forzada, explotaci\u00f3n, esclavitud, acoso, abuso sexual y trata de mujeres.<\/p>\n<p><a href=\"#_ednref1\" name=\"_edn1\">[i]<\/a> Independientemente de su ideolog\u00eda, religi\u00f3n o identidades de g\u00e9nero, de aqu\u00ed en m\u00e1s utilizaremos este t\u00e9rmino para referirnos a todas las identidades de g\u00e9nero \/ sexuales: var\u00f3n, mujer, lesbiana, travesti, transexual, bisexual, intersexual.<\/p>\n<p>&nbsp;<\/p>\n<p>&nbsp;<\/p>\n<p>&nbsp;<\/p>\n<p>&nbsp;<\/p>\n<p>&nbsp;<\/p>\n<p>&nbsp;<\/p>\n<p>&nbsp;<\/p>\n<p>&nbsp;<\/p>\n<p>&nbsp;<\/p>\n<p>&nbsp;<\/p>\n<p>&nbsp;<\/p>\n<p>&nbsp;<\/p>\n<p>&nbsp;<\/p>\n<p>&nbsp;<\/p>\n<p>&nbsp;<\/p>\n<p>&nbsp;<\/p>\n<p>&nbsp;<\/p>\n<p>&nbsp;<\/p>\n<p>&nbsp;<\/p>\n<p>&nbsp;<\/p>\n<p>&nbsp;<\/p>\n<p>&nbsp;<\/p>\n<p>&nbsp;<\/p>\n<p>&nbsp;<\/p>\n<p>&nbsp;<\/p>\n<p>&nbsp;<\/p>\n<p>&nbsp;<\/p>\n<p>&nbsp;<\/p>\n<p>&nbsp;<\/p>\n<p>&nbsp;<\/p>\n<p>&nbsp;<\/p>\n<p>&nbsp;<\/p>\n","protected":false},"excerpt":{"rendered":"<p>PROTOCOLO DE INTERVENCI\u00d3N ANTE SITUACIONES DE CONFLICTO R\u00e9gimen Acad\u00e9mico Institucional El presente documento es un \u00f3rgano puntualmente dise\u00f1ado con el fin de establecer aspectos institucionales claramente definidos, que a su vez incorpora particularidades y especificaciones para la sustentabilidad y acompa\u00f1amiento acad\u00e9mico de los estudiantes, tanto como para la comunidad educativa toda. Disponible en: https:\/\/eaic-bue.infd.edu.ar\/sitio\/index.cgi?wid_seccion=39 Reglamento &#8230; <a title=\"Acuerdos de convivencia\" class=\"read-more\" href=\"https:\/\/eaic-bue.infd.edu.ar\/sitio\/20-acuerdos-de-convivencia\/\" aria-label=\"More on Acuerdos de convivencia\">[+]<\/a><\/p>\n","protected":false},"author":2201,"featured_media":0,"parent":0,"menu_order":0,"comment_status":"closed","ping_status":"closed","template":"","meta":[],"acf":[],"_links":{"self":[{"href":"https:\/\/eaic-bue.infd.edu.ar\/sitio\/wp-json\/wp\/v2\/pages\/2136"}],"collection":[{"href":"https:\/\/eaic-bue.infd.edu.ar\/sitio\/wp-json\/wp\/v2\/pages"}],"about":[{"href":"https:\/\/eaic-bue.infd.edu.ar\/sitio\/wp-json\/wp\/v2\/types\/page"}],"author":[{"embeddable":true,"href":"https:\/\/eaic-bue.infd.edu.ar\/sitio\/wp-json\/wp\/v2\/users\/2201"}],"replies":[{"embeddable":true,"href":"https:\/\/eaic-bue.infd.edu.ar\/sitio\/wp-json\/wp\/v2\/comments?post=2136"}],"version-history":[{"count":2,"href":"https:\/\/eaic-bue.infd.edu.ar\/sitio\/wp-json\/wp\/v2\/pages\/2136\/revisions"}],"predecessor-version":[{"id":2206,"href":"https:\/\/eaic-bue.infd.edu.ar\/sitio\/wp-json\/wp\/v2\/pages\/2136\/revisions\/2206"}],"wp:attachment":[{"href":"https:\/\/eaic-bue.infd.edu.ar\/sitio\/wp-json\/wp\/v2\/media?parent=2136"}],"curies":[{"name":"wp","href":"https:\/\/api.w.org\/{rel}","templated":true}]}}