{"id":2145,"date":"2019-10-10T18:04:35","date_gmt":"2019-10-10T21:04:35","guid":{"rendered":"https:\/\/eaic-bue.infd.edu.ar\/sitio\/?page_id=2145"},"modified":"2019-10-15T17:39:16","modified_gmt":"2019-10-15T20:39:16","slug":"26-perspectivas-a-futuro","status":"publish","type":"page","link":"https:\/\/eaic-bue.infd.edu.ar\/sitio\/26-perspectivas-a-futuro\/","title":{"rendered":"Perspectivas a futuro"},"content":{"rendered":"<p>En esta secci\u00f3n se podr\u00e1n visualizar los proyectos en v\u00edas de futura implementaci\u00f3n a saber:<\/p>\n<ul>\n<li>Alternativa para el trayecto de acceso al Profesorado y Tecnicatura de Instrumento\/Canto Popular<\/li>\n<li>Apertura del Profesorado de Danzas orientaci\u00f3n Expresi\u00f3n Corporal<\/li>\n<\/ul>\n","protected":false},"excerpt":{"rendered":"<p>En esta secci\u00f3n se podr\u00e1n visualizar los proyectos en v\u00edas de futura implementaci\u00f3n a saber: Alternativa para el trayecto de acceso al Profesorado y Tecnicatura de Instrumento\/Canto Popular Apertura del Profesorado de Danzas orientaci\u00f3n Expresi\u00f3n Corporal<\/p>\n","protected":false},"author":2201,"featured_media":0,"parent":0,"menu_order":0,"comment_status":"closed","ping_status":"closed","template":"","meta":[],"acf":[],"_links":{"self":[{"href":"https:\/\/eaic-bue.infd.edu.ar\/sitio\/wp-json\/wp\/v2\/pages\/2145"}],"collection":[{"href":"https:\/\/eaic-bue.infd.edu.ar\/sitio\/wp-json\/wp\/v2\/pages"}],"about":[{"href":"https:\/\/eaic-bue.infd.edu.ar\/sitio\/wp-json\/wp\/v2\/types\/page"}],"author":[{"embeddable":true,"href":"https:\/\/eaic-bue.infd.edu.ar\/sitio\/wp-json\/wp\/v2\/users\/2201"}],"replies":[{"embeddable":true,"href":"https:\/\/eaic-bue.infd.edu.ar\/sitio\/wp-json\/wp\/v2\/comments?post=2145"}],"version-history":[{"count":2,"href":"https:\/\/eaic-bue.infd.edu.ar\/sitio\/wp-json\/wp\/v2\/pages\/2145\/revisions"}],"predecessor-version":[{"id":2210,"href":"https:\/\/eaic-bue.infd.edu.ar\/sitio\/wp-json\/wp\/v2\/pages\/2145\/revisions\/2210"}],"wp:attachment":[{"href":"https:\/\/eaic-bue.infd.edu.ar\/sitio\/wp-json\/wp\/v2\/media?parent=2145"}],"curies":[{"name":"wp","href":"https:\/\/api.w.org\/{rel}","templated":true}]}}