{"id":2189,"date":"2019-10-15T17:35:19","date_gmt":"2019-10-15T20:35:19","guid":{"rendered":"https:\/\/eaic-bue.infd.edu.ar\/sitio\/?page_id=2189"},"modified":"2026-04-03T15:12:43","modified_gmt":"2026-04-03T18:12:43","slug":"plan-de-prevencion-de-riesgos","status":"publish","type":"page","link":"https:\/\/eaic-bue.infd.edu.ar\/sitio\/plan-de-prevencion-de-riesgos\/","title":{"rendered":"Plan de prevenci\u00f3n de riesgo"},"content":{"rendered":"<h5 style=\"text-align: center;\"><strong><em><u>Plan de prevenci\u00f3n del Riesgo-Artes Visuales<\/u><\/em><\/strong><\/h5>\n<p><u>PRODUCTOS QU\u00cdMICOS UTILIZADOS EN GRABADO<\/u><\/p>\n<ul>\n<li>LOS \u00c1CIDOS<\/li>\n<li>LOS DISOLVENTES<\/li>\n<li>LAS TINTAS<\/li>\n<li>LOS BARNICES<\/li>\n<li>POLVOS<\/li>\n<\/ul>\n<p><strong><u>LOS \u00c1CIDOS <\/u><\/strong><\/p>\n<p>Los \u00e1cidos son productos corrosivos y, en ocasiones, t\u00f3xicos. Su grado de peligrosidad depende de los siguientes factores:<\/p>\n<p>&#8211; La cantidad de material a la que el grabador est\u00e1 expuesto<\/p>\n<p>&#8211; La concentraci\u00f3n del \u00e1cido cuando se manipula<\/p>\n<p>&#8211; Las condiciones de exposici\u00f3n<\/p>\n<p>&#8211; La duraci\u00f3n y la frecuencia de la exposici\u00f3n<\/p>\n<p>&#8211; La toxicidad de los materiales a utilizar<\/p>\n<p>&#8211; El peso total del cuerpo<\/p>\n<p>&#8211; M\u00faltiples exposiciones<\/p>\n<p>&#8211; Si la persona que utilizar\u00e1 o manipular\u00e1 el producto pertenece o no a un grupo de riesgo<\/p>\n<p><u>RIESGOS PARA LA SALUD <\/u><\/p>\n<ul>\n<li>Contacto con la piel: Los \u00e1cidos irritan la piel y, en soluciones concentradas, pueden causar quemaduras qu\u00edmicas, especialmente en los ojos.<\/li>\n<li>Inhalaci\u00f3n: La inhalaci\u00f3n de los vapores de los \u00e1cidos y sus mezclas, pueden causar irritaci\u00f3n en el sistema respiratorio y en las membranas de los ojos y nariz, pudiendo provocar bronquitis cr\u00f3nica y enfermedades similares. Concentraciones elevadas de vapores de \u00e1cido pueden provocar edema pulmonar y otros da\u00f1os pulmonares.<\/li>\n<li>Ingesti\u00f3n: La ingesti\u00f3n de peque\u00f1as cantidades puede perjudicar el est\u00f3mago e, incluso, provocar la muerte.<\/li>\n<\/ul>\n<p><u>\u00a0MEDIDAS PREVENTIVAS <\/u><\/p>\n<ol>\n<li>En caso de contacto o salpicaduras en la piel o en los ojos, es preciso lavar la zona en agua corriente durante 20 a 30 minutos. Si la lesi\u00f3n es grave o se ha producido en los ojos, despu\u00e9s del lavado, hay que acudir urgentemente al servicio m\u00e9dico m\u00e1s pr\u00f3ximo.<\/li>\n<li>No manipular las planchas sumergidas en el \u00e1cido con los dedos. Poner una cinta adhesiva a modo de colgador detr\u00e1s de la plancha para manipularla desde fuera de la cubeta o del tanque que contiene el ba\u00f1o corrosivo.<\/li>\n<li>Introducir y sacar la plancha del ba\u00f1o corrosivo con cuidado. Lavar la plancha con agua corriente al sacarla de la cubeta.<\/li>\n<li>Los ba\u00f1os corrosivos son distintos en funci\u00f3n del tipo de metal que tienen que grabar, y cada plancha met\u00e1lica tiene que sumergirse dentro del ba\u00f1o \u00e1cido que le corresponda.<\/li>\n<li>No entrar en la sala de \u00e1cidos con productos inflamables tales como disolventes, alcoholes, etc. 6. Lavarse las manos con agua y jab\u00f3n antes de abandonar la sala de \u00e1cidos.<\/li>\n<li>No ingerir alimentos, ni fumar dentro de las instalaciones.<\/li>\n<li>Cuando las cubetas o tanques verticales que contienen los \u00e1cidos no se utilicen, se deben mantener tapados para evitar evaporaciones de gases y vapores.<\/li>\n<\/ol>\n<p><u>EQUIPOS DE PROTECCI\u00d3N INDIVIDUAL (EPIS) <\/u><\/p>\n<ol>\n<li>Protecci\u00f3n respiratoria<\/li>\n<li>Gafas de protecci\u00f3n ocular<\/li>\n<li>Guantes de vit\u00f3n o de butilo, o caucho nitrilo, para la protecci\u00f3n de manos<\/li>\n<li>Bata de algod\u00f3n y delantal de neopreno, vit\u00f3n o hule but\u00edlico (no de PVA o polietileno), para repeler las salpicaduras de \u00e1cido.<\/li>\n<li>El calzado tiene que ser c\u00f3modo, cerrado y transpirable. Que ate bien el pie y que tenga la suela antideslizante.<\/li>\n<\/ol>\n<p><strong><u>LOS DISOLVENTES <\/u><\/strong><\/p>\n<ul>\n<li>Un disolvente es una sustancia l\u00edquida utilizada com\u00fanmente para disolver otra sustancia. Los disolventes son compuestos derivados del carbono, de uso frecuente en la industria bajo una gran variedad de denominaciones comerciales y qu\u00edmicas. Los disolventes pueden causar efectos nocivos si no se usan con las medidas higi\u00e9nicas y los procedimientos adecuados. Tambi\u00e9n son inflamables.<\/li>\n<li>Ning\u00fan disolvente es inocuo y saludable. Todos los disolventes, sean considerados naturales o sint\u00e9ticos, son potencialmente peligrosos.<\/li>\n<li>Los productos qu\u00edmicos catalogados como carcinog\u00e9nicos (es el caso del benceno) y mutag\u00e9nicos, as\u00ed como los que pueden provocar efectos perjudiciales sobre la reproducci\u00f3n, deben ser eliminados y sustituidos por otros menos peligrosos<\/li>\n<\/ul>\n<p><u>RIESGOS PARA LA SALUD <\/u><\/p>\n<p>\u2013 Inhalaci\u00f3n: Es la v\u00eda m\u00e1s importante. El vapor del disolvente en el aire es respirado y pasa f\u00e1cilmente a trav\u00e9s de los pulmones hasta entrar en la sangre.<\/p>\n<p>\u2013 Contacto con la piel: Muchos disolventes pasan directamente a trav\u00e9s de la piel y entran en el torrente sangu\u00edneo.<\/p>\n<p>\u2013 Ingesti\u00f3n: Los disolventes pueden ser ingeridos a trav\u00e9s de la boca por contacto con las manos, bebidas, alimentos y cigarrillos contaminados.<\/p>\n<p><u>Efectos causados por una sola exposici\u00f3n a una cantidad de disolventes: <\/u><\/p>\n<ul>\n<li>Irritaci\u00f3n de ojos, nariz y garganta.<\/li>\n<li>En contacto con la piel pueden provocar eczema e irritaci\u00f3n. ya que los disolventes disuelven las propias grasas de la piel.<\/li>\n<li>Actuaci\u00f3n sobre el sistema nervioso central (SNC) con efecto narc\u00f3tico (sensaci\u00f3n de somnolencia).<\/li>\n<li>N\u00e1useas, v\u00f3mitos, mareos.<\/li>\n<li>Dolores de cabeza. Efectos causados por exposiciones frecuentes y largo periodo de tiempo<\/li>\n<li>Lesiones en SNC (Sensaci\u00f3n de embriaguez).<\/li>\n<li>Lesiones en ri\u00f1\u00f3n (insuficiencia renal en casos graves).<\/li>\n<li>En h\u00edgado (s\u00edntomas digestivos como p\u00e9rdida de apetito, n\u00e1useas, mal sabor de boca, incluso alg\u00fan disolvente puede producir cirrosis o c\u00e1ncer de h\u00edgado).<\/li>\n<li>Lesiones en coraz\u00f3n: alteraci\u00f3n del ritmo cardiaco.<\/li>\n<li>Lesiones en pulmones: Dificultad respiratoria.<\/li>\n<li>Lesiones en m\u00e9dula \u00f3sea (anemias y leucemias).<\/li>\n<li>Lesiones en piel: Casi todos los disolventes pueden ser absorbidos por la piel normal, produciendo enrojecimiento, urticaria y sequedad.<\/li>\n<\/ul>\n<p><u>MEDIDAS PREVENTIVAS <\/u><\/p>\n<ol>\n<li>Utilizar los disolventes en zonas bien ventiladas, ya sea de forma natural o forzada, y utilizar extracci\u00f3n localizada para evacuar los vapores generados.<\/li>\n<li>Utilizar EPIs adecuados, como son guantes, delantales y gafas de seguridad.<\/li>\n<li>Sustituir, en la medida de lo posible, los disolventes muy t\u00f3xicos por otros disolventes menos t\u00f3xicos.<\/li>\n<li>No beber, fumar ni comer dentro del taller de grabado.<\/li>\n<li>Nunca utilizar disolventes para eliminar pintura o grasa de la piel. Utilizar agua y jab\u00f3n, o limpiadores de manos que no necesiten agua.<\/li>\n<li>En el caso de contaminaci\u00f3n por inhalaci\u00f3n o ingesti\u00f3n, acudir inmediatamente al m\u00e9dico.<\/li>\n<li>Sustituir la ropa contaminada al salir del taller de grabado.<\/li>\n<li>La exposici\u00f3n a los disolventes es particularmente peligrosa para el desarrollo del feto, por lo que a las mujeres embarazadas deber\u00e1n posponer el trabajo con los disolventes hasta el parto o despu\u00e9s de la lactancia.<\/li>\n<\/ol>\n<p><strong><u>\u00a0LAS TINTAS <\/u><\/strong><\/p>\n<p>La tinta grasa es la m\u00e1s utilizada en occidente a partir del siglo XV en tipograf\u00eda, grabado en relieve y en hueco, as\u00ed como en litograf\u00eda. Se compone b\u00e1sicamente de PIGMENTOS (usualmente substancias en polvo que a\u00f1aden negro, blanco o color a otro material), AGLUTINANTES o veh\u00edculos (son los l\u00edquidos en donde se mezcla el pigmento -en la tinta calcogr\u00e1fica el veh\u00edculo suele ser aceite de lino hervido-), y MODIFICADORES (sustancias utilizadas para determinar caracter\u00edsticas espec\u00edficas de las tintas tales como dureza, espesor, carga o densidad). Entre los modificadores cabe destacar los secativos, las bases transparentes, los retardantes, etc.<\/p>\n<p><u>RIESGOS PARA LA SALUD <\/u><\/p>\n<p>La variedad de productos que intervienen en la composici\u00f3n de las tintas calcogr\u00e1ficas determina unas particularidades fisicoqu\u00edmicas, toxicol\u00f3gicas y ecotoxicol\u00f3gicas diferentes las unas de las otras.<\/p>\n<p><u>MEDIDAS PREVENTIVAS <\/u><\/p>\n<ol>\n<li>Se deben utilizar guantes durante la preparaci\u00f3n de las tintas, en el proceso de entintado y en la limpieza de las planchas.<\/li>\n<li>Las latas de tinta se deben cerrar despu\u00e9s de su uso.<\/li>\n<li>Nunca se deben lavar las manos manchadas de tinta con disolvente. Se debe utilizar un desengrasante natural como puede ser aceite, agua y jab\u00f3n.<\/li>\n<li>Una higiene personal adecuada es necesaria cuando se trabaja con productos peligrosos (pinturas, pigmentos, disolventes, etc.) en el taller. Al finalizar la jornada de trabajo se lavar\u00e1n manos, u\u00f1as, antebrazos y cara con agua y jab\u00f3n.<\/li>\n<li>Las tintas residuales, trapos sucios y papeles se deben depositar en contenedores met\u00e1licos cerrados y se deben gestionar como residuos peligrosos.<\/li>\n<\/ol>\n<p><strong><u>LOS POLVOS <\/u><\/strong><\/p>\n<p>Los polvos deben manipularse con precauci\u00f3n ya que su inhalaci\u00f3n y dispersi\u00f3n en el ambiente puede dar lugar accidentes y\/o incidentes. &#8211; Resina colofonia &#8211; Carbonato de Calcio o blanco de Espa\u00f1a &#8211; Azufre \u2013 Talco<\/p>\n<p><u>MEDIDAS PREVENTIVAS <\/u><\/p>\n<ol>\n<li>Se utilizar\u00e1n siempre Equipos de Protecci\u00f3n Individual (EPIs) .<\/li>\n<li>Se evitar\u00e1 inhalar polvos de cualquier \u00edndole o exponerse en lugares donde hay mucho polvo. Los materiales que contengan s\u00edlice en polvo o asbesto pueden ocasionar lesiones y enfermedades pulmonares graves.<\/li>\n<li>El polvo se debe guardar en un contenedor de pl\u00e1stico bien cerrado.<\/li>\n<li>La resina o caja resinadora se debe manipular en un lugar bien ventilado.<\/li>\n<li>Al finalizar la jornada de trabajo se debe lavar manos, u\u00f1as, antebrazos y cara con agua y jab\u00f3n.<\/li>\n<li>Las personas con problemas al\u00e9rgicos y asm\u00e1ticos deben de evitar la utilizaci\u00f3n de polvos y aerosoles.<\/li>\n<\/ol>\n<p style=\"text-align: right;\">Jefatura de Artes visuales<\/p>\n<p style=\"text-align: right;\">Hidalgo M\u00f3nica<\/p>\n","protected":false},"excerpt":{"rendered":"<p>Plan de prevenci\u00f3n del Riesgo-Artes Visuales PRODUCTOS QU\u00cdMICOS UTILIZADOS EN GRABADO LOS \u00c1CIDOS LOS DISOLVENTES LAS TINTAS LOS BARNICES POLVOS LOS \u00c1CIDOS Los \u00e1cidos son productos corrosivos y, en ocasiones, t\u00f3xicos. Su grado de peligrosidad depende de los siguientes factores: &#8211; La cantidad de material a la que el grabador est\u00e1 expuesto &#8211; La concentraci\u00f3n &#8230; <a title=\"Plan de prevenci\u00f3n de riesgo\" class=\"read-more\" href=\"https:\/\/eaic-bue.infd.edu.ar\/sitio\/plan-de-prevencion-de-riesgos\/\" aria-label=\"More on Plan de prevenci\u00f3n de riesgo\">[+]<\/a><\/p>\n","protected":false},"author":2201,"featured_media":0,"parent":0,"menu_order":0,"comment_status":"closed","ping_status":"closed","template":"","meta":[],"acf":[],"_links":{"self":[{"href":"https:\/\/eaic-bue.infd.edu.ar\/sitio\/wp-json\/wp\/v2\/pages\/2189"}],"collection":[{"href":"https:\/\/eaic-bue.infd.edu.ar\/sitio\/wp-json\/wp\/v2\/pages"}],"about":[{"href":"https:\/\/eaic-bue.infd.edu.ar\/sitio\/wp-json\/wp\/v2\/types\/page"}],"author":[{"embeddable":true,"href":"https:\/\/eaic-bue.infd.edu.ar\/sitio\/wp-json\/wp\/v2\/users\/2201"}],"replies":[{"embeddable":true,"href":"https:\/\/eaic-bue.infd.edu.ar\/sitio\/wp-json\/wp\/v2\/comments?post=2189"}],"version-history":[{"count":3,"href":"https:\/\/eaic-bue.infd.edu.ar\/sitio\/wp-json\/wp\/v2\/pages\/2189\/revisions"}],"predecessor-version":[{"id":4864,"href":"https:\/\/eaic-bue.infd.edu.ar\/sitio\/wp-json\/wp\/v2\/pages\/2189\/revisions\/4864"}],"wp:attachment":[{"href":"https:\/\/eaic-bue.infd.edu.ar\/sitio\/wp-json\/wp\/v2\/media?parent=2189"}],"curies":[{"name":"wp","href":"https:\/\/api.w.org\/{rel}","templated":true}]}}