{"id":2251,"date":"2019-11-17T16:37:46","date_gmt":"2019-11-17T19:37:46","guid":{"rendered":"https:\/\/eaic-bue.infd.edu.ar\/sitio\/?page_id=2251"},"modified":"2019-11-28T13:54:38","modified_gmt":"2019-11-28T16:54:38","slug":"convenio-escuela-de-arte-untref","status":"publish","type":"page","link":"https:\/\/eaic-bue.infd.edu.ar\/sitio\/convenio-escuela-de-arte-untref\/","title":{"rendered":"CONVENIO ESCUELA DE ARTE &#8211; UNTREF"},"content":{"rendered":"<p>Egresados\/as y estudiantes de Instrumento Popular<\/p>\n<p>&nbsp;<\/p>\n<p>La Escuela de Arte Leopoldo Marechal se vincul\u00f3 con la Universidad de Tres de Febrero para facilitar el acceso a la Licenciatura en M\u00fasica Aut\u00f3ctona, Cl\u00e1sica y Popular de Am\u00e9rica y a las carreras de posgrado que esta universidad ofrece<\/p>\n<p>Si sos egresado\/a de la Escuela de Arte Leopoldo Marechal o est\u00e1s cursando en la carrera de grado y quer\u00e9s obtener un t\u00edtulo universitario, solamente presentando tus materias cursadas en La Marechal se reconocen por equivalencias parte de la carrera en la Licenciatura de M\u00fasica Aut\u00f3ctona, Cl\u00e1sica y Popular de Am\u00e9rica de la UNTREF<\/p>\n<p>En esta carrera estudi\u00e1s composici\u00f3n de todas las \u00e9pocas, aprend\u00e9s a construir instrumentos ancestrales de nuestras culturas americanas, adem\u00e1s de tecnolog\u00eda avanzada en distintos campos.<\/p>\n<p>Pod\u00e9s tambi\u00e9n cursar las dos carreras a la vez y obtener al mismo tiempo el t\u00edtulo terciario y universitario.<\/p>\n<p>Est\u00e1 abierta la inscripci\u00f3n para el ciclo lectivo 2020 que comienza en el mes de agosto.<\/p>\n<p>La Universidad UNTREF dispone de 11 sedes a lo largo del recorrido de la linea del tren San Mart\u00edn: Villa Linch, Caseros I,II,III, IV, Saenz Pe\u00f1a y Palomar, en varios puntos de CABA a 5 minutos del obelisco y en el Centro Cultural Borges.<\/p>\n<p>Informes: jpnicoletti@untref.edu.ar<\/p>\n<p>M\u00e1s informaci\u00f3n <strong><a href=\"https:\/\/www.untref.edu.ar\/carrera\/musica-autoctona-clasica-y-popular-de-america\">AQU\u00cd &#8211;\u00a0<\/a><\/strong>Consultar en la Marechal con el Director<\/p>\n<div id='gallery-1' class='gallery galleryid-2251 gallery-columns-3 gallery-size-thumbnail'><figure class='gallery-item'>\n\t\t\t<div class='gallery-icon landscape'>\n\t\t\t\t<a href='https:\/\/eaic-bue.infd.edu.ar\/sitio\/convenio-escuela-de-arte-untref\/1-untref\/#main'><img width=\"300\" height=\"168\" src=\"https:\/\/eaic-bue.infd.edu.ar\/sitio\/wp-content\/uploads\/2019\/11\/1-UNTREF.jpg\" class=\"attachment-thumbnail size-thumbnail\" alt=\"\" decoding=\"async\" loading=\"lazy\" \/><\/a>\n\t\t\t<\/div><\/figure><figure class='gallery-item'>\n\t\t\t<div class='gallery-icon landscape'>\n\t\t\t\t<a href='https:\/\/eaic-bue.infd.edu.ar\/sitio\/convenio-escuela-de-arte-untref\/2-untref\/#main'><img width=\"500\" height=\"450\" src=\"https:\/\/eaic-bue.infd.edu.ar\/sitio\/wp-content\/uploads\/2019\/11\/2-UNTREF-500x450.jpg\" class=\"attachment-thumbnail size-thumbnail\" alt=\"\" decoding=\"async\" loading=\"lazy\" \/><\/a>\n\t\t\t<\/div><\/figure><figure class='gallery-item'>\n\t\t\t<div class='gallery-icon landscape'>\n\t\t\t\t<a href='https:\/\/eaic-bue.infd.edu.ar\/sitio\/convenio-escuela-de-arte-untref\/3-untref\/#main'><img width=\"500\" height=\"500\" src=\"https:\/\/eaic-bue.infd.edu.ar\/sitio\/wp-content\/uploads\/2019\/11\/3-UNTREF-500x500.jpg\" class=\"attachment-thumbnail size-thumbnail\" alt=\"\" decoding=\"async\" loading=\"lazy\" \/><\/a>\n\t\t\t<\/div><\/figure><figure class='gallery-item'>\n\t\t\t<div class='gallery-icon landscape'>\n\t\t\t\t<a href='https:\/\/eaic-bue.infd.edu.ar\/sitio\/convenio-escuela-de-arte-untref\/4-untref\/#main'><img width=\"500\" height=\"500\" src=\"https:\/\/eaic-bue.infd.edu.ar\/sitio\/wp-content\/uploads\/2019\/11\/4-UNTREF-500x500.jpg\" class=\"attachment-thumbnail size-thumbnail\" alt=\"\" decoding=\"async\" loading=\"lazy\" \/><\/a>\n\t\t\t<\/div><\/figure><figure class='gallery-item'>\n\t\t\t<div class='gallery-icon landscape'>\n\t\t\t\t<a href='https:\/\/eaic-bue.infd.edu.ar\/sitio\/convenio-escuela-de-arte-untref\/5-untref\/#main'><img width=\"500\" height=\"413\" src=\"https:\/\/eaic-bue.infd.edu.ar\/sitio\/wp-content\/uploads\/2019\/11\/5-UNTREF-500x413.jpg\" class=\"attachment-thumbnail size-thumbnail\" alt=\"\" decoding=\"async\" loading=\"lazy\" \/><\/a>\n\t\t\t<\/div><\/figure><figure class='gallery-item'>\n\t\t\t<div class='gallery-icon landscape'>\n\t\t\t\t<a href='https:\/\/eaic-bue.infd.edu.ar\/sitio\/convenio-escuela-de-arte-untref\/6-untref\/#main'><img width=\"500\" height=\"500\" src=\"https:\/\/eaic-bue.infd.edu.ar\/sitio\/wp-content\/uploads\/2019\/11\/6-UNTREF-500x500.jpg\" class=\"attachment-thumbnail size-thumbnail\" alt=\"\" decoding=\"async\" loading=\"lazy\" \/><\/a>\n\t\t\t<\/div><\/figure><figure class='gallery-item'>\n\t\t\t<div class='gallery-icon landscape'>\n\t\t\t\t<a href='https:\/\/eaic-bue.infd.edu.ar\/sitio\/convenio-escuela-de-arte-untref\/7-untref\/#main'><img width=\"500\" height=\"500\" src=\"https:\/\/eaic-bue.infd.edu.ar\/sitio\/wp-content\/uploads\/2019\/11\/7-UNTREF-500x500.jpg\" class=\"attachment-thumbnail size-thumbnail\" alt=\"\" decoding=\"async\" loading=\"lazy\" \/><\/a>\n\t\t\t<\/div><\/figure><figure class='gallery-item'>\n\t\t\t<div class='gallery-icon landscape'>\n\t\t\t\t<a href='https:\/\/eaic-bue.infd.edu.ar\/sitio\/convenio-escuela-de-arte-untref\/8-untref\/#main'><img width=\"500\" height=\"450\" src=\"https:\/\/eaic-bue.infd.edu.ar\/sitio\/wp-content\/uploads\/2019\/11\/8-UNTREF-500x450.jpg\" class=\"attachment-thumbnail size-thumbnail\" alt=\"\" decoding=\"async\" loading=\"lazy\" \/><\/a>\n\t\t\t<\/div><\/figure><figure class='gallery-item'>\n\t\t\t<div class='gallery-icon landscape'>\n\t\t\t\t<a href='https:\/\/eaic-bue.infd.edu.ar\/sitio\/convenio-escuela-de-arte-untref\/9-untref\/#main'><img width=\"500\" height=\"500\" src=\"https:\/\/eaic-bue.infd.edu.ar\/sitio\/wp-content\/uploads\/2019\/11\/9-UNTREF-500x500.jpg\" class=\"attachment-thumbnail size-thumbnail\" alt=\"\" decoding=\"async\" loading=\"lazy\" \/><\/a>\n\t\t\t<\/div><\/figure><figure class='gallery-item'>\n\t\t\t<div class='gallery-icon landscape'>\n\t\t\t\t<a href='https:\/\/eaic-bue.infd.edu.ar\/sitio\/convenio-escuela-de-arte-untref\/10-untref\/#main'><img width=\"500\" height=\"500\" src=\"https:\/\/eaic-bue.infd.edu.ar\/sitio\/wp-content\/uploads\/2019\/11\/10-UNTREF-500x500.jpg\" class=\"attachment-thumbnail size-thumbnail\" alt=\"\" decoding=\"async\" loading=\"lazy\" \/><\/a>\n\t\t\t<\/div><\/figure>\n\t\t<\/div>\n\n","protected":false},"excerpt":{"rendered":"<p>Egresados\/as y estudiantes de Instrumento Popular &nbsp; La Escuela de Arte Leopoldo Marechal se vincul\u00f3 con la Universidad de Tres de Febrero para facilitar el acceso a la Licenciatura en M\u00fasica Aut\u00f3ctona, Cl\u00e1sica y Popular de Am\u00e9rica y a las carreras de posgrado que esta universidad ofrece Si sos egresado\/a de la Escuela de Arte &#8230; <a title=\"CONVENIO ESCUELA DE ARTE &#8211; UNTREF\" class=\"read-more\" href=\"https:\/\/eaic-bue.infd.edu.ar\/sitio\/convenio-escuela-de-arte-untref\/\" aria-label=\"More on CONVENIO ESCUELA DE ARTE &#8211; UNTREF\">[+]<\/a><\/p>\n","protected":false},"author":2201,"featured_media":0,"parent":0,"menu_order":0,"comment_status":"closed","ping_status":"closed","template":"","meta":[],"acf":[],"_links":{"self":[{"href":"https:\/\/eaic-bue.infd.edu.ar\/sitio\/wp-json\/wp\/v2\/pages\/2251"}],"collection":[{"href":"https:\/\/eaic-bue.infd.edu.ar\/sitio\/wp-json\/wp\/v2\/pages"}],"about":[{"href":"https:\/\/eaic-bue.infd.edu.ar\/sitio\/wp-json\/wp\/v2\/types\/page"}],"author":[{"embeddable":true,"href":"https:\/\/eaic-bue.infd.edu.ar\/sitio\/wp-json\/wp\/v2\/users\/2201"}],"replies":[{"embeddable":true,"href":"https:\/\/eaic-bue.infd.edu.ar\/sitio\/wp-json\/wp\/v2\/comments?post=2251"}],"version-history":[{"count":9,"href":"https:\/\/eaic-bue.infd.edu.ar\/sitio\/wp-json\/wp\/v2\/pages\/2251\/revisions"}],"predecessor-version":[{"id":2264,"href":"https:\/\/eaic-bue.infd.edu.ar\/sitio\/wp-json\/wp\/v2\/pages\/2251\/revisions\/2264"}],"wp:attachment":[{"href":"https:\/\/eaic-bue.infd.edu.ar\/sitio\/wp-json\/wp\/v2\/media?parent=2251"}],"curies":[{"name":"wp","href":"https:\/\/api.w.org\/{rel}","templated":true}]}}