{"id":286,"date":"2016-10-31T13:17:59","date_gmt":"2016-10-31T16:17:59","guid":{"rendered":"https:\/\/eaic-bue.infd.edu.ar\/sitio\/?page_id=286"},"modified":"2026-04-03T22:08:50","modified_gmt":"2026-04-04T01:08:50","slug":"inicio","status":"publish","type":"page","link":"https:\/\/eaic-bue.infd.edu.ar\/sitio\/","title":{"rendered":"Inicio"},"content":{"rendered":"<p style=\"text-align: center;\">\u00a0<\/p>\n<div  class=\"lgc-column lgc-grid-parent lgc-grid-33 lgc-tablet-grid-33 lgc-mobile-grid-33 lgc-equal-heights \"><div  class=\"inside-grid-column\"><a href=\"https:\/\/eaic-bue.infd.edu.ar\/sitio\/noticias-2\/\"><img decoding=\"async\" loading=\"lazy\" class=\"aligncenter size-full wp-image-3668\" src=\"https:\/\/eaic-bue.infd.edu.ar\/sitio\/wp-content\/uploads\/2020\/11\/NOTICIAS.jpg\" alt=\"\" width=\"232\" height=\"99\" \/><\/a><\/div><\/div> <div  class=\"lgc-column lgc-grid-parent lgc-grid-33 lgc-tablet-grid-33 lgc-mobile-grid-33 lgc-equal-heights \"><div  class=\"inside-grid-column\">\n<p><a href=\"https:\/\/eaic-bue.infd.edu.ar\/sitio\/inscripcion-aspirantes-al-ingreso-2025\/\"><img decoding=\"async\" loading=\"lazy\" class=\"aligncenter wp-image-3885\" src=\"https:\/\/eaic-bue.infd.edu.ar\/sitio\/wp-content\/uploads\/2021\/10\/INSCRIP.jpg\" alt=\"\" width=\"268\" height=\"108\" \/><\/a><\/p>\n<p><\/p><\/div><\/div> <div  class=\"lgc-column lgc-grid-parent lgc-grid-33 lgc-tablet-grid-33 lgc-mobile-grid-33 lgc-equal-heights \"><div  class=\"inside-grid-column\"><a href=\"https:\/\/eaic-bue.infd.edu.ar\/sitio\/equivalencias-y-pases\/\"><img decoding=\"async\" loading=\"lazy\" class=\"aligncenter size-full wp-image-3663\" src=\"https:\/\/eaic-bue.infd.edu.ar\/sitio\/wp-content\/uploads\/2020\/11\/EQUIVALENCIAS.jpg\" alt=\"\" width=\"232\" height=\"99\" \/><\/a><\/div><\/div> <div  class=\"lgc-column lgc-grid-parent lgc-grid-33 lgc-tablet-grid-33 lgc-mobile-grid-33 lgc-equal-heights \"><div  class=\"inside-grid-column\"><a href=\"https:\/\/eaic-bue.infd.edu.ar\/sitio\/inscripcion-a-examenes\/\"><img decoding=\"async\" loading=\"lazy\" class=\"aligncenter size-full wp-image-3664\" src=\"https:\/\/eaic-bue.infd.edu.ar\/sitio\/wp-content\/uploads\/2020\/11\/EXAMENES-FINALES.jpg\" alt=\"\" width=\"232\" height=\"99\" \/><\/a><\/div><\/div> <div  class=\"lgc-column lgc-grid-parent lgc-grid-33 lgc-tablet-grid-33 lgc-mobile-grid-33 lgc-equal-heights \"><div  class=\"inside-grid-column\"><a href=\"https:\/\/eaic-bue.infd.edu.ar\/sitio\/horarios-de-cursada-2024\/\"><img decoding=\"async\" loading=\"lazy\" class=\"aligncenter size-full wp-image-3665\" src=\"https:\/\/eaic-bue.infd.edu.ar\/sitio\/wp-content\/uploads\/2020\/11\/horarios-cursada.jpg\" alt=\"\" width=\"232\" height=\"99\" \/><\/a><\/div><\/div> <div  class=\"lgc-column lgc-grid-parent lgc-grid-33 lgc-tablet-grid-33 lgc-mobile-grid-33 lgc-equal-heights \"><div  class=\"inside-grid-column\"><a href=\"https:\/\/eaic-bue.infd.edu.ar\/sitio\/consejo-academico-institucional-cai\/\"><img decoding=\"async\" loading=\"lazy\" class=\"aligncenter size-full wp-image-3667\" src=\"https:\/\/eaic-bue.infd.edu.ar\/sitio\/wp-content\/uploads\/2020\/11\/CAI.jpg\" alt=\"\" width=\"232\" height=\"99\" \/><\/a><\/div><\/div>\n<h4 style=\"text-align: center;\"><a href=\"https:\/\/www.youtube.com\/watch?v=mnJleKPD1p0\"><em><strong>VIDEO PRESENTACI\u00d3N \u00abSON MARECHALISTAS\u00bb<\/strong><\/em><\/a><\/h4>\n<hr \/>\n<p style=\"text-align: center;\"><strong><em>Escuela de Arte \u00abLEOPOLDO MARECHAL\u00bb<\/em><\/strong><\/p>\n<p style=\"text-align: center;\"><strong><em>DIRECCI\u00d3N DE EDUCACI\u00d3N ART\u00cdSTICA<\/em><\/strong><\/p>\n<p style=\"text-align: center;\"><strong><em>\u00a0DGC y E &#8211;\u00a0La Matanza &#8211; Provincia de Buenos Aires<\/em><\/strong><\/p>\n<p style=\"text-align: center;\"><strong><em>Instituto Superior de Formaci\u00f3n Docente, parte del sistema de educaci\u00f3n p\u00fablica\u00a0de gesti\u00f3n estatal.<\/em><\/strong><\/p>\n<p>&nbsp;<\/p>\n<hr \/>\n<p style=\"text-align: center;\">\u00a0<\/p>\n<p style=\"text-align: center;\">\n<p style=\"text-align: center;\"><em>A trav\u00e9s de este sitio en Internet, nuestro Instituto comunicar\u00e1 novedades e informaci\u00f3n, compartir\u00e1 experiencias y brindar\u00e1 apoyo y asesoramiento a\u00a0alumnos y docentes de nuestra comunidad educativa. <\/em><\/p>\n<p style=\"text-align: center;\"><em>Junto con varios cientos de Institutos, integramos la<\/em><\/p>\n<p style=\"text-align: center;\"><strong><em>Red\u00a0Virtual de Institutos Superiores de Formaci\u00f3n Docente<\/em><\/strong><em>\u00a0<\/em><\/p>\n<p style=\"text-align: center;\"><em>\u00a0coordinada por el <\/em><strong><em>INFD<\/em><\/strong><em> (Instituto Nacional de Formaci\u00f3n Docente) dependiente del Ministerio de Educaci\u00f3n de la Naci\u00f3n Argentina.<\/em><\/p>\n","protected":false},"excerpt":{"rendered":"<p>\u00a0 VIDEO PRESENTACI\u00d3N \u00abSON MARECHALISTAS\u00bb Escuela de Arte \u00abLEOPOLDO MARECHAL\u00bb DIRECCI\u00d3N DE EDUCACI\u00d3N ART\u00cdSTICA \u00a0DGC y E &#8211;\u00a0La Matanza &#8211; Provincia de Buenos Aires Instituto Superior de Formaci\u00f3n Docente, parte del sistema de educaci\u00f3n p\u00fablica\u00a0de gesti\u00f3n estatal. &nbsp; \u00a0 A trav\u00e9s de este sitio en Internet, nuestro Instituto comunicar\u00e1 novedades e informaci\u00f3n, compartir\u00e1 experiencias y &#8230; <a title=\"Inicio\" class=\"read-more\" href=\"https:\/\/eaic-bue.infd.edu.ar\/sitio\/\" aria-label=\"More on Inicio\">[+]<\/a><\/p>\n","protected":false},"author":1,"featured_media":0,"parent":0,"menu_order":0,"comment_status":"closed","ping_status":"closed","template":"","meta":[],"acf":[],"_links":{"self":[{"href":"https:\/\/eaic-bue.infd.edu.ar\/sitio\/wp-json\/wp\/v2\/pages\/286"}],"collection":[{"href":"https:\/\/eaic-bue.infd.edu.ar\/sitio\/wp-json\/wp\/v2\/pages"}],"about":[{"href":"https:\/\/eaic-bue.infd.edu.ar\/sitio\/wp-json\/wp\/v2\/types\/page"}],"author":[{"embeddable":true,"href":"https:\/\/eaic-bue.infd.edu.ar\/sitio\/wp-json\/wp\/v2\/users\/1"}],"replies":[{"embeddable":true,"href":"https:\/\/eaic-bue.infd.edu.ar\/sitio\/wp-json\/wp\/v2\/comments?post=286"}],"version-history":[{"count":263,"href":"https:\/\/eaic-bue.infd.edu.ar\/sitio\/wp-json\/wp\/v2\/pages\/286\/revisions"}],"predecessor-version":[{"id":4868,"href":"https:\/\/eaic-bue.infd.edu.ar\/sitio\/wp-json\/wp\/v2\/pages\/286\/revisions\/4868"}],"wp:attachment":[{"href":"https:\/\/eaic-bue.infd.edu.ar\/sitio\/wp-json\/wp\/v2\/media?parent=286"}],"curies":[{"name":"wp","href":"https:\/\/api.w.org\/{rel}","templated":true}]}}