{"id":3486,"date":"2020-08-15T17:10:42","date_gmt":"2020-08-15T20:10:42","guid":{"rendered":"https:\/\/eaic-bue.infd.edu.ar\/sitio\/?page_id=3486"},"modified":"2025-12-22T12:26:23","modified_gmt":"2025-12-22T15:26:23","slug":"inscripcion-a-examenes","status":"publish","type":"page","link":"https:\/\/eaic-bue.infd.edu.ar\/sitio\/inscripcion-a-examenes\/","title":{"rendered":"EX\u00c1MENES FEBRERO 2026"},"content":{"rendered":"<p>\u00a0<\/p>\n<p>_________________________________________________________________________________________________________________________________<\/p>\n<h3><strong>INSCRIPCI\u00d3N A EX\u00c1MENES FEBRERO 2026<\/strong><\/h3>\n<p style=\"text-align: center;\">\u00a0<\/p>\n<p>INSCRIPCI\u00d3N: <strong>del 11\/2 al 17\/2 <\/strong>a trav\u00e9s del sistema http:\/\/lamare.prox.com.ar\/login ingresando con en DNI sin puntos ni espacios y la clave <a href=\"https:\/\/drive.google.com\/file\/d\/1ex6GS2MLElFuG1XOM5KOS4ddw_74RmK7\/view\">(descargar tutorial sobre como inscribirse a ex\u00e1menes desde este enlace (CLICK AQU\u00cd)<\/a><\/p>\n<p><strong>PARA DESCARGAR LAS FECHAS DE CADA EXAMEN<\/strong> &#8211;<a href=\"https:\/\/docs.google.com\/spreadsheets\/d\/1bZNcrC1MYU2TLMSE-PLjulUJhjIsq9Ni\/edit?gid=1655407383#gid=1655407383\"><span style=\"color: #ff0000;\"><strong> CLICK AQU\u00cd<\/strong><\/span><\/a><\/p>\n<p>Por cualquier inconveniente en la inscripci\u00f3n a ex\u00e1menes, comunicarse con la jefatura que corresponda a la carrera <strong><a href=\"https:\/\/eaic-bue.infd.edu.ar\/sitio\/datos-institucionales\/\">(CLICK AQU\u00cd para visualizar correos de las jefaturas)<\/a><\/strong><\/p>\n<h4 style=\"text-align: center;\"><strong>TODOS LOS EX\u00c1MENES SE TOMAN EN LA SEDE DE CASANOVA EN FORMA PRESENCIAL<\/strong><\/h4>\n<p>\u00a0<\/p>\n<hr \/>\n\n\n<p><\/p>\n","protected":false},"excerpt":{"rendered":"<p>\u00a0 _________________________________________________________________________________________________________________________________ INSCRIPCI\u00d3N A EX\u00c1MENES FEBRERO 2026 \u00a0 INSCRIPCI\u00d3N: del 11\/2 al 17\/2 a trav\u00e9s del sistema http:\/\/lamare.prox.com.ar\/login ingresando con en DNI sin puntos ni espacios y la clave (descargar tutorial sobre como inscribirse a ex\u00e1menes desde este enlace (CLICK AQU\u00cd) PARA DESCARGAR LAS FECHAS DE CADA EXAMEN &#8211; CLICK AQU\u00cd Por cualquier inconveniente en &#8230; <a title=\"EX\u00c1MENES FEBRERO 2026\" class=\"read-more\" href=\"https:\/\/eaic-bue.infd.edu.ar\/sitio\/inscripcion-a-examenes\/\" aria-label=\"More on EX\u00c1MENES FEBRERO 2026\">[+]<\/a><\/p>\n","protected":false},"author":2201,"featured_media":0,"parent":0,"menu_order":0,"comment_status":"closed","ping_status":"closed","template":"","meta":[],"acf":[],"_links":{"self":[{"href":"https:\/\/eaic-bue.infd.edu.ar\/sitio\/wp-json\/wp\/v2\/pages\/3486"}],"collection":[{"href":"https:\/\/eaic-bue.infd.edu.ar\/sitio\/wp-json\/wp\/v2\/pages"}],"about":[{"href":"https:\/\/eaic-bue.infd.edu.ar\/sitio\/wp-json\/wp\/v2\/types\/page"}],"author":[{"embeddable":true,"href":"https:\/\/eaic-bue.infd.edu.ar\/sitio\/wp-json\/wp\/v2\/users\/2201"}],"replies":[{"embeddable":true,"href":"https:\/\/eaic-bue.infd.edu.ar\/sitio\/wp-json\/wp\/v2\/comments?post=3486"}],"version-history":[{"count":69,"href":"https:\/\/eaic-bue.infd.edu.ar\/sitio\/wp-json\/wp\/v2\/pages\/3486\/revisions"}],"predecessor-version":[{"id":4783,"href":"https:\/\/eaic-bue.infd.edu.ar\/sitio\/wp-json\/wp\/v2\/pages\/3486\/revisions\/4783"}],"wp:attachment":[{"href":"https:\/\/eaic-bue.infd.edu.ar\/sitio\/wp-json\/wp\/v2\/media?parent=3486"}],"curies":[{"name":"wp","href":"https:\/\/api.w.org\/{rel}","templated":true}]}}