{"id":3592,"date":"2020-10-03T20:36:39","date_gmt":"2020-10-03T23:36:39","guid":{"rendered":"https:\/\/eaic-bue.infd.edu.ar\/sitio\/?page_id=3592"},"modified":"2020-10-03T20:36:39","modified_gmt":"2020-10-03T23:36:39","slug":"programa-acompanamiento-a-las-trayectorias-y-revinculacion-atr","status":"publish","type":"page","link":"https:\/\/eaic-bue.infd.edu.ar\/sitio\/programa-acompanamiento-a-las-trayectorias-y-revinculacion-atr\/","title":{"rendered":"Programa acompa\u00f1amiento a las trayectorias y revinculaci\u00f3n (ATR)"},"content":{"rendered":"<p>A toda la comunidad educativa:<\/p>\n<p>Ponemos en conocimiento de toda la comunidad el programa ATR que involucra particularmente\u00a0 a lxs estudiantes de 3\u00b0 y 4\u00b0 a\u00f1o de las carreras de grado.<\/p>\n<p>Desde este link\u00a0<strong><a title=\"location.cgi?id_curso=63&amp;amp;wseccion=03&amp;amp;esMicrositio=no&amp;amp;wid_archivo=9081&amp;amp;nueva=si\" href=\"https:\/\/eaic-bue.infd.edu.ar\/aula\/location.cgi?id_curso=63&amp;wseccion=03&amp;esMicrositio=no&amp;wid_archivo=9081&amp;nueva=si\" target=\"_blank\" rel=\"noopener\">(CLIC AQU\u00cd)<\/a>\u00a0<\/strong>podr\u00e1n descargar el documento que describe los alcances del programa y las v\u00edas de comunicaci\u00f3n para la inscripci\u00f3n de quienes est\u00e9n interesadxs.<\/p>\n<p style=\"text-align: right;\">La Direcci\u00f3n<\/p>\n","protected":false},"excerpt":{"rendered":"<p>A toda la comunidad educativa: Ponemos en conocimiento de toda la comunidad el programa ATR que involucra particularmente\u00a0 a lxs estudiantes de 3\u00b0 y 4\u00b0 a\u00f1o de las carreras de grado. Desde este link\u00a0(CLIC AQU\u00cd)\u00a0podr\u00e1n descargar el documento que describe los alcances del programa y las v\u00edas de comunicaci\u00f3n para la inscripci\u00f3n de quienes est\u00e9n &#8230; <a title=\"Programa acompa\u00f1amiento a las trayectorias y revinculaci\u00f3n (ATR)\" class=\"read-more\" href=\"https:\/\/eaic-bue.infd.edu.ar\/sitio\/programa-acompanamiento-a-las-trayectorias-y-revinculacion-atr\/\" aria-label=\"More on Programa acompa\u00f1amiento a las trayectorias y revinculaci\u00f3n (ATR)\">[+]<\/a><\/p>\n","protected":false},"author":2201,"featured_media":0,"parent":0,"menu_order":0,"comment_status":"closed","ping_status":"closed","template":"","meta":[],"acf":[],"_links":{"self":[{"href":"https:\/\/eaic-bue.infd.edu.ar\/sitio\/wp-json\/wp\/v2\/pages\/3592"}],"collection":[{"href":"https:\/\/eaic-bue.infd.edu.ar\/sitio\/wp-json\/wp\/v2\/pages"}],"about":[{"href":"https:\/\/eaic-bue.infd.edu.ar\/sitio\/wp-json\/wp\/v2\/types\/page"}],"author":[{"embeddable":true,"href":"https:\/\/eaic-bue.infd.edu.ar\/sitio\/wp-json\/wp\/v2\/users\/2201"}],"replies":[{"embeddable":true,"href":"https:\/\/eaic-bue.infd.edu.ar\/sitio\/wp-json\/wp\/v2\/comments?post=3592"}],"version-history":[{"count":1,"href":"https:\/\/eaic-bue.infd.edu.ar\/sitio\/wp-json\/wp\/v2\/pages\/3592\/revisions"}],"predecessor-version":[{"id":3593,"href":"https:\/\/eaic-bue.infd.edu.ar\/sitio\/wp-json\/wp\/v2\/pages\/3592\/revisions\/3593"}],"wp:attachment":[{"href":"https:\/\/eaic-bue.infd.edu.ar\/sitio\/wp-json\/wp\/v2\/media?parent=3592"}],"curies":[{"name":"wp","href":"https:\/\/api.w.org\/{rel}","templated":true}]}}