{"id":3845,"date":"2021-10-17T17:35:57","date_gmt":"2021-10-17T20:35:57","guid":{"rendered":"https:\/\/eaic-bue.infd.edu.ar\/sitio\/?page_id=3845"},"modified":"2021-12-19T14:02:14","modified_gmt":"2021-12-19T17:02:14","slug":"numero-1","status":"publish","type":"page","link":"https:\/\/eaic-bue.infd.edu.ar\/sitio\/numero-1\/","title":{"rendered":"REVISTA \u00abLA MARE\u00bb"},"content":{"rendered":"\n<p><\/p>\n\n\n\n<p><strong><a href=\"https:\/\/drive.google.com\/file\/d\/1bZ0e3mEbNDaLx2kQ57F1xiqnsEQn4S2M\/view?usp=sharing\">N\u00daMERO 1 &#8211; CLICK AQU\u00cd<\/a><\/strong><\/p>\n\n\n\n<p><strong><a href=\"https:\/\/drive.google.com\/file\/d\/1G7CVIJlWGw2HeIeKGPtQl5Sh2J9cl6Ay\/view?usp=sharing\">N\u00daMERO 2 &#8211; CLICK AQU\u00cd<\/a><\/strong><\/p>\n","protected":false},"excerpt":{"rendered":"<p>N\u00daMERO 1 &#8211; CLICK AQU\u00cd N\u00daMERO 2 &#8211; CLICK AQU\u00cd<\/p>\n","protected":false},"author":2201,"featured_media":0,"parent":0,"menu_order":0,"comment_status":"closed","ping_status":"closed","template":"","meta":[],"acf":[],"_links":{"self":[{"href":"https:\/\/eaic-bue.infd.edu.ar\/sitio\/wp-json\/wp\/v2\/pages\/3845"}],"collection":[{"href":"https:\/\/eaic-bue.infd.edu.ar\/sitio\/wp-json\/wp\/v2\/pages"}],"about":[{"href":"https:\/\/eaic-bue.infd.edu.ar\/sitio\/wp-json\/wp\/v2\/types\/page"}],"author":[{"embeddable":true,"href":"https:\/\/eaic-bue.infd.edu.ar\/sitio\/wp-json\/wp\/v2\/users\/2201"}],"replies":[{"embeddable":true,"href":"https:\/\/eaic-bue.infd.edu.ar\/sitio\/wp-json\/wp\/v2\/comments?post=3845"}],"version-history":[{"count":5,"href":"https:\/\/eaic-bue.infd.edu.ar\/sitio\/wp-json\/wp\/v2\/pages\/3845\/revisions"}],"predecessor-version":[{"id":3912,"href":"https:\/\/eaic-bue.infd.edu.ar\/sitio\/wp-json\/wp\/v2\/pages\/3845\/revisions\/3912"}],"wp:attachment":[{"href":"https:\/\/eaic-bue.infd.edu.ar\/sitio\/wp-json\/wp\/v2\/media?parent=3845"}],"curies":[{"name":"wp","href":"https:\/\/api.w.org\/{rel}","templated":true}]}}