{"id":4030,"date":"2022-03-13T13:36:01","date_gmt":"2022-03-13T16:36:01","guid":{"rendered":"https:\/\/eaic-bue.infd.edu.ar\/sitio\/?page_id=4030"},"modified":"2025-10-17T20:25:52","modified_gmt":"2025-10-17T23:25:52","slug":"http-lamare-prox-com-ar-instructivos","status":"publish","type":"page","link":"https:\/\/eaic-bue.infd.edu.ar\/sitio\/http-lamare-prox-com-ar-instructivos\/","title":{"rendered":"INSTRUCTIVOS &#8211; lamare.prox"},"content":{"rendered":"\n<p>Estos instructivos est\u00e1n dirigidos a estudiantes de las FOBA y estudiantes de 2\u00b0, 3\u00b0 y 4\u00b0 a\u00f1os<\/p>\n\n\n\n<p><a href=\"https:\/\/drive.google.com\/file\/d\/1r2vxHygU58HsZVYemwaM804v4OzlKS2T\/view?usp=sharing\"><strong>COMO INSCRIBIRSE A CURSADAS POR EL SISTEMA lamare.prox.com.ar &#8211; CLICK AQU\u00cd<\/strong><\/a><\/p>\n\n\n\n<p><strong><a href=\"https:\/\/drive.google.com\/file\/d\/1VwxF4uHnku32RP7O_RkTcMbbXbl_3Qx6\/view?usp=sharing\">COMO SOLICITAR ANAL\u00cdTICO, PORCENTAJE DE MATERIAS APROBADAS Y CONSTANCIAS &#8211; CLICK AQU\u00cd<\/a><\/strong><\/p>\n\n\n\n<p><strong><a href=\"https:\/\/drive.google.com\/file\/d\/17A2X7LwLFWpSeCdBxxwuzuI2CZo8JI_f\/view\">COMO REEMPADRONARSE &#8211; CLICK AQU\u00cd<\/a><\/strong><\/p>\n\n\n\n<p><strong><a href=\"https:\/\/drive.google.com\/file\/d\/1ex6GS2MLElFuG1XOM5KOS4ddw_74RmK7\/view?usp=sharing\">COMO INSCRIBIRSE A EX\u00c1MENES FINALES &#8211; CLICK AQU\u00cd<\/a><\/strong><\/p>\n\n\n\n<p><\/p>\n","protected":false},"excerpt":{"rendered":"<p>Estos instructivos est\u00e1n dirigidos a estudiantes de las FOBA y estudiantes de 2\u00b0, 3\u00b0 y 4\u00b0 a\u00f1os COMO INSCRIBIRSE A CURSADAS POR EL SISTEMA lamare.prox.com.ar &#8211; CLICK AQU\u00cd COMO SOLICITAR ANAL\u00cdTICO, PORCENTAJE DE MATERIAS APROBADAS Y CONSTANCIAS &#8211; CLICK AQU\u00cd COMO REEMPADRONARSE &#8211; CLICK AQU\u00cd COMO INSCRIBIRSE A EX\u00c1MENES FINALES &#8211; CLICK AQU\u00cd<\/p>\n","protected":false},"author":2201,"featured_media":0,"parent":0,"menu_order":0,"comment_status":"closed","ping_status":"closed","template":"","meta":[],"acf":[],"_links":{"self":[{"href":"https:\/\/eaic-bue.infd.edu.ar\/sitio\/wp-json\/wp\/v2\/pages\/4030"}],"collection":[{"href":"https:\/\/eaic-bue.infd.edu.ar\/sitio\/wp-json\/wp\/v2\/pages"}],"about":[{"href":"https:\/\/eaic-bue.infd.edu.ar\/sitio\/wp-json\/wp\/v2\/types\/page"}],"author":[{"embeddable":true,"href":"https:\/\/eaic-bue.infd.edu.ar\/sitio\/wp-json\/wp\/v2\/users\/2201"}],"replies":[{"embeddable":true,"href":"https:\/\/eaic-bue.infd.edu.ar\/sitio\/wp-json\/wp\/v2\/comments?post=4030"}],"version-history":[{"count":8,"href":"https:\/\/eaic-bue.infd.edu.ar\/sitio\/wp-json\/wp\/v2\/pages\/4030\/revisions"}],"predecessor-version":[{"id":4732,"href":"https:\/\/eaic-bue.infd.edu.ar\/sitio\/wp-json\/wp\/v2\/pages\/4030\/revisions\/4732"}],"wp:attachment":[{"href":"https:\/\/eaic-bue.infd.edu.ar\/sitio\/wp-json\/wp\/v2\/media?parent=4030"}],"curies":[{"name":"wp","href":"https:\/\/api.w.org\/{rel}","templated":true}]}}