{"id":4182,"date":"2023-03-12T18:29:33","date_gmt":"2023-03-12T21:29:33","guid":{"rendered":"https:\/\/eaic-bue.infd.edu.ar\/sitio\/?page_id=4182"},"modified":"2023-04-12T14:45:44","modified_gmt":"2023-04-12T17:45:44","slug":"inscripcion-elenco-estable-de-teatro","status":"publish","type":"page","link":"https:\/\/eaic-bue.infd.edu.ar\/sitio\/inscripcion-elenco-estable-de-teatro\/","title":{"rendered":"INSCRIPCI\u00d3N ELENCO ESTABLE DE TEATRO"},"content":{"rendered":"\n<p>La Escuela de Arte \u00abLeopoldo Marechal\u00bb abre la Inscripci\u00f3n 2023 para formar parte del *Elenco Estable de Teatro* a les estudiantes del Profesorado de Teatro de 1ro a 4to a\u00f1o y a les Egresades del mismo.&nbsp;<\/p>\n\n\n\n<p>\u00c9ste espacio de construcci\u00f3n intersubjetiva te propone un crecimiento en la formaci\u00f3n y experiencia actoral desde una mirada social y comprometida&nbsp; con el territorio matancero.<\/p>\n\n\n\n<p>Te esperamos! <a href=\"https:\/\/docs.google.com\/forms\/d\/12Ejk2Fu0sjYB3NeOULhdU07IMWpd_rAy-fP0HbrV6aE\/viewform?edit_requested=true\">INSCRIBITE DESDE ESTE ENLACE (CLICK AQU\u00cd)<\/a><\/p>\n\n\n\n<p>Gabriela, Marcelo y N\u00e9stor<\/p>\n","protected":false},"excerpt":{"rendered":"<p>La Escuela de Arte \u00abLeopoldo Marechal\u00bb abre la Inscripci\u00f3n 2023 para formar parte del *Elenco Estable de Teatro* a les estudiantes del Profesorado de Teatro de 1ro a 4to a\u00f1o y a les Egresades del mismo.&nbsp; \u00c9ste espacio de construcci\u00f3n intersubjetiva te propone un crecimiento en la formaci\u00f3n y experiencia actoral desde una mirada social &#8230; <a title=\"INSCRIPCI\u00d3N ELENCO ESTABLE DE TEATRO\" class=\"read-more\" href=\"https:\/\/eaic-bue.infd.edu.ar\/sitio\/inscripcion-elenco-estable-de-teatro\/\" aria-label=\"More on INSCRIPCI\u00d3N ELENCO ESTABLE DE TEATRO\">[+]<\/a><\/p>\n","protected":false},"author":2201,"featured_media":0,"parent":0,"menu_order":0,"comment_status":"closed","ping_status":"closed","template":"","meta":[],"acf":[],"_links":{"self":[{"href":"https:\/\/eaic-bue.infd.edu.ar\/sitio\/wp-json\/wp\/v2\/pages\/4182"}],"collection":[{"href":"https:\/\/eaic-bue.infd.edu.ar\/sitio\/wp-json\/wp\/v2\/pages"}],"about":[{"href":"https:\/\/eaic-bue.infd.edu.ar\/sitio\/wp-json\/wp\/v2\/types\/page"}],"author":[{"embeddable":true,"href":"https:\/\/eaic-bue.infd.edu.ar\/sitio\/wp-json\/wp\/v2\/users\/2201"}],"replies":[{"embeddable":true,"href":"https:\/\/eaic-bue.infd.edu.ar\/sitio\/wp-json\/wp\/v2\/comments?post=4182"}],"version-history":[{"count":2,"href":"https:\/\/eaic-bue.infd.edu.ar\/sitio\/wp-json\/wp\/v2\/pages\/4182\/revisions"}],"predecessor-version":[{"id":4196,"href":"https:\/\/eaic-bue.infd.edu.ar\/sitio\/wp-json\/wp\/v2\/pages\/4182\/revisions\/4196"}],"wp:attachment":[{"href":"https:\/\/eaic-bue.infd.edu.ar\/sitio\/wp-json\/wp\/v2\/media?parent=4182"}],"curies":[{"name":"wp","href":"https:\/\/api.w.org\/{rel}","templated":true}]}}