{"id":4192,"date":"2023-03-30T12:44:29","date_gmt":"2023-03-30T15:44:29","guid":{"rendered":"https:\/\/eaic-bue.infd.edu.ar\/sitio\/?page_id=4192"},"modified":"2024-02-13T16:57:39","modified_gmt":"2024-02-13T19:57:39","slug":"nuevo-espacio-institucional-para-egresadxs-y-estudiantes-de-4-ano-de-instrumento-popular","status":"publish","type":"page","link":"https:\/\/eaic-bue.infd.edu.ar\/sitio\/nuevo-espacio-institucional-para-egresadxs-y-estudiantes-de-4-ano-de-instrumento-popular\/","title":{"rendered":"CONVENIO UNTREF PARA INSTRUMENTO POPULAR"},"content":{"rendered":"\n<p><\/p>\n\n\n\n<p><strong>ESPACIO INSTITUCIONAL PARA EGRESADXS Y ESTUDIANTES DEL 4\u00b0 A\u00d1O DE INSTRUMENTO POPULAR &#8211; ARTICULACI\u00d3N MARECHAL\/UNTREF<\/strong><\/p>\n\n\n\n<p>A trav\u00e9s de un convenio firmado en el a\u00f1o 2020 y ratificado a fines del a\u00f1o 2022.<br>La universidad nacional, publica y gratuita UNTREF: reconoce el titulo terciario de la Escuela de Musica Leopoldo Marechal.<br>Dicho reconocimiento se refleja aprobado hasta un 50% de las materias correspondiente a la carrera de grado: Licenciatura de Musica Autoctona, Cl\u00e1sica y Popular de America.<br><br><strong><em><u>Destinado a todos los estudiantes graduados de la Escuela Leopoldo Marechal y los estudiantes que est\u00e1n cursando el ultimo a\u00f1o, pr\u00f3ximos a graduarse el a\u00f1o entrante.<\/u><\/em><\/strong><\/p>\n\n\n\n<p><strong><em><u><br><\/u><\/em><\/strong><strong><em><u>El nuevo espacio institucional de un a\u00f1o de duraci\u00f3n,<\/u><\/em><\/strong> con sede en la Escuela Leopoldo Marechal se establece como nexo necesario&nbsp; entre las dos instituciones.<br>Desde este nuevo espacio Institucional durante la cursada regular anual, se convalidara toda la documentaci\u00f3n necesaria para entrar en UNTREF.<br>Dicho espacio tambien servir\u00e1 de soporte en el estudio de 3 ejes fundamentales de la Licenciatura:<\/p>\n\n\n\n<p>1) Contrapunto.<\/p>\n\n\n\n<p>2) Orquestaci\u00f3n.<\/p>\n\n\n\n<p>3) Composici\u00f3n.<\/p>\n\n\n\n<p>Durante este a\u00f1o se profundizara sobre estos \u00edtems de manera complementar los saberes necesarios para entrar en la carrera.<br>Ser\u00e1 de implementaci\u00f3n semi-presencial.<\/p>\n\n\n\n<p><strong>Interesadxs comunicarse con el coordinador Prof. Alejandro Demogli: ademogli@untref.edu.ar<\/strong><\/p>\n\n\n\n<p>Licenciatura en M\u00fasica Aut\u00f3ctona, Cl\u00e1sica y Popular de Am\u00e9rica<br><br>La Licenciatura en M\u00fasica Aut\u00f3ctona, Cl\u00e1sica y Popular de Am\u00e9rica propone al estudiante ahondar en los diversos g\u00e9neros musicales que ha generado nuestro continente as\u00ed como en el instrumental aut\u00f3ctono de las milenarias culturas que lo habitaron.<br>Am\u00e9rica da a luz un repertorio en el que los elementos folkl\u00f3ricos, populares, cl\u00e1sicos y aut\u00f3ctonos se funden en un todo coherente y es objetivo de la licenciatura ofrecer al estudiante la posibilidad de acceder a esta diversidad cultural a trav\u00e9s del conocimiento de las creaciones sonoras americanas.<br>La carrera tiene una duraci\u00f3n de 4 a\u00f1os.<br><br><\/p>\n\n\n\n<p>Trabajando sobre las siguientes &nbsp;capacidades:<br><\/p>\n\n\n\n<p>\u2022 Construir instrumentos musicales aut\u00f3ctonos americanos, as\u00ed como asesorar acerca de sus caracter\u00edsticas y capacidades, con fines de interpretaci\u00f3n, muestra, adquisici\u00f3n y restauraci\u00f3n.<\/p>\n\n\n\n<p>\u2022 Componer, orquestar e interpretar obras musicales y\/o m\u00fasico-esc\u00e9nicas de todos los periodos y estilos.<\/p>\n\n\n\n<p>\u2022 Dise\u00f1ar ensambles musicales y bandas sonoras para producciones audiovisuales, films y espect\u00e1culos o emprendimientos de distinto tipo.<\/p>\n\n\n\n<p>\u2022 Participar en programas y proyectos de desarrollo comunitario y educativo que involucren la m\u00fasica y los instrumentos musicales aut\u00f3ctonos americanos como portadores de identidad y construcci\u00f3n cultural.<\/p>\n","protected":false},"excerpt":{"rendered":"<p>ESPACIO INSTITUCIONAL PARA EGRESADXS Y ESTUDIANTES DEL 4\u00b0 A\u00d1O DE INSTRUMENTO POPULAR &#8211; ARTICULACI\u00d3N MARECHAL\/UNTREF A trav\u00e9s de un convenio firmado en el a\u00f1o 2020 y ratificado a fines del a\u00f1o 2022.La universidad nacional, publica y gratuita UNTREF: reconoce el titulo terciario de la Escuela de Musica Leopoldo Marechal.Dicho reconocimiento se refleja aprobado hasta un &#8230; <a title=\"CONVENIO UNTREF PARA INSTRUMENTO POPULAR\" class=\"read-more\" href=\"https:\/\/eaic-bue.infd.edu.ar\/sitio\/nuevo-espacio-institucional-para-egresadxs-y-estudiantes-de-4-ano-de-instrumento-popular\/\" aria-label=\"More on CONVENIO UNTREF PARA INSTRUMENTO POPULAR\">[+]<\/a><\/p>\n","protected":false},"author":2201,"featured_media":0,"parent":0,"menu_order":0,"comment_status":"closed","ping_status":"closed","template":"","meta":[],"acf":[],"_links":{"self":[{"href":"https:\/\/eaic-bue.infd.edu.ar\/sitio\/wp-json\/wp\/v2\/pages\/4192"}],"collection":[{"href":"https:\/\/eaic-bue.infd.edu.ar\/sitio\/wp-json\/wp\/v2\/pages"}],"about":[{"href":"https:\/\/eaic-bue.infd.edu.ar\/sitio\/wp-json\/wp\/v2\/types\/page"}],"author":[{"embeddable":true,"href":"https:\/\/eaic-bue.infd.edu.ar\/sitio\/wp-json\/wp\/v2\/users\/2201"}],"replies":[{"embeddable":true,"href":"https:\/\/eaic-bue.infd.edu.ar\/sitio\/wp-json\/wp\/v2\/comments?post=4192"}],"version-history":[{"count":5,"href":"https:\/\/eaic-bue.infd.edu.ar\/sitio\/wp-json\/wp\/v2\/pages\/4192\/revisions"}],"predecessor-version":[{"id":4403,"href":"https:\/\/eaic-bue.infd.edu.ar\/sitio\/wp-json\/wp\/v2\/pages\/4192\/revisions\/4403"}],"wp:attachment":[{"href":"https:\/\/eaic-bue.infd.edu.ar\/sitio\/wp-json\/wp\/v2\/media?parent=4192"}],"curies":[{"name":"wp","href":"https:\/\/api.w.org\/{rel}","templated":true}]}}