{"id":4198,"date":"2023-05-11T18:40:30","date_gmt":"2023-05-11T21:40:30","guid":{"rendered":"https:\/\/eaic-bue.infd.edu.ar\/sitio\/?page_id=4198"},"modified":"2025-11-04T19:49:22","modified_gmt":"2025-11-04T22:49:22","slug":"profesorado-de-danzas-folkloricas","status":"publish","type":"page","link":"https:\/\/eaic-bue.infd.edu.ar\/sitio\/profesorado-de-danzas-folkloricas\/","title":{"rendered":"Profesorado de Danzas Folkl\u00f3ricas"},"content":{"rendered":"\n<p>El&nbsp;<strong>Profesorado de<\/strong> <strong>Danzas, orientaci\u00f3n Danzas Folkl\u00f3ricas&nbsp;<\/strong>forma docentes especializados en la ense\u00f1anza de la disciplina habilitados para el ejercicio de la docencia en los niveles de la ense\u00f1anza obligatoria&nbsp;con s\u00f3lidos conocimientos pedag\u00f3gicos,&nbsp;atentos a los cambios y transformaciones propios de nuestra&nbsp;tarea cotidiana y comprometidos con la realidad sociocultural de nuestro pa\u00eds, con un perfil abierto a las necesidades de los otros en el mundo que nos toca transitar.<\/p>\n\n\n\n<p>Tiene una duraci\u00f3n de 4 a\u00f1os y se cursa&nbsp;<strong>&nbsp;en el anexo de Gonzalez Cat\u00e1n (2 DE ABRIL Y AZUL) en el turno de la noche y en la sede de Casanova (Juan Manuel de Rosas 5975) en el turno de la ma\u00f1ana.<\/strong><\/p>\n\n\n\n<p>Los requisitos para la inscripci\u00f3n son:<\/p>\n\n\n\n<p>\u2013 Tener 18 a\u00f1os cumplidos<\/p>\n\n\n\n<p>\u2013 Tener t\u00edtulo secundario<\/p>\n\n\n\n<p>Para conocer el plan de estudios del Profesorado de Danzas presion\u00e1 el siguiente link:<\/p>\n\n\n\n<p><strong><a href=\"https:\/\/drive.google.com\/file\/d\/1FbJbbkZUq0ocpIqds4HhMz781d_LcGSc\/view?usp=sharing\" data-type=\"URL\" data-id=\"https:\/\/drive.google.com\/file\/d\/1FbJbbkZUq0ocpIqds4HhMz781d_LcGSc\/view?usp=sharing\">PLAN DE ESTUDOS \u2013 PROFESORADO DE DANZAS FOLKL\u00d3RICAS<\/a><\/strong><\/p>\n\n\n\n<h4 class=\"wp-block-heading\">Las PRE-INSCRIPCIONES comenzar\u00e1n en NOVIEMBRE a trav\u00e9s del sistema SIU GUARANI implementado por las Direcciones de Educaci\u00f3n Superior de la Provincia<\/h4>\n\n\n\n<p>FECHA DE INSCRIPCI\u00d3N:&nbsp;<strong>5  DE NOVIEMBRE A PARTIR DE LAS 9 HS<\/strong><\/p>\n\n\n\n<p>DESCARGAR INSTRUCTIVO AQU\u00cd&nbsp;<a href=\"https:\/\/drive.google.com\/file\/d\/1pxksoqNQ9fa-8V0IMDsbDw-EA9BYO0xK\/view?usp=sharing\"><strong>(CLICK AQU\u00cd)<\/strong><\/a><\/p>\n\n\n\n<p><strong>DOCUMENTACI\u00d3N A PRESENTAR<\/strong><\/p>\n\n\n\n<ul>\n<li>T\u00edtulo secundario, constancia de t\u00edtulo en tr\u00e1mite o constancia de materias adeudadas del \u00faltimo a\u00f1o<\/li>\n\n\n\n<li>DNI<\/li>\n\n\n\n<li><strong><a href=\"https:\/\/drive.google.com\/file\/d\/1yojhmg1WOlnbCKBZs3xr8ej3eJAyYfYs\/view?usp=sharing\">Certificado de salud (firmado por cualquier m\u00e9dico que indique que est\u00e1s en condiciones de cursar en el establecimiento)<\/a> <a href=\"https:\/\/drive.google.com\/file\/d\/1yojhmg1WOlnbCKBZs3xr8ej3eJAyYfYs\/view?usp=sharing\">CLICK AQU\u00cd<\/a><\/strong><\/li>\n\n\n\n<li>Bono contribuci\u00f3n cooperadora $30.000 POR \u00daNICA VEZ<\/li>\n\n\n\n<li>En el caso de menores de 18 a\u00f1os deber\u00e1n estar acompa\u00f1ados por madre\/padre, o tutor\/a responsable y firmar autorizaci\u00f3n. <a href=\"https:\/\/drive.google.com\/file\/d\/1p-ZlzNZcP-A8nDKqh74OGBOFDrrMoIua\/view?usp=sharing\"><strong>(CLICK AQU\u00cd PARA DESCARGAR AUTORIZACI\u00d3N MENORES DE 18 A\u00d1OS)<\/strong><\/a><\/li>\n<\/ul>\n\n\n\n<p><\/p>\n","protected":false},"excerpt":{"rendered":"<p>El&nbsp;Profesorado de Danzas, orientaci\u00f3n Danzas Folkl\u00f3ricas&nbsp;forma docentes especializados en la ense\u00f1anza de la disciplina habilitados para el ejercicio de la docencia en los niveles de la ense\u00f1anza obligatoria&nbsp;con s\u00f3lidos conocimientos pedag\u00f3gicos,&nbsp;atentos a los cambios y transformaciones propios de nuestra&nbsp;tarea cotidiana y comprometidos con la realidad sociocultural de nuestro pa\u00eds, con un perfil abierto a las &#8230; <a title=\"Profesorado de Danzas Folkl\u00f3ricas\" class=\"read-more\" href=\"https:\/\/eaic-bue.infd.edu.ar\/sitio\/profesorado-de-danzas-folkloricas\/\" aria-label=\"More on Profesorado de Danzas Folkl\u00f3ricas\">[+]<\/a><\/p>\n","protected":false},"author":2201,"featured_media":0,"parent":0,"menu_order":0,"comment_status":"closed","ping_status":"closed","template":"","meta":[],"acf":[],"_links":{"self":[{"href":"https:\/\/eaic-bue.infd.edu.ar\/sitio\/wp-json\/wp\/v2\/pages\/4198"}],"collection":[{"href":"https:\/\/eaic-bue.infd.edu.ar\/sitio\/wp-json\/wp\/v2\/pages"}],"about":[{"href":"https:\/\/eaic-bue.infd.edu.ar\/sitio\/wp-json\/wp\/v2\/types\/page"}],"author":[{"embeddable":true,"href":"https:\/\/eaic-bue.infd.edu.ar\/sitio\/wp-json\/wp\/v2\/users\/2201"}],"replies":[{"embeddable":true,"href":"https:\/\/eaic-bue.infd.edu.ar\/sitio\/wp-json\/wp\/v2\/comments?post=4198"}],"version-history":[{"count":17,"href":"https:\/\/eaic-bue.infd.edu.ar\/sitio\/wp-json\/wp\/v2\/pages\/4198\/revisions"}],"predecessor-version":[{"id":4765,"href":"https:\/\/eaic-bue.infd.edu.ar\/sitio\/wp-json\/wp\/v2\/pages\/4198\/revisions\/4765"}],"wp:attachment":[{"href":"https:\/\/eaic-bue.infd.edu.ar\/sitio\/wp-json\/wp\/v2\/media?parent=4198"}],"curies":[{"name":"wp","href":"https:\/\/api.w.org\/{rel}","templated":true}]}}