{"id":4552,"date":"2024-12-27T15:08:05","date_gmt":"2024-12-27T18:08:05","guid":{"rendered":"https:\/\/eaic-bue.infd.edu.ar\/sitio\/?page_id=4552"},"modified":"2026-02-12T12:20:29","modified_gmt":"2026-02-12T15:20:29","slug":"inscripcion-a-cursadas-estudiantes-regulares","status":"publish","type":"page","link":"https:\/\/eaic-bue.infd.edu.ar\/sitio\/inscripcion-a-cursadas-estudiantes-regulares\/","title":{"rendered":"INSCRIPCI\u00d3N A CURSADAS &#8211; ESTUDIANTES REGULARES"},"content":{"rendered":"\n<p><strong>BONO COOPERADORA: $30.000 POR \u00daNICA VEZ<\/strong><\/p>\n\n\n\n<h2 class=\"wp-block-heading has-text-align-center\">La forma y fechas de inscripci\u00f3n es distinta en cada a\u00f1o y carrera. <\/h2>\n\n\n\n<p class=\"has-text-align-center\"><strong>BONO COOPERADORA (voluntario) $30.000 por \u00fanica vez<\/strong><\/p>\n\n\n\n<p class=\"has-text-align-center has-large-font-size\"><strong>INSCRIPCIONES&nbsp; 2026 Y ELECCI\u00d3N DE SEDES Y HORARIOS<\/strong><\/p>\n\n\n\n<p class=\"has-text-align-center has-accent-color has-text-color has-large-font-size\"><strong>FOBAS (FORMACIONES B\u00c1SICAS)<\/strong><\/p>\n\n\n\n<p class=\"has-text-align-center has-background has-medium-font-size\" style=\"background:radial-gradient(rgb(255,245,203) 0%,rgb(182,227,212) 50%,rgb(51,167,181) 100%)\"><strong>FOBA I (INSTRUMENTO) \u2013 FOBA INTENSIVA (EDUCACI\u00d3N MUSICAL) \u2013 FOBA TENICATURA DE CER\u00c1MICA<\/strong><\/p>\n\n\n\n<p><strong>ASPIRANTES AL INGRESO<\/strong>: La Pre-inscripci\u00f3n es online por sistema prox: del 14 al 17 de febrero.<a href=\"https:\/\/eaic-bue.infd.edu.ar\/sitio\/inscripciones-2025\/\"> <strong><u>CLICK AQU\u00cd para ver detalle<\/u><\/strong><\/a><\/p>\n\n\n\n<p><strong>ESTUDIANTES REGULARES QUE RECURSAN MATERIAS<\/strong>: Elecci\u00f3n de horarios por sistema<strong> PROX: MIERCOLES 18 DE MARZO A PARTIR DE LAS 18 HS<\/strong><\/p>\n\n\n\n<p class=\"has-text-align-center has-background has-medium-font-size\" style=\"background:radial-gradient(rgb(255,245,203) 0%,rgb(182,227,212) 50%,rgb(51,167,181) 100%)\"><strong>FOBA II (INSTRUMENTO)<\/strong><\/p>\n\n\n\n<p>Inscripci\u00f3n presencial: <strong>JUEVES 5 DE MARZO EN CASANOVA<\/strong>. Ese d\u00eda eleg\u00eds el instrumento arm\u00f3nico (piano o guitarra) en distintos horarios seg\u00fan tu instrumento:<\/p>\n\n\n\n<p>9 hs \u2013 saxo, flauta, trompeta, contrabajo, viol\u00edn, violoncello<\/p>\n\n\n\n<p>14 hs \u2013 bajo y canto<\/p>\n\n\n\n<p>18 hs \u2013 bater\u00eda y percusi\u00f3n<\/p>\n\n\n\n<p class=\"has-text-align-center\">GUITARRISTAS, PIANISTAS Y BANDONEON\u00cdSTAS <strong>no cursan instrumento arm\u00f3nico<\/strong><\/p>\n\n\n\n<p>Elecci\u00f3n de horarios online: <strong>MARTES 17 DE MARZO A PARTIR DE LAS 18 HS <u>POR SISTEMA PROX<\/u><\/strong><\/p>\n\n\n\n<p class=\"has-text-align-center has-accent-color has-text-color has-large-font-size\"><strong>FORMACIONES DE GRADO<\/strong><\/p>\n\n\n\n<p class=\"has-text-align-center has-luminous-vivid-amber-to-luminous-vivid-orange-gradient-background has-background has-medium-font-size\"><strong>PROFESORADO DE EDUCACI\u00d3N MUSICAL<\/strong><\/p>\n\n\n\n<ul>\n<li><strong>SI YA APROBASTE MATERIAS DE <u>FORMACI\u00d3N DE GRADO<\/u> I EST\u00c1S <u>EN EL SISTEMA PROX<\/u><\/strong><\/li>\n<\/ul>\n\n\n\n<p><strong>Elecci\u00f3n de horarios ONLINE:<\/strong><\/p>\n\n\n\n<p><strong>FG I \u2013 Lunes 16\/3 a partir de las 18 hs<\/strong><\/p>\n\n\n\n<p><strong>FG II \u2013 Viernes 13\/3 a partir de las 18 hs<\/strong><\/p>\n\n\n\n<p><strong>FG III \u2013 Jueves 12\/3 a partir de las 18 hs<\/strong><\/p>\n\n\n\n<p><strong>FG IV \u2013 Mi\u00e9rcoles 11\/3 a partir de las 18 hs<\/strong><\/p>\n\n\n\n<ul>\n<li><strong>SI TE PRE-INSCRIBISTE A LA FG I PORQUE  EN EL SISTEMA SIU GUARAN\u00cd EN NOVIEMBRE  PORQUE YA FINALLIZASTE LA FOBA Y CUMPL\u00cdS CON LOS REQUISITOS ESTABLECIDOS: <\/strong>te citaremos por correo para la inscripci\u00f3n PRESENCIAL. Deber\u00e1s traer tu t\u00edtulo secundario o constancia de t\u00edtulo en tr\u00e1mite. Si finalizaste la FOBA y a\u00fan no te inscribiste a la FORMACI\u00d3N DE GRADO I por el SIU GUARAN\u00cd,  la inscripci\u00f3n a\u00fan est\u00e1 abierta en esta carrera. Ingres\u00e1 a este instructivo: <a href=\"https:\/\/drive.google.com\/file\/d\/1pxksoqNQ9fa-8V0IMDsbDw-EA9BYO0xK\/view?usp=sharing\"><strong>(CLICK AQU\u00cd)<\/strong><\/a>. En el caso de que no hayas cursado la FOBA dirigite a este enlace: <a href=\"https:\/\/eaic-bue.infd.edu.ar\/sitio\/profesorado-de-musica-orientacion-educacion-musical\/\">(CLICK AQU\u00cd)<\/a><\/li>\n<\/ul>\n\n\n\n<p class=\"has-text-align-center has-background has-medium-font-size\" style=\"background:radial-gradient(rgb(122,220,180) 0%,rgb(0,208,130) 100%)\"><strong>PROFESORADO O TECNICATURA DE INSTRUMENTO POPULAR<\/strong><\/p>\n\n\n\n<ul>\n<li><strong>SI YA APROBASTE MATERIAS <u>FORMACI\u00d3N DE GRADO<\/u> I EST\u00c1S <u>EN EL SISTEMA PROX<\/u><\/strong><\/li>\n<\/ul>\n\n\n\n<p><strong>FG I \u2013&nbsp; <\/strong>elecci\u00f3n de horarios online<strong>: lunes 16\/3 a partir de las 18 hs<\/strong><\/p>\n\n\n\n<ol type=\"1\">\n<li><\/li>\n<\/ol>\n\n\n\n<p><strong>FG II \u2013 <\/strong>Inscripci\u00f3n <strong>presencial<\/strong> para elegir especialidad (jazz, tango o folklore).<strong>&nbsp;Fecha: PRESENCIAL LUNES 9 DE MARZO a las 18 hs en CASANOVA (<\/strong>si no ven\u00eds en esta fecha no vas a poder elegir horarios en forma online. <strong>Elecci\u00f3n de horarios online POR SISTEMA PROX  viernes 13\/3 a partir de las 18 hs<\/strong><\/p>\n\n\n\n<p><strong>FG III \u2013 <\/strong>elecci\u00f3n de horarios online \u2013 sistema PROX<strong>: Jueves 12\/3 a partir de las 18 hs<\/strong><\/p>\n\n\n\n<p><strong>FG IV \u2013 <\/strong>elecci\u00f3n de horarios online &#8211; SISTEMA PROX <strong>: Mi\u00e9rcoles 11\/3 a partir de las 18 hs<\/strong><\/p>\n\n\n\n<ul>\n<li><strong>SI TE PRE-INSCRIBISTE A LA FG I EN EL SISTEMA SIU GUARAN\u00cd EN NOVIEMBRE Y CUMPL\u00cdS CON LOS REQUISITOS ESTABLECIDOS: <\/strong>te citaremos por correo para la inscripci\u00f3n PRESENCIAL. Deber\u00e1s traer tu t\u00edtulo secundario o constancia de t\u00edtulo en tr\u00e1mite. Si finalizaste la FOBA y a\u00fan no te inscribiste a la FORMACI\u00d3N DE GRADO I por el SIU GUARAN\u00cd, la inscripci\u00f3n a\u00fan est\u00e1 abierta en esta carrera para algunos instrumentos. Ingres\u00e1 a este instructivo:\u00a0<a href=\"https:\/\/drive.google.com\/file\/d\/1pxksoqNQ9fa-8V0IMDsbDw-EA9BYO0xK\/view?usp=sharing\"><strong>(CLICK AQU\u00cd)<\/strong><\/a>. En el caso de que no hayas cursado la FOBA dirigite a este enlace: <a href=\"https:\/\/eaic-bue.infd.edu.ar\/sitio\/profesorado-de-instrumento-popular\/\">(CLICK AQU\u00cd)<\/a><\/li>\n<\/ul>\n\n\n\n<p class=\"has-text-align-center has-background has-medium-font-size\" style=\"background:radial-gradient(rgba(6,147,227,1) 0%,rgb(155,81,224) 100%)\"><strong>PROFESORADO DE ARTES VISUALES<\/strong><\/p>\n\n\n\n<ul>\n<li><strong>SI YA APROBASTE MATERIAS <u>FORMACI\u00d3N DE GRADO<\/u> I EST\u00c1S <u>EN EL SISTEMA PROX<\/u><\/strong><\/li>\n<\/ul>\n\n\n\n<p><strong>FG I \u2013&nbsp; <\/strong>elecci\u00f3n de horarios online por sistema <strong>PROX: lunes 16\/3 a partir de las 18 hs<\/strong><\/p>\n\n\n\n<p><strong>FG II \u2013 <\/strong>elecci\u00f3n de horarios online por sistema <strong>PROX: viernes 13\/3 a partir de las 18 hs<\/strong><\/p>\n\n\n\n<ol type=\"1\">\n<li><\/li>\n<\/ol>\n\n\n\n<p><strong>FG III \u2013 Inscripci\u00f3n presencial<\/strong> para elegir especialidad (GRABADO, PINTURA O ESCULTURA) <strong>Fecha: PRESENCIAL \u2013 <\/strong>si no ven\u00eds en esta fecha no vasa poder elegir horarios en forma online <strong>VIERNES 6 DE MARZO EN CASANOVA<\/strong><\/p>\n\n\n\n<p>&nbsp;&nbsp;&nbsp;&nbsp;&nbsp;&nbsp;&nbsp;&nbsp;&nbsp;&nbsp;&nbsp;&nbsp; 9 hs \u2013 apellidos de A a E<\/p>\n\n\n\n<p>&nbsp;&nbsp;&nbsp;&nbsp;&nbsp;&nbsp;&nbsp;&nbsp;&nbsp;&nbsp;&nbsp;&nbsp; 14 hs \u2013 apellidos de la F a K<\/p>\n\n\n\n<p>&nbsp;&nbsp;&nbsp;&nbsp;&nbsp;&nbsp;&nbsp;&nbsp;&nbsp;&nbsp;&nbsp;&nbsp;&nbsp; 18 hs \u2013 apellidos de L a P<\/p>\n\n\n\n<p><strong>LUNES 9 DE MARZO<\/strong> &#8211; 9 hs \u2013 apellidos de Q a Z<\/p>\n\n\n\n<p>Elecci\u00f3n de horarios online por sistema PROX<strong>: jueves 12\/3 a partir de las 18 hs<\/strong><\/p>\n\n\n\n<p><strong>FG IV \u2013 <\/strong>elecci\u00f3n de horarios online<strong>: mi\u00e9rcoles 11\/3 a partir de las 18 hs<\/strong><\/p>\n\n\n\n<ul>\n<li><strong>SI TE PRE-INSCRIBISTE A LA FG I EN EL SISTEMA SIU GUARAN\u00cd EN NOVIEMBRE Y CUMPL\u00cdS CON LOS REQUISITOS ESTABLECIDOS: <\/strong>te citaremos por correo para la inscripci\u00f3n PRESENCIAL. Deber\u00e1s traer tu t\u00edtulo secundario o constancia de t\u00edtulo en tr\u00e1mite<\/li>\n<\/ul>\n\n\n\n<p class=\"has-text-align-center has-luminous-dusk-gradient-background has-background has-medium-font-size\"><strong>PROFESORADO DE CER\u00c1MICA<\/strong><\/p>\n\n\n\n<ul>\n<li><strong>SI YA APROBASTE MATERIAS <u>FORMACI\u00d3N DE GRADO<\/u> I EST\u00c1S <u>EN EL SISTEMA PROX<\/u><\/strong> &#8211; <strong>Elecci\u00f3n de horarios ONLINE:<\/strong><\/li>\n<\/ul>\n\n\n\n<ol type=\"1\">\n<li><\/li>\n<\/ol>\n\n\n\n<p><strong>FG I \u2013 Lunes 16\/3 a partir de las 18 hs<\/strong><\/p>\n\n\n\n<p><strong>FG II \u2013 Viernes 13\/3 a partir de las 18 hs<\/strong><\/p>\n\n\n\n<p><strong>FG III \u2013 Jueves 12\/3 a partir de las 18 hs<\/strong><\/p>\n\n\n\n<p><strong>FG IV \u2013 Mi\u00e9rcoles 11\/3 a partir de las 18 hs<\/strong><\/p>\n\n\n\n<ul>\n<li><strong>SI TE PRE-INSCRIBISTE A LA FG I EN EL SISTEMA SIU GUARAN\u00cd EN NOVIEMBRE Y CUMPL\u00cdS CON LOS REQUISITOS ESTABLECIDOS: <\/strong>te citaremos por correo para la inscripci\u00f3n PRESENCIAL. Deber\u00e1s traer tu t\u00edtulo secundario o constancia de t\u00edtulo en tr\u00e1mite<\/li>\n<\/ul>\n\n\n\n<p class=\"has-text-align-center has-background has-medium-font-size\" style=\"background:radial-gradient(rgba(6,147,227,1) 0%,rgb(155,81,224) 100%)\"><strong>TECNICATURA DE CER\u00c1MICA<\/strong><\/p>\n\n\n\n<ul>\n<li><strong>SI YA APROBASTE MATERIAS <u>FORMACI\u00d3N DE GRADO<\/u> I EST\u00c1S <u>EN EL SISTEMA PROX<\/u><\/strong> &#8211; <strong>Elecci\u00f3n de horarios ONLINE por sistema PROX:<\/strong><\/li>\n<\/ul>\n\n\n\n<p><strong>FG I \u2013 Lunes 16\/3 a partir de las 18 hs<\/strong><\/p>\n\n\n\n<p><strong>FG II \u2013 Viernes 13\/3 a partir de las 18 hs<\/strong><\/p>\n\n\n\n<ol type=\"1\">\n<li><\/li>\n<\/ol>\n\n\n\n<p><strong>FG III \u2013 Jueves 12\/3 a partir de las 18 hs<\/strong><\/p>\n\n\n\n<ul>\n<li><strong>SI TE PRE-INSCRIBISTE A LA FG I EN EL SISTEMA SIU GUARAN\u00cd EN NOVIEMBRE Y CUMPL\u00cdS CON LOS REQUISITOS ESTABLECIDOS: <\/strong>te citaremos por correo para la inscripci\u00f3n PRESENCIAL. Deber\u00e1s traer tu t\u00edtulo secundario o constancia de t\u00edtulo en tr\u00e1mite<\/li>\n<\/ul>\n\n\n\n<p class=\"has-text-align-center has-luminous-vivid-orange-to-vivid-red-gradient-background has-background has-medium-font-size\"><strong>PROFESORADO DE DANZAS FOLKLORICAS<\/strong><\/p>\n\n\n\n<ul>\n<li><strong>SI YA APROBASTE MATERIAS <u>FORMACI\u00d3N DE GRADO<\/u> I EST\u00c1S <u>EN EL SISTEMA PROX<\/u><\/strong> <strong>Elecci\u00f3n de horarios ONLINE por sistema PROX:<\/strong><\/li>\n<\/ul>\n\n\n\n<ol type=\"1\">\n<li><\/li>\n<\/ol>\n\n\n\n<p><strong>FG I \u2013 Lunes 16\/3 a partir de las 18 hs<\/strong><\/p>\n\n\n\n<p><strong>FG II \u2013 Viernes 13\/3 a partir de las 18 hs<\/strong><\/p>\n\n\n\n<p><strong>FG III \u2013 Jueves 12\/3 a partir de las 18 hs<\/strong><\/p>\n\n\n\n<p><strong>FG IV \u2013 Mi\u00e9rcoles 11\/3 a partir de las 18 hs<\/strong><\/p>\n\n\n\n<ul>\n<li><strong>SI TE PRE-INSCRIBISTE A LA FG I EN EL SISTEMA SIU GUARAN\u00cd EN NOVIEMBRE Y CUMPL\u00cdS CON LOS REQUISITOS ESTABLECIDOS: <\/strong>te citaremos por correo para la inscripci\u00f3n PRESENCIAL. Deber\u00e1s traer tu t\u00edtulo secundario o constancia de t\u00edtulo en tr\u00e1mite<\/li>\n<\/ul>\n\n\n\n<p class=\"has-text-align-center has-blush-light-purple-gradient-background has-background has-medium-font-size\"><strong>PROFESORADO DE TEATRO<\/strong><\/p>\n\n\n\n<ul>\n<li><strong>SI YA APROBASTE MATERIAS <u>FORMACI\u00d3N DE GRADO<\/u> I EST\u00c1S <u>EN EL SISTEMA PROX<\/u><\/strong><\/li>\n<\/ul>\n\n\n\n<p><strong>Elecci\u00f3n de horarios ONLINE por sistema PROX:<\/strong><\/p>\n\n\n\n<ol type=\"1\">\n<li><\/li>\n<\/ol>\n\n\n\n<p><strong>FG I \u2013 Lunes 16\/3 a partir de las 18 hs<\/strong><\/p>\n\n\n\n<p><strong>FG II \u2013 Viernes 13\/3 a partir de las 18 hs<\/strong><\/p>\n\n\n\n<p><strong>FG III \u2013 Jueves 12\/3 a partir de las 18 hs<\/strong><\/p>\n\n\n\n<p><strong>FG IV \u2013 Mi\u00e9rcoles 11\/3 a partir de las 18 hs<\/strong><\/p>\n\n\n\n<ul>\n<li><strong>SI TE PRE-INSCRIBISTE A LA FG I EN EL SISTEMA SIU GUARAN\u00cd EN NOVIEMBRE Y CUMPL\u00cdS CON LOS REQUISITOS ESTABLECIDOS: <\/strong>te citaremos por correo para la inscripci\u00f3n PRESENCIAL. Deber\u00e1s traer tu t\u00edtulo secundario o constancia de t\u00edtulo en tr\u00e1mite<\/li>\n<\/ul>\n","protected":false},"excerpt":{"rendered":"<p>BONO COOPERADORA: $30.000 POR \u00daNICA VEZ La forma y fechas de inscripci\u00f3n es distinta en cada a\u00f1o y carrera. BONO COOPERADORA (voluntario) $30.000 por \u00fanica vez INSCRIPCIONES&nbsp; 2026 Y ELECCI\u00d3N DE SEDES Y HORARIOS FOBAS (FORMACIONES B\u00c1SICAS) FOBA I (INSTRUMENTO) \u2013 FOBA INTENSIVA (EDUCACI\u00d3N MUSICAL) \u2013 FOBA TENICATURA DE CER\u00c1MICA ASPIRANTES AL INGRESO: La Pre-inscripci\u00f3n &#8230; <a title=\"INSCRIPCI\u00d3N A CURSADAS &#8211; ESTUDIANTES REGULARES\" class=\"read-more\" href=\"https:\/\/eaic-bue.infd.edu.ar\/sitio\/inscripcion-a-cursadas-estudiantes-regulares\/\" aria-label=\"More on INSCRIPCI\u00d3N A CURSADAS &#8211; ESTUDIANTES REGULARES\">[+]<\/a><\/p>\n","protected":false},"author":2201,"featured_media":0,"parent":0,"menu_order":0,"comment_status":"closed","ping_status":"closed","template":"","meta":[],"acf":[],"_links":{"self":[{"href":"https:\/\/eaic-bue.infd.edu.ar\/sitio\/wp-json\/wp\/v2\/pages\/4552"}],"collection":[{"href":"https:\/\/eaic-bue.infd.edu.ar\/sitio\/wp-json\/wp\/v2\/pages"}],"about":[{"href":"https:\/\/eaic-bue.infd.edu.ar\/sitio\/wp-json\/wp\/v2\/types\/page"}],"author":[{"embeddable":true,"href":"https:\/\/eaic-bue.infd.edu.ar\/sitio\/wp-json\/wp\/v2\/users\/2201"}],"replies":[{"embeddable":true,"href":"https:\/\/eaic-bue.infd.edu.ar\/sitio\/wp-json\/wp\/v2\/comments?post=4552"}],"version-history":[{"count":21,"href":"https:\/\/eaic-bue.infd.edu.ar\/sitio\/wp-json\/wp\/v2\/pages\/4552\/revisions"}],"predecessor-version":[{"id":4796,"href":"https:\/\/eaic-bue.infd.edu.ar\/sitio\/wp-json\/wp\/v2\/pages\/4552\/revisions\/4796"}],"wp:attachment":[{"href":"https:\/\/eaic-bue.infd.edu.ar\/sitio\/wp-json\/wp\/v2\/media?parent=4552"}],"curies":[{"name":"wp","href":"https:\/\/api.w.org\/{rel}","templated":true}]}}