{"id":4558,"date":"2024-12-27T15:19:46","date_gmt":"2024-12-27T18:19:46","guid":{"rendered":"https:\/\/eaic-bue.infd.edu.ar\/sitio\/?page_id=4558"},"modified":"2025-12-17T19:41:15","modified_gmt":"2025-12-17T22:41:15","slug":"inscripciones-2025","status":"publish","type":"page","link":"https:\/\/eaic-bue.infd.edu.ar\/sitio\/inscripciones-2025\/","title":{"rendered":"ASPIRANTES AL INGRESO 2026"},"content":{"rendered":"\n<p>Para el ingreso a las carreras de la Escuela de Arte ten\u00e9s que realizar los siguientes pasos:<\/p>\n\n\n\n<ol>\n<li><strong>PRE-INSCRIPCI\u00d3N<\/strong>:&nbsp;Se realizar\u00e1 en forma online<\/li>\n\n\n\n<li>I<strong>NSCRIPCI\u00d3N PRESENCIA<\/strong>L en la sede de Isidro Casanova<\/li>\n<\/ol>\n\n\n\n<p>Cada carrera y a\u00f1o tiene una fecha y modalidad distinta de inscripci\u00f3n. Hac\u00e9 click en los siguientes enlaces seg\u00fan la carrera a la que quer\u00e9s ingresar:<\/p>\n\n\n\n<ol>\n<li><a href=\"https:\/\/eaic-bue.infd.edu.ar\/sitio\/tecnicatura-en-ceramica\/\"><strong>TECNICATURA DE CER\u00c1MICA (FORMACI\u00d3N B\u00c1SICA)<\/strong><\/a><\/li>\n<\/ol>\n\n\n\n<p>2.&nbsp;<a href=\"https:\/\/eaic-bue.infd.edu.ar\/sitio\/profesorado-de-musica-orientacion-educacion-musical\/\"><strong>PROFESORADO DE EDUCACI\u00d3N MUSICAL<\/strong>&nbsp;<strong>(FORMACI\u00d3N B\u00c1SICA INTENSIVA -M\u00daSICA)<\/strong><\/a><\/p>\n\n\n\n<p>3.&nbsp;<a href=\"https:\/\/eaic-bue.infd.edu.ar\/sitio\/profesorado-de-instrumento-popular\/\"><strong>PROFESORADO DE INSTRUMENTO POPULAR (FORMACI\u00d3N B\u00c1SICA DE INSTRUMENTO)<\/strong><\/a><\/p>\n\n\n\n<p>4.&nbsp;<strong>T<\/strong><a href=\"https:\/\/eaic-bue.infd.edu.ar\/sitio\/tecnicatura-de-instrumento-popular\/\"><strong>ECNICATURA DE INSTRUMENTO POPULAR (FORMACI\u00d3N B\u00c1SICA DE INSTRUMENTO)<\/strong><\/a><\/p>\n\n\n\n<p>5.&nbsp;<a href=\"https:\/\/eaic-bue.infd.edu.ar\/sitio\/profesorado-en-artes-visuales\/\"><strong>PROFESORADO DE ARTES VISUALES (INGRESO AL 1\u00b0 A\u00d1O)<\/strong><\/a><\/p>\n\n\n\n<p>6.&nbsp;<a href=\"https:\/\/eaic-bue.infd.edu.ar\/sitio\/profesorado-de-ceramica-2\/\"><strong>PROFESORADO DE CER\u00c1MICA (INGRESO AL 1\u00b0 A\u00d1O)<\/strong><\/a><\/p>\n\n\n\n<p>7.&nbsp;<a href=\"https:\/\/eaic-bue.infd.edu.ar\/sitio\/profesorado-de-teatro\/\"><strong>PROFESORADO DE TEATRO (INGRESO AL 1\u00b0 A\u00d1O)<\/strong><\/a><strong>&nbsp; &nbsp;<\/strong><\/p>\n\n\n\n<p>8.&nbsp;<strong><a href=\"https:\/\/eaic-bue.infd.edu.ar\/sitio\/profesorado-de-danzas-folkloricas\/\">PROFESORADO DE DANZAS FOLKL\u00d3RICAS (INGRESO AL 1\u00b0 A\u00d1O)<\/a><\/strong><\/p>\n","protected":false},"excerpt":{"rendered":"<p>Para el ingreso a las carreras de la Escuela de Arte ten\u00e9s que realizar los siguientes pasos: Cada carrera y a\u00f1o tiene una fecha y modalidad distinta de inscripci\u00f3n. Hac\u00e9 click en los siguientes enlaces seg\u00fan la carrera a la que quer\u00e9s ingresar: 2.&nbsp;PROFESORADO DE EDUCACI\u00d3N MUSICAL&nbsp;(FORMACI\u00d3N B\u00c1SICA INTENSIVA -M\u00daSICA) 3.&nbsp;PROFESORADO DE INSTRUMENTO POPULAR (FORMACI\u00d3N &#8230; <a title=\"ASPIRANTES AL INGRESO 2026\" class=\"read-more\" href=\"https:\/\/eaic-bue.infd.edu.ar\/sitio\/inscripciones-2025\/\" aria-label=\"More on ASPIRANTES AL INGRESO 2026\">[+]<\/a><\/p>\n","protected":false},"author":2201,"featured_media":0,"parent":0,"menu_order":0,"comment_status":"closed","ping_status":"closed","template":"","meta":[],"acf":[],"_links":{"self":[{"href":"https:\/\/eaic-bue.infd.edu.ar\/sitio\/wp-json\/wp\/v2\/pages\/4558"}],"collection":[{"href":"https:\/\/eaic-bue.infd.edu.ar\/sitio\/wp-json\/wp\/v2\/pages"}],"about":[{"href":"https:\/\/eaic-bue.infd.edu.ar\/sitio\/wp-json\/wp\/v2\/types\/page"}],"author":[{"embeddable":true,"href":"https:\/\/eaic-bue.infd.edu.ar\/sitio\/wp-json\/wp\/v2\/users\/2201"}],"replies":[{"embeddable":true,"href":"https:\/\/eaic-bue.infd.edu.ar\/sitio\/wp-json\/wp\/v2\/comments?post=4558"}],"version-history":[{"count":6,"href":"https:\/\/eaic-bue.infd.edu.ar\/sitio\/wp-json\/wp\/v2\/pages\/4558\/revisions"}],"predecessor-version":[{"id":4777,"href":"https:\/\/eaic-bue.infd.edu.ar\/sitio\/wp-json\/wp\/v2\/pages\/4558\/revisions\/4777"}],"wp:attachment":[{"href":"https:\/\/eaic-bue.infd.edu.ar\/sitio\/wp-json\/wp\/v2\/media?parent=4558"}],"curies":[{"name":"wp","href":"https:\/\/api.w.org\/{rel}","templated":true}]}}