{"id":4741,"date":"2025-10-26T18:12:06","date_gmt":"2025-10-26T21:12:06","guid":{"rendered":"https:\/\/eaic-bue.infd.edu.ar\/sitio\/?page_id=4741"},"modified":"2025-10-28T16:47:04","modified_gmt":"2025-10-28T19:47:04","slug":"estudiantes-que-finalizan-este-ano-las-foba-de-musica-y-tecnicatura-de-ceramica","status":"publish","type":"page","link":"https:\/\/eaic-bue.infd.edu.ar\/sitio\/estudiantes-que-finalizan-este-ano-las-foba-de-musica-y-tecnicatura-de-ceramica\/","title":{"rendered":"ESTUDIANTES QUE FINALIZAN ESTE A\u00d1O LAS FOBA DE M\u00daSICA Y TECNICATURA DE CER\u00c1MICA"},"content":{"rendered":"\n<h4 class=\"wp-block-heading\">Si est\u00e1s finalizando la FOBA -PRE-INSCRIBITE A LA FORMACI\u00d3N DE GRADO I <\/h4>\n\n\n\n<h4 class=\"wp-block-heading\">Las Direcciones de Educaci\u00f3n Superior implementa este a\u00f1o el sistema SIU GUARANI. <\/h4>\n\n\n\n<h4 class=\"wp-block-heading\">FECHAS DE INSCRIPCI\u00d3N<\/h4>\n\n\n\n<ul>\n<li><strong>TECNICATURA DE CER\u00c1MICA <\/strong>(FORMACI\u00d3N DE GRADO I) &#8211; <strong>3 DE NOVIEMBRE A PARTIR DE LAS 9 HS<\/strong><\/li>\n\n\n\n<li><strong>PROFESORADO DE EDUCACI\u00d3N MUSICAL<\/strong> (FORMACI\u00d3N DE GRADO I) &#8211; <strong>4 DE NOVIEMBRE A PARTIR DE LAS 9 HS<\/strong><\/li>\n\n\n\n<li><strong>PROFESORADO  DE INSTRUMENTO POPULAR<\/strong> (FORMACI\u00d3N DE GRADO I) &#8211; <strong>5 DE NOVIEMBRE A PARTIR DE LAS 9 HS<\/strong><\/li>\n\n\n\n<li><strong>TECNICATURA DE INSTRUMENTO POPULAR<\/strong> (FORMACI\u00d3N DE GRADO I) &#8211; <strong>6 DE NOVIEMBRE A PARTIR DE LAS 9 HS<\/strong><\/li>\n<\/ul>\n\n\n\n<p>I<strong>NSTRUCTIVO PARA LA PRE-INSCRIPCI\u00d3N<\/strong> &#8211;<a href=\"https:\/\/drive.google.com\/file\/d\/1pxksoqNQ9fa-8V0IMDsbDw-EA9BYO0xK\/view?usp=sharing\"><strong>CLICK AQU\u00cd<\/strong><\/a><\/p>\n\n\n\n<p><\/p>\n","protected":false},"excerpt":{"rendered":"<p>Si est\u00e1s finalizando la FOBA -PRE-INSCRIBITE A LA FORMACI\u00d3N DE GRADO I Las Direcciones de Educaci\u00f3n Superior implementa este a\u00f1o el sistema SIU GUARANI. FECHAS DE INSCRIPCI\u00d3N INSTRUCTIVO PARA LA PRE-INSCRIPCI\u00d3N &#8211;CLICK AQU\u00cd<\/p>\n","protected":false},"author":2201,"featured_media":0,"parent":0,"menu_order":0,"comment_status":"closed","ping_status":"closed","template":"","meta":[],"acf":[],"_links":{"self":[{"href":"https:\/\/eaic-bue.infd.edu.ar\/sitio\/wp-json\/wp\/v2\/pages\/4741"}],"collection":[{"href":"https:\/\/eaic-bue.infd.edu.ar\/sitio\/wp-json\/wp\/v2\/pages"}],"about":[{"href":"https:\/\/eaic-bue.infd.edu.ar\/sitio\/wp-json\/wp\/v2\/types\/page"}],"author":[{"embeddable":true,"href":"https:\/\/eaic-bue.infd.edu.ar\/sitio\/wp-json\/wp\/v2\/users\/2201"}],"replies":[{"embeddable":true,"href":"https:\/\/eaic-bue.infd.edu.ar\/sitio\/wp-json\/wp\/v2\/comments?post=4741"}],"version-history":[{"count":3,"href":"https:\/\/eaic-bue.infd.edu.ar\/sitio\/wp-json\/wp\/v2\/pages\/4741\/revisions"}],"predecessor-version":[{"id":4762,"href":"https:\/\/eaic-bue.infd.edu.ar\/sitio\/wp-json\/wp\/v2\/pages\/4741\/revisions\/4762"}],"wp:attachment":[{"href":"https:\/\/eaic-bue.infd.edu.ar\/sitio\/wp-json\/wp\/v2\/media?parent=4741"}],"curies":[{"name":"wp","href":"https:\/\/api.w.org\/{rel}","templated":true}]}}