{"id":785,"date":"2018-08-29T18:51:47","date_gmt":"2018-08-29T21:51:47","guid":{"rendered":"https:\/\/eaic-bue.infd.edu.ar\/sitio\/equivalencias-y-pases\/"},"modified":"2026-02-17T09:19:51","modified_gmt":"2026-02-17T12:19:51","slug":"equivalencias-y-pases","status":"publish","type":"page","link":"https:\/\/eaic-bue.infd.edu.ar\/sitio\/equivalencias-y-pases\/","title":{"rendered":"EQUIVALENCIAS Y PASES"},"content":{"rendered":"<h4 style=\"text-align: center;\">\u00a0<\/h4>\n<p><strong>FECHAS DE RECEPCI\u00d3N DE EQUIVALENCIAS<\/strong>: desde el 16 de febrero hasta el 27 de marzo de 2026<\/p>\n<p>La solicitud de equivalencias se realizar\u00e1 en forma online (a trav\u00e9s del formulario que figura m\u00e1s abajo)<\/p>\n<h5 style=\"text-align: left;\"><span style=\"color: #ff6600;\">1. ASPIRANTES AL INGRESO QUE APROBARON TRAYECTOS EN OTRAS INSTITUCIONES<\/span><\/h5>\n<p style=\"text-align: justify;\">Documentaci\u00f3n obligatoria:<\/p>\n<ul>\n<li style=\"text-align: left;\"><span style=\"font-family: arial, helvetica, sans-serif; font-size: 12pt;\"><strong style=\"font-style: italic;\">Titulo secundario o constancia de t\u00edtulo en tr\u00e1mite <\/strong><i>(en el caso de ingresar a las FOBA, si a\u00fan no tuviera el secundario completo, se podr\u00e1 presentar constancia de estudiante regular. El t\u00edtulo secundario es indispensable para el ingreso a la FORMACI\u00d3N DE GRADO)<\/i><\/span><\/li>\n<li style=\"text-align: left;\"><span style=\"font-family: arial, helvetica, sans-serif; font-size: 12pt;\"><em><strong>DNI<\/strong><\/em><\/span><\/li>\n<li>Certificado de salud<\/li>\n<li>En el caso de Artes Visuales o Cer\u00e1mica, certificado de vacuna antitet\u00e1nica actualizado<\/li>\n<li><span style=\"font-family: arial, helvetica, sans-serif; font-size: 12pt;\"><em><strong>Certificado anal\u00edtico otorgado y sellado por la instituci\u00f3n en la cual acredit\u00f3 las asignaturas. Si la instituci\u00f3n solicita un pedido de pase, pod\u00e9s <span style=\"color: #ff0000;\"><a style=\"color: #ff0000;\" title=\"PASE\" href=\"upload\/SOLICITUD_DE_PASE.docx\" target=\"_blank\" rel=\"noopener\">descargarlo aqu\u00ed<\/a><\/span><\/strong><\/em><\/span><\/li>\n<\/ul>\n<p style=\"text-align: left;\">Deber\u00e1s completar el formulario que corresponda (VER M\u00c1S ABAJO) seg\u00fan la carrera a la que quer\u00e9s ingresar y adjuntar la documentaci\u00f3n obligatoria en archivo de imagen (foto &#8211;\u00a0 jpg) o en pdf.\u00a0<\/p>\n<p style=\"text-align: left;\">Una vez enviado el formulario deber\u00e1s esperar la respuesta a la solicitud (aceptaci\u00f3n o denegaci\u00f3n de la equivalencia) que llegar\u00e1 por correo electr\u00f3nico.<\/p>\n<p><span style=\"font-family: arial, helvetica, sans-serif; font-size: 12pt;\"> Si las asignaturas que acreditaste pertenecen a un <strong>plan de estudios distinto<\/strong> al que deseas ingresar, <\/span>se te solicitar\u00e1n por correo electr\u00f3nico\u00a0 los <strong>programas de las asignaturas aprobadas, firmados por la instituci\u00f3<\/strong>n que las acredit\u00f3<\/p>\n<p>Una vez recibida la respuesta de confirmaci\u00f3n por correo deber\u00e1 concurrir a la sede de Casanova el d\u00eda indicado en el mismo correo y llevar la siguiente documentaci\u00f3n obligatoria:<\/p>\n<ul>\n<li>Certificado de salud<\/li>\n<li>En el caso de ingreso a Artes Visuales y Cer\u00e1mica, certificado de vacuna antitet\u00e1nica actualizado<\/li>\n<li>Bono contribuci\u00f3n cooperadora (voluntario) $30.000 por \u00fanica vez<\/li>\n<\/ul>\n<p><a href=\"https:\/\/docs.google.com\/forms\/d\/e\/1FAIpQLSdQpIqlgA0hjlv-BoatPitMq_Gw6cFKXmUxQ7Q9XVYyvZun6w\/viewform\"><strong>EQUIVALENCIAS DE PROFESORADO <\/strong><strong>DE ARTES VISUALES<\/strong> &#8211; <strong>CLICK AQU\u00cd<\/strong><\/a><\/p>\n<p><a href=\"https:\/\/docs.google.com\/forms\/d\/e\/1FAIpQLSfKfcvsZeF6bwCvwayjvNYW7yjDuaOArzZeFSRjbGOTgPunlA\/viewform\"><strong>EQUIVALENCIAS DE PROFESORADO DE CER\u00c1MICA &#8211; CLICK AQU\u00cd<\/strong><\/a><\/p>\n<p><a href=\"https:\/\/docs.google.com\/forms\/d\/e\/1FAIpQLSd8WI4tBH-mhKTicDuE4cGDnr_rgOcr5vO2RF_-lM33FgNd8Q\/viewform\"><strong>EQUIVALENCIAS TECNICATURA DE CER\u00c1MICA &#8211; CLICK AQU\u00cd<\/strong><\/a><\/p>\n<p>\u00a0<\/p>\n<p><a href=\"https:\/\/docs.google.com\/forms\/d\/e\/1FAIpQLSdNZFDu340FaMaY4ByUJeiRIA4305JUBJ1ll9AulAsYPa1O4w\/viewform\"><strong>EQUIVALENCIAS PROFESORADO DE TEATRO\u00a0 &#8211; CLIK AQU\u00cd<\/strong><\/a><\/p>\n<p>\u00a0<\/p>\n<p><strong><a href=\"https:\/\/docs.google.com\/forms\/d\/e\/1FAIpQLScl5H9dNT89vhF8sIksRdgUqKlu6FuWXdg2afTaNhQP_ZW5tQ\/viewform?usp=publish-editor\">EQUIVALENCIAS FOBA (FOMACI\u00d3N B\u00c1SICA) INSTRUMENTO POPULAR &#8211; CLICK AQ<\/a><\/strong>UI<\/p>\n<p><a href=\"https:\/\/docs.google.com\/forms\/d\/e\/1FAIpQLSeoEfpAFEz6pVV4Hx_V8eSLS9IJtllGfRq77TPfoYPc-t1OJQ\/viewform?usp=publish-editor\"><strong>EQUIVALENCIAS PROFESORADO O TECNICATURA DE <\/strong><strong><em>INSTRUMENTO<\/em> POPULAR (FORMACI\u00d3N DE GRADO)- CLICK AQU\u00cd<\/strong><\/a><\/p>\n<p>\u00a0<\/p>\n<p><a href=\"https:\/\/docs.google.com\/forms\/d\/e\/1FAIpQLScXsIKo82w7aX9tcXfG-KNkLMqBuKvZRVEHAOOX7RDCZ2TB8Q\/viewform?usp=publish-editor\"><strong>EQUIVALENCIAS FOBA EDUCACI\u00d3N MUSICAL &#8211; CLICK AQU\u00cd<\/strong><\/a><\/p>\n<p><a href=\"https:\/\/docs.google.com\/forms\/d\/e\/1FAIpQLSfEu45OJ5SH4n4Py7kAvpJiMZ_f9v16S119C8zUtM8a890slg\/viewform\"><strong>EQUIVALENCIAS PROFESORADO DE EDUCACI\u00d3N MUSICAL &#8211; CLICK AQU\u00cd<\/strong><\/a><\/p>\n<p>\u00a0<\/p>\n<p><a href=\"https:\/\/docs.google.com\/forms\/d\/e\/1FAIpQLSfNok067QErvxgRf6OawaeJ7rN5hFsWppBMM_PdGz66Rd9qmg\/viewform\"><strong>EQUIVALENCIAS PARA EL PROFESORADO DE DANZAS FOLKL\u00d3RICAS &#8211; CLICK AQU\u00cd<\/strong><\/a><\/p>\n<h5><span style=\"color: #ff6600;\"><strong>2. EGRESADXS DE ARTES VISUALES DE ESTA INSTITUCI\u00d3N QUE ASPIRAN A OTRA ESPECIALIDAD<\/strong><\/span><\/h5>\n<p>Deber\u00e1n solicitar equivalencias. Para completar la segunda especialidad deber\u00e1n cursar adem\u00e1s de las asignaturas espec\u00edficas (talleres b\u00e1sicos), dos EDI m\u00e1s y el taller complementario faltante. Por ejemplo, si egresaste con orientaci\u00f3n PINTURA deber\u00e1s cursar el taller complementario de pintura. La inscripci\u00f3n quedar\u00e1 sujeta a los cupos disponibles ya que tienen prioridad aquellxs que no poseen t\u00edtulo docente.<\/p>\n<p>______________________________________________________________________________________________________<\/p>\n<h5 style=\"text-align: left;\">\u00a0<\/h5>\n<h5 style=\"text-align: center;\">\u00a0<\/h5>\n<p><span style=\"font-family: arial, helvetica, sans-serif; font-size: 12pt;\">\u00a0<\/span><\/p>\n\n\n<p><\/p>\n","protected":false},"excerpt":{"rendered":"<p>\u00a0 FECHAS DE RECEPCI\u00d3N DE EQUIVALENCIAS: desde el 16 de febrero hasta el 27 de marzo de 2026 La solicitud de equivalencias se realizar\u00e1 en forma online (a trav\u00e9s del formulario que figura m\u00e1s abajo) 1. ASPIRANTES AL INGRESO QUE APROBARON TRAYECTOS EN OTRAS INSTITUCIONES Documentaci\u00f3n obligatoria: Titulo secundario o constancia de t\u00edtulo en tr\u00e1mite &#8230; <a title=\"EQUIVALENCIAS Y PASES\" class=\"read-more\" href=\"https:\/\/eaic-bue.infd.edu.ar\/sitio\/equivalencias-y-pases\/\" aria-label=\"More on EQUIVALENCIAS Y PASES\">[+]<\/a><\/p>\n","protected":false},"author":68,"featured_media":0,"parent":0,"menu_order":0,"comment_status":"closed","ping_status":"closed","template":"","meta":[],"acf":[],"_links":{"self":[{"href":"https:\/\/eaic-bue.infd.edu.ar\/sitio\/wp-json\/wp\/v2\/pages\/785"}],"collection":[{"href":"https:\/\/eaic-bue.infd.edu.ar\/sitio\/wp-json\/wp\/v2\/pages"}],"about":[{"href":"https:\/\/eaic-bue.infd.edu.ar\/sitio\/wp-json\/wp\/v2\/types\/page"}],"author":[{"embeddable":true,"href":"https:\/\/eaic-bue.infd.edu.ar\/sitio\/wp-json\/wp\/v2\/users\/68"}],"replies":[{"embeddable":true,"href":"https:\/\/eaic-bue.infd.edu.ar\/sitio\/wp-json\/wp\/v2\/comments?post=785"}],"version-history":[{"count":83,"href":"https:\/\/eaic-bue.infd.edu.ar\/sitio\/wp-json\/wp\/v2\/pages\/785\/revisions"}],"predecessor-version":[{"id":4815,"href":"https:\/\/eaic-bue.infd.edu.ar\/sitio\/wp-json\/wp\/v2\/pages\/785\/revisions\/4815"}],"wp:attachment":[{"href":"https:\/\/eaic-bue.infd.edu.ar\/sitio\/wp-json\/wp\/v2\/media?parent=785"}],"curies":[{"name":"wp","href":"https:\/\/api.w.org\/{rel}","templated":true}]}}