{"id":787,"date":"2018-08-29T18:51:47","date_gmt":"2018-08-29T21:51:47","guid":{"rendered":"https:\/\/eaic-bue.infd.edu.ar\/sitio\/profesorado-de-musica-orientacion-educacion-musical\/"},"modified":"2025-12-28T21:00:57","modified_gmt":"2025-12-29T00:00:57","slug":"profesorado-de-musica-orientacion-educacion-musical","status":"publish","type":"page","link":"https:\/\/eaic-bue.infd.edu.ar\/sitio\/profesorado-de-musica-orientacion-educacion-musical\/","title":{"rendered":"Profesorado de M\u00fasica orientaci\u00f3n Educaci\u00f3n Musical"},"content":{"rendered":"<p style=\"text-align: justify;\"><span style=\"font-family: 'comic sans ms', sans-serif; font-size: 12pt;\">El\u00a0<span style=\"color: #0000ff;\"><span style=\"font-size: 14pt;\"><strong>Profesorado en M\u00fasica orientaci\u00f3n Educaci\u00f3n Musical<\/strong><\/span><strong>\u00a0<\/strong><\/span>tiene como objetivo principal formar\u00a0<span style=\"color: #0000ff; font-size: 14pt;\"><strong>m\u00fasicos docentes<\/strong><\/span>\u00a0con s\u00f3lidos conocimientos pedag\u00f3gicos,\u00a0atentos a los cambios y transformaciones propios de nuestra\u00a0tarea cotidiana y comprometidos con la realidad sociocultural de nuestro pa\u00eds, con un perfil abierto a las necesidades de los\/as otros\/as en el mundo que nos toca transitar.<\/span><\/p>\n<p style=\"text-align: justify;\"><span style=\"font-family: 'comic sans ms', sans-serif; font-size: 12pt;\">\u00a0Al finalizar el profesorado se otorgar\u00e1 el t\u00edtulo de\u00a0<span style=\"color: #0000ff;\"><span style=\"font-size: 14pt;\"><strong>Profesor\/a en M\u00fasica orientaci\u00f3n Educaci\u00f3n Musical<\/strong><\/span> con validez nacional <\/span>que habilitar\u00e1 para los niveles Inicial, Primaria, Secundaria y algunas asignaturas de las formaciones b\u00e1sicas (FOBA) de las instituciones terciarias.<\/span><\/p>\n<p style=\"text-align: justify;\"><span style=\"font-family: 'comic sans ms', sans-serif; font-size: 12pt;\">Para facilitar el abordaje del trayecto de la carrera la Escuela de Arte ofrece un <strong>curso de ingreso (FOBA INTENSIVA)<\/strong> de un a\u00f1o de duraci\u00f3n que <span style=\"text-decoration: underline;\">se podr\u00e1 comenzar mientras se est\u00e1 cursando \u00a0el \u00faltimo a\u00f1o del secundario.<\/span>\u00a0<\/span><\/p>\n<p style=\"text-align: justify;\"><span style=\"color: #000000;\"><span style=\"font-family: 'comic sans ms', sans-serif; font-size: 12pt;\">La FOBA INTENSIVA tiene 3 materias<strong>:<\/strong><\/span><span style=\"font-family: 'comic sans ms', sans-serif; font-size: 12pt;\"><strong> LENGUAJE MUSICAL,\u00a0<\/strong><\/span><span style=\"font-family: 'comic sans ms', sans-serif; font-size: 12pt;\"><strong>PR\u00c1CTICA DE CONJUNTO,\u00a0<\/strong><\/span><span style=\"font-family: 'comic sans ms', sans-serif; font-size: 12pt;\"><strong>INSTRUMENTO ARM\u00d3NICO (guitarra o piano. Ten\u00e9s que optar por alguno de los dos)<\/strong><\/span><\/span><\/p>\n<p style=\"text-align: justify;\">La <strong>FOBA INTENSIVA<\/strong> se cursa en la sede de Casanova (optando por horarios en el turno tarde y\/o noche), en el anexo de Ramos Mej\u00eda (optando por los turnos ma\u00f1ana y\/o tarde) en el anexo de Gonz\u00e1lez Cat\u00e1n en el turno noche<\/p>\n<p style=\"text-align: justify;\"><strong><span style=\"font-family: 'comic sans ms', sans-serif; font-size: 12pt;\">Para acceder a la carrera (FORMACI\u00d3N DE GRADO) es condici\u00f3n haber finalizado la escuela secundaria.<\/span><\/strong><\/p>\n<p>Si ya aprobaste esta FOBA en otra instituci\u00f3n o bien egresaste de una escuela secundaria orientada en m\u00fasica ten\u00e9s que solicitar las equivalencias en el mes de febrero<a href=\"https:\/\/eaic-bue.infd.edu.ar\/sitio\/equivalencias-y-pases\/\">\u00a0<strong><em><u>(click aqu\u00ed para ver requisitos y modalidad de solicitud de equivalencias)<\/u><\/em><\/strong><\/a><\/p>\n<p><b>Requisitos para el ingreso a la FOBA INTENSIVA:<\/b><\/p>\n<ul>\n<li>Tener al menos, 17 a\u00f1os<\/li>\n<li>Haber finalizado la escuela secundaria o estar cursando el \u00faltimo a\u00f1o del secundario<\/li>\n<\/ul>\n<h4><strong>PRE-INSCRIPCI\u00d3N<\/strong><\/h4>\n<p>Fecha de pre-inscripci\u00f3n:\u00a0<strong>Desde las 18 hs del\u00a0 d\u00eda 14 de febrero hasta las 23:59 hs del 17 de febrero de 2026<\/strong><\/p>\n<p>Ingresar\u00e1s al sistema acad\u00e9mico para elegir la carrera y el instrumento (guitarra o piano) en el que te quer\u00e9s inscribir.\u00a0<strong><a href=\"http:\/\/lamare.prox.com.ar\/inscripcion\">(http:\/\/lamare.prox.com.ar\/inscripcion)<\/a><\/strong>\u00a0El sistema te mostrar\u00e1 la fecha\u00a0 y horario en el que\u00a0<strong>ten\u00e9s que concurrir a la escuela para entregar la documentaci\u00f3n obligatoria y confirmar tu inscripci\u00f3n.<\/strong>\u00a0<a href=\"https:\/\/drive.google.com\/file\/d\/1tA66BmtrqPv3TWIzSeU4Aw3JIlyuf-RG\/view?usp=sharing\"><strong>CLICK AQU\u00cd para leer tutorial sobre la modalidad de pre-inscripci\u00f3n online para ingresantes<\/strong><\/a><\/p>\n<p>Dada la gran demanda al ingreso, por ser \u00e9sta la \u00fanica escuela de arte en el partido de La Matanza, las vacantes son limitadas, con lo cual\u00a0<strong>quienes no se presentaran\u00a0 el d\u00eda de la inscripci\u00f3n definitiva en la instituci\u00f3n, perder\u00e1n autom\u00e1ticamente la vacante para ofrecerla a quienes se hayan anotado en lista de espera.\u00a0<\/strong><\/p>\n<p>En el caso que no hayas encontrado cupo disponible, anotate en esta lista de espera:<\/p>\n<h4 style=\"text-align: center;\"><a href=\"https:\/\/forms.gle\/bncJsDq7QEXC5EMo8\"><strong>LISTA DE ESPERA \u2013 CLICK AQU\u00cd<\/strong><\/a><\/h4>\n<p><em>En el mes de abril revisaremos las vacantes. Si se hubiera vacantes disponibles nos remitiremos a esa lista de espera y nos comunicaremos con vos por el correo electr\u00f3nico que registraste en ese formulario.\u00a0<strong>Este formulario estar\u00e1 disponible desde el 14 de febrero\u00a0 hasta el 30 de marzo<\/strong><\/em><\/p>\n<h5><strong>DOCUMENTACI\u00d3N A PRESENTAR EL D\u00cdA DE LA INSCRIPCI\u00d3N DEFINITIVA<\/strong><\/h5>\n<ul>\n<li>T\u00edtulo secundario, constancia de t\u00edtulo en tr\u00e1mite o constancia de estudiante regular<\/li>\n<li>DNI<\/li>\n<li><strong><a href=\"https:\/\/drive.google.com\/file\/d\/1yojhmg1WOlnbCKBZs3xr8ej3eJAyYfYs\/view?usp=sharing\">Certificado de salud (firmado por cualquier m\u00e9dico que indique que est\u00e1s en condiciones de cursar en el establecimiento)<\/a>\u00a0<a href=\"https:\/\/drive.google.com\/file\/d\/1yojhmg1WOlnbCKBZs3xr8ej3eJAyYfYs\/view?usp=sharing\">CLICK AQU\u00cd<\/a><\/strong><\/li>\n<li>Bono contribuci\u00f3n cooperadora $30.000 POR \u00daNICA VEZ<\/li>\n<li>En el caso de menores de 18 a\u00f1os, el d\u00eda de la inscripci\u00f3n deber\u00e1n estar acompa\u00f1ados\/as por padre, madre o tutor y firmar autorizaci\u00f3n de retiro del establecimiento.\u00a0<a href=\"https:\/\/drive.google.com\/file\/d\/1p-ZlzNZcP-A8nDKqh74OGBOFDrrMoIua\/view?usp=sharing\"><strong>(CLICK AQU\u00cd PARA DESCARGAR AUTORIZACI\u00d3N MENORES DE 18 A\u00d1OS)<\/strong><\/a><\/li>\n<\/ul>\n<h5>Una vez aprobada la FOBA EDUCACI\u00d3N podr\u00e1s ingresar al PROFESORADO DE EDUCACI\u00d3N MUSICAL. Para conocer el plan de estudios y habilitaci\u00f3n del t\u00edtulo \u2013<a href=\"https:\/\/eaic-bue.infd.edu.ar\/sitio\/profesorado-de-musica-orientacion-educacion-musical\/\">\u00a0CLICK AQU\u00cd<\/a><\/h5>\n<p style=\"text-align: left;\"><span style=\"font-family: 'comic sans ms', sans-serif;\"><span style=\"font-size: 16px;\">Para conocer el Plan de estudios de la carrera ingres\u00e1 al siguiente link: \u00a0<\/span><\/span><strong><span style=\"font-family: 'comic sans ms', sans-serif;\"><span style=\"font-size: 16px;\"><a title=\"Plan de estudios - Educaci\u00f3n Musical\" href=\"upload\/PLAN_DE_ESTUDIOS_MUSICA.doc\" target=\"_blank\" rel=\"noopener\">PLAN DE ESTUDIOS &#8211; PROFESORADO DE EDUCACI\u00d3N MUSICAL<\/a><\/span><\/span><\/strong><\/p>\n<p style=\"text-align: center;\">\n<p style=\"text-align: center;\">\n<p style=\"text-align: justify;\">\n<p style=\"text-align: center;\"><span style=\"text-decoration: underline; font-family: 'comic sans ms', sans-serif; font-size: 12pt;\"><strong>\u00a0<\/strong><\/span><\/p>\n<p style=\"text-align: justify;\"><span style=\"font-family: 'comic sans ms', sans-serif; font-size: 12pt;\">\u00a0<\/span><\/p>\n<p style=\"text-align: justify;\"><span style=\"font-family: 'comic sans ms', sans-serif; font-size: 12pt;\">\u00a0<\/span><\/p>\n","protected":false},"excerpt":{"rendered":"<p>El\u00a0Profesorado en M\u00fasica orientaci\u00f3n Educaci\u00f3n Musical\u00a0tiene como objetivo principal formar\u00a0m\u00fasicos docentes\u00a0con s\u00f3lidos conocimientos pedag\u00f3gicos,\u00a0atentos a los cambios y transformaciones propios de nuestra\u00a0tarea cotidiana y comprometidos con la realidad sociocultural de nuestro pa\u00eds, con un perfil abierto a las necesidades de los\/as otros\/as en el mundo que nos toca transitar. \u00a0Al finalizar el profesorado se otorgar\u00e1 &#8230; <a title=\"Profesorado de M\u00fasica orientaci\u00f3n Educaci\u00f3n Musical\" class=\"read-more\" href=\"https:\/\/eaic-bue.infd.edu.ar\/sitio\/profesorado-de-musica-orientacion-educacion-musical\/\" aria-label=\"More on Profesorado de M\u00fasica orientaci\u00f3n Educaci\u00f3n Musical\">[+]<\/a><\/p>\n","protected":false},"author":68,"featured_media":0,"parent":0,"menu_order":0,"comment_status":"closed","ping_status":"closed","template":"","meta":[],"acf":[],"_links":{"self":[{"href":"https:\/\/eaic-bue.infd.edu.ar\/sitio\/wp-json\/wp\/v2\/pages\/787"}],"collection":[{"href":"https:\/\/eaic-bue.infd.edu.ar\/sitio\/wp-json\/wp\/v2\/pages"}],"about":[{"href":"https:\/\/eaic-bue.infd.edu.ar\/sitio\/wp-json\/wp\/v2\/types\/page"}],"author":[{"embeddable":true,"href":"https:\/\/eaic-bue.infd.edu.ar\/sitio\/wp-json\/wp\/v2\/users\/68"}],"replies":[{"embeddable":true,"href":"https:\/\/eaic-bue.infd.edu.ar\/sitio\/wp-json\/wp\/v2\/comments?post=787"}],"version-history":[{"count":8,"href":"https:\/\/eaic-bue.infd.edu.ar\/sitio\/wp-json\/wp\/v2\/pages\/787\/revisions"}],"predecessor-version":[{"id":4789,"href":"https:\/\/eaic-bue.infd.edu.ar\/sitio\/wp-json\/wp\/v2\/pages\/787\/revisions\/4789"}],"wp:attachment":[{"href":"https:\/\/eaic-bue.infd.edu.ar\/sitio\/wp-json\/wp\/v2\/media?parent=787"}],"curies":[{"name":"wp","href":"https:\/\/api.w.org\/{rel}","templated":true}]}}