{"id":789,"date":"2018-08-29T18:51:48","date_gmt":"2018-08-29T21:51:48","guid":{"rendered":"https:\/\/eaic-bue.infd.edu.ar\/sitio\/solicitud-de-titulo\/"},"modified":"2025-02-19T12:22:30","modified_gmt":"2025-02-19T15:22:30","slug":"solicitud-de-titulo","status":"publish","type":"page","link":"https:\/\/eaic-bue.infd.edu.ar\/sitio\/solicitud-de-titulo\/","title":{"rendered":"SOLICITUD DE T\u00cdTULO"},"content":{"rendered":"<p style=\"text-align: center;\"><span style=\"font-size: 14pt;\"><strong><span style=\"font-family: arial, helvetica, sans-serif;\">EGRESADXS<\/span><\/strong><\/span><\/p>\n<p><span style=\"font-family: arial, helvetica, sans-serif; font-size: 12pt;\">Lxs estudiantes egresadxs de la instituci\u00f3n deber\u00e1n solicitar la confecci\u00f3n de su t\u00edtulo <strong>\u00a0<\/strong><\/span><\/p>\n<p>La solicitud se realizar\u00e1 mediante el siguiente formulario al que deber\u00e1n adjuntar <strong>fotos del DNI, t\u00edtulo secundario y anal\u00edtico del sistema prox (no esnecesario que est\u00e9firmado)<\/strong>. Cada archivo (fotos) deber\u00e1n estar nombrados de la siguiente manera: <strong>Apellido_Nombres_nombre del documento<\/strong>. Por ejemplo <em>Mar\u00eda_Aguirre_secundario \/Mar\u00eda_Aguirre_DNI\/Mar\u00eda_Aguirre_Anal\u00edtico<\/em><\/p>\n<h4 style=\"text-align: center;\"><a href=\"https:\/\/docs.google.com\/forms\/d\/e\/1FAIpQLSdLeXd2OWnkoZjTETqcRRxxujQQga2p4hdQSB0Rb27X2zm2Ig\/viewform?gxids=7628\"><strong>FORMULARIO DE SOLICITUD DE T\u00cdTULO &#8211; clic AQU\u00cd<\/strong><\/a><\/h4>\n<p>Una vez enviado el formulario la secretar\u00eda dar\u00e1 lugar al tr\u00e1mite correspondiente<\/p>\n","protected":false},"excerpt":{"rendered":"<p>EGRESADXS Lxs estudiantes egresadxs de la instituci\u00f3n deber\u00e1n solicitar la confecci\u00f3n de su t\u00edtulo \u00a0 La solicitud se realizar\u00e1 mediante el siguiente formulario al que deber\u00e1n adjuntar fotos del DNI, t\u00edtulo secundario y anal\u00edtico del sistema prox (no esnecesario que est\u00e9firmado). Cada archivo (fotos) deber\u00e1n estar nombrados de la siguiente manera: Apellido_Nombres_nombre del documento. Por &#8230; <a title=\"SOLICITUD DE T\u00cdTULO\" class=\"read-more\" href=\"https:\/\/eaic-bue.infd.edu.ar\/sitio\/solicitud-de-titulo\/\" aria-label=\"More on SOLICITUD DE T\u00cdTULO\">[+]<\/a><\/p>\n","protected":false},"author":68,"featured_media":0,"parent":0,"menu_order":0,"comment_status":"closed","ping_status":"closed","template":"","meta":[],"acf":[],"_links":{"self":[{"href":"https:\/\/eaic-bue.infd.edu.ar\/sitio\/wp-json\/wp\/v2\/pages\/789"}],"collection":[{"href":"https:\/\/eaic-bue.infd.edu.ar\/sitio\/wp-json\/wp\/v2\/pages"}],"about":[{"href":"https:\/\/eaic-bue.infd.edu.ar\/sitio\/wp-json\/wp\/v2\/types\/page"}],"author":[{"embeddable":true,"href":"https:\/\/eaic-bue.infd.edu.ar\/sitio\/wp-json\/wp\/v2\/users\/68"}],"replies":[{"embeddable":true,"href":"https:\/\/eaic-bue.infd.edu.ar\/sitio\/wp-json\/wp\/v2\/comments?post=789"}],"version-history":[{"count":5,"href":"https:\/\/eaic-bue.infd.edu.ar\/sitio\/wp-json\/wp\/v2\/pages\/789\/revisions"}],"predecessor-version":[{"id":4604,"href":"https:\/\/eaic-bue.infd.edu.ar\/sitio\/wp-json\/wp\/v2\/pages\/789\/revisions\/4604"}],"wp:attachment":[{"href":"https:\/\/eaic-bue.infd.edu.ar\/sitio\/wp-json\/wp\/v2\/media?parent=789"}],"curies":[{"name":"wp","href":"https:\/\/api.w.org\/{rel}","templated":true}]}}