{"id":791,"date":"2018-08-29T18:51:49","date_gmt":"2018-08-29T21:51:49","guid":{"rendered":"https:\/\/eaic-bue.infd.edu.ar\/sitio\/tecnicatura-de-instrumento-popular\/"},"modified":"2025-12-28T21:02:22","modified_gmt":"2025-12-29T00:02:22","slug":"tecnicatura-de-instrumento-popular","status":"publish","type":"page","link":"https:\/\/eaic-bue.infd.edu.ar\/sitio\/tecnicatura-de-instrumento-popular\/","title":{"rendered":"Tecnicatura de Instrumento Popular"},"content":{"rendered":"<p><span style=\"font-family: 'comic sans ms', sans-serif; font-size: 12pt;\">La <strong><span style=\"color: #33cccc;\">Tecnicatura en m\u00fasica popular<\/span><\/strong> tiene por objetivo formar m\u00fasicos especializados en un instrumento y en un g\u00e9nero en particular<\/span><\/p>\n<p><span style=\"font-family: 'comic sans ms', sans-serif; font-size: 12pt;\">Otorga el t\u00edtulo de <em><strong><span style=\"color: #33cccc;\">Instrumentista en m\u00fasica popular especializado en jazz, tango o folklore <\/span><\/strong><\/em><\/span><span style=\"font-family: 'comic sans ms', sans-serif; font-size: 12pt;\">Este t\u00edtulo, por ser tecnicatura, no es habilitante para la ense\u00f1anza en ninguno de los niveles<\/span><\/p>\n<p><span style=\"font-family: 'comic sans ms', sans-serif; font-size: 12pt;\">Los instrumentos que ofrece nuestra escuela son:<\/span><\/p>\n<p style=\"text-align: center;\"><span style=\"font-family: 'comic sans ms', sans-serif; font-size: 12pt;\"><strong><em>BANDONE\u00d3N &#8211; BAJO &#8211; BATER\u00cdA &#8211; CANTO -CONTRABAJO &#8211; FLAUTA TRAVERSA &#8211; GUITARRA &#8211; PERCUSI\u00d3N &#8211; PIANO &#8211; SAXO &#8211; TROMPETA &#8211; VIOL\u00cdN &#8211; VIOLONCELLO<\/em><\/strong><\/span><\/p>\n<p><span style=\"font-family: 'comic sans ms', sans-serif; font-size: 12pt;\">Para ingresar a esta Tecnicatura es necesario completar una\u00a0<strong>Formaci\u00f3n B\u00e1sica (FOBA TRADICIONAL)<\/strong>\u00a0 La FOBA TRADICIONAL se cursa en la sede de Casanova (Juan Manuel de Rosas 5975, Ruta 3 km 21) o en el anexo de Ramos Mej\u00eda (Alte. Brown 1013). <\/span><\/p>\n<p>Para ingresar a este profesorado es necesario completar una\u00a0<strong>Formaci\u00f3n B\u00e1sica (FOBA TRADICIONAL)<\/strong>. La FOBA TRADICIONAL se cursa en la sede de Casanova (Juan Manuel de Rosas 5975 \u2013 Ruta 3, km 21, )\u00a0 en el anexo de Ramos Mej\u00eda (Alte. Brown 1013)<\/p>\n<p>Las asignaturas que componen la FOBA INSTRUMENTO SON:<\/p>\n<p>\u2013 Lenguaje Musical I (6 hs semanales)<\/p>\n<p>\u2013 Instrumento I (2 hs semanales)<\/p>\n<p>\u2013 Pr\u00e1ctica coral (2 hs semanales)<\/p>\n<p>&#8211; Pr\u00e1ctica de conjunto vocal e instrumental I (2 hs semanales) &#8211; estudiantes de canto no cursan esta materia<\/p>\n<p>\u2013 Apreciaci\u00f3n Musical I (2 hs semanales)<\/p>\n<p>\u2013 Foniatr\u00eda (solo alumnos que cursan la FOBA de Canto)<\/p>\n<p><strong>________________________________________________________<\/strong><\/p>\n<p>\u2013 Lenguaje Musical II (6 hs semanales)<\/p>\n<p>\u2013 Instrumento II (4 hs semanales)<\/p>\n<p>\u2013 Pr\u00e1ctica de conjunto vocal e instrumental II (2 hs semanales) &#8211; estudiantes de canto no cursan esta asignatura<\/p>\n<p>\u2013 Apreciaci\u00f3n del jazz (1 hs semanal)<\/p>\n<p>, \u2013 Apreciaci\u00f3n den tango (1 hs semanal)<\/p>\n<p>\u2013 Apreciaci\u00f3n del folklore (1 hs semanal)<\/p>\n<p>\u2013 Instrumento<span class=\"apple-converted-space\">\u00a0<\/span>arm\u00f3nico guitarra<span class=\"apple-converted-space\">\u00a0<\/span>o<span class=\"apple-converted-space\">\u00a0<\/span>arm\u00f3nico piano (2 hs semanales)<\/p>\n<p>\u2013 Dicci\u00f3n portuguesa (2 hs semanales) Esta materia es solo para estudiantes\u00a0 que cursan canto<\/p>\n<p>\u2013 Dicci\u00f3n inglesa (2 hs semanales) Esta materia es solo para estudiantes\u00a0 que cursan canto<\/p>\n<p>\u2013 Repertorio (2 hs semanales) Esta materia es solo para estudiantes\u00a0 que cursan canto<\/p>\n<p>__________________________________________________________________________________________________________________________________<\/p>\n<p>El requisito para el ingreso a la\u00a0<strong>FOBA TRADICIONAL<\/strong>\u00a0es tener,\u00a0al menos 15 a\u00f1os.<\/p>\n<p>Luego de aprobar esta FOBA ingresar\u00e1n a la carrera que tiene una duraci\u00f3n de 4 a\u00f1os,\u00a0<strong>siempre y cuando hayan obtenido el t\u00edtulo secundario.<\/strong>\u00a0Para conocer la estructura curricular de este profesorado presion\u00e1 el siguiente link:<\/p>\n<p style=\"text-align: center;\"><span style=\"font-family: 'comic sans ms', sans-serif; font-size: 12pt;\">\u00a0<strong><a title=\"Plan de e4studios - Tecnicatura de instrumento popular\" href=\"upload\/TECNICATURA_EN_INSTRUMENTO_POPULAR.doc\" target=\"_blank\" rel=\"noopener\">PLAN DE ESTUDIOS &#8211; TECNICATURA DE INSTRUMENTO POPULAR<\/a><\/strong><\/span><\/p>\n<p style=\"text-align: center;\"><span style=\"font-family: 'comic sans ms', sans-serif; font-size: 12pt; color: #ff6600;\"><strong>Las inscripciones<\/strong> se realizan en el mes de febrero de cada a\u00f1o<\/span><\/p>\n<h4 style=\"text-align: center;\"><strong>PRE-INSCRIPCI\u00d3N A LA FOBA INSTRUMENTO<\/strong><\/h4>\n<p>Fecha de pre-inscripci\u00f3n:\u00a0<strong>Desde las 18 hs del\u00a0 d\u00eda 14 de febrero hasta las 23:59 hs del 17 de febrero de 2026<\/strong><\/p>\n<p>Ingresar\u00e1s al sistema acad\u00e9mico para elegir la carrera y el instrumento en el que te quer\u00e9s inscribir a trav\u00e9s de:\u00a0\u00a0<strong><a href=\"http:\/\/lamare.prox.com.ar\/inscripcion\">(http:\/\/lamare.prox.com.ar\/inscripcion)<\/a><\/strong>\u00a0El sistema te mostrar\u00e1 la fecha\u00a0 y horario en el que\u00a0<strong>ten\u00e9s que concurrir a la escuela para entregar la documentaci\u00f3n obligatoria y confirmar tu inscripci\u00f3n.<\/strong>\u00a0<a href=\"https:\/\/drive.google.com\/file\/d\/1tA66BmtrqPv3TWIzSeU4Aw3JIlyuf-RG\/view?usp=sharing\"><strong>CLICK AQU\u00cd para leer tutorial sobre la modalidad de pre-inscripci\u00f3n online para ingresantes<\/strong><\/a><\/p>\n<p>Dada la gran demanda al ingreso, por ser \u00e9sta la \u00fanica escuela de arte en el partido de La Matanza, las vacantes son limitadas, con lo cual\u00a0<strong>quienes no se presentaran\u00a0 el d\u00eda de la inscripci\u00f3n definitiva en la instituci\u00f3n, perder\u00e1n autom\u00e1ticamente la vacante para ofrecerla a quienes se hayan anotado en lista de espera.\u00a0<\/strong><\/p>\n<p>En el caso que no hayas encontrado cupo disponible, anotate en esta lista de espera:<\/p>\n<h4 style=\"text-align: center;\"><a href=\"https:\/\/forms.gle\/bncJsDq7QEXC5EMo8\"><strong>LISTA DE ESPERA \u2013 CLICK AQU\u00cd<\/strong><\/a><\/h4>\n<p><em>En el mes de abril revisaremos las vacantes. Si se hubiera vacantes disponibles nos remitiremos a esa lista de espera y nos comunicaremos con vos por el correo electr\u00f3nico que registraste en ese formulario.\u00a0<strong>Este formulario estar\u00e1 disponible desde el 14 de febrero\u00a0 hasta el 30 de marzo<\/strong><\/em><\/p>\n<h5 style=\"text-align: center;\"><\/h5>\n<h5><strong>DOCUMENTACI\u00d3N A PRESENTAR EL D\u00cdA DE LA INSCRIPCI\u00d3N DEFINITIVA<\/strong><\/h5>\n<ul>\n<li>DNI<\/li>\n<li><strong><a href=\"https:\/\/drive.google.com\/file\/d\/1yojhmg1WOlnbCKBZs3xr8ej3eJAyYfYs\/view?usp=sharing\">Certificado de salud (firmado por cualquier m\u00e9dico que indique que est\u00e1s en condiciones de cursar en el establecimiento)<\/a>\u00a0<a href=\"https:\/\/drive.google.com\/file\/d\/1yojhmg1WOlnbCKBZs3xr8ej3eJAyYfYs\/view?usp=sharing\">CLICK AQU\u00cd<\/a><\/strong><\/li>\n<li>Bono contribuci\u00f3n cooperadora $30.000 POR \u00daNICA VEZ<\/li>\n<li>En el caso de menores de 18 a\u00f1os, el d\u00eda de la inscripci\u00f3n deber\u00e1n estar acompa\u00f1ados\/as por padre, madre o tutor y firmar autorizaci\u00f3n de retiro del establecimiento.\u00a0<a href=\"https:\/\/drive.google.com\/file\/d\/1p-ZlzNZcP-A8nDKqh74OGBOFDrrMoIua\/view?usp=sharing\"><strong>(CLICK AQU\u00cd PARA DESCARGAR AUTORIZACI\u00d3N MENORES DE 18 A\u00d1OS)<\/strong><\/a><\/li>\n<\/ul>\n<h5>Una vez aprobada la FOBA INSTRUMENTO podr\u00e1s ingresar al PROFESORADO O TECNICATURA DE INSTRUMENTO POPULAR.<\/h5>\n<p><span style=\"font-family: 'comic sans ms', sans-serif; font-size: 12pt;\">La FOBA TRADICIONAL de INSTRUMENTO puede aprobarse total o parcialmente en condici\u00f3n de libre,\u00a0<strong>previa inscripci\u00f3n y matriculaci\u00f3n en la Escuela de Arte<\/strong><\/span><\/p>\n<p><span style=\"font-family: 'comic sans ms', sans-serif; font-size: 12pt;\">\u00a0<\/span><\/p>\n<p><span style=\"font-family: 'comic sans ms', sans-serif; font-size: 12pt;\">\u00a0<\/span><\/p>\n<p><span style=\"font-family: 'comic sans ms', sans-serif; font-size: 12pt;\">\u00a0<\/span><\/p>\n<p><span style=\"text-decoration: underline; font-family: 'comic sans ms', sans-serif;\"><strong><span style=\"font-size: 12pt;\">\u00a0<\/span><\/strong><\/span><\/p>\n","protected":false},"excerpt":{"rendered":"<p>La Tecnicatura en m\u00fasica popular tiene por objetivo formar m\u00fasicos especializados en un instrumento y en un g\u00e9nero en particular Otorga el t\u00edtulo de Instrumentista en m\u00fasica popular especializado en jazz, tango o folklore Este t\u00edtulo, por ser tecnicatura, no es habilitante para la ense\u00f1anza en ninguno de los niveles Los instrumentos que ofrece nuestra &#8230; <a title=\"Tecnicatura de Instrumento Popular\" class=\"read-more\" href=\"https:\/\/eaic-bue.infd.edu.ar\/sitio\/tecnicatura-de-instrumento-popular\/\" aria-label=\"More on Tecnicatura de Instrumento Popular\">[+]<\/a><\/p>\n","protected":false},"author":68,"featured_media":0,"parent":0,"menu_order":0,"comment_status":"closed","ping_status":"closed","template":"","meta":[],"acf":[],"_links":{"self":[{"href":"https:\/\/eaic-bue.infd.edu.ar\/sitio\/wp-json\/wp\/v2\/pages\/791"}],"collection":[{"href":"https:\/\/eaic-bue.infd.edu.ar\/sitio\/wp-json\/wp\/v2\/pages"}],"about":[{"href":"https:\/\/eaic-bue.infd.edu.ar\/sitio\/wp-json\/wp\/v2\/types\/page"}],"author":[{"embeddable":true,"href":"https:\/\/eaic-bue.infd.edu.ar\/sitio\/wp-json\/wp\/v2\/users\/68"}],"replies":[{"embeddable":true,"href":"https:\/\/eaic-bue.infd.edu.ar\/sitio\/wp-json\/wp\/v2\/comments?post=791"}],"version-history":[{"count":10,"href":"https:\/\/eaic-bue.infd.edu.ar\/sitio\/wp-json\/wp\/v2\/pages\/791\/revisions"}],"predecessor-version":[{"id":4790,"href":"https:\/\/eaic-bue.infd.edu.ar\/sitio\/wp-json\/wp\/v2\/pages\/791\/revisions\/4790"}],"wp:attachment":[{"href":"https:\/\/eaic-bue.infd.edu.ar\/sitio\/wp-json\/wp\/v2\/media?parent=791"}],"curies":[{"name":"wp","href":"https:\/\/api.w.org\/{rel}","templated":true}]}}