{"id":795,"date":"2018-08-29T18:51:50","date_gmt":"2018-08-29T21:51:50","guid":{"rendered":"https:\/\/eaic-bue.infd.edu.ar\/sitio\/profesorado-de-teatro\/"},"modified":"2025-10-28T16:32:36","modified_gmt":"2025-10-28T19:32:36","slug":"profesorado-de-teatro","status":"publish","type":"page","link":"https:\/\/eaic-bue.infd.edu.ar\/sitio\/profesorado-de-teatro\/","title":{"rendered":"Profesorado de Teatro"},"content":{"rendered":"<p><span style=\"font-family: 'comic sans ms', sans-serif; font-size: 12pt;\">El <strong>Profesorado de Teatro<\/strong> forma docentes especializados en la ense\u00f1anza de la disciplina habilitados para el ejercicio de la docencia en los niveles de la ense\u00f1anza obligatoria\u00a0con s\u00f3lidos conocimientos pedag\u00f3gicos,\u00a0atentos a los cambios y transformaciones propios de nuestra\u00a0tarea cotidiana y comprometidos con la realidad sociocultural de nuestro pa\u00eds, con un perfil abierto a las necesidades de los otros en el mundo que nos toca transitar.<\/span><\/p>\n<p><span style=\"font-family: 'comic sans ms', sans-serif; font-size: 12pt;\">Tiene una duraci\u00f3n de 4 a\u00f1os y se cursa <strong>\u00a0en el anexo de Gonzalez Cat\u00e1n (2 DE ABRIL Y AZUL) en el turno de la noche y en la sede de Casanova en el turno de la tarde.<\/strong><\/span><\/p>\n<p><span style=\"font-family: 'comic sans ms', sans-serif; font-size: 12pt;\">Los requisitos para la inscripci\u00f3n son:<\/span><\/p>\n<p><span style=\"font-family: 'comic sans ms', sans-serif; font-size: 12pt;\">&#8211; Tener 18 a\u00f1os cumplidos<\/span><\/p>\n<p><span style=\"font-family: 'comic sans ms', sans-serif; font-size: 12pt;\">&#8211; Tener t\u00edtulo secundario<\/span><\/p>\n<p><span style=\"font-family: 'comic sans ms', sans-serif; font-size: 12pt;\">Para conocer el plan de estudios del Profesorado de Teatro presion\u00e1 el siguiente link:<\/span><\/p>\n<p style=\"text-align: center;\"><strong><span style=\"font-family: 'comic sans ms', sans-serif; font-size: 12pt;\"><a title=\"Plan de estudios - teatro\" href=\"upload\/ESTRUCT_CURRICULAR_TEATRO_1.docx\" target=\"_blank\" rel=\"noopener\">PLAN DE ESTUDOS &#8211; PROFESORADO DE TEATRO<\/a><\/span><\/strong><\/p>\n<p style=\"text-align: center;\"><span style=\"font-family: 'comic sans ms', sans-serif; font-size: 18pt; color: #ff6600;\"><strong>INSCRIPCIONES<\/strong><\/span><\/p>\n<h4>Las PRE-INSCRIPCIONES comenzar\u00e1n en NOVIEMBRE a trav\u00e9s del sistema SIU GUARANI implementado por las Direcciones de Educaci\u00f3n Superior de la Provincia<\/h4>\n<p>FECHA DE INSCRIPCI\u00d3N:<strong> 4\u00a0DE NOVIEMBRE A PARTIR DE LAS 9 HS<\/strong><\/p>\n<p>DESCARGAR INSTRUCTIVO AQU\u00cd\u00a0<a href=\"https:\/\/drive.google.com\/file\/d\/1pxksoqNQ9fa-8V0IMDsbDw-EA9BYO0xK\/view?usp=sharing\"><strong>(CLICK AQU\u00cd)<\/strong><\/a><\/p>\n<p><strong><span style=\"font-size: inherit;\">DOCUMENTACI\u00d3N A PRESENTAR<\/span><\/strong><\/p>\n<ul>\n<li>T\u00edtulo secundario, constancia de t\u00edtulo en tr\u00e1mite o constancia de materias adeudadas del \u00faltimo a\u00f1o<\/li>\n<li>DNI<\/li>\n<li><strong><a href=\"https:\/\/drive.google.com\/file\/d\/1yojhmg1WOlnbCKBZs3xr8ej3eJAyYfYs\/view?usp=sharing\">Certificado de salud (firmado por cualquier m\u00e9dico que indique que est\u00e1s en condiciones de cursar en el establecimiento)<\/a> <a href=\"https:\/\/drive.google.com\/file\/d\/1yojhmg1WOlnbCKBZs3xr8ej3eJAyYfYs\/view?usp=sharing\">CLICK AQU\u00cd<\/a><\/strong><\/li>\n<li>Bono contribuci\u00f3n cooperadora $30.000 POR \u00daNICA VEZ<\/li>\n<li>En el caso de menores de 18 a\u00f1os deber\u00e1n estar acompa\u00f1ados por madre\/padre, o tutor\/a responsable y firmar autorizaci\u00f3n. <a href=\"https:\/\/drive.google.com\/file\/d\/1p-ZlzNZcP-A8nDKqh74OGBOFDrrMoIua\/view?usp=sharing\"><strong>(CLICK AQU\u00cd PARA DESCARGAR AUTORIZACI\u00d3N MENORES DE 18 A\u00d1OS)<\/strong><\/a><\/li>\n<\/ul>\n<p style=\"text-align: justify;\">\n<p style=\"text-align: center;\">\n","protected":false},"excerpt":{"rendered":"<p>El Profesorado de Teatro forma docentes especializados en la ense\u00f1anza de la disciplina habilitados para el ejercicio de la docencia en los niveles de la ense\u00f1anza obligatoria\u00a0con s\u00f3lidos conocimientos pedag\u00f3gicos,\u00a0atentos a los cambios y transformaciones propios de nuestra\u00a0tarea cotidiana y comprometidos con la realidad sociocultural de nuestro pa\u00eds, con un perfil abierto a las necesidades &#8230; <a title=\"Profesorado de Teatro\" class=\"read-more\" href=\"https:\/\/eaic-bue.infd.edu.ar\/sitio\/profesorado-de-teatro\/\" aria-label=\"More on Profesorado de Teatro\">[+]<\/a><\/p>\n","protected":false},"author":68,"featured_media":0,"parent":0,"menu_order":0,"comment_status":"closed","ping_status":"closed","template":"","meta":[],"acf":[],"_links":{"self":[{"href":"https:\/\/eaic-bue.infd.edu.ar\/sitio\/wp-json\/wp\/v2\/pages\/795"}],"collection":[{"href":"https:\/\/eaic-bue.infd.edu.ar\/sitio\/wp-json\/wp\/v2\/pages"}],"about":[{"href":"https:\/\/eaic-bue.infd.edu.ar\/sitio\/wp-json\/wp\/v2\/types\/page"}],"author":[{"embeddable":true,"href":"https:\/\/eaic-bue.infd.edu.ar\/sitio\/wp-json\/wp\/v2\/users\/68"}],"replies":[{"embeddable":true,"href":"https:\/\/eaic-bue.infd.edu.ar\/sitio\/wp-json\/wp\/v2\/comments?post=795"}],"version-history":[{"count":25,"href":"https:\/\/eaic-bue.infd.edu.ar\/sitio\/wp-json\/wp\/v2\/pages\/795\/revisions"}],"predecessor-version":[{"id":4758,"href":"https:\/\/eaic-bue.infd.edu.ar\/sitio\/wp-json\/wp\/v2\/pages\/795\/revisions\/4758"}],"wp:attachment":[{"href":"https:\/\/eaic-bue.infd.edu.ar\/sitio\/wp-json\/wp\/v2\/media?parent=795"}],"curies":[{"name":"wp","href":"https:\/\/api.w.org\/{rel}","templated":true}]}}