{"id":797,"date":"2018-08-29T18:51:50","date_gmt":"2018-08-29T21:51:50","guid":{"rendered":"https:\/\/eaic-bue.infd.edu.ar\/sitio\/profesorado-de-instrumento-popular\/"},"modified":"2026-02-14T17:18:01","modified_gmt":"2026-02-14T20:18:01","slug":"profesorado-de-instrumento-popular","status":"publish","type":"page","link":"https:\/\/eaic-bue.infd.edu.ar\/sitio\/profesorado-de-instrumento-popular\/","title":{"rendered":"Profesorado de Instrumento Popular"},"content":{"rendered":"<p style=\"text-align: center;\"><span style=\"color: #0000ff; font-family: 'comic sans ms', sans-serif; font-size: 14pt;\"><strong>PROFESORADO DE INSTRUMENTO POPULAR<\/strong><\/span><\/p>\n<p style=\"text-align: justify;\"><span style=\"font-family: 'comic sans ms', sans-serif; font-size: 12pt;\">Este profesorado forma <span style=\"color: #0000ff;\"><strong>m\u00fasicos docentes<\/strong><\/span> especializados en la ense\u00f1anza de un instrumento en un g\u00e9nero espec\u00edfico (jazz, tango o folklore)<\/span><\/p>\n<p style=\"text-align: justify;\"><span style=\"font-family: 'comic sans ms', sans-serif; font-size: 12pt;\">Otorga el titulo de <span style=\"color: #0000ff;\">Profesor en Instrumento Popular especialidad (jazz, tango o folklore)<\/span><\/span><\/p>\n<p style=\"text-align: justify;\"><span style=\"font-family: 'comic sans ms', sans-serif; font-size: 12pt;\">\u00a0<\/span><span style=\"font-family: 'comic sans ms', sans-serif; font-size: 12pt;\">Los instrumentos que ofrece nuestra escuela son: <\/span><em><strong>BANDONE\u00d3N &#8211; BAJO &#8211; BATER\u00cdA &#8211; CANTO -CONTRABAJO &#8211; FLAUTA TRAVERSA &#8211; GUITARRA &#8211; PERCUSI\u00d3N &#8211; PIANO &#8211; SAXO &#8211; TROMPETA &#8211; VIOL\u00cdN &#8211; VIOLONCELLO<\/strong><\/em><\/p>\n<p><span style=\"font-family: 'comic sans ms', sans-serif; font-size: 12pt;\">Para ingresar a este profesorado es necesario completar una <strong>Formaci\u00f3n B\u00e1sica (FOBA TRADICIONAL)<\/strong>. La FOBA TRADICIONAL se cursa en la sede de Casanova (Juan Manuel de Rosas 5975 &#8211; Ruta 3, km 21, )\u00a0 y en el anexo de Ramos Mej\u00eda (Alte. Brown 1013)<\/span><\/p>\n<p>Para ingresar a esta carrera es necesario completar una FORMACI\u00d3N B\u00c1SICA (FOBA INSTRUMENTO).<\/p>\n<p>Las materias que componen esta FOBA son:<\/p>\n<p><span style=\"font-family: 'comic sans ms', sans-serif; font-size: 12pt;\">&#8211; Lenguaje Musical I (6 hs semanales)<\/span><\/p>\n<p><span style=\"font-family: 'comic sans ms', sans-serif; font-size: 12pt;\">&#8211; Instrumento I (2 hs semanales)<\/span><\/p>\n<p><span style=\"font-family: 'comic sans ms', sans-serif; font-size: 12pt;\">&#8211; Pr\u00e1ctica coral (2 hs semanales)<\/span><\/p>\n<p><span style=\"font-family: 'comic sans ms', sans-serif; font-size: 12pt;\">&#8211; Apreciaci\u00f3n Musical I (2 hs semanales) <\/span><\/p>\n<p><span style=\"font-family: 'comic sans ms', sans-serif; font-size: 12pt;\">&#8211; Practica de conjunto vocal e instrumental I (2 hs semanales) -estudiantes de canto no cursan esta materia<\/span><\/p>\n<p><span style=\"font-family: 'comic sans ms', sans-serif; font-size: 12pt;\">&#8211; Foniatr\u00eda (solo alumnos que cursan la FOBA de Canto)\u00a0<\/span><\/p>\n<p>_________________________________________________________<\/p>\n<p><span style=\"font-family: 'comic sans ms', sans-serif; font-size: 12pt;\">&#8211; Lenguaje Musical II (6 hs semanales)<\/span><\/p>\n<p><span style=\"font-family: 'comic sans ms', sans-serif; font-size: 12pt;\">&#8211; Instrumento II (4 hs semanales)<\/span><\/p>\n<p><span style=\"font-family: 'comic sans ms', sans-serif; font-size: 12pt;\">&#8211; Pr\u00e1ctica de conjunto vocal e instrumental II (2 hs semanales) -estudiantes de canto no cursan esta materia<\/span><\/p>\n<p><span style=\"font-family: 'comic sans ms', sans-serif; font-size: 12pt;\">&#8211; Apreciaci\u00f3n del jazz (1 hs semanal)<\/span><\/p>\n<p><span style=\"font-family: 'comic sans ms', sans-serif; font-size: 12pt;\">, &#8211; Apreciaci\u00f3n den tango (1 hs semanal)<\/span><\/p>\n<p><span style=\"font-family: 'comic sans ms', sans-serif; font-size: 12pt;\">&#8211; Apreciaci\u00f3n del folklore (1 hs semanal)<\/span><\/p>\n<p><span style=\"font-family: 'comic sans ms', sans-serif; font-size: 12pt;\">&#8211; Instrumento<span class=\"apple-converted-space\">\u00a0<\/span>arm\u00f3nico guitarra<span class=\"apple-converted-space\">\u00a0<\/span>o<span class=\"apple-converted-space\">\u00a0<\/span>arm\u00f3nico piano (2 hs semanales)<\/span><\/p>\n<p><span style=\"font-family: 'comic sans ms', sans-serif; font-size: 12pt;\">&#8211; Dicci\u00f3n portuguesa (2 hs semanales) Esta materia es solo para estudiantes\u00a0 que cursan canto<\/span><\/p>\n<p><span style=\"font-family: 'comic sans ms', sans-serif; font-size: 12pt;\">&#8211; Dicci\u00f3n inglesa (2 hs semanales) Esta materia es solo para estudiantes\u00a0 que cursan canto<\/span><\/p>\n<p><span style=\"font-family: 'comic sans ms', sans-serif; font-size: 12pt;\">&#8211; Repertorio (2 hs semanales) Esta materia es solo para estudiantes\u00a0 que cursan canto<\/span><\/p>\n<p>El requisito para ingresar a la FOBA INSTRUMENTO es tener al menos, 15 a\u00f1os<\/p>\n<p><span style=\"font-family: 'comic sans ms', sans-serif; font-size: 12pt;\">Luego de aprobar esta FOBA ingresar\u00e1n a la carrera que tiene una duraci\u00f3n de 4 a\u00f1os, <strong>siempre y cuando hayan obtenido el t\u00edtulo secundario.<\/strong>\u00a0Para conocer la estructura curricular de este profesorado presion\u00e1 el siguiente link:<\/span><\/p>\n<p style=\"text-align: center;\"><span style=\"font-family: 'comic sans ms', sans-serif; font-size: 12pt;\"><a title=\"Plan de estudios - Profesorado de Instrumento Popular\" href=\"upload\/PROFESORADO_INSTRUMENTO_POPULAR.doc\" target=\"_blank\" rel=\"noopener\">\u00a0<\/a><strong><a title=\"Plan de estudios - Profesorado de Instrumento Popular\" href=\"upload\/PROFESORADO_INSTRUMENTO_POPULAR.doc\" target=\"_blank\" rel=\"noopener\">PLAN DE ESTUDIOS &#8211; PROFESORADO DE INSTRUMENTO POPULAR<\/a><\/strong><\/span><\/p>\n<p style=\"text-align: center;\"><span style=\"font-family: 'comic sans ms', sans-serif; font-size: 12pt; color: #ff6600;\"><strong>Las inscripciones<\/strong> a la FOBA se realizan en el mes de febrero de cada a\u00f1o<\/span><\/p>\n<h4 style=\"text-align: center;\"><strong>PRE-INSCRIPCI\u00d3N A LA FOBA INSTRUMENTO<\/strong><\/h4>\n<p>Fecha de pre-inscripci\u00f3n:\u00a0<strong>Desde las 18 hs del\u00a0 d\u00eda 14 de febrero hasta las 23:59 hs del 17 de febrero de 2026<\/strong><\/p>\n<p>Ingresar\u00e1s al sistema acad\u00e9mico para elegir la carrera y el instrumento en el que te quer\u00e9s inscribir a trav\u00e9s de:\u00a0 <strong><a href=\"http:\/\/lamare.prox.com.ar\/inscripcion\">(http:\/\/lamare.prox.com.ar\/inscripcion)<\/a><\/strong>\u00a0El sistema te mostrar\u00e1 la fecha\u00a0 y horario en el que\u00a0<strong>ten\u00e9s que concurrir a la escuela para entregar la documentaci\u00f3n obligatoria y confirmar tu inscripci\u00f3n.<\/strong>\u00a0<a href=\"https:\/\/drive.google.com\/file\/d\/1tA66BmtrqPv3TWIzSeU4Aw3JIlyuf-RG\/view?usp=sharing\"><strong>CLICK AQU\u00cd para leer tutorial sobre la modalidad de pre-inscripci\u00f3n online para ingresantes<\/strong><\/a><\/p>\n<p>Dada la gran demanda al ingreso, por ser \u00e9sta la \u00fanica escuela de arte en el partido de La Matanza, las vacantes son limitadas, con lo cual\u00a0<strong>quienes no se presentaran\u00a0 el d\u00eda de la inscripci\u00f3n definitiva en la instituci\u00f3n, perder\u00e1n autom\u00e1ticamente la vacante para ofrecerla a quienes se hayan anotado en lista de espera.\u00a0<\/strong><\/p>\n<p style=\"text-align: center;\">En el caso que no hayas encontrado cupo disponible, anotate en esta lista de espera:<\/p>\n<h4 style=\"text-align: center;\"><a href=\"https:\/\/forms.gle\/bncJsDq7QEXC5EMo8\"><strong>LISTA DE ESPERA \u2013 CLICK AQU\u00cd<\/strong><\/a><\/h4>\n<h5><strong>DOCUMENTACI\u00d3N A PRESENTAR EL D\u00cdA DE LA INSCRIPCI\u00d3N DEFINITIVA<\/strong><\/h5>\n<ul>\n<li>DNI<\/li>\n<li><strong><a href=\"https:\/\/drive.google.com\/file\/d\/1yojhmg1WOlnbCKBZs3xr8ej3eJAyYfYs\/view?usp=sharing\">Certificado de salud (firmado por cualquier m\u00e9dico que indique que est\u00e1s en condiciones de cursar en el establecimiento)<\/a>\u00a0<a href=\"https:\/\/drive.google.com\/file\/d\/1yojhmg1WOlnbCKBZs3xr8ej3eJAyYfYs\/view?usp=sharing\">CLICK AQU\u00cd<\/a><\/strong><\/li>\n<li>Bono contribuci\u00f3n cooperadora $30.000 POR \u00daNICA VEZ<\/li>\n<li>En el caso de menores de 18 a\u00f1os, el d\u00eda de la inscripci\u00f3n deber\u00e1n estar acompa\u00f1ados\/as por padre, madre o tutor y firmar autorizaci\u00f3n de retiro del establecimiento.\u00a0<a href=\"https:\/\/drive.google.com\/file\/d\/1p-ZlzNZcP-A8nDKqh74OGBOFDrrMoIua\/view?usp=sharing\"><strong>(CLICK AQU\u00cd PARA DESCARGAR AUTORIZACI\u00d3N MENORES DE 18 A\u00d1OS)<\/strong><\/a><\/li>\n<\/ul>\n<h5>Una vez aprobada la FOBA INSTRUMENTO podr\u00e1s ingresar al PROFESORADO O TECNICATURA DE INSTRUMENTO POPULAR.<\/h5>\n<p><span style=\"font-family: 'comic sans ms', sans-serif; font-size: 12pt;\">La FOBA TRADICIONAL de INSTRUMENTO puede aprobarse total o parcialmente en condici\u00f3n de libre, <strong>previa inscripci\u00f3n y matriculaci\u00f3n en la Escuela de Arte<\/strong><\/span><\/p>\n<p><span style=\"font-family: 'comic sans ms', sans-serif; font-size: 12pt;\">\u00a0<\/span><\/p>\n","protected":false},"excerpt":{"rendered":"<p>PROFESORADO DE INSTRUMENTO POPULAR Este profesorado forma m\u00fasicos docentes especializados en la ense\u00f1anza de un instrumento en un g\u00e9nero espec\u00edfico (jazz, tango o folklore) Otorga el titulo de Profesor en Instrumento Popular especialidad (jazz, tango o folklore) \u00a0Los instrumentos que ofrece nuestra escuela son: BANDONE\u00d3N &#8211; BAJO &#8211; BATER\u00cdA &#8211; CANTO -CONTRABAJO &#8211; FLAUTA TRAVERSA &#8230; <a title=\"Profesorado de Instrumento Popular\" class=\"read-more\" href=\"https:\/\/eaic-bue.infd.edu.ar\/sitio\/profesorado-de-instrumento-popular\/\" aria-label=\"More on Profesorado de Instrumento Popular\">[+]<\/a><\/p>\n","protected":false},"author":68,"featured_media":0,"parent":0,"menu_order":0,"comment_status":"closed","ping_status":"closed","template":"","meta":[],"acf":[],"_links":{"self":[{"href":"https:\/\/eaic-bue.infd.edu.ar\/sitio\/wp-json\/wp\/v2\/pages\/797"}],"collection":[{"href":"https:\/\/eaic-bue.infd.edu.ar\/sitio\/wp-json\/wp\/v2\/pages"}],"about":[{"href":"https:\/\/eaic-bue.infd.edu.ar\/sitio\/wp-json\/wp\/v2\/types\/page"}],"author":[{"embeddable":true,"href":"https:\/\/eaic-bue.infd.edu.ar\/sitio\/wp-json\/wp\/v2\/users\/68"}],"replies":[{"embeddable":true,"href":"https:\/\/eaic-bue.infd.edu.ar\/sitio\/wp-json\/wp\/v2\/comments?post=797"}],"version-history":[{"count":21,"href":"https:\/\/eaic-bue.infd.edu.ar\/sitio\/wp-json\/wp\/v2\/pages\/797\/revisions"}],"predecessor-version":[{"id":4797,"href":"https:\/\/eaic-bue.infd.edu.ar\/sitio\/wp-json\/wp\/v2\/pages\/797\/revisions\/4797"}],"wp:attachment":[{"href":"https:\/\/eaic-bue.infd.edu.ar\/sitio\/wp-json\/wp\/v2\/media?parent=797"}],"curies":[{"name":"wp","href":"https:\/\/api.w.org\/{rel}","templated":true}]}}