{"id":800,"date":"2018-08-29T18:51:52","date_gmt":"2018-08-29T21:51:52","guid":{"rendered":"https:\/\/eaic-bue.infd.edu.ar\/sitio\/tecnicatura-en-ceramica\/"},"modified":"2025-12-28T21:03:31","modified_gmt":"2025-12-29T00:03:31","slug":"tecnicatura-en-ceramica","status":"publish","type":"page","link":"https:\/\/eaic-bue.infd.edu.ar\/sitio\/tecnicatura-en-ceramica\/","title":{"rendered":"Tecnicatura en Cer\u00e1mica"},"content":{"rendered":"<p><span style=\"font-family: 'comic sans ms', sans-serif; font-size: 12pt;\">La <span style=\"color: #0000ff;\"><strong>TECNICATURA DE CER\u00c1MICA<\/strong><\/span> forma ceramistas. Como todas las tecnicaturas, los t\u00edtulos que otorga no son habilitantes para ejercer la docencia en los niveles de la ense\u00f1anza obligatoria<\/span><\/p>\n<p><span style=\"font-family: 'comic sans ms', sans-serif; font-size: 12pt;\">Existen dos t\u00edtulos posibles:<\/span><\/p>\n<p><span style=\"font-family: 'comic sans ms', sans-serif; font-size: 12pt;\">&#8211; <strong><span style=\"text-decoration: underline;\">Cursando tres a\u00f1os<\/span> <\/strong>(incluye curso de ingreso y 2 a\u00f1os de carrera) \u00a0<strong>T\u00c9CNICO\/A AUXILIAR CERAMISTA<\/strong><\/span><\/p>\n<p><span style=\"font-family: 'comic sans ms', sans-serif; font-size: 12pt;\">&#8211; <span style=\"text-decoration: underline;\"><strong>Cursando cuatro a\u00f1os<\/strong><\/span> (incluye curso de ingreso y 3 a\u00f1os de carrera)\u00a0<\/span><span style=\"font-family: 'comic sans ms', sans-serif; font-size: 12pt;\"><strong>T\u00c9CNICO\/A SUPERIOR EN CER\u00c1MICA<\/strong><\/span><\/p>\n<p style=\"text-align: center;\"><span style=\"font-family: 'comic sans ms', sans-serif; font-size: 14pt; color: #800080;\"><strong>Esta tecnicatura se cursa solo en la sede de Isidro Casanova (Juan Manuel de Rosas 5975, Ruta 3, km 21) y solo en el turno de la noche.<\/strong><\/span><\/p>\n<p style=\"text-align: justify;\"><span style=\"font-family: 'comic sans ms', sans-serif; font-size: 12pt;\">Para ingresar a esta Tecnicatura es necesario completar y aprobar un <span style=\"text-decoration: underline;\"><strong>curso de ingreso<\/strong><\/span> que llamamos Formaci\u00f3n B\u00e1sica (FOBA) de un a\u00f1o de duraci\u00f3n. La finalidad \u00a0de este curso de ingreso es la de proporcionar herramientas disciplinares elementales para facilitar el acceso y el posterior trayecto de los estudiantes en la carrera.\u00a0<\/span><\/p>\n<p style=\"text-align: center;\"><span style=\"font-family: 'comic sans ms', sans-serif; font-size: 12pt;\"><strong><span style=\"text-decoration: underline;\">Requisitos para el inscribirse en el curso de ingreso:<\/span><\/strong><\/span><\/p>\n<p><span style=\"font-family: 'comic sans ms', sans-serif; font-size: 12pt;\">&#8211; Tener al menos 17 a\u00f1os cumplidos.<\/span><\/p>\n<p>Debido a que somos la \u00fanica escuela de arte en el partido de La Matanza tenemos una gran demanda para el ingreso. Las vacantes son limitadas.<\/p>\n<h4 style=\"text-align: center;\"><strong>1. PRE-INSCRIPCI\u00d3N<\/strong><\/h4>\n<p>Fecha de pre-inscripci\u00f3n: <strong>Desde las 18 hs del\u00a0 d\u00eda 14 de febrero hasta las 23:59 hs del 17 de febrero de 2026<\/strong><\/p>\n<p>Ingresar\u00e1s al sistema acad\u00e9mico para elegir la carrera\u00a0 a trav\u00e9s de <a href=\"http:\/\/lamare.prox.com.ar\/inscripcion\"><strong>http:\/\/lamare.prox.com.ar\/inscripcion<\/strong><\/a> El sistema te dir\u00e1 la fecha y horario al que ten\u00e9s que concurrir\u00a0 a la escuela para entregar la documentaci\u00f3n obligatoria y confirmar tu inscripci\u00f3n. <a href=\"https:\/\/drive.google.com\/file\/d\/1tA66BmtrqPv3TWIzSeU4Aw3JIlyuf-RG\/view?usp=sharing\"><strong>CLICK AQU\u00cd para leer tutorial sobre la modalidad de pre-inscripci\u00f3n online para ingresantes.<\/strong><\/a><\/p>\n<p>Dada la gran demanda al ingreso, por ser \u00e9sta la \u00fanica escuela de arte en el partido de La Matanza, las vacantes son limitadas, con lo cual\u00a0<strong>quienes no se presentaran\u00a0 el d\u00eda de la inscripci\u00f3n definitiva en la instituci\u00f3n, perder\u00e1n autom\u00e1ticamente la vacante para ofrecerla a quienes se hayan anotado en lista de espera.\u00a0<\/strong><\/p>\n<p>En el caso que no hayas encontrado cupo disponible, anotate en esta lista de espera:<\/p>\n<h4 style=\"text-align: center;\"><a href=\"https:\/\/forms.gle\/bncJsDq7QEXC5EMo8\"><strong>LISTA DE ESPERA &#8211; CLICK AQU\u00cd<\/strong><\/a><\/h4>\n<p style=\"text-align: center;\"><em>En el mes de abril revisaremos las vacantes. Si se hubiera vacantes disponibles nos remitiremos a esa lista de espera y nos comunicaremos con vos por el correo electr\u00f3nico que registraste en ese formulario. <strong>Este formulario estar\u00e1 disponible desde el 14 de febrero\u00a0 hasta el 30 de marzo<\/strong><\/em><\/p>\n<h4 style=\"text-align: center;\"><strong>2. INSCRIPCI\u00d3N PRESENCIAL<\/strong><\/h4>\n<p><strong><span style=\"font-size: inherit;\">DOCUMENTACI\u00d3N A PRESENTAR<\/span><\/strong><\/p>\n<ul>\n<li>T\u00edtulo secundario, constancia de t\u00edtulo en tr\u00e1mite o constancia de estudiante regular<\/li>\n<li>DNI<\/li>\n<li>Certificado de vacuna antitet\u00e1nica actualizado<\/li>\n<li><strong><a href=\"https:\/\/drive.google.com\/file\/d\/1yojhmg1WOlnbCKBZs3xr8ej3eJAyYfYs\/view?usp=sharing\">Certificado de salud (firmado por cualquier m\u00e9dico que indique que est\u00e1s en condiciones de cursar en el establecimiento)<\/a> <a href=\"https:\/\/drive.google.com\/file\/d\/1yojhmg1WOlnbCKBZs3xr8ej3eJAyYfYs\/view?usp=sharing\">CLICK AQU\u00cd<\/a><\/strong><\/li>\n<li>Bono contribuci\u00f3n cooperadora $30.000 POR \u00daNICA VEZ<\/li>\n<li>En el caso de menores de 18 a\u00f1os, el d\u00eda de la inscripci\u00f3n deber\u00e1n estar acompa\u00f1ados\/as por padre, madre o tutor y firmar autorizaci\u00f3n de retiro del establecimiento. <a href=\"https:\/\/drive.google.com\/file\/d\/1p-ZlzNZcP-A8nDKqh74OGBOFDrrMoIua\/view?usp=sharing\"><strong>(CLICK AQU\u00cd PARA DESCARGAR AUTORIZACI\u00d3N MENORES DE 18 A\u00d1OS)<\/strong><\/a><\/li>\n<\/ul>\n<p>En el siguiente enlace podr\u00e1s ver el plan de estudios de esta carrera<\/p>\n<p style=\"text-align: center;\"><strong><span style=\"font-family: 'comic sans ms', sans-serif; font-size: 12pt;\"><a title=\"Plan de estudios - Tecnicatura de Cer\u00e1mica\" href=\"upload\/Estructura_Curricular_Tecnicatura_Ceramica.doc\" target=\"_blank\" rel=\"noopener\">PLAN DE ESTUDIOS &#8211; TECNICATURA DE CER\u00c1MICA<\/a><\/span><\/strong><\/p>\n<p><span style=\"font-family: 'comic sans ms', sans-serif; font-size: 12pt;\">\u00a0<\/span><\/p>\n","protected":false},"excerpt":{"rendered":"<p>La TECNICATURA DE CER\u00c1MICA forma ceramistas. Como todas las tecnicaturas, los t\u00edtulos que otorga no son habilitantes para ejercer la docencia en los niveles de la ense\u00f1anza obligatoria Existen dos t\u00edtulos posibles: &#8211; Cursando tres a\u00f1os (incluye curso de ingreso y 2 a\u00f1os de carrera) \u00a0T\u00c9CNICO\/A AUXILIAR CERAMISTA &#8211; Cursando cuatro a\u00f1os (incluye curso de &#8230; <a title=\"Tecnicatura en Cer\u00e1mica\" class=\"read-more\" href=\"https:\/\/eaic-bue.infd.edu.ar\/sitio\/tecnicatura-en-ceramica\/\" aria-label=\"More on Tecnicatura en Cer\u00e1mica\">[+]<\/a><\/p>\n","protected":false},"author":68,"featured_media":0,"parent":0,"menu_order":0,"comment_status":"closed","ping_status":"closed","template":"","meta":[],"acf":[],"_links":{"self":[{"href":"https:\/\/eaic-bue.infd.edu.ar\/sitio\/wp-json\/wp\/v2\/pages\/800"}],"collection":[{"href":"https:\/\/eaic-bue.infd.edu.ar\/sitio\/wp-json\/wp\/v2\/pages"}],"about":[{"href":"https:\/\/eaic-bue.infd.edu.ar\/sitio\/wp-json\/wp\/v2\/types\/page"}],"author":[{"embeddable":true,"href":"https:\/\/eaic-bue.infd.edu.ar\/sitio\/wp-json\/wp\/v2\/users\/68"}],"replies":[{"embeddable":true,"href":"https:\/\/eaic-bue.infd.edu.ar\/sitio\/wp-json\/wp\/v2\/comments?post=800"}],"version-history":[{"count":31,"href":"https:\/\/eaic-bue.infd.edu.ar\/sitio\/wp-json\/wp\/v2\/pages\/800\/revisions"}],"predecessor-version":[{"id":4791,"href":"https:\/\/eaic-bue.infd.edu.ar\/sitio\/wp-json\/wp\/v2\/pages\/800\/revisions\/4791"}],"wp:attachment":[{"href":"https:\/\/eaic-bue.infd.edu.ar\/sitio\/wp-json\/wp\/v2\/media?parent=800"}],"curies":[{"name":"wp","href":"https:\/\/api.w.org\/{rel}","templated":true}]}}