{"id":822,"date":"2018-08-29T18:52:01","date_gmt":"2018-08-29T21:52:01","guid":{"rendered":"https:\/\/eaic-bue.infd.edu.ar\/sitio\/situaciones-de-conflicto-material-de-consulta\/"},"modified":"2019-02-25T18:17:19","modified_gmt":"2019-02-25T21:17:19","slug":"situaciones-de-conflicto-material-de-consulta","status":"publish","type":"page","link":"https:\/\/eaic-bue.infd.edu.ar\/sitio\/situaciones-de-conflicto-material-de-consulta\/","title":{"rendered":"SITUACIONES DE CONFLICTO- Material de consulta"},"content":{"rendered":"<p>&nbsp;<\/p>\n<p>Desde este sitio podr\u00e1 descargar materiales de consulta en situaciones de conflicto:<\/p>\n<p><a href=\"https:\/\/drive.google.com\/file\/d\/1IqAbKmoFlgl7ZxbgmWLki_1xU2n2qMOP\/view?usp=sharing\" target=\"_blank\" rel=\"noopener\">Ley 26743 &#8211; Identidad de G\u00e9nero<\/a><\/p>\n<p><a href=\"https:\/\/drive.google.com\/file\/d\/1CEChPaJffhjN9WjkyWDLkpeFxRWQz2jJ\/view?usp=sharing\" target=\"_blank\" rel=\"noopener\">Ley 26150 &#8211; Programa Nacional de Educaci\u00f3n Sexual Integral<\/a><\/p>\n<p><a href=\"https:\/\/drive.google.com\/file\/d\/1ujKNH18xF5spKXKjUpljz6TpqCy3obBK\/view?usp=sharing\" target=\"_blank\" rel=\"noopener\">ESI &#8211; para Educaci\u00f3n Inicial<\/a><\/p>\n<p><a href=\"https:\/\/drive.google.com\/file\/d\/1WuwRWz1Mbsr7Sk0m6CUYI6uemlawXNmv\/view?usp=sharing\" target=\"_blank\" rel=\"noopener\">ESI &#8211; para Educaci\u00f3n Primaria<\/a><\/p>\n<p><a href=\"https:\/\/drive.google.com\/file\/d\/1tBvgvctvejzsWFLzVpYLwFInOkbBIZdM\/view?usp=sharing\" target=\"_blank\" rel=\"noopener\">ESI &#8211; para Educaci\u00f3n Secundaria<\/a><\/p>\n<p><a href=\"https:\/\/drive.google.com\/file\/d\/16DmjIehLY7W8YZyuzhGRo07AKGIs6xLs\/view?usp=sharing\" target=\"_blank\" rel=\"noopener\">Jornada Nacional Educar en igualdad: Prevenci\u00f3n y erradicaci\u00f3n de la violencia de g\u00e9nero &#8211; Ley 27243<\/a><\/p>\n<p><a href=\"https:\/\/drive.google.com\/file\/d\/1ixceSraSLrXzdQ0gEd0r-yA3q3692iVm\/view?usp=sharing\" target=\"_blank\" rel=\"noopener\">Guia\u00a0Federal de orientaciones\u00a0para la intervenci\u00f3n educativa\u00a0en situaciones complejas relacionadas con la vida escolar &#8211; PARTE 1<\/a><\/p>\n<p><a href=\"https:\/\/drive.google.com\/file\/d\/1uYKy6648uKz9qd3kAFgVYihKqzuaYRQx\/view?usp=sharing\" target=\"_blank\" rel=\"noopener\">Guia\u00a0Federal de orientaciones\u00a0para la intervenci\u00f3n educativa\u00a0en situaciones complejas relacionadas con la vida escolar &#8211; PARTE 2<\/a><\/p>\n<p><a href=\"https:\/\/drive.google.com\/file\/d\/1iO_cvprTjLlFWx0z_Gm2uGXfXG-OGXVo\/view?usp=sharing\" target=\"_blank\" rel=\"noopener\">Gu\u00eda de orientaci\u00f3n para la intervenci\u00f3n en Situaciones Conflictivas en el Escenario Escolar<\/a><\/p>\n<p><strong><a href=\"https:\/\/drive.google.com\/file\/d\/1Ooazcj6EjluRNL8LHyEDBSH0qcwbIfZ_\/view?usp=sharing\">Protocolo de intervenci\u00f3n en situaciones de conflicto<\/a><\/strong><\/p>\n<p>&nbsp;<\/p>\n<p>&nbsp;<\/p>\n","protected":false},"excerpt":{"rendered":"<p>&nbsp; Desde este sitio podr\u00e1 descargar materiales de consulta en situaciones de conflicto: Ley 26743 &#8211; Identidad de G\u00e9nero Ley 26150 &#8211; Programa Nacional de Educaci\u00f3n Sexual Integral ESI &#8211; para Educaci\u00f3n Inicial ESI &#8211; para Educaci\u00f3n Primaria ESI &#8211; para Educaci\u00f3n Secundaria Jornada Nacional Educar en igualdad: Prevenci\u00f3n y erradicaci\u00f3n de la violencia de &#8230; <a title=\"SITUACIONES DE CONFLICTO- Material de consulta\" class=\"read-more\" href=\"https:\/\/eaic-bue.infd.edu.ar\/sitio\/situaciones-de-conflicto-material-de-consulta\/\" aria-label=\"More on SITUACIONES DE CONFLICTO- Material de consulta\">[+]<\/a><\/p>\n","protected":false},"author":68,"featured_media":0,"parent":0,"menu_order":0,"comment_status":"closed","ping_status":"closed","template":"","meta":[],"acf":[],"_links":{"self":[{"href":"https:\/\/eaic-bue.infd.edu.ar\/sitio\/wp-json\/wp\/v2\/pages\/822"}],"collection":[{"href":"https:\/\/eaic-bue.infd.edu.ar\/sitio\/wp-json\/wp\/v2\/pages"}],"about":[{"href":"https:\/\/eaic-bue.infd.edu.ar\/sitio\/wp-json\/wp\/v2\/types\/page"}],"author":[{"embeddable":true,"href":"https:\/\/eaic-bue.infd.edu.ar\/sitio\/wp-json\/wp\/v2\/users\/68"}],"replies":[{"embeddable":true,"href":"https:\/\/eaic-bue.infd.edu.ar\/sitio\/wp-json\/wp\/v2\/comments?post=822"}],"version-history":[{"count":2,"href":"https:\/\/eaic-bue.infd.edu.ar\/sitio\/wp-json\/wp\/v2\/pages\/822\/revisions"}],"predecessor-version":[{"id":1561,"href":"https:\/\/eaic-bue.infd.edu.ar\/sitio\/wp-json\/wp\/v2\/pages\/822\/revisions\/1561"}],"wp:attachment":[{"href":"https:\/\/eaic-bue.infd.edu.ar\/sitio\/wp-json\/wp\/v2\/media?parent=822"}],"curies":[{"name":"wp","href":"https:\/\/api.w.org\/{rel}","templated":true}]}}