{"id":824,"date":"2018-08-29T18:52:02","date_gmt":"2018-08-29T21:52:02","guid":{"rendered":"https:\/\/eaic-bue.infd.edu.ar\/sitio\/consejo-academico-institucional-cai\/"},"modified":"2020-03-07T20:45:42","modified_gmt":"2020-03-07T23:45:42","slug":"consejo-academico-institucional-cai","status":"publish","type":"page","link":"https:\/\/eaic-bue.infd.edu.ar\/sitio\/consejo-academico-institucional-cai\/","title":{"rendered":"CONSEJO ACAD\u00c9MICO INSTITUCIONAL (CAI)"},"content":{"rendered":"<p style=\"text-align: center;\"><span style=\"font-family: arial, helvetica, sans-serif; font-size: 14pt;\">Desde este sitio se podr\u00e1n visualizar y descargar resoluciones, materiales y comunicados del Consejo Acad\u00e9mico Institucional\u00a0<\/span><\/p>\n<p style=\"text-align: center;\">\n<p><span style=\"font-family: arial, helvetica, sans-serif; font-size: 14pt;\"><a href=\"https:\/\/drive.google.com\/file\/d\/1gbSGEz0P5WKlxRvq8oM1Ots47SZu62FI\/view?usp=sharing\" target=\"_blank\" rel=\"noopener\">Resoluci\u00f3n 4044\/09\u00a0<\/a><\/span><\/p>\n<p><span style=\"font-family: arial, helvetica, sans-serif; font-size: 14pt;\"><a href=\"https:\/\/drive.google.com\/file\/d\/1Ib8D1AWSx6ztYNWyv13dj7BjbXNcKXaq\/view?usp=sharing\" target=\"_blank\" rel=\"noopener\">Anexo Resoluci\u00f3n 4044\/09<\/a><\/span><\/p>\n<p><span style=\"font-family: arial, helvetica, sans-serif; font-size: 14pt;\"><a href=\"https:\/\/drive.google.com\/file\/d\/1WL-x4M4GQCuBQJAzzElOHjpueKKir0sw\/view?usp=sharing\" target=\"_blank\" rel=\"noopener\">Comunicado CAI &#8211; Junio 2018<\/a><\/span><\/p>\n<p><strong>MATERIAL DE CONSULTA\u00a0<\/strong><\/p>\n<p><a href=\"https:\/\/drive.google.com\/file\/d\/1IqAbKmoFlgl7ZxbgmWLki_1xU2n2qMOP\/view?usp=sharing\" target=\"_blank\" rel=\"noopener\">Ley 26743 \u2013 Identidad de G\u00e9nero<\/a><\/p>\n<p><a href=\"https:\/\/drive.google.com\/file\/d\/1CEChPaJffhjN9WjkyWDLkpeFxRWQz2jJ\/view?usp=sharing\" target=\"_blank\" rel=\"noopener\">Ley 26150 \u2013 Programa Nacional de Educaci\u00f3n Sexual Integral<\/a><\/p>\n<p><a href=\"https:\/\/drive.google.com\/file\/d\/1ujKNH18xF5spKXKjUpljz6TpqCy3obBK\/view?usp=sharing\" target=\"_blank\" rel=\"noopener\">ESI \u2013 para Educaci\u00f3n Inicial<\/a><\/p>\n<p><a href=\"https:\/\/drive.google.com\/file\/d\/1WuwRWz1Mbsr7Sk0m6CUYI6uemlawXNmv\/view?usp=sharing\" target=\"_blank\" rel=\"noopener\">ESI \u2013 para Educaci\u00f3n Primaria<\/a><\/p>\n<p><a href=\"https:\/\/drive.google.com\/file\/d\/1tBvgvctvejzsWFLzVpYLwFInOkbBIZdM\/view?usp=sharing\" target=\"_blank\" rel=\"noopener\">ESI \u2013 para Educaci\u00f3n Secundaria<\/a><\/p>\n<p><a href=\"https:\/\/drive.google.com\/file\/d\/16DmjIehLY7W8YZyuzhGRo07AKGIs6xLs\/view?usp=sharing\" target=\"_blank\" rel=\"noopener\">Jornada Nacional Educar en igualdad: Prevenci\u00f3n y erradicaci\u00f3n de la violencia de g\u00e9nero \u2013 Ley 27243<\/a><\/p>\n<p><a href=\"https:\/\/drive.google.com\/file\/d\/1ixceSraSLrXzdQ0gEd0r-yA3q3692iVm\/view?usp=sharing\" target=\"_blank\" rel=\"noopener\">Guia\u00a0Federal de orientaciones\u00a0para la intervenci\u00f3n educativa\u00a0en situaciones complejas relacionadas con la vida escolar \u2013 PARTE 1<\/a><\/p>\n<p><a href=\"https:\/\/drive.google.com\/file\/d\/1uYKy6648uKz9qd3kAFgVYihKqzuaYRQx\/view?usp=sharing\" target=\"_blank\" rel=\"noopener\">Guia\u00a0Federal de orientaciones\u00a0para la intervenci\u00f3n educativa\u00a0en situaciones complejas relacionadas con la vida escolar \u2013 PARTE 2<\/a><\/p>\n<p><a href=\"https:\/\/drive.google.com\/file\/d\/1iO_cvprTjLlFWx0z_Gm2uGXfXG-OGXVo\/view?usp=sharing\" target=\"_blank\" rel=\"noopener\">Gu\u00eda de orientaci\u00f3n para la intervenci\u00f3n en Situaciones Conflictivas en el Escenario Escolar<\/a><\/p>\n<p><strong><a href=\"https:\/\/drive.google.com\/file\/d\/1Ooazcj6EjluRNL8LHyEDBSH0qcwbIfZ_\/view?usp=sharing\">Protocolo de intervenci\u00f3n en situaciones de conflicto<\/a><\/strong><\/p>\n<p>&nbsp;<\/p>\n","protected":false},"excerpt":{"rendered":"<p>Desde este sitio se podr\u00e1n visualizar y descargar resoluciones, materiales y comunicados del Consejo Acad\u00e9mico Institucional\u00a0 Resoluci\u00f3n 4044\/09\u00a0 Anexo Resoluci\u00f3n 4044\/09 Comunicado CAI &#8211; Junio 2018 MATERIAL DE CONSULTA\u00a0 Ley 26743 \u2013 Identidad de G\u00e9nero Ley 26150 \u2013 Programa Nacional de Educaci\u00f3n Sexual Integral ESI \u2013 para Educaci\u00f3n Inicial ESI \u2013 para Educaci\u00f3n Primaria ESI &#8230; <a title=\"CONSEJO ACAD\u00c9MICO INSTITUCIONAL (CAI)\" class=\"read-more\" href=\"https:\/\/eaic-bue.infd.edu.ar\/sitio\/consejo-academico-institucional-cai\/\" aria-label=\"More on CONSEJO ACAD\u00c9MICO INSTITUCIONAL (CAI)\">[+]<\/a><\/p>\n","protected":false},"author":68,"featured_media":0,"parent":0,"menu_order":0,"comment_status":"closed","ping_status":"closed","template":"","meta":[],"acf":[],"_links":{"self":[{"href":"https:\/\/eaic-bue.infd.edu.ar\/sitio\/wp-json\/wp\/v2\/pages\/824"}],"collection":[{"href":"https:\/\/eaic-bue.infd.edu.ar\/sitio\/wp-json\/wp\/v2\/pages"}],"about":[{"href":"https:\/\/eaic-bue.infd.edu.ar\/sitio\/wp-json\/wp\/v2\/types\/page"}],"author":[{"embeddable":true,"href":"https:\/\/eaic-bue.infd.edu.ar\/sitio\/wp-json\/wp\/v2\/users\/68"}],"replies":[{"embeddable":true,"href":"https:\/\/eaic-bue.infd.edu.ar\/sitio\/wp-json\/wp\/v2\/comments?post=824"}],"version-history":[{"count":2,"href":"https:\/\/eaic-bue.infd.edu.ar\/sitio\/wp-json\/wp\/v2\/pages\/824\/revisions"}],"predecessor-version":[{"id":2711,"href":"https:\/\/eaic-bue.infd.edu.ar\/sitio\/wp-json\/wp\/v2\/pages\/824\/revisions\/2711"}],"wp:attachment":[{"href":"https:\/\/eaic-bue.infd.edu.ar\/sitio\/wp-json\/wp\/v2\/media?parent=824"}],"curies":[{"name":"wp","href":"https:\/\/api.w.org\/{rel}","templated":true}]}}