{"id":829,"date":"2018-08-29T18:52:04","date_gmt":"2018-08-29T21:52:04","guid":{"rendered":"https:\/\/eaic-bue.infd.edu.ar\/sitio\/plan-de-estudios\/"},"modified":"2025-12-12T15:28:18","modified_gmt":"2025-12-12T18:28:18","slug":"plan-de-estudios","status":"publish","type":"page","link":"https:\/\/eaic-bue.infd.edu.ar\/sitio\/plan-de-estudios\/","title":{"rendered":"Plan de estudios Tecnicatura de instrumento popular"},"content":{"rendered":"<p style=\"text-align: left;\">\n<p style=\"text-align: left;\"><span style=\"font-family: arial, helvetica, sans-serif; font-size: 12pt;\"><strong>Podr\u00e1 descargar la estructura curricular, correlatividades y formas de acreditaci\u00f3n desde el siguiente link:<\/strong><\/span><\/p>\n<p style=\"text-align: center;\"><a href=\"https:\/\/drive.google.com\/file\/d\/1MfJI2uNTxF0cM1j68wQsxmu4GteLXRnn\/view?usp=sharing\"><strong>ESTRUCTURA CURRICULAR Y FOBA INSTRUMENTO click aqu\u00ed<\/strong><\/a><\/p>\n<p style=\"text-align: center;\"><a href=\"https:\/\/drive.google.com\/file\/d\/1scER-0hVYrQvdnmQwEZx60c7poBAtYp8\/view?usp=sharing\"><strong>ESTRUCTURA CURRICULAR FOBA CANTO click aqu\u00ed<\/strong><\/a><\/p>\n<p style=\"text-align: center;\"><em><span style=\"font-family: arial, helvetica, sans-serif; font-size: 14pt;\"><strong><a href=\"https:\/\/docs.google.com\/document\/d\/1QDyQ3VknzvNjpht_KPUYH92quV2jU6Bj\/edit?usp=sharing&amp;ouid=105354398934155958444&amp;rtpof=true&amp;sd=true\" target=\"_blank\" rel=\"noopener\">TECNICATURA DE INSTRUMENTO POPULAR\u00a0 (FORMACI\u00d3N DE GRADO)- Resoluci\u00f3n 13235\/99<\/a><\/strong><\/span><\/em><\/p>\n<p style=\"text-align: center;\">\n","protected":false},"excerpt":{"rendered":"<p>Podr\u00e1 descargar la estructura curricular, correlatividades y formas de acreditaci\u00f3n desde el siguiente link: ESTRUCTURA CURRICULAR Y FOBA INSTRUMENTO click aqu\u00ed ESTRUCTURA CURRICULAR FOBA CANTO click aqu\u00ed TECNICATURA DE INSTRUMENTO POPULAR\u00a0 (FORMACI\u00d3N DE GRADO)- Resoluci\u00f3n 13235\/99<\/p>\n","protected":false},"author":68,"featured_media":0,"parent":0,"menu_order":0,"comment_status":"closed","ping_status":"closed","template":"","meta":[],"acf":[],"_links":{"self":[{"href":"https:\/\/eaic-bue.infd.edu.ar\/sitio\/wp-json\/wp\/v2\/pages\/829"}],"collection":[{"href":"https:\/\/eaic-bue.infd.edu.ar\/sitio\/wp-json\/wp\/v2\/pages"}],"about":[{"href":"https:\/\/eaic-bue.infd.edu.ar\/sitio\/wp-json\/wp\/v2\/types\/page"}],"author":[{"embeddable":true,"href":"https:\/\/eaic-bue.infd.edu.ar\/sitio\/wp-json\/wp\/v2\/users\/68"}],"replies":[{"embeddable":true,"href":"https:\/\/eaic-bue.infd.edu.ar\/sitio\/wp-json\/wp\/v2\/comments?post=829"}],"version-history":[{"count":4,"href":"https:\/\/eaic-bue.infd.edu.ar\/sitio\/wp-json\/wp\/v2\/pages\/829\/revisions"}],"predecessor-version":[{"id":4770,"href":"https:\/\/eaic-bue.infd.edu.ar\/sitio\/wp-json\/wp\/v2\/pages\/829\/revisions\/4770"}],"wp:attachment":[{"href":"https:\/\/eaic-bue.infd.edu.ar\/sitio\/wp-json\/wp\/v2\/media?parent=829"}],"curies":[{"name":"wp","href":"https:\/\/api.w.org\/{rel}","templated":true}]}}