{"id":831,"date":"2018-08-29T18:52:05","date_gmt":"2018-08-29T21:52:05","guid":{"rendered":"https:\/\/eaic-bue.infd.edu.ar\/sitio\/plan-de-estudios-2\/"},"modified":"2025-08-22T20:04:02","modified_gmt":"2025-08-22T23:04:02","slug":"plan-de-estudios-2","status":"publish","type":"page","link":"https:\/\/eaic-bue.infd.edu.ar\/sitio\/plan-de-estudios-2\/","title":{"rendered":"Plan de estudios Profesorado de Educaci\u00f3n Musical"},"content":{"rendered":"<p><span style=\"font-family: arial, helvetica, sans-serif; font-size: 12pt;\"><strong>\u00a0<\/strong><\/span><\/p>\n<p style=\"text-align: center;\"><span style=\"font-family: arial, helvetica, sans-serif; font-size: 12pt;\">Podr\u00e1 descargar Dise\u00f1o Curricular, estructura curricular, correlatividades y formas de acreditaci\u00f3n desde los siguientes link:<\/span><\/p>\n<p style=\"text-align: center;\"><strong>\u00a0<a href=\"https:\/\/docs.google.com\/document\/d\/1NKUskdDuLjeOtPFAvPd5O_gZgcnNqE-q\/edit?usp=sharing&amp;ouid=105354398934155958444&amp;rtpof=true&amp;sd=true\">DISE\u00d1O CURRICULAR PROFESORADO DE M\u00daSICA ORI<\/a><\/strong><a href=\"https:\/\/docs.google.com\/document\/d\/1NKUskdDuLjeOtPFAvPd5O_gZgcnNqE-q\/edit?usp=sharing&amp;ouid=105354398934155958444&amp;rtpof=true&amp;sd=true\"><strong>ENTACI\u00d3N EDUCACI\u00d3N MUSICAL &#8211; Resoluci\u00f3n 855\/11<\/strong><\/a><\/p>\n<p style=\"text-align: center;\"><a href=\"https:\/\/docs.google.com\/document\/d\/1G01govQ-YV5MvnC_IiaYDQ_HTqQuwTlx\/edit?usp=sharing&amp;ouid=105354398934155958444&amp;rtpof=true&amp;sd=true\"><em><span style=\"font-size: 14pt;\"><strong>ESTRUCTURA CURRICULAR, FORMAS DE ACREDITACI\u00d3N <\/strong><\/span><\/em><\/a><\/p>\n<p style=\"text-align: center;\"><a href=\"https:\/\/drive.google.com\/file\/d\/1vdr5CM4xu-sYs9TY6A0TQABsyvN10wak\/view?usp=sharing\"><em><span style=\"font-size: 14pt;\"><strong>CORRELATIVIDADES<\/strong><\/span><\/em><\/a><\/p>\n<p style=\"text-align: center;\">\n<p style=\"text-align: center;\">\n","protected":false},"excerpt":{"rendered":"<p>\u00a0 Podr\u00e1 descargar Dise\u00f1o Curricular, estructura curricular, correlatividades y formas de acreditaci\u00f3n desde los siguientes link: \u00a0DISE\u00d1O CURRICULAR PROFESORADO DE M\u00daSICA ORIENTACI\u00d3N EDUCACI\u00d3N MUSICAL &#8211; Resoluci\u00f3n 855\/11 ESTRUCTURA CURRICULAR, FORMAS DE ACREDITACI\u00d3N CORRELATIVIDADES<\/p>\n","protected":false},"author":68,"featured_media":0,"parent":0,"menu_order":0,"comment_status":"closed","ping_status":"closed","template":"","meta":[],"acf":[],"_links":{"self":[{"href":"https:\/\/eaic-bue.infd.edu.ar\/sitio\/wp-json\/wp\/v2\/pages\/831"}],"collection":[{"href":"https:\/\/eaic-bue.infd.edu.ar\/sitio\/wp-json\/wp\/v2\/pages"}],"about":[{"href":"https:\/\/eaic-bue.infd.edu.ar\/sitio\/wp-json\/wp\/v2\/types\/page"}],"author":[{"embeddable":true,"href":"https:\/\/eaic-bue.infd.edu.ar\/sitio\/wp-json\/wp\/v2\/users\/68"}],"replies":[{"embeddable":true,"href":"https:\/\/eaic-bue.infd.edu.ar\/sitio\/wp-json\/wp\/v2\/comments?post=831"}],"version-history":[{"count":7,"href":"https:\/\/eaic-bue.infd.edu.ar\/sitio\/wp-json\/wp\/v2\/pages\/831\/revisions"}],"predecessor-version":[{"id":4681,"href":"https:\/\/eaic-bue.infd.edu.ar\/sitio\/wp-json\/wp\/v2\/pages\/831\/revisions\/4681"}],"wp:attachment":[{"href":"https:\/\/eaic-bue.infd.edu.ar\/sitio\/wp-json\/wp\/v2\/media?parent=831"}],"curies":[{"name":"wp","href":"https:\/\/api.w.org\/{rel}","templated":true}]}}