{"id":837,"date":"2018-08-29T18:52:07","date_gmt":"2018-08-29T21:52:07","guid":{"rendered":"https:\/\/eaic-bue.infd.edu.ar\/sitio\/historia\/"},"modified":"2026-04-03T13:23:54","modified_gmt":"2026-04-03T16:23:54","slug":"historia","status":"publish","type":"page","link":"https:\/\/eaic-bue.infd.edu.ar\/sitio\/historia\/","title":{"rendered":"Historia"},"content":{"rendered":"<h1><img decoding=\"async\" loading=\"lazy\" class=\"alignnone  wp-image-4846\" src=\"https:\/\/eaic-bue.infd.edu.ar\/sitio\/wp-content\/uploads\/2026\/04\/477881165_3954140878139287_1359826000044183450_n.jpg\" alt=\"\" width=\"1020\" height=\"574\" srcset=\"https:\/\/eaic-bue.infd.edu.ar\/sitio\/wp-content\/uploads\/2026\/04\/477881165_3954140878139287_1359826000044183450_n.jpg 960w, https:\/\/eaic-bue.infd.edu.ar\/sitio\/wp-content\/uploads\/2026\/04\/477881165_3954140878139287_1359826000044183450_n-768x432.jpg 768w\" sizes=\"(max-width: 1020px) 100vw, 1020px\" \/><\/h1>\n<h1 style=\"text-align: center;\"><span style=\"color: #000080; font-family: 'courier new', courier; font-size: 18pt;\"><strong>CARACTERIZACI\u00d3N DE LA ESCUELA DE ARTE<\/strong><\/span><\/h1>\n<p style=\"text-align: justify;\"><span style=\"color: #000000; font-family: arial, helvetica, sans-serif; font-size: 12pt;\"><strong><span style=\"color: #000000; font-family: arial, helvetica, sans-serif; font-size: 12pt;\">Situaci\u00f3n geogr\u00e1fica<\/span><br \/>\n<span style=\"color: #000000; font-family: arial, helvetica, sans-serif; font-size: 12pt;\"><em>\u00a0 \u00a0 \u00a0 \u00a0 \u00a0 \u00a0 \u00a0 \u00a0 \u00a0 \u00a0 \u00a0 \u00a0 \u00a0 \u00a0 \u00a0\u00ab&#8230;una geograf\u00eda que llegue a todos&#8230;\u00bb<\/em><\/span><\/strong><\/span><\/p>\n<p><span style=\"color: #000000; font-family: arial, helvetica, sans-serif; font-size: 12pt;\">La Escuela de Arte Leopoldo Marechal cuenta con tres sedes dentro del distrito de La Matanza. Su sede principal se encuentra en la Ruta Nacional N\u00ba 3 (Juan Manuel de Rosas) y km 21, en Isidro Casanova, siendo esta ruta una arteria de circulaci\u00f3n de numerosas l\u00edneas de colectivos interurbanas y locales, y constituye un centro de llegada para todos los puntos equidistantes del distrito: Gonzalez Cat\u00e1n, Laferrere, Rafael Castillo, San Justo, Tablada, Ciudad Evita, etc., as\u00ed como de distritos vecinos, ya que uno de sus accesos muy cercano es el Camino de Cintura que permite acercar las poblaciones de Mor\u00f3n, Lomas de Zamora, Merlo, etc. En la misma manzana y lindero con el predio del edificio, se encuentra el Hospital Paroissien.<\/span><br \/>\n<span style=\"color: #000000; font-family: arial, helvetica, sans-serif; font-size: 12pt;\">El anexo de Ramos Mej\u00eda, ubicada a diez cuadras del centro de dicha localidad, posibilitando el acceso a un alumnado que concurre desde otros puntos del conurbano y de la Ciudad aut\u00f3noma de Buenos Aires, ya que cuenta con la cercan\u00eda del Ferrocarril Sarmiento.<\/span><\/p>\n<p style=\"text-align: justify;\"><span style=\"color: #000000; font-family: arial, helvetica, sans-serif; font-size: 12pt;\">En el a\u00f1o 2015 se da apertura a un tercer anexo en la localidad de Gonzalez Cat\u00e1n. Actualmente, este anexo de ubica en la calle 2 de abril entre Azul y Manuel Arias, donde en los turnos ma\u00f1ana y tarde funcionan la escuela primaria N\u00b0 178 y la escuela secundaria N\u00b0 173. El anexo se encuentra a 3 cuadras de la Ruta 3.<br \/>\n<strong><br \/>\n<span style=\"color: #000000; font-family: arial, helvetica, sans-serif; font-size: 12pt;\">Infraestructura<\/span><\/strong><\/span><\/p>\n<p><span style=\"color: #000000; font-family: arial, helvetica, sans-serif; font-size: 12pt;\">El edificio de la sede de I. Casanova se compone de dos construcciones dentro del mismo predio. El edificio hist\u00f3rico cuenta con una estructura de cinco pisos dividida en tres alas. En el ala izquierda y central funciona desde el a\u00f1o 1960\u00a0 la Escuela de Ense\u00f1anza T\u00e9cnica N\u00ba 1. Nuestra escuela cuenta con el ala derecha de dicho edificio, con espacios habilitados \u00a0PB, donde se encuentran los talleres de cer\u00e1mica. El primer piso, donde funciona en auditorio de la escuela; y tercer, cuarto y quinto piso donde se desarrollan distintas c\u00e1tedras de los lenguajes art\u00edsticos (el segundo est\u00e1 ocupado en su totalidad por la Escuela T\u00e9cnica).\u00a0<\/span><\/p>\n<p>El edificio nuevo, ubicado en el mismo predio, cuenta con dos pisos. En la planta baja funcionan aulas taller; en el primer piso aulas de mayor tama\u00f1o destinadas a materias te\u00f3ricas; y en el segundo piso se encuentran las oficinas y un pasillo de muestra art\u00edstica estable.<br \/>\n<span style=\"color: #000000; font-family: arial, helvetica, sans-serif; font-size: 12pt;\">El anexo Ramos Mej\u00eda, dispone \u00fanicamente de planta baja y cuenta\u00a0 con un total de 14 aulas (8 aulas peque\u00f1as para el dictado de asignaturas como instrumentos y 6 aulas de mayores dimensiones para las asignaturas que re\u00fanen gran cantidad de alumnos)<\/span><\/p>\n<p>La sede de Gonz\u00e1lez Cat\u00e1n cuenta con planta baja y un piso. En este anexo se dictan, en el turno vespertino, las carreras de los profesorados de teatro, educaci\u00f3n musical y danzas folkl\u00f3ricas.<br \/>\n<strong><br \/>\n<span style=\"color: #000000; font-family: arial, helvetica, sans-serif; font-size: 12pt;\">D\u00edas y horarios\u00a0<\/span><\/strong><\/p>\n<p><span style=\"color: #000000; font-family: arial, helvetica, sans-serif; font-size: 12pt;\">La sede de I. Casanova funciona de lunes a viernes en tres turnos: Turno ma\u00f1ana de 8:00 a 12:00 h. Turno tarde de 13:00 a 17:00 h. Turno vespertino de 18:00 a 22:00 h. Los d\u00edas s\u00e1bados funciona de 10 a 18 h.<\/span><\/p>\n<p><span style=\"color: #000000; font-family: arial, helvetica, sans-serif; font-size: 12pt;\">El anexo de Ramos mej\u00eda funciona de lunes a viernes en los mismos turnos y los d\u00edas s\u00e1bados de 8:00 a 18:00 h<\/span><\/p>\n<p><span style=\"color: #000000; font-family: arial, helvetica, sans-serif; font-size: 12pt;\"><span style=\"font-family: arial, helvetica, sans-serif; font-size: 12pt;\">El anexo de Gonz\u00e1lez Cat\u00e1n funciona en el turno vespertino de 17a 22 h, y los s\u00e1bados de 10 a 15 h.<\/span><\/span><\/p>\n<p><img decoding=\"async\" loading=\"lazy\" class=\"size-full wp-image-4832 aligncenter\" src=\"https:\/\/eaic-bue.infd.edu.ar\/sitio\/wp-content\/uploads\/2026\/04\/descarga-4.png\" alt=\"\" width=\"225\" height=\"225\" \/><\/p>\n","protected":false},"excerpt":{"rendered":"<p>CARACTERIZACI\u00d3N DE LA ESCUELA DE ARTE Situaci\u00f3n geogr\u00e1fica \u00a0 \u00a0 \u00a0 \u00a0 \u00a0 \u00a0 \u00a0 \u00a0 \u00a0 \u00a0 \u00a0 \u00a0 \u00a0 \u00a0 \u00a0\u00ab&#8230;una geograf\u00eda que llegue a todos&#8230;\u00bb La Escuela de Arte Leopoldo Marechal cuenta con tres sedes dentro del distrito de La Matanza. Su sede principal se encuentra en la Ruta Nacional N\u00ba 3 &#8230; <a title=\"Historia\" class=\"read-more\" href=\"https:\/\/eaic-bue.infd.edu.ar\/sitio\/historia\/\" aria-label=\"More on Historia\">[+]<\/a><\/p>\n","protected":false},"author":68,"featured_media":0,"parent":0,"menu_order":0,"comment_status":"closed","ping_status":"closed","template":"","meta":[],"acf":[],"_links":{"self":[{"href":"https:\/\/eaic-bue.infd.edu.ar\/sitio\/wp-json\/wp\/v2\/pages\/837"}],"collection":[{"href":"https:\/\/eaic-bue.infd.edu.ar\/sitio\/wp-json\/wp\/v2\/pages"}],"about":[{"href":"https:\/\/eaic-bue.infd.edu.ar\/sitio\/wp-json\/wp\/v2\/types\/page"}],"author":[{"embeddable":true,"href":"https:\/\/eaic-bue.infd.edu.ar\/sitio\/wp-json\/wp\/v2\/users\/68"}],"replies":[{"embeddable":true,"href":"https:\/\/eaic-bue.infd.edu.ar\/sitio\/wp-json\/wp\/v2\/comments?post=837"}],"version-history":[{"count":4,"href":"https:\/\/eaic-bue.infd.edu.ar\/sitio\/wp-json\/wp\/v2\/pages\/837\/revisions"}],"predecessor-version":[{"id":4848,"href":"https:\/\/eaic-bue.infd.edu.ar\/sitio\/wp-json\/wp\/v2\/pages\/837\/revisions\/4848"}],"wp:attachment":[{"href":"https:\/\/eaic-bue.infd.edu.ar\/sitio\/wp-json\/wp\/v2\/media?parent=837"}],"curies":[{"name":"wp","href":"https:\/\/api.w.org\/{rel}","templated":true}]}}