{"id":839,"date":"2018-08-29T18:52:07","date_gmt":"2018-08-29T21:52:07","guid":{"rendered":"https:\/\/eaic-bue.infd.edu.ar\/sitio\/plan-de-estudios-4\/"},"modified":"2025-12-12T15:27:04","modified_gmt":"2025-12-12T18:27:04","slug":"plan-de-estudios-4","status":"publish","type":"page","link":"https:\/\/eaic-bue.infd.edu.ar\/sitio\/plan-de-estudios-4\/","title":{"rendered":"Plan de estudios Profesorado de Instrumento Popular"},"content":{"rendered":"<p style=\"text-align: center;\"><span style=\"font-family: arial, helvetica, sans-serif; font-size: 14pt; color: #000000;\"><strong>Podr\u00e1 descargar la estructura curricular, correlatividades y formas de acreditaci\u00f3n desde el siguiente link:<\/strong><\/span><\/p>\n<p style=\"text-align: center;\"><span style=\"font-family: 'comic sans ms', sans-serif; font-size: 14pt; color: #000000;\"><strong>\u00a0Resoluci\u00f3n 13234\/99 <\/strong><\/span><\/p>\n<p style=\"text-align: center;\"><a href=\"https:\/\/drive.google.com\/file\/d\/1MfJI2uNTxF0cM1j68wQsxmu4GteLXRnn\/view?usp=sharing\"><span style=\"font-family: 'comic sans ms', sans-serif; font-size: 14pt; color: #000000;\"><strong>ESTRUCTURA CURRICULAR Y FOBA INSTRUMENTO click aqu\u00ed <\/strong><\/span><\/a><\/p>\n<p style=\"text-align: center;\"><a href=\"https:\/\/drive.google.com\/file\/d\/1scER-0hVYrQvdnmQwEZx60c7poBAtYp8\/view?usp=sharing\"><span style=\"font-family: 'comic sans ms', sans-serif; font-size: 14pt; color: #000000;\"><strong>ESTRUCTURA CURRICULAR FOBA CANTO click aqu\u00ed<\/strong><\/span><\/a><\/p>\n<p style=\"text-align: center;\"><a href=\"https:\/\/docs.google.com\/document\/d\/1qQ6x_xRBAYKuk3Mn3BSlZHTLfs0GVigA\/edit?usp=sharing&amp;ouid=105354398934155958444&amp;rtpof=true&amp;sd=true\"><span style=\"font-family: 'comic sans ms', sans-serif; font-size: 14pt; color: #000000;\"><strong>CORRELATIVIDADES FORMACI\u00d3N DE GRADO click aqu\u00ed<\/strong><\/span><\/a><\/p>\n<p style=\"text-align: center;\">\n","protected":false},"excerpt":{"rendered":"<p>Podr\u00e1 descargar la estructura curricular, correlatividades y formas de acreditaci\u00f3n desde el siguiente link: \u00a0Resoluci\u00f3n 13234\/99 ESTRUCTURA CURRICULAR Y FOBA INSTRUMENTO click aqu\u00ed ESTRUCTURA CURRICULAR FOBA CANTO click aqu\u00ed CORRELATIVIDADES FORMACI\u00d3N DE GRADO click aqu\u00ed<\/p>\n","protected":false},"author":68,"featured_media":0,"parent":0,"menu_order":0,"comment_status":"closed","ping_status":"closed","template":"","meta":[],"acf":[],"_links":{"self":[{"href":"https:\/\/eaic-bue.infd.edu.ar\/sitio\/wp-json\/wp\/v2\/pages\/839"}],"collection":[{"href":"https:\/\/eaic-bue.infd.edu.ar\/sitio\/wp-json\/wp\/v2\/pages"}],"about":[{"href":"https:\/\/eaic-bue.infd.edu.ar\/sitio\/wp-json\/wp\/v2\/types\/page"}],"author":[{"embeddable":true,"href":"https:\/\/eaic-bue.infd.edu.ar\/sitio\/wp-json\/wp\/v2\/users\/68"}],"replies":[{"embeddable":true,"href":"https:\/\/eaic-bue.infd.edu.ar\/sitio\/wp-json\/wp\/v2\/comments?post=839"}],"version-history":[{"count":9,"href":"https:\/\/eaic-bue.infd.edu.ar\/sitio\/wp-json\/wp\/v2\/pages\/839\/revisions"}],"predecessor-version":[{"id":4769,"href":"https:\/\/eaic-bue.infd.edu.ar\/sitio\/wp-json\/wp\/v2\/pages\/839\/revisions\/4769"}],"wp:attachment":[{"href":"https:\/\/eaic-bue.infd.edu.ar\/sitio\/wp-json\/wp\/v2\/media?parent=839"}],"curies":[{"name":"wp","href":"https:\/\/api.w.org\/{rel}","templated":true}]}}