{"id":841,"date":"2018-08-29T18:52:08","date_gmt":"2018-08-29T21:52:08","guid":{"rendered":"https:\/\/eaic-bue.infd.edu.ar\/sitio\/plan-de-estudios-5\/"},"modified":"2021-04-15T19:09:15","modified_gmt":"2021-04-15T22:09:15","slug":"plan-de-estudios-5","status":"publish","type":"page","link":"https:\/\/eaic-bue.infd.edu.ar\/sitio\/plan-de-estudios-5\/","title":{"rendered":"Plan de estudios Tecnicatura de Cer\u00e1mica"},"content":{"rendered":"<p><span style=\"font-family: 'comic sans ms', sans-serif; font-size: 12pt;\">Una vez aprobado el curso nivelador ingresar\u00e1n a la carrera cursando las siguientes asignaturas<\/span><\/p>\n<p>&nbsp;<\/p>\n<p style=\"text-align: center;\"><a href=\"https:\/\/drive.google.com\/file\/d\/1uGAUhdxZxOkNjQpp4doEjxUkW9WdZsPW\/view?usp=sharing\"><strong><span style=\"font-family: 'comic sans ms', sans-serif; font-size: 12pt;\">ESTRUCTURA CURRICULAR, CORRELATIVIDADES Y FORMAS DE ACREDITACI\u00d3N &#8211; Resoluci\u00f3n\u00a013253\/99<\/span><\/strong><\/a><\/p>\n<p>&nbsp;<\/p>\n<p style=\"text-align: center;\"><strong>\u00a0<\/strong><\/p>\n","protected":false},"excerpt":{"rendered":"<p>Una vez aprobado el curso nivelador ingresar\u00e1n a la carrera cursando las siguientes asignaturas &nbsp; ESTRUCTURA CURRICULAR, CORRELATIVIDADES Y FORMAS DE ACREDITACI\u00d3N &#8211; Resoluci\u00f3n\u00a013253\/99 &nbsp; \u00a0<\/p>\n","protected":false},"author":68,"featured_media":0,"parent":0,"menu_order":0,"comment_status":"closed","ping_status":"closed","template":"","meta":[],"acf":[],"_links":{"self":[{"href":"https:\/\/eaic-bue.infd.edu.ar\/sitio\/wp-json\/wp\/v2\/pages\/841"}],"collection":[{"href":"https:\/\/eaic-bue.infd.edu.ar\/sitio\/wp-json\/wp\/v2\/pages"}],"about":[{"href":"https:\/\/eaic-bue.infd.edu.ar\/sitio\/wp-json\/wp\/v2\/types\/page"}],"author":[{"embeddable":true,"href":"https:\/\/eaic-bue.infd.edu.ar\/sitio\/wp-json\/wp\/v2\/users\/68"}],"replies":[{"embeddable":true,"href":"https:\/\/eaic-bue.infd.edu.ar\/sitio\/wp-json\/wp\/v2\/comments?post=841"}],"version-history":[{"count":5,"href":"https:\/\/eaic-bue.infd.edu.ar\/sitio\/wp-json\/wp\/v2\/pages\/841\/revisions"}],"predecessor-version":[{"id":3809,"href":"https:\/\/eaic-bue.infd.edu.ar\/sitio\/wp-json\/wp\/v2\/pages\/841\/revisions\/3809"}],"wp:attachment":[{"href":"https:\/\/eaic-bue.infd.edu.ar\/sitio\/wp-json\/wp\/v2\/media?parent=841"}],"curies":[{"name":"wp","href":"https:\/\/api.w.org\/{rel}","templated":true}]}}