{"id":843,"date":"2018-08-29T18:52:09","date_gmt":"2018-08-29T21:52:09","guid":{"rendered":"https:\/\/eaic-bue.infd.edu.ar\/sitio\/ubicacion\/"},"modified":"2026-04-03T15:10:56","modified_gmt":"2026-04-03T18:10:56","slug":"ubicacion","status":"publish","type":"page","link":"https:\/\/eaic-bue.infd.edu.ar\/sitio\/ubicacion\/","title":{"rendered":"Ubicaci\u00f3n"},"content":{"rendered":"\n<p class=\"has-text-align-center has-large-font-size\"><strong>Sede Casanova:<\/strong> Brig. Juan Manuel de Rosas 5975 <\/p>\n\n\n\n<p class=\"has-text-align-center has-large-font-size\"><strong>Anexo Ramos Mej\u00eda<\/strong>: Alte Brown 1013<\/p>\n\n\n\n<p class=\"has-text-align-center has-large-font-size\"><strong>Anexo Gonzalez Cat\u00e1n:<\/strong> 2 de abril entre Azul y Manuel Arias<\/p>\n\n\n\n<p><\/p>\n\n\n\n<p><\/p>\n\n\n\n<p class=\"has-large-font-size\"><a style=\"color: #0000ff; text-align: left;\" href=\"http:\/\/maps.google.com.ar\/maps?f=q&amp;source=embed&amp;hl=es&amp;geocode=&amp;q=juan+m.+de+rosas+5975,+i.+casanova&amp;aq=&amp;sll=-38.341656,-63.28125&amp;sspn=29.321337,56.513672&amp;ie=UTF8&amp;hq=&amp;hnear=Ruta+Nacional+3+5975,+San+Justo,+Buenos+Aires&amp;t=m&amp;z=14&amp;iwloc=A&amp;wmode=transparent\"><iframe loading=\"lazy\" src=\"http:\/\/maps.google.com.ar\/maps?f=q&amp;source=s_q&amp;hl=es&amp;geocode=&amp;q=juan+manuel+de+rosas+5975,+i.+casanova&amp;aq=&amp;sll=-38.341656,-63.28125&amp;sspn=29.321337,56.513672&amp;ie=UTF8&amp;hq=&amp;hnear=Ruta+Nacional+3+5975,+San+Justo,+Buenos+Aires&amp;t=h&amp;z=14&amp;iwloc=A&amp;output=embed\" width=\"425\" height=\"350\" frameborder=\"0\" marginwidth=\"0\" marginheight=\"0\" scrolling=\"no\"><\/iframe><br><small><\/small><small><\/small><\/a><small><a style=\"color: #0000ff; text-align: left;\" href=\"http:\/\/maps.google.com.ar\/maps?f=q&amp;source=embed&amp;hl=es&amp;geocode=&amp;q=juan+manuel+de+rosas+5975,+i.+casanova&amp;aq=&amp;sll=-38.341656,-63.28125&amp;sspn=29.321337,56.513672&amp;ie=UTF8&amp;hq=&amp;hnear=Ruta+Nacional+3+5975,+San+Justo,+Buenos+Aires&amp;t=h&amp;z=14&amp;iwloc=A&amp;wmode=transparent\">Ver mapa m\u00e1s grande<\/a><\/small><\/p>\n","protected":false},"excerpt":{"rendered":"<p>Sede Casanova: Brig. Juan Manuel de Rosas 5975 Anexo Ramos Mej\u00eda: Alte Brown 1013 Anexo Gonzalez Cat\u00e1n: 2 de abril entre Azul y Manuel Arias Ver mapa m\u00e1s grande<\/p>\n","protected":false},"author":68,"featured_media":0,"parent":0,"menu_order":0,"comment_status":"closed","ping_status":"closed","template":"","meta":[],"acf":[],"_links":{"self":[{"href":"https:\/\/eaic-bue.infd.edu.ar\/sitio\/wp-json\/wp\/v2\/pages\/843"}],"collection":[{"href":"https:\/\/eaic-bue.infd.edu.ar\/sitio\/wp-json\/wp\/v2\/pages"}],"about":[{"href":"https:\/\/eaic-bue.infd.edu.ar\/sitio\/wp-json\/wp\/v2\/types\/page"}],"author":[{"embeddable":true,"href":"https:\/\/eaic-bue.infd.edu.ar\/sitio\/wp-json\/wp\/v2\/users\/68"}],"replies":[{"embeddable":true,"href":"https:\/\/eaic-bue.infd.edu.ar\/sitio\/wp-json\/wp\/v2\/comments?post=843"}],"version-history":[{"count":5,"href":"https:\/\/eaic-bue.infd.edu.ar\/sitio\/wp-json\/wp\/v2\/pages\/843\/revisions"}],"predecessor-version":[{"id":4863,"href":"https:\/\/eaic-bue.infd.edu.ar\/sitio\/wp-json\/wp\/v2\/pages\/843\/revisions\/4863"}],"wp:attachment":[{"href":"https:\/\/eaic-bue.infd.edu.ar\/sitio\/wp-json\/wp\/v2\/media?parent=843"}],"curies":[{"name":"wp","href":"https:\/\/api.w.org\/{rel}","templated":true}]}}