{"id":852,"date":"2018-08-29T18:52:12","date_gmt":"2018-08-29T21:52:12","guid":{"rendered":"https:\/\/eaic-bue.infd.edu.ar\/sitio\/programas-ingreso-educacion-musical-foba-intensiva\/"},"modified":"2025-09-26T19:52:00","modified_gmt":"2025-09-26T22:52:00","slug":"programas-ingreso-educacion-musical-foba-intensiva","status":"publish","type":"page","link":"https:\/\/eaic-bue.infd.edu.ar\/sitio\/programas-ingreso-educacion-musical-foba-intensiva\/","title":{"rendered":"Programas ingreso Educaci\u00f3n Musical (FOBA INTENSIVA)"},"content":{"rendered":"<p><strong><span style=\"font-family: arial, helvetica, sans-serif; font-size: 12pt;\">Podr\u00e1n acceder a los programas de las asignaturas del curso de ingreso al Profesorado de Educaci\u00f3n Musical (FOBA INTENSIVA), presionando el mouse en los link que figuran a continuaci\u00f3n:<\/span><\/strong><\/p>\n<p><a href=\"https:\/\/drive.google.com\/drive\/folders\/1sm7zVOtEux9AChBWrMcz5jY04uYl3uTM?usp=sharing\"><strong>PROYECTOS DE C\u00c1TEDRA FOBA INTENSIVA &#8211; CLICK AQU\u00cd<\/strong><\/a><\/p>\n<p><em><strong>\u00a0<\/strong><\/em><\/p>\n<p><em><strong>\u00a0<\/strong><\/em><\/p>\n<p><em><strong>\u00a0<\/strong><\/em><\/p>\n","protected":false},"excerpt":{"rendered":"<p>Podr\u00e1n acceder a los programas de las asignaturas del curso de ingreso al Profesorado de Educaci\u00f3n Musical (FOBA INTENSIVA), presionando el mouse en los link que figuran a continuaci\u00f3n: PROYECTOS DE C\u00c1TEDRA FOBA INTENSIVA &#8211; CLICK AQU\u00cd \u00a0 \u00a0 \u00a0<\/p>\n","protected":false},"author":68,"featured_media":0,"parent":0,"menu_order":0,"comment_status":"closed","ping_status":"closed","template":"","meta":[],"acf":[],"_links":{"self":[{"href":"https:\/\/eaic-bue.infd.edu.ar\/sitio\/wp-json\/wp\/v2\/pages\/852"}],"collection":[{"href":"https:\/\/eaic-bue.infd.edu.ar\/sitio\/wp-json\/wp\/v2\/pages"}],"about":[{"href":"https:\/\/eaic-bue.infd.edu.ar\/sitio\/wp-json\/wp\/v2\/types\/page"}],"author":[{"embeddable":true,"href":"https:\/\/eaic-bue.infd.edu.ar\/sitio\/wp-json\/wp\/v2\/users\/68"}],"replies":[{"embeddable":true,"href":"https:\/\/eaic-bue.infd.edu.ar\/sitio\/wp-json\/wp\/v2\/comments?post=852"}],"version-history":[{"count":9,"href":"https:\/\/eaic-bue.infd.edu.ar\/sitio\/wp-json\/wp\/v2\/pages\/852\/revisions"}],"predecessor-version":[{"id":4685,"href":"https:\/\/eaic-bue.infd.edu.ar\/sitio\/wp-json\/wp\/v2\/pages\/852\/revisions\/4685"}],"wp:attachment":[{"href":"https:\/\/eaic-bue.infd.edu.ar\/sitio\/wp-json\/wp\/v2\/media?parent=852"}],"curies":[{"name":"wp","href":"https:\/\/api.w.org\/{rel}","templated":true}]}}