{"id":867,"date":"2018-08-29T18:52:22","date_gmt":"2018-08-29T21:52:22","guid":{"rendered":"https:\/\/eaic-bue.infd.edu.ar\/sitio\/programas-profesorado-de-educacion-musical\/"},"modified":"2025-05-07T14:06:20","modified_gmt":"2025-05-07T17:06:20","slug":"programas-profesorado-de-educacion-musical","status":"publish","type":"page","link":"https:\/\/eaic-bue.infd.edu.ar\/sitio\/programas-profesorado-de-educacion-musical\/","title":{"rendered":"Programas Profesorado de Educaci\u00f3n Musical"},"content":{"rendered":"\n<p class=\"has-text-align-center\"><span style=\"font-family: arial, helvetica, sans-serif; font-size: 12pt;\">En este sitio podr\u00e1 descargar los programas de las asignaturas del Profesorado de M\u00fasica orientaci\u00f3n Educaci\u00f3n Musical, en los link que figuran a continuaci\u00f3n:<\/span><\/p>\n\n\n\n<p><a href=\"https:\/\/drive.google.com\/drive\/folders\/1LAUb3W0vHoT8EagrRtQBdQF26_jewQsQ?usp=sharing\"><strong>PROYECTOS DE C\u00c1TEDRA &#8211; EDIS (EDIs de todas las carreras)- CLICK AQU\u00cd<\/strong><\/a><\/p>\n\n\n\n<p><a href=\"https:\/\/drive.google.com\/drive\/folders\/1t5_C3unfG_WjsTcmnniZUeTn5OhimurW?usp=sharing\"><strong>PROYECTOS DE C\u00c1TEDRA &#8211; EDUCACI\u00d3N MUSICAL &#8211; CLICK AQU\u00cd<\/strong><\/a><\/p>\n\n\n\n<p><\/p>\n\n\n\n<p><strong><a href=\"https:\/\/drive.google.com\/drive\/folders\/1Szr9tHsvQVa-qfA1OegVKM-62Gj235Bz\" data-type=\"URL\" data-id=\"https:\/\/drive.google.com\/drive\/folders\/1Szr9tHsvQVa-qfA1OegVKM-62Gj235Bz\">PROYECTOS DE C\u00c1TEDRA &#8211; ASIGNATURAS GENERA<\/a>LIS<\/strong>TAS &#8211; CLICK AQU\u00cd<\/p>\n\n\n\n<p class=\"has-text-align-center\">&nbsp;<\/p>\n","protected":false},"excerpt":{"rendered":"<p>En este sitio podr\u00e1 descargar los programas de las asignaturas del Profesorado de M\u00fasica orientaci\u00f3n Educaci\u00f3n Musical, en los link que figuran a continuaci\u00f3n: PROYECTOS DE C\u00c1TEDRA &#8211; EDIS (EDIs de todas las carreras)- CLICK AQU\u00cd PROYECTOS DE C\u00c1TEDRA &#8211; EDUCACI\u00d3N MUSICAL &#8211; CLICK AQU\u00cd PROYECTOS DE C\u00c1TEDRA &#8211; ASIGNATURAS GENERALISTAS &#8211; CLICK AQU\u00cd &nbsp;<\/p>\n","protected":false},"author":68,"featured_media":0,"parent":0,"menu_order":0,"comment_status":"closed","ping_status":"closed","template":"","meta":[],"acf":[],"_links":{"self":[{"href":"https:\/\/eaic-bue.infd.edu.ar\/sitio\/wp-json\/wp\/v2\/pages\/867"}],"collection":[{"href":"https:\/\/eaic-bue.infd.edu.ar\/sitio\/wp-json\/wp\/v2\/pages"}],"about":[{"href":"https:\/\/eaic-bue.infd.edu.ar\/sitio\/wp-json\/wp\/v2\/types\/page"}],"author":[{"embeddable":true,"href":"https:\/\/eaic-bue.infd.edu.ar\/sitio\/wp-json\/wp\/v2\/users\/68"}],"replies":[{"embeddable":true,"href":"https:\/\/eaic-bue.infd.edu.ar\/sitio\/wp-json\/wp\/v2\/comments?post=867"}],"version-history":[{"count":15,"href":"https:\/\/eaic-bue.infd.edu.ar\/sitio\/wp-json\/wp\/v2\/pages\/867\/revisions"}],"predecessor-version":[{"id":4627,"href":"https:\/\/eaic-bue.infd.edu.ar\/sitio\/wp-json\/wp\/v2\/pages\/867\/revisions\/4627"}],"wp:attachment":[{"href":"https:\/\/eaic-bue.infd.edu.ar\/sitio\/wp-json\/wp\/v2\/media?parent=867"}],"curies":[{"name":"wp","href":"https:\/\/api.w.org\/{rel}","templated":true}]}}