{"id":871,"date":"2018-08-29T18:52:23","date_gmt":"2018-08-29T21:52:23","guid":{"rendered":"https:\/\/eaic-bue.infd.edu.ar\/sitio\/programas-profesorado-de-instrumento-popular\/"},"modified":"2025-03-24T15:28:35","modified_gmt":"2025-03-24T18:28:35","slug":"programas-profesorado-de-instrumento-popular","status":"publish","type":"page","link":"https:\/\/eaic-bue.infd.edu.ar\/sitio\/programas-profesorado-de-instrumento-popular\/","title":{"rendered":"Programas Profesorado de Instrumento Popular"},"content":{"rendered":"<h5><a href=\"https:\/\/drive.google.com\/drive\/folders\/1zFD2ngsjCfIGiP65WgXne1v1ziq8uOG1?usp=sharing\"><strong>PROGRAMAS AREA GENERALISTA Y ESPACIOS DE LA PR\u00c1CTICA INSTRUMENTO POPULAR &#8211; CLIC AQU\u00cd<\/strong><\/a><\/h5>\n<h5><a href=\"https:\/\/drive.google.com\/drive\/folders\/1CyUODlRkrNkR_6w5hWdUfjuEyTfuC0jC\"><strong>P<\/strong><\/a><a href=\"https:\/\/drive.google.com\/drive\/folders\/1EasCYpAB606FUI62AvGgXeZkAD2LGWot\"><strong>ROGRAMAS ASIGNATURAS GRUPALES INSTRUMENTO POPULAR- CLICK AQU\u00cd<\/strong><\/a><\/h5>\n<h5><a href=\"https:\/\/drive.google.com\/drive\/folders\/1dOMv6vnxhr2NEzGRYl2ujy-cVUnpKJCv\"><strong>PROGRAMAS DE INSTRUMENTOS Y ESPACIOS INSTITUCIONALES &#8211; CLICK AQU\u00cd<\/strong><\/a><\/h5>\n\n\n<p><a href=\"https:\/\/drive.google.com\/drive\/folders\/12CkRCQ4zSlTxd_U5_aQ8Vbe-997oHxJ2?usp=sharing\" data-type=\"URL\" data-id=\"https:\/\/drive.google.com\/drive\/folders\/12CkRCQ4zSlTxd_U5_aQ8Vbe-997oHxJ2?usp=sharing\"><strong>PROGRAMAS INSTRUMENTOS ARM\u00d3NICOS<\/strong><\/a> &#8211;<strong> CLICK AQU\u00cd<\/strong><\/p>\n","protected":false},"excerpt":{"rendered":"<p>PROGRAMAS AREA GENERALISTA Y ESPACIOS DE LA PR\u00c1CTICA INSTRUMENTO POPULAR &#8211; CLIC AQU\u00cd PROGRAMAS ASIGNATURAS GRUPALES INSTRUMENTO POPULAR- CLICK AQU\u00cd PROGRAMAS DE INSTRUMENTOS Y ESPACIOS INSTITUCIONALES &#8211; CLICK AQU\u00cd PROGRAMAS INSTRUMENTOS ARM\u00d3NICOS &#8211; CLICK AQU\u00cd<\/p>\n","protected":false},"author":68,"featured_media":0,"parent":0,"menu_order":0,"comment_status":"closed","ping_status":"closed","template":"","meta":[],"acf":[],"_links":{"self":[{"href":"https:\/\/eaic-bue.infd.edu.ar\/sitio\/wp-json\/wp\/v2\/pages\/871"}],"collection":[{"href":"https:\/\/eaic-bue.infd.edu.ar\/sitio\/wp-json\/wp\/v2\/pages"}],"about":[{"href":"https:\/\/eaic-bue.infd.edu.ar\/sitio\/wp-json\/wp\/v2\/types\/page"}],"author":[{"embeddable":true,"href":"https:\/\/eaic-bue.infd.edu.ar\/sitio\/wp-json\/wp\/v2\/users\/68"}],"replies":[{"embeddable":true,"href":"https:\/\/eaic-bue.infd.edu.ar\/sitio\/wp-json\/wp\/v2\/comments?post=871"}],"version-history":[{"count":18,"href":"https:\/\/eaic-bue.infd.edu.ar\/sitio\/wp-json\/wp\/v2\/pages\/871\/revisions"}],"predecessor-version":[{"id":4616,"href":"https:\/\/eaic-bue.infd.edu.ar\/sitio\/wp-json\/wp\/v2\/pages\/871\/revisions\/4616"}],"wp:attachment":[{"href":"https:\/\/eaic-bue.infd.edu.ar\/sitio\/wp-json\/wp\/v2\/media?parent=871"}],"curies":[{"name":"wp","href":"https:\/\/api.w.org\/{rel}","templated":true}]}}