{"id":881,"date":"2018-08-29T18:52:27","date_gmt":"2018-08-29T21:52:27","guid":{"rendered":"https:\/\/eaic-bue.infd.edu.ar\/sitio\/proyectos-de-catedra\/"},"modified":"2025-07-07T18:18:16","modified_gmt":"2025-07-07T21:18:16","slug":"proyectos-de-catedra","status":"publish","type":"page","link":"https:\/\/eaic-bue.infd.edu.ar\/sitio\/proyectos-de-catedra\/","title":{"rendered":"Programas Profesorado de Artes Visuales\/Cer\u00e1mica"},"content":{"rendered":"<p style=\"text-align: center;\"><span style=\"font-family: 'comic sans ms', sans-serif; font-size: 14pt;\">Desde aqu\u00ed pod\u00e9s descargar los proyectos de c\u00e1tedra del Profesorado de Artes Visuales\/Cer\u00e1mica. <\/span><\/p>\n<p style=\"text-align: center;\">\n<p><a href=\"https:\/\/drive.google.com\/drive\/folders\/170l2lDBnxnGPt2MJClF6L4SQpFgecyHX\"><strong>PROYECTOS DE C\u00c1TEDRA &#8211; ARTES VISUALES Y EDIS<\/strong><\/a><\/p>\n<p><strong><a href=\"https:\/\/drive.google.com\/drive\/folders\/1Szr9tHsvQVa-qfA1OegVKM-62Gj235Bz\" data-type=\"URL\" data-id=\"https:\/\/drive.google.com\/drive\/folders\/1Szr9tHsvQVa-qfA1OegVKM-62Gj235Bz\">PROYECTOS DE C\u00c1TEDRA \u2013 ASIGNATURAS GENERA<\/a>LIS<\/strong>TAS \u2013 CLICK AQU\u00cd<\/p>\n<p class=\"has-text-align-center\">\n","protected":false},"excerpt":{"rendered":"<p>Desde aqu\u00ed pod\u00e9s descargar los proyectos de c\u00e1tedra del Profesorado de Artes Visuales\/Cer\u00e1mica. PROYECTOS DE C\u00c1TEDRA &#8211; ARTES VISUALES Y EDIS PROYECTOS DE C\u00c1TEDRA \u2013 ASIGNATURAS GENERALISTAS \u2013 CLICK AQU\u00cd<\/p>\n","protected":false},"author":68,"featured_media":0,"parent":0,"menu_order":0,"comment_status":"closed","ping_status":"closed","template":"","meta":[],"acf":[],"_links":{"self":[{"href":"https:\/\/eaic-bue.infd.edu.ar\/sitio\/wp-json\/wp\/v2\/pages\/881"}],"collection":[{"href":"https:\/\/eaic-bue.infd.edu.ar\/sitio\/wp-json\/wp\/v2\/pages"}],"about":[{"href":"https:\/\/eaic-bue.infd.edu.ar\/sitio\/wp-json\/wp\/v2\/types\/page"}],"author":[{"embeddable":true,"href":"https:\/\/eaic-bue.infd.edu.ar\/sitio\/wp-json\/wp\/v2\/users\/68"}],"replies":[{"embeddable":true,"href":"https:\/\/eaic-bue.infd.edu.ar\/sitio\/wp-json\/wp\/v2\/comments?post=881"}],"version-history":[{"count":15,"href":"https:\/\/eaic-bue.infd.edu.ar\/sitio\/wp-json\/wp\/v2\/pages\/881\/revisions"}],"predecessor-version":[{"id":4653,"href":"https:\/\/eaic-bue.infd.edu.ar\/sitio\/wp-json\/wp\/v2\/pages\/881\/revisions\/4653"}],"wp:attachment":[{"href":"https:\/\/eaic-bue.infd.edu.ar\/sitio\/wp-json\/wp\/v2\/media?parent=881"}],"curies":[{"name":"wp","href":"https:\/\/api.w.org\/{rel}","templated":true}]}}