{"id":885,"date":"2018-08-29T18:52:28","date_gmt":"2018-08-29T21:52:28","guid":{"rendered":"https:\/\/eaic-bue.infd.edu.ar\/sitio\/programas\/"},"modified":"2025-04-05T14:48:45","modified_gmt":"2025-04-05T17:48:45","slug":"programas","status":"publish","type":"page","link":"https:\/\/eaic-bue.infd.edu.ar\/sitio\/programas\/","title":{"rendered":"Programas Tecnicatura de Cer\u00e1mica"},"content":{"rendered":"<p style=\"text-align: center;\">\u00a0<a href=\"https:\/\/drive.google.com\/drive\/folders\/1omic6KHTWGBPiwHieFG2wNINsvvZaMAS\"><strong><span style=\"font-family: 'comic sans ms', sans-serif; font-size: 14pt;\">Desde aqu\u00ed pod\u00e9s descargar los proyectos de c\u00e1tedra de la Tecnicatura de Cer\u00e1mica (click aqu\u00ed)<\/span><\/strong><\/a><\/p>\n","protected":false},"excerpt":{"rendered":"<p>\u00a0Desde aqu\u00ed pod\u00e9s descargar los proyectos de c\u00e1tedra de la Tecnicatura de Cer\u00e1mica (click aqu\u00ed)<\/p>\n","protected":false},"author":68,"featured_media":0,"parent":0,"menu_order":0,"comment_status":"closed","ping_status":"closed","template":"","meta":[],"acf":[],"_links":{"self":[{"href":"https:\/\/eaic-bue.infd.edu.ar\/sitio\/wp-json\/wp\/v2\/pages\/885"}],"collection":[{"href":"https:\/\/eaic-bue.infd.edu.ar\/sitio\/wp-json\/wp\/v2\/pages"}],"about":[{"href":"https:\/\/eaic-bue.infd.edu.ar\/sitio\/wp-json\/wp\/v2\/types\/page"}],"author":[{"embeddable":true,"href":"https:\/\/eaic-bue.infd.edu.ar\/sitio\/wp-json\/wp\/v2\/users\/68"}],"replies":[{"embeddable":true,"href":"https:\/\/eaic-bue.infd.edu.ar\/sitio\/wp-json\/wp\/v2\/comments?post=885"}],"version-history":[{"count":3,"href":"https:\/\/eaic-bue.infd.edu.ar\/sitio\/wp-json\/wp\/v2\/pages\/885\/revisions"}],"predecessor-version":[{"id":4619,"href":"https:\/\/eaic-bue.infd.edu.ar\/sitio\/wp-json\/wp\/v2\/pages\/885\/revisions\/4619"}],"wp:attachment":[{"href":"https:\/\/eaic-bue.infd.edu.ar\/sitio\/wp-json\/wp\/v2\/media?parent=885"}],"curies":[{"name":"wp","href":"https:\/\/api.w.org\/{rel}","templated":true}]}}