{"id":895,"date":"2018-08-29T18:52:32","date_gmt":"2018-08-29T21:52:32","guid":{"rendered":"https:\/\/eaic-bue.infd.edu.ar\/sitio\/programas-y-correlatividades\/"},"modified":"2025-05-07T14:17:04","modified_gmt":"2025-05-07T17:17:04","slug":"programas-y-correlatividades","status":"publish","type":"page","link":"https:\/\/eaic-bue.infd.edu.ar\/sitio\/programas-y-correlatividades\/","title":{"rendered":"Programas Profesorado de Teatro"},"content":{"rendered":"<p><span style=\"font-family: arial, helvetica, sans-serif; font-size: 12pt;\">En este sitio podr\u00e1 descargar los programas de las asignaturas del Profesorado de Teatro haciendo <a href=\"https:\/\/drive.google.com\/drive\/folders\/1HQZcgxROBjzicRT6BjCcg0ZwtUvhzuA-VkQvrkSPGvMSzdsYhdDFUcnHLOBAAUPaPg0FnBb0\"><strong>CLICK AQU\u00cc<\/strong><\/a><\/span><\/p>\n<p><strong><a href=\"https:\/\/drive.google.com\/drive\/folders\/1Szr9tHsvQVa-qfA1OegVKM-62Gj235Bz\" data-type=\"URL\" data-id=\"https:\/\/drive.google.com\/drive\/folders\/1Szr9tHsvQVa-qfA1OegVKM-62Gj235Bz\">PROYECTOS DE C\u00c1TEDRA \u2013 ASIGNATURAS GENERA<\/a>LIS<\/strong>TAS \u2013 CLICK AQU\u00cd<\/p>\n<p class=\"has-text-align-center\">\n","protected":false},"excerpt":{"rendered":"<p>En este sitio podr\u00e1 descargar los programas de las asignaturas del Profesorado de Teatro haciendo CLICK AQU\u00cc PROYECTOS DE C\u00c1TEDRA \u2013 ASIGNATURAS GENERALISTAS \u2013 CLICK AQU\u00cd<\/p>\n","protected":false},"author":68,"featured_media":0,"parent":0,"menu_order":0,"comment_status":"closed","ping_status":"closed","template":"","meta":[],"acf":[],"_links":{"self":[{"href":"https:\/\/eaic-bue.infd.edu.ar\/sitio\/wp-json\/wp\/v2\/pages\/895"}],"collection":[{"href":"https:\/\/eaic-bue.infd.edu.ar\/sitio\/wp-json\/wp\/v2\/pages"}],"about":[{"href":"https:\/\/eaic-bue.infd.edu.ar\/sitio\/wp-json\/wp\/v2\/types\/page"}],"author":[{"embeddable":true,"href":"https:\/\/eaic-bue.infd.edu.ar\/sitio\/wp-json\/wp\/v2\/users\/68"}],"replies":[{"embeddable":true,"href":"https:\/\/eaic-bue.infd.edu.ar\/sitio\/wp-json\/wp\/v2\/comments?post=895"}],"version-history":[{"count":9,"href":"https:\/\/eaic-bue.infd.edu.ar\/sitio\/wp-json\/wp\/v2\/pages\/895\/revisions"}],"predecessor-version":[{"id":4628,"href":"https:\/\/eaic-bue.infd.edu.ar\/sitio\/wp-json\/wp\/v2\/pages\/895\/revisions\/4628"}],"wp:attachment":[{"href":"https:\/\/eaic-bue.infd.edu.ar\/sitio\/wp-json\/wp\/v2\/media?parent=895"}],"curies":[{"name":"wp","href":"https:\/\/api.w.org\/{rel}","templated":true}]}}