{"id":901,"date":"2018-08-29T18:52:34","date_gmt":"2018-08-29T21:52:34","guid":{"rendered":"https:\/\/eaic-bue.infd.edu.ar\/sitio\/bienvenida\/"},"modified":"2026-04-03T22:06:47","modified_gmt":"2026-04-04T01:06:47","slug":"bienvenida","status":"publish","type":"page","link":"https:\/\/eaic-bue.infd.edu.ar\/sitio\/bienvenida\/","title":{"rendered":"Bienvenida"},"content":{"rendered":"\n<figure class=\"wp-block-image size-full is-resized\"><img decoding=\"async\" loading=\"lazy\" src=\"https:\/\/eaic-bue.infd.edu.ar\/sitio\/wp-content\/uploads\/2026\/04\/3-1-1.jpg\" alt=\"\" class=\"wp-image-4843\" width=\"1020\" height=\"341\" srcset=\"https:\/\/eaic-bue.infd.edu.ar\/sitio\/wp-content\/uploads\/2026\/04\/3-1-1.jpg 900w, https:\/\/eaic-bue.infd.edu.ar\/sitio\/wp-content\/uploads\/2026\/04\/3-1-1-768x256.jpg 768w\" sizes=\"(max-width: 1020px) 100vw, 1020px\" \/><\/figure>\n\n\n\n<p><\/p>\n\n\n<p style=\"text-align: justify;\"><span style=\"font-family: arial, helvetica, sans-serif; font-size: 12pt;\">A toda la comunidad educativa:<\/span><\/p>\n<p style=\"text-align: justify;\"><span style=\"font-family: arial, helvetica, sans-serif; font-size: 12pt;\">\u00a1Bienvenidos y bienvenidas a \u00e9sta (no por conocida menos apasionante) aventura de ver como nos las arreglamos con todos\/as los estudiantes que afortunadamente, colman nuestras aulas en el comienzo de cada ciclo lectivo!<\/span><\/p>\n<p style=\"text-align: justify;\"><span style=\"font-family: arial, helvetica, sans-serif; font-size: 12pt;\">El desaf\u00edo que compartimos en tanto trabajadores de la escuela p\u00fablica, es el de extremar estrategias organizativas para hacer el mejor uso posible de los recursos, de manera de llegar a la mayor cantidad de estudiantes con la mejor oferta educativa posible.<\/span><\/p>\n<p style=\"text-align: justify;\"><span style=\"font-family: arial, helvetica, sans-serif; font-size: 12pt;\"><strong>Por supuesto, el ingreso en la escuela de arte es absolutamente irrestricto. <\/strong>Obviamente, si la demanda supera por mucho nuestras posibilidades, nos vemos obligados a dise\u00f1ar alternativas.<\/span><\/p>\n<p style=\"text-align: justify;\"><span style=\"font-family: arial, helvetica, sans-serif; font-size: 12pt;\">Una de ellas fue generar el mecanismo de \u201clista de espera\u201d. <\/span><span style=\"font-family: arial, helvetica, sans-serif; font-size: 12pt;\">Est\u00e1n en lista de espera aquellos estudiantes que prefirieron esperar, a ocupar las vacantes libres de determinadas ofertas.<\/span><\/p>\n<p style=\"text-align: justify;\"><span style=\"font-family: arial, helvetica, sans-serif; font-size: 12pt;\">En las listas de cada unidad curricular se deber\u00e1n consignar <strong>sin excepci\u00f3n\u00a0<\/strong>las asistencias, luego de lo cual, se confeccionar\u00e1n nuevas listas definitivas <em>con los\/as alumnos\/as que hubieran incurrido en 2 (dos) inasistencias consecutivas o 3 (tres) alternadas. Estos perder\u00e1n autom\u00e1ticamente su derecho a mantener la vacante en ese horario, el cual ser\u00e1 ocupado por un\/a alumno\/a de la lista de espera.<\/em><\/span><\/p>\n<p style=\"text-align: justify;\"><span style=\"font-family: arial, helvetica, sans-serif; font-size: 12pt;\">La falta de instituciones de arte y el prestigio que supimos conseguir son factores altamente convocantes a la hora de elegir escuelas y son condiciones de las que nos tenemos que hacer cargo juntos: los profes y los alumnos. Por eso todos tenemos que tener la paciencia, la voluntad y la imaginaci\u00f3n necesarias para hacer lo mejor que podamos en estas circunstancias.<\/span><\/p>\n<p style=\"text-align: center;\"><em><span style=\"font-family: arial, helvetica, sans-serif; font-size: 12pt;\"><strong>Nunca dejaremos de reclamar mejores condiciones para ense\u00f1ar y aprender. Pero nunca dejaremos de ense\u00f1ar y aprender a pesar de las condiciones<\/strong><\/span><\/em><\/p>\n<p><img decoding=\"async\" loading=\"lazy\" class=\"size-full wp-image-4832 aligncenter\" src=\"https:\/\/eaic-bue.infd.edu.ar\/sitio\/wp-content\/uploads\/2026\/04\/descarga-4.png\" alt=\"\" width=\"225\" height=\"225\" \/><\/p>\n<p style=\"text-align: justify;\"><span style=\"font-family: arial, helvetica, sans-serif; font-size: 12pt;\">\u00a0<\/span><\/p>\n<p style=\"text-align: right;\"><span style=\"font-family: arial, helvetica, sans-serif; font-size: 12pt;\">La Direcci\u00f3n<\/span><\/p>","protected":false},"excerpt":{"rendered":"<p>A toda la comunidad educativa: \u00a1Bienvenidos y bienvenidas a \u00e9sta (no por conocida menos apasionante) aventura de ver como nos las arreglamos con todos\/as los estudiantes que afortunadamente, colman nuestras aulas en el comienzo de cada ciclo lectivo! El desaf\u00edo que compartimos en tanto trabajadores de la escuela p\u00fablica, es el de extremar estrategias organizativas &#8230; <a title=\"Bienvenida\" class=\"read-more\" href=\"https:\/\/eaic-bue.infd.edu.ar\/sitio\/bienvenida\/\" aria-label=\"More on Bienvenida\">[+]<\/a><\/p>\n","protected":false},"author":68,"featured_media":0,"parent":0,"menu_order":0,"comment_status":"closed","ping_status":"closed","template":"","meta":[],"acf":[],"_links":{"self":[{"href":"https:\/\/eaic-bue.infd.edu.ar\/sitio\/wp-json\/wp\/v2\/pages\/901"}],"collection":[{"href":"https:\/\/eaic-bue.infd.edu.ar\/sitio\/wp-json\/wp\/v2\/pages"}],"about":[{"href":"https:\/\/eaic-bue.infd.edu.ar\/sitio\/wp-json\/wp\/v2\/types\/page"}],"author":[{"embeddable":true,"href":"https:\/\/eaic-bue.infd.edu.ar\/sitio\/wp-json\/wp\/v2\/users\/68"}],"replies":[{"embeddable":true,"href":"https:\/\/eaic-bue.infd.edu.ar\/sitio\/wp-json\/wp\/v2\/comments?post=901"}],"version-history":[{"count":4,"href":"https:\/\/eaic-bue.infd.edu.ar\/sitio\/wp-json\/wp\/v2\/pages\/901\/revisions"}],"predecessor-version":[{"id":4866,"href":"https:\/\/eaic-bue.infd.edu.ar\/sitio\/wp-json\/wp\/v2\/pages\/901\/revisions\/4866"}],"wp:attachment":[{"href":"https:\/\/eaic-bue.infd.edu.ar\/sitio\/wp-json\/wp\/v2\/media?parent=901"}],"curies":[{"name":"wp","href":"https:\/\/api.w.org\/{rel}","templated":true}]}}